{"id":11475,"date":"2025-09-08T17:25:10","date_gmt":"2025-09-08T10:25:10","guid":{"rendered":"https:\/\/attemnhan.vn\/?post_type=product&#038;p=11475"},"modified":"2025-09-09T14:49:12","modified_gmt":"2025-09-09T07:49:12","slug":"khuy-mang-set","status":"publish","type":"product","link":"https:\/\/attemnhan.vn\/san-pham\/khuy-mang-set\/","title":{"rendered":"Khuy m\u0103ng s\u00e9t\u00a0"},"content":{"rendered":"<h2>Khuy m\u0103ng s\u00e9t l\u00e0 g\u00ec?<\/h2>\n<p><a href=\"https:\/\/temkimloai.com.vn\/tem-kim-loai\/\" target=\"_blank\" rel=\"noopener\">Khuy m\u0103ng s\u00e9t<\/a> (cufflinks) l\u00e0 ph\u1ee5 ki\u1ec7n th\u1eddi trang d\u00e0nh cho nam gi\u1edbi, \u0111\u01b0\u1ee3c s\u1eed d\u1ee5ng \u0111\u1ec3 c\u1ed1 \u0111\u1ecbnh c\u1ed5 tay \u00e1o s\u01a1 mi thay cho khuy may s\u1eb5n. D\u00f9 c\u00f3 k\u00edch th\u01b0\u1edbc nh\u1ecf b\u00e9, nh\u01b0ng khuy m\u0103ng s\u00e9t l\u1ea1i mang \u0111\u1ebfn s\u1ef1 sang tr\u1ecdng, l\u1ecbch l\u00e3m v\u00e0 l\u00e0 \u0111i\u1ec3m nh\u1ea5n tinh t\u1ebf trong phong c\u00e1ch c\u1ee7a c\u00e1c qu\u00fd \u00f4ng.<\/p>\n<p>Kh\u00f4ng ch\u1ec9 \u0111\u01a1n thu\u1ea7n l\u00e0 m\u1ed9t m\u00f3n \u0111\u1ed3 c\u00e0i \u00e1o,<strong> khuy m\u0103ng s\u00e9t<\/strong> c\u00f2n l\u00e0 bi\u1ec3u t\u01b0\u1ee3ng c\u1ee7a gu th\u1ea9m m\u1ef9 v\u00e0 \u0111\u1ecba v\u1ecb x\u00e3 h\u1ed9i. M\u1ed9t \u0111\u00f4i khuy m\u0103ng s\u00e9t ph\u00f9 h\u1ee3p c\u00f3 th\u1ec3 bi\u1ebfn b\u1ed9 trang ph\u1ee5c \u0111\u01a1n gi\u1ea3n tr\u1edf n\u00ean n\u1ed5i b\u1eadt v\u00e0 \u1ea5n t\u01b0\u1ee3ng h\u01a1n r\u1ea5t nhi\u1ec1u.<\/p>\n<figure id=\"attachment_11477\" aria-describedby=\"caption-attachment-11477\" style=\"width: 1080px\" class=\"wp-caption aligncenter\"><a href=\"https:\/\/attemnhan.vn\/wp-content\/uploads\/2025\/09\/Khuy-mang-set-3.jpg\"><img fetchpriority=\"high\" decoding=\"async\" class=\"size-full wp-image-11477\" src=\"https:\/\/attemnhan.vn\/wp-content\/uploads\/2025\/09\/Khuy-mang-set-3.jpg\" alt=\"khuy m\u0103ng s\u00e9t\" width=\"1080\" height=\"1080\" srcset=\"https:\/\/attemnhan.vn\/wp-content\/uploads\/2025\/09\/Khuy-mang-set-3.jpg 1080w, https:\/\/attemnhan.vn\/wp-content\/uploads\/2025\/09\/Khuy-mang-set-3-300x300.jpg 300w, https:\/\/attemnhan.vn\/wp-content\/uploads\/2025\/09\/Khuy-mang-set-3-1024x1024.jpg 1024w, https:\/\/attemnhan.vn\/wp-content\/uploads\/2025\/09\/Khuy-mang-set-3-150x150.jpg 150w, https:\/\/attemnhan.vn\/wp-content\/uploads\/2025\/09\/Khuy-mang-set-3-768x768.jpg 768w, https:\/\/attemnhan.vn\/wp-content\/uploads\/2025\/09\/Khuy-mang-set-3-410x410.jpg 410w, https:\/\/attemnhan.vn\/wp-content\/uploads\/2025\/09\/Khuy-mang-set-3-580x580.jpg 580w, https:\/\/attemnhan.vn\/wp-content\/uploads\/2025\/09\/Khuy-mang-set-3-50x50.jpg 50w, https:\/\/attemnhan.vn\/wp-content\/uploads\/2025\/09\/Khuy-mang-set-3-100x100.jpg 100w, https:\/\/attemnhan.vn\/wp-content\/uploads\/2025\/09\/Khuy-mang-set-3-460x460.jpg 460w\" sizes=\"(max-width: 1080px) 100vw, 1080px\" \/><\/a><figcaption id=\"caption-attachment-11477\" class=\"wp-caption-text\">khuy m\u0103ng s\u00e9t l\u00e0 g\u00ec<\/figcaption><\/figure>\n<h2>Ngu\u1ed3n g\u1ed1c v\u00e0 \u00fd ngh\u0129a c\u1ee7a khuy m\u0103ng s\u00e9t<\/h2>\n<p>Khuy m\u0103ng s\u00e9t xu\u1ea5t hi\u1ec7n t\u1eeb th\u1ebf k\u1ef7 17 t\u1ea1i ch\u00e2u \u00c2u, khi<a href=\"https:\/\/www.google.com\/search?q=th%E1%BB%9Di+trang+qu%C3%BD+t%E1%BB%99c\" target=\"_blank\" rel=\"noopener\"> th\u1eddi trang qu\u00fd t\u1ed9c<\/a> b\u1eaft \u0111\u1ea7u ch\u00fa tr\u1ecdng \u0111\u1ebfn chi ti\u1ebft tr\u00ean \u00e1o s\u01a1 mi. Ban \u0111\u1ea7u, ch\u00fang \u0111\u01b0\u1ee3c l\u00e0m b\u1eb1ng d\u00e2y ruy b\u0103ng ho\u1eb7c s\u1ee3i ch\u1ec9, sau n\u00e0y ph\u00e1t tri\u1ec3n th\u00e0nh ph\u1ee5 ki\u1ec7n kim lo\u1ea1i tinh x\u1ea3o.<\/p>\n<p>Ng\u00e0y nay, khuy m\u0103ng s\u00e9t kh\u00f4ng ch\u1ec9 gi\u1eef vai tr\u00f2 c\u1ed1 \u0111\u1ecbnh c\u1ed5 tay \u00e1o m\u00e0 c\u00f2n mang \u00fd ngh\u0129a:<\/p>\n<p>Th\u1ec3 hi\u1ec7n phong c\u00e1ch c\u00e1 nh\u00e2n: ng\u01b0\u1eddi l\u1ecbch l\u00e3m, c\u1ed5 \u0111i\u1ec3n hay hi\u1ec7n \u0111\u1ea1i \u0111\u1ec1u c\u00f3 th\u1ec3 ch\u1ecdn m\u1eabu ph\u00f9 h\u1ee3p.<\/p>\n<p>Kh\u1eb3ng \u0111\u1ecbnh \u0111\u1eb3ng c\u1ea5p: th\u01b0\u1eddng g\u1eafn li\u1ec1n v\u1edbi doanh nh\u00e2n, qu\u00fd \u00f4ng th\u00e0nh \u0111\u1ea1t.<\/p>\n<p>L\u00e0m qu\u00e0 t\u1eb7ng cao c\u1ea5p: m\u1ed9t \u0111\u00f4i khuy m\u0103ng s\u00e9t sang tr\u1ecdng c\u00f3 th\u1ec3 thay l\u1eddi ch\u00fac may m\u1eafn v\u00e0 th\u00e0nh c\u00f4ng.<\/p>\n<figure id=\"attachment_11481\" aria-describedby=\"caption-attachment-11481\" style=\"width: 1080px\" class=\"wp-caption aligncenter\"><a href=\"https:\/\/attemnhan.vn\/wp-content\/uploads\/2025\/09\/Khuy-mang-set-9.jpg\"><img decoding=\"async\" class=\"wp-image-11481 size-full\" src=\"https:\/\/attemnhan.vn\/wp-content\/uploads\/2025\/09\/Khuy-mang-set-9.jpg\" alt=\"\" width=\"1080\" height=\"1080\" srcset=\"https:\/\/attemnhan.vn\/wp-content\/uploads\/2025\/09\/Khuy-mang-set-9.jpg 1080w, https:\/\/attemnhan.vn\/wp-content\/uploads\/2025\/09\/Khuy-mang-set-9-300x300.jpg 300w, https:\/\/attemnhan.vn\/wp-content\/uploads\/2025\/09\/Khuy-mang-set-9-1024x1024.jpg 1024w, https:\/\/attemnhan.vn\/wp-content\/uploads\/2025\/09\/Khuy-mang-set-9-150x150.jpg 150w, https:\/\/attemnhan.vn\/wp-content\/uploads\/2025\/09\/Khuy-mang-set-9-768x768.jpg 768w, https:\/\/attemnhan.vn\/wp-content\/uploads\/2025\/09\/Khuy-mang-set-9-410x410.jpg 410w, https:\/\/attemnhan.vn\/wp-content\/uploads\/2025\/09\/Khuy-mang-set-9-580x580.jpg 580w, https:\/\/attemnhan.vn\/wp-content\/uploads\/2025\/09\/Khuy-mang-set-9-50x50.jpg 50w, https:\/\/attemnhan.vn\/wp-content\/uploads\/2025\/09\/Khuy-mang-set-9-100x100.jpg 100w, https:\/\/attemnhan.vn\/wp-content\/uploads\/2025\/09\/Khuy-mang-set-9-460x460.jpg 460w\" sizes=\"(max-width: 1080px) 100vw, 1080px\" \/><\/a><figcaption id=\"caption-attachment-11481\" class=\"wp-caption-text\">Ngu\u1ed3n g\u1ed1c v\u00e0 \u00fd ngh\u0129a c\u1ee7a khuy m\u0103ng s\u00e9t<\/figcaption><\/figure>\n<h2>C\u00e1c lo\u1ea1i khuy m\u0103ng s\u00e9t ph\u1ed5 bi\u1ebfn hi\u1ec7n nay<\/h2>\n<p>&nbsp;<\/p>\n<figure id=\"attachment_11483\" aria-describedby=\"caption-attachment-11483\" style=\"width: 1080px\" class=\"wp-caption aligncenter\"><a href=\"https:\/\/attemnhan.vn\/wp-content\/uploads\/2025\/09\/Khuy-mang-set-12.jpg\"><img decoding=\"async\" class=\"size-full wp-image-11483\" src=\"https:\/\/attemnhan.vn\/wp-content\/uploads\/2025\/09\/Khuy-mang-set-12.jpg\" alt=\"C\u00e1c lo\u1ea1i khuy m\u0103ng s\u00e9t\" width=\"1080\" height=\"1080\" srcset=\"https:\/\/attemnhan.vn\/wp-content\/uploads\/2025\/09\/Khuy-mang-set-12.jpg 1080w, https:\/\/attemnhan.vn\/wp-content\/uploads\/2025\/09\/Khuy-mang-set-12-300x300.jpg 300w, https:\/\/attemnhan.vn\/wp-content\/uploads\/2025\/09\/Khuy-mang-set-12-1024x1024.jpg 1024w, https:\/\/attemnhan.vn\/wp-content\/uploads\/2025\/09\/Khuy-mang-set-12-150x150.jpg 150w, https:\/\/attemnhan.vn\/wp-content\/uploads\/2025\/09\/Khuy-mang-set-12-768x768.jpg 768w, https:\/\/attemnhan.vn\/wp-content\/uploads\/2025\/09\/Khuy-mang-set-12-410x410.jpg 410w, https:\/\/attemnhan.vn\/wp-content\/uploads\/2025\/09\/Khuy-mang-set-12-580x580.jpg 580w, https:\/\/attemnhan.vn\/wp-content\/uploads\/2025\/09\/Khuy-mang-set-12-50x50.jpg 50w, https:\/\/attemnhan.vn\/wp-content\/uploads\/2025\/09\/Khuy-mang-set-12-100x100.jpg 100w, https:\/\/attemnhan.vn\/wp-content\/uploads\/2025\/09\/Khuy-mang-set-12-460x460.jpg 460w\" sizes=\"(max-width: 1080px) 100vw, 1080px\" \/><\/a><figcaption id=\"caption-attachment-11483\" class=\"wp-caption-text\">C\u00e1c lo\u1ea1i khuy m\u0103ng s\u00e9t<\/figcaption><\/figure>\n<p><strong>1. Theo ch\u1ea5t li\u1ec7u<\/strong><\/p>\n<p>Khuy m\u0103ng s\u00e9t kim lo\u1ea1i: l\u00e0m t\u1eeb inox, h\u1ee3p kim, th\u00e9p kh\u00f4ng g\u1ec9 \u2013 ph\u1ed5 bi\u1ebfn, b\u1ec1n \u0111\u1eb9p.<\/p>\n<p>Khuy m\u0103ng s\u00e9t b\u1ea1c, v\u00e0ng: sang tr\u1ecdng, \u0111\u1eb3ng c\u1ea5p, th\u01b0\u1eddng d\u00f9ng trong c\u00e1c d\u1ecbp tr\u1ecdng \u0111\u1ea1i.<\/p>\n<p>Khuy m\u0103ng s\u00e9t g\u1eafn \u0111\u00e1 qu\u00fd: pha l\u00ea, ng\u1ecdc trai, \u0111\u00e1 t\u1ef1 nhi\u00ean \u2013 tinh t\u1ebf, th\u1eddi th\u01b0\u1ee3ng.<\/p>\n<p><strong>2. Theo thi\u1ebft k\u1ebf<\/strong><\/p>\n<p>Khuy c\u1ed5 \u0111i\u1ec3n: h\u00ecnh tr\u00f2n, vu\u00f4ng, ch\u1eef nh\u1eadt \u0111\u01a1n gi\u1ea3n.<\/p>\n<p>Khuy hi\u1ec7n \u0111\u1ea1i: s\u00e1ng t\u1ea1o trong ki\u1ec3u d\u00e1ng, m\u00e0u s\u1eafc.<\/p>\n<p>Khuy theo ch\u1ee7 \u0111\u1ec1: in logo, bi\u1ec3u t\u01b0\u1ee3ng, c\u00e1 t\u00ednh ri\u00eang.<\/p>\n<p><strong>3. Theo c\u01a1 ch\u1ebf s\u1eed d\u1ee5ng<\/strong><\/p>\n<p>Khuy b\u1ea5m (Bullet Back): ph\u1ed5 bi\u1ebfn, d\u1ec5 d\u00f9ng.<\/p>\n<p>Khuy v\u1eb7n (Whale Back): ch\u1eafc ch\u1eafn, ti\u1ec7n l\u1ee3i.<\/p>\n<p>Khuy x\u1ecf (Chain Link): c\u1ed5 \u0111i\u1ec3n, mang n\u00e9t vintage.<\/p>\n<p>Khuy b\u0103ng s\u00e9t<\/p>\n<p><strong>\u00a04. \u01afu \u0111i\u1ec3m v\u00e0 gi\u00e1 tr\u1ecb c\u1ee7a khuy m\u0103ng s\u00e9t<\/strong><\/p>\n<p>T\u00f4n l\u00ean s\u1ef1 l\u1ecbch l\u00e3m: t\u1ea1o \u0111i\u1ec3m nh\u1ea5n cho \u00e1o s\u01a1 mi, \u0111\u1eb7c bi\u1ec7t khi ph\u1ed1i c\u00f9ng vest.<\/p>\n<p>Th\u1ec3 hi\u1ec7n c\u00e1 t\u00ednh: m\u1ed7i m\u1eabu thi\u1ebft k\u1ebf ph\u1ea3n \u00e1nh gu th\u1ea9m m\u1ef9 ri\u00eang.<\/p>\n<p>Qu\u00e0 t\u1eb7ng tinh t\u1ebf: th\u00edch h\u1ee3p l\u00e0m qu\u00e0 t\u1eb7ng doanh nghi\u1ec7p, sinh nh\u1eadt, k\u1ef7 ni\u1ec7m, c\u01b0\u1edbi h\u1ecfi.<\/p>\n<p>Gi\u00e1 tr\u1ecb s\u01b0u t\u1ea7m: nhi\u1ec1u ng\u01b0\u1eddi y\u00eau th\u00edch khuy m\u0103ng s\u00e9t \u0111\u1ed9c \u0111\u00e1o, hi\u1ebfm c\u00f3.<\/p>\n<p><strong>5. C\u00f4ng d\u1ee5ng c\u1ee7a khuy m\u0103ng s\u00e9t trong \u0111\u1eddi s\u1ed1ng<\/strong><\/p>\n<p>Trong c\u00f4ng vi\u1ec7c: gi\u00fap doanh nh\u00e2n, nh\u00e2n vi\u00ean v\u0103n ph\u00f2ng th\u00eam ch\u1ec9n chu, chuy\u00ean nghi\u1ec7p.<\/p>\n<p>Trong s\u1ef1 ki\u1ec7n: ti\u1ec7c c\u01b0\u1edbi, h\u1ed9i ngh\u1ecb, d\u1ea1 h\u1ed9i khuy m\u0103ng s\u00e9t mang l\u1ea1i v\u1ebb ngo\u00e0i n\u1ed5i b\u1eadt.<\/p>\n<p>Trong qu\u00e0 t\u1eb7ng doanh nghi\u1ec7p: in logo ho\u1eb7c thi\u1ebft k\u1ebf ri\u00eang \u0111\u1ec3 tri \u00e2n kh\u00e1ch h\u00e0ng, \u0111\u1ed1i t\u00e1c.<\/p>\n<p>Trong th\u1eddi trang c\u00e1 nh\u00e2n: tr\u1edf th\u00e0nh ph\u1ee5 ki\u1ec7n kh\u1eb3ng \u0111\u1ecbnh phong c\u00e1ch ri\u00eang bi\u1ec7t.<\/p>\n<p>C\u00f4ng d\u1ee5ng c\u1ee7a khuya m\u0103ng s\u00e9t<\/p>\n<p><strong>6. C\u00e1ch ch\u1ecdn khuy m\u0103ng s\u00e9t ph\u00f9 h\u1ee3p<\/strong><\/p>\n<p>Theo trang ph\u1ee5c: ch\u1ecdn m\u00e0u s\u1eafc v\u00e0 ki\u1ec3u d\u00e1ng \u0111\u1ed3ng b\u1ed9 v\u1edbi \u00e1o s\u01a1 mi, vest, c\u00e0 v\u1ea1t.<\/p>\n<p>Theo phong c\u00e1ch: c\u1ed5 \u0111i\u1ec3n (khuy tr\u00f2n, vu\u00f4ng), hi\u1ec7n \u0111\u1ea1i (khuy s\u00e1ng t\u1ea1o, c\u00e1 t\u00ednh).<\/p>\n<p>Theo ch\u1ea5t li\u1ec7u: inox, b\u1ea1c, v\u00e0ng ho\u1eb7c \u0111\u00e1 qu\u00fd t\u00f9y v\u00e0o ng\u00e2n s\u00e1ch v\u00e0 d\u1ecbp s\u1eed d\u1ee5ng.<\/p>\n<p>Theo m\u1ee5c \u0111\u00edch: \u0111i l\u00e0m, \u0111i ti\u1ec7c hay l\u00e0m qu\u00e0 t\u1eb7ng.<\/p>\n<h2>T\u1ea1i sao n\u00ean in tem h\u1ee3p kim t\u1ea1i tag \u0111eo c\u1ed5 A&amp;T Label?<\/h2>\n<p>\u0110\u1ed3ng xu k\u1ef7 ni\u1ec7m t\u1ea1i A&amp;T Label \u0111ang l\u00e0 th\u01b0\u01a1ng hi\u1ec7u s\u1ea3n xu\u1ea5t uy t\u00edn, chuy\u00ean nghi\u1ec7p cho c\u00e1c lo\u1ea1i tem nh\u00e3n n\u00f3i chung v\u00e0 \u0111\u1ed3ng xu k\u1ef7 ni\u1ec7m n\u00f3i ri\u00eang. Hi\u1ec7n nay, A&amp;T \u0111ang l\u00e0 \u0111\u1ed1i t\u00e1c tin c\u1eady c\u1ee7a nhi\u1ec1u th\u01b0\u01a1ng hi\u1ec7u, doanh nghi\u1ec7p l\u1edbn. A&amp;T cung c\u1ea5p \u0111a d\u1ea1ng ch\u1ea5t li\u1ec7u l\u00e0m tem nh\u00e3n nh\u01b0 h\u1ee3p kim, logo kim lo\u1ea1i, nh\u00f4m x\u01b0\u1edbc, nh\u00f4m d\u1eadp, cao su, inox, \u0111\u1ed3ng gi\u1ea3 c\u1ed5,\u2026<\/p>\n<figure id=\"attachment_11479\" aria-describedby=\"caption-attachment-11479\" style=\"width: 1080px\" class=\"wp-caption aligncenter\"><a href=\"https:\/\/attemnhan.vn\/wp-content\/uploads\/2025\/09\/Khuy-mang-set-nen.jpg\"><img loading=\"lazy\" decoding=\"async\" class=\"size-full wp-image-11479\" src=\"https:\/\/attemnhan.vn\/wp-content\/uploads\/2025\/09\/Khuy-mang-set-nen.jpg\" alt=\"\" width=\"1080\" height=\"1080\" srcset=\"https:\/\/attemnhan.vn\/wp-content\/uploads\/2025\/09\/Khuy-mang-set-nen.jpg 1080w, https:\/\/attemnhan.vn\/wp-content\/uploads\/2025\/09\/Khuy-mang-set-nen-300x300.jpg 300w, https:\/\/attemnhan.vn\/wp-content\/uploads\/2025\/09\/Khuy-mang-set-nen-1024x1024.jpg 1024w, https:\/\/attemnhan.vn\/wp-content\/uploads\/2025\/09\/Khuy-mang-set-nen-150x150.jpg 150w, https:\/\/attemnhan.vn\/wp-content\/uploads\/2025\/09\/Khuy-mang-set-nen-768x768.jpg 768w, https:\/\/attemnhan.vn\/wp-content\/uploads\/2025\/09\/Khuy-mang-set-nen-410x410.jpg 410w, https:\/\/attemnhan.vn\/wp-content\/uploads\/2025\/09\/Khuy-mang-set-nen-580x580.jpg 580w, https:\/\/attemnhan.vn\/wp-content\/uploads\/2025\/09\/Khuy-mang-set-nen-50x50.jpg 50w, https:\/\/attemnhan.vn\/wp-content\/uploads\/2025\/09\/Khuy-mang-set-nen-100x100.jpg 100w, https:\/\/attemnhan.vn\/wp-content\/uploads\/2025\/09\/Khuy-mang-set-nen-460x460.jpg 460w\" sizes=\"(max-width: 1080px) 100vw, 1080px\" \/><\/a><figcaption id=\"caption-attachment-11479\" class=\"wp-caption-text\">Nh\u1eadn b\u00e1o gi\u00e1 tem kim lo\u1ea1i<\/figcaption><\/figure>\n<p>Khi in \u0111\u1ed3ng xu k\u1ef7 ni\u1ec7m t\u1ea1i A&amp;T Label, qu\u00fd kh\u00e1ch h\u00e0ng c\u00f3 th\u1ec3 nh\u1eadn \u0111\u01b0\u1ee3c nhi\u1ec1u \u01b0u \u0111\u00e3i, \u0111\u1ed3ng th\u1eddi \u0111\u01b0\u1ee3c \u0111\u1ea3m b\u1ea3o h\u00e0i l\u00f2ng v\u1ec1 ch\u1ea5t l\u01b0\u1ee3ng s\u1ea3n ph\u1ea9m, c\u1ee5 th\u1ec3:<\/p>\n<p>\u0110\u1ed9i ng\u0169 nh\u00e2n s\u1ef1 thi\u1ebft k\u1ebf c\u00f3 n\u0103ng l\u1ef1c, thi\u1ebft k\u1ebf ph\u00f9 h\u1ee3p \u0111\u00e1p \u1ee9ng nhu c\u1ea7u kh\u00e1ch h\u00e0ng.<br \/>\nCh\u1ea5t li\u1ec7u h\u1ee3p kim kh\u00f4ng b\u1ecb oxy h\u00f3a v\u00e0 b\u1ec1n b\u1ec9 theo th\u1eddi gian.<br \/>\nS\u1eed d\u1ee5ng c\u00f4ng ngh\u1ec7 in, \u0111\u00fac hi\u1ec7n \u0111\u1ea1i, mang \u0111\u1ebfn s\u1ea3n ph\u1ea9m s\u1eafc n\u00e9t v\u00e0 ch\u00ednh x\u00e1c theo b\u1ea3n thi\u1ebft k\u1ebf.<\/p>\n<p>S\u1ea3n ph\u1ea9m sang tr\u1ecdng, \u0111\u1eb9p m\u1eaft, ph\u00f9 h\u1ee3p v\u1edbi c\u00e1c c\u00f4ng tr\u00ecnh c\u00f3 gi\u00e1 tr\u1ecb l\u1edbn.<br \/>\nCh\u1ebf t\u00e1c m\u1eb7t sau \u0111a d\u1ea1ng theo ki\u1ec3u m\u00f3c c\u00e0i, ghim b\u0103ng, ph\u1ee7 keo 3M, nam ch\u00e2m th\u00edch h\u1ee3p v\u1edbi \u0111a d\u1ea1ng nhu c\u1ea7u s\u1eed d\u1ee5ng.<\/p>\n<p>S\u1ea3n xu\u1ea5t kh\u00e9p k\u00edn kh\u00f4ng qua trung gian, mang \u0111\u1ebfn s\u1ea3n ph\u1ea9m gi\u00e1 t\u1ed1t cho kh\u00e1ch h\u00e0ng.<br \/>\n\u0110\u1ea3m b\u1ea3o giao h\u00e0ng \u0111\u00fang h\u1ea1n.<br \/>\nC\u00f3 nhi\u1ec1u ch\u00ednh s\u00e1ch \u01b0u \u0111\u00e3i v\u1ec1 gi\u00e1 cho kh\u00e1ch h\u00e0ng in tem nh\u00e3n h\u1ee3p kim s\u1ed1 l\u01b0\u1ee3ng l\u1edbn.<br \/>\n\u0110\u1ed9i ng\u0169 nh\u00e2n vi\u00ean h\u1ed7 tr\u1ee3 t\u1eadn t\u00e2m, nhi\u1ec7t t\u00ecnh.<\/p>\n<h2>H\u01b0\u1edbng d\u1eabn c\u00e1ch th\u1ee9c \u0111\u1eb7t h\u00e0ng, giao h\u00e0ng, thanh to\u00e1n t\u1ea1i A&amp;T Label<\/h2>\n<figure id=\"attachment_10965\" aria-describedby=\"caption-attachment-10965\" style=\"width: 1400px\" class=\"wp-caption aligncenter\"><a href=\"https:\/\/attemnhan.vn\/wp-content\/uploads\/2025\/09\/nhan-bao-gia-tem-hop-kim-1.gif\"><img loading=\"lazy\" decoding=\"async\" class=\"size-full wp-image-10965\" src=\"https:\/\/attemnhan.vn\/wp-content\/uploads\/2025\/09\/nhan-bao-gia-tem-hop-kim-1.gif\" alt=\"Li\u00ean h\u1ec7 A&amp;T Label \u0111\u1ec3 \u0111\u01b0\u1ee3c b\u00e1o gi\u00e1 chi ti\u1ebft v\u1ec1 d\u1ecbch v\u1ee5 l\u00e0m m\u00f3c kh\u00f3a kim lo\u1ea1i kh\u1eafc t\u00ean, logo\" width=\"1400\" height=\"750\" \/><\/a><figcaption id=\"caption-attachment-10965\" class=\"wp-caption-text\">Li\u00ean h\u1ec7 A&amp;T Label \u0111\u1ec3 \u0111\u01b0\u1ee3c b\u00e1o gi\u00e1 chi ti\u1ebft v\u1ec1 d\u1ecbch v\u1ee5 l\u00e0m tem nh\u00e3n kim lo\u1ea1i kh\u1eafc t\u00ean, logo<\/figcaption><\/figure>\n<p>\u0110\u1ec3 kh\u00e1ch hi\u1ec3u r\u00f5 h\u01a1n v\u1ec1 quy tr\u00ecnh v\u1eadn chuy\u1ec3n, thanh to\u00e1n t\u1ea1i A&amp;T ch\u00fang t\u00f4i s\u1ebd chia s\u1ebb cho b\u1ea1n chi ti\u1ebft c\u00e1ch th\u1ee9c \u0111\u1eb7t h\u00e0ng, giao h\u00e0ng v\u00e0 thanh to\u00e1n s\u1ea3n ph\u1ea9m tem inox t\u1ea1i A&amp;T Label:<\/p>\n<p><strong>1. \u0110\u1eb7t h\u00e0ng<\/strong><br \/>\nKh\u00e1ch h\u00e0ng c\u00f3 th\u1ec3 li\u00ean h\u1ec7 qua nhi\u1ec1u k\u00eanh nh\u01b0 Hotline, Email, Zalo, WhatsApp ho\u1eb7c \u0111\u1ebfn tr\u1ef1c ti\u1ebfp c\u00f4ng ty \u0111\u1ec3 trao \u0111\u1ed5i th\u00f4ng tin v\u00e0 y\u00eau c\u1ea7u \u0111\u1eb7t h\u00e0ng. N\u1ebfu c\u00f3 m\u1eabu tem nh\u00e3n ho\u1eb7c thi\u1ebft k\u1ebf s\u1eb5n, mang theo m\u1eabu \u0111\u1ec3 ti\u1ec7n cho vi\u1ec7c trao \u0111\u1ed5i.<\/p>\n<p><strong>2. Giao h\u00e0ng<\/strong><br \/>\nA&amp;T Label s\u1eed d\u1ee5ng nh\u1eefng \u0111\u01a1n v\u1ecb v\u1eadn chuy\u1ec3n uy t\u00edn nh\u01b0 Viettel Post, GHTK, nh\u00e0 xe v\u00e0 c\u00e1c \u0111\u01a1n v\u1ecb v\u1eadn chuy\u1ec3n kh\u00e1c \u0111\u1ec3 giao h\u00e0ng \u0111\u1ebfn tay kh\u00e1ch h\u00e0ng. Tr\u01b0\u1edbc khi giao h\u00e0ng, A&amp;T s\u1ebd \u0111\u1ea3m b\u1ea3o \u0111\u00f3ng g\u00f3i c\u1ea9n th\u1eadn \u0111\u1ec3 \u0111\u1ea3m b\u1ea3o an to\u00e0n cho s\u1ea3n ph\u1ea9m trong qu\u00e1 tr\u00ecnh v\u1eadn chuy\u1ec3n.<\/p>\n<p><strong>3. Thanh to\u00e1n<\/strong><\/p>\n<p>Kh\u00e1ch h\u00e0ng \u0111\u01b0\u1ee3c y\u00eau c\u1ea7u thanh to\u00e1n tr\u01b0\u1edbc 50% gi\u00e1 tr\u1ecb \u0111\u01a1n h\u00e0ng khi \u0111\u1eb7t h\u00e0ng. Sau khi s\u1ea3n ph\u1ea9m \u0111\u00e3 ho\u00e0n th\u00e0nh v\u00e0 \u0111\u01b0\u1ee3c giao \u0111\u1ebfn kh\u00e1ch h\u00e0ng, kh\u00e1ch h\u00e0ng thanh to\u00e1n s\u1ed1 ti\u1ec1n c\u00f2n l\u1ea1i \u0111\u1ec3 ho\u00e0n t\u1ea5t thanh to\u00e1n.<\/p>\n<p>C\u00f3 th\u1ec3 s\u1eed d\u1ee5ng h\u00ecnh th\u1ee9c thanh to\u00e1n tr\u1ef1c ti\u1ebfp khi nh\u1eadn h\u00e0ng ho\u1eb7c thanh to\u00e1n qua chuy\u1ec3n kho\u1ea3n ng\u00e2n h\u00e0ng theo th\u00f4ng tin m\u00e0 c\u00f4ng ty cung c\u1ea5p.<\/p>\n<p>Tr\u00ean \u0111\u00e2y l\u00e0 nh\u1eefng chia s\u1ebb t\u1eeb A-Z v\u1ec1 c\u00e1c s\u1ea3n ph\u1ea9m tem inox tr\u00ean th\u1ecb tr\u01b0\u1eddng hi\u1ec7n nay. Mong r\u1eb1ng sau nh\u1eefng chia s\u1ebb \u1edf tr\u00ean b\u1ea1n s\u1ebd l\u1ef1a ch\u1ecdn \u0111\u01b0\u1ee3c m\u1eabu tem inox nh\u01b0 mong mu\u1ed1n. Tham kh\u1ea3o nhi\u1ec1u s\u1ea3n ph\u1ea9m tem nh\u00e3n kim lo\u1ea1i kh\u00e1c c\u00f9ng A&amp;T Label<\/p>\n<h6><b>C\u00d4NG TY TNHH KINH DOANH \u0110\u1ea6U T\u01af V\u00c0 TH\u01af\u01a0NG M\u1ea0I A&amp;T<\/b><\/h6>\n<p><b>Website:<\/b><a href=\"https:\/\/attemnhan.vn\/\"><b> www.attemnhan.vn<\/b><\/a><\/p>\n<p><b>\u0110\u1ecba ch\u1ec9: <\/b><a href=\"https:\/\/maps.app.goo.gl\/9xnAKPQe7AU3kjbs5\" target=\"_blank\" rel=\"noopener\"><b>S\u1ed1 101 \u0110\u01b0\u1eddng S\u1ed1 8, KDC Cityland Park Hills, Ph\u01b0\u1eddng G\u00f2 V\u1ea5p, TP HCM<\/b><\/a><\/p>\n<p><b>S\u1ed1 \u0111i\u1ec7n tho\u1ea1i: <\/b><a href=\"tel:0909872896\"><b>0909 872 896<\/b><\/a><\/p>\n<p><b>Zalo: <\/b><a href=\"https:\/\/zalo.me\/0909872896\" target=\"_blank\" rel=\"noopener\"><b>https:\/\/zalo.me\/0909872896<\/b><\/a><\/p>\n<p><b>Email: <\/b><a href=\"mailto:marketing.atlabel@gmail.com\"><b>marketing.atlabel@gmail.com<\/b><\/a><\/p>\n<p><b>Gi\u1edd ho\u1ea1t \u0111\u1ed9ng:<\/b><\/p>\n<p><b>S\u00e1ng:\u00a0 <\/b><span style=\"font-weight: 400;\">8h00 \u2013 12h00<\/span><\/p>\n<p><b>Chi\u1ec1u: <\/b><span style=\"font-weight: 400;\">13h30 \u2013 17h30<\/span><\/p>\n<p><b>Th\u1ee9 7: <\/b><span style=\"font-weight: 400;\">8h00 \u2013 17h30 (ngh\u0129 c\u00e1ch tu\u1ea7n)<\/span><\/p>\n","protected":false},"excerpt":{"rendered":"<div class=\"note-title\">\n<p class=\"text-m fw-b\">Th\u00f4ng s\u1ed1 c\u01a1 b\u1ea3n<\/p>\n<\/div>\n<div class=\"note-list\">\n<div class=\"note-item\">\n<ul>\n<li class=\"text-s\">Ch\u1ea5t li\u1ec7u: \u0110\u1ed3ng nguy\u00ean ch\u1ea5t ho\u1eb7c h\u1ee3p kim \u0111\u1ed3ng cao c\u1ea5p.<\/li>\n<li class=\"text-s\">C\u00f4ng ngh\u1ec7 gia c\u00f4ng: \u0102n m\u00f2n, d\u1eadp n\u1ed5i\/\u0111\u00fac n\u1ed5i, m\u1ea1 v\u00e0ng, m\u1ea1 b\u1ea1c, m\u1ea1 niken.<\/li>\n<li class=\"text-s\">M\u00e0u s\u1eafc: Ph\u1ee7 men m\u00e0u, s\u01a1n t\u0129nh \u0111i\u1ec7n, in UV cao c\u1ea5p.<\/li>\n<li data-start=\"47\" data-end=\"142\">\n<p data-start=\"49\" data-end=\"142\">\u1ee8ng d\u1ee5ng: Th\u1eddi trang nam, s\u1ef1 ki\u1ec7n, l\u1ec5 h\u1ed9i, qu\u00e0 t\u1eb7ng, x\u00e2y d\u1ef1ng th\u01b0\u01a1ng hi\u1ec7u.<\/p>\n<\/li>\n<\/ul>\n<\/div>\n<div class=\"note-item\"><\/div>\n<div class=\"note-item\"><\/div>\n<\/div>\n","protected":false},"featured_media":11481,"comment_status":"open","ping_status":"closed","template":"","meta":{"_acf_changed":false},"product_cat":[162,113],"product_tag":[],"class_list":{"0":"post-11475","1":"product","2":"type-product","3":"status-publish","4":"has-post-thumbnail","6":"product_cat-khuy-mang-set","7":"product_cat-vat-pham-qua-tang","9":"first","10":"instock","11":"shipping-taxable","12":"product-type-simple"},"acf":[],"_links":{"self":[{"href":"https:\/\/attemnhan.vn\/en\/wp-json\/wp\/v2\/product\/11475","targetHints":{"allow":["GET"]}}],"collection":[{"href":"https:\/\/attemnhan.vn\/en\/wp-json\/wp\/v2\/product"}],"about":[{"href":"https:\/\/attemnhan.vn\/en\/wp-json\/wp\/v2\/types\/product"}],"replies":[{"embeddable":true,"href":"https:\/\/attemnhan.vn\/en\/wp-json\/wp\/v2\/comments?post=11475"}],"version-history":[{"count":3,"href":"https:\/\/attemnhan.vn\/en\/wp-json\/wp\/v2\/product\/11475\/revisions"}],"predecessor-version":[{"id":11498,"href":"https:\/\/attemnhan.vn\/en\/wp-json\/wp\/v2\/product\/11475\/revisions\/11498"}],"wp:featuredmedia":[{"embeddable":true,"href":"https:\/\/attemnhan.vn\/en\/wp-json\/wp\/v2\/media\/11481"}],"wp:attachment":[{"href":"https:\/\/attemnhan.vn\/en\/wp-json\/wp\/v2\/media?parent=11475"}],"wp:term":[{"taxonomy":"product_cat","embeddable":true,"href":"https:\/\/attemnhan.vn\/en\/wp-json\/wp\/v2\/product_cat?post=11475"},{"taxonomy":"product_tag","embeddable":true,"href":"https:\/\/attemnhan.vn\/en\/wp-json\/wp\/v2\/product_tag?post=11475"}],"curies":[{"name":"wp","href":"https:\/\/api.w.org\/{rel}","templated":true}]}}