{"id":11452,"date":"2025-09-05T17:30:50","date_gmt":"2025-09-05T10:30:50","guid":{"rendered":"https:\/\/attemnhan.vn\/?post_type=product&#038;p=11452"},"modified":"2025-09-08T09:15:28","modified_gmt":"2025-09-08T02:15:28","slug":"khui-bia","status":"publish","type":"product","link":"https:\/\/attemnhan.vn\/san-pham\/khui-bia\/","title":{"rendered":"Khui bia"},"content":{"rendered":"<h2>Khui bia l\u00e0 g\u00ec?<\/h2>\n<p><a href=\"https:\/\/attemnhan.vn\/danh-muc-san-pham\/vat-pham-qua-tang\/khui-bia\/\"><strong>D\u1ee5ng c\u1ee5 khui bia<\/strong><\/a> (hay c\u00f2n g\u1ecdi l\u00e0 d\u1ee5ng c\u1ee5 m\u1edf bia, m\u1edf n\u1eafp chai) l\u00e0 m\u1ed9t v\u1eadt d\u1ee5ng nh\u1ecf, d\u00f9ng \u0111\u1ec3 b\u1ea9y n\u1eafp chai bia, n\u01b0\u1edbc ng\u1ecdt ho\u1eb7c c\u00e1c lo\u1ea1i chai c\u00f3 n\u1eafp kim lo\u1ea1i kh\u00f4ng v\u1eb7n \u0111\u01b0\u1ee3c b\u1eb1ng tay. Thi\u1ebft k\u1ebf c\u01a1 b\u1ea3n c\u1ee7a khui bia d\u1ef1a tr\u00ean nguy\u00ean l\u00fd \u0111\u00f2n b\u1ea9y, gi\u00fap ng\u01b0\u1eddi d\u00f9ng d\u1ec5 d\u00e0ng b\u1eadt n\u1eafp chai nhanh ch\u00f3ng v\u00e0 an to\u00e0n.<\/p>\n<p>\u0110\u1eb7c di\u1ec3m d\u1ee5ng c\u1ee5 khui bia bao g\u1ed3m:<\/p>\n<p>Ch\u1ea5t li\u1ec7u: th\u01b0\u1eddng l\u00e0m b\u1eb1ng inox, th\u00e9p, h\u1ee3p kim k\u1ebdm ho\u1eb7c nh\u1ef1a c\u1ee9ng \u0111\u1ec3 \u0111\u1ea3m b\u1ea3o \u0111\u1ed9 b\u1ec1n.<\/p>\n<p>Ki\u1ec3u d\u00e1ng: \u0111a d\u1ea1ng, t\u1eeb lo\u1ea1i nh\u1ecf g\u1ecdn b\u1ecf t\u00fai, khui treo t\u01b0\u1eddng, \u0111\u1ebfn khui bia \u0111a n\u0103ng t\u00edch h\u1ee3p v\u1edbi dao, k\u00e9o ho\u1eb7c \u0111\u1ed3 m\u1edf r\u01b0\u1ee3u.<\/p>\n<p>\u1ee8ng d\u1ee5ng: s\u1eed d\u1ee5ng ph\u1ed5 bi\u1ebfn trong gia \u0111\u00ecnh, nh\u00e0 h\u00e0ng, qu\u00e1n bar, s\u1ef1 ki\u1ec7n ho\u1eb7c mang theo khi \u0111i d\u00e3 ngo\u1ea1i.<\/p>\n<figure id=\"attachment_11459\" aria-describedby=\"caption-attachment-11459\" style=\"width: 640px\" class=\"wp-caption aligncenter\"><a href=\"https:\/\/attemnhan.vn\/wp-content\/uploads\/2025\/09\/1676701748631.png\"><img fetchpriority=\"high\" decoding=\"async\" class=\"size-full wp-image-11459\" src=\"https:\/\/attemnhan.vn\/wp-content\/uploads\/2025\/09\/1676701748631.png\" alt=\"Khui bia\" width=\"640\" height=\"640\" srcset=\"https:\/\/attemnhan.vn\/wp-content\/uploads\/2025\/09\/1676701748631.png 640w, https:\/\/attemnhan.vn\/wp-content\/uploads\/2025\/09\/1676701748631-300x300.png 300w, https:\/\/attemnhan.vn\/wp-content\/uploads\/2025\/09\/1676701748631-150x150.png 150w, https:\/\/attemnhan.vn\/wp-content\/uploads\/2025\/09\/1676701748631-410x410.png 410w, https:\/\/attemnhan.vn\/wp-content\/uploads\/2025\/09\/1676701748631-580x580.png 580w, https:\/\/attemnhan.vn\/wp-content\/uploads\/2025\/09\/1676701748631-50x50.png 50w, https:\/\/attemnhan.vn\/wp-content\/uploads\/2025\/09\/1676701748631-100x100.png 100w, https:\/\/attemnhan.vn\/wp-content\/uploads\/2025\/09\/1676701748631-460x460.png 460w\" sizes=\"(max-width: 640px) 100vw, 640px\" \/><\/a><figcaption id=\"caption-attachment-11459\" class=\"wp-caption-text\">\u0110\u1eb7c \u0111i\u1ec3m c\u1ee7a d\u1ee5ng c\u1ee5 khui bia<\/figcaption><\/figure>\n<h2>C\u00e1c lo\u1ea1i khui bia ph\u1ed5 bi\u1ebfn hi\u1ec7n nay<\/h2>\n<p><strong>Khui bia c\u1ea7m tay:<\/strong> Thi\u1ebft k\u1ebf nh\u1ecf g\u1ecdn, d\u1ec5 mang theo, ph\u1ed5 bi\u1ebfn trong gia \u0111\u00ecnh, picnic, ti\u1ec7c t\u00f9ng. Th\u01b0\u1eddng l\u00e0m b\u1eb1ng inox, th\u00e9p kh\u00f4ng g\u1ec9, ho\u1eb7c nh\u1ef1a c\u1ee9ng.<\/p>\n<p><strong>Khui bia \u0111a n\u0103ng: <\/strong>Ngo\u00e0i m\u1edf n\u1eafp bia c\u00f2n c\u00f3 th\u1ec3 khui lon n\u01b0\u1edbc,<a href=\"https:\/\/www.google.com\/search?q=c%E1%BA%AFt+seal+r%C6%B0%E1%BB%A3u\" target=\"_blank\" rel=\"noopener\"> c\u1eaft seal r\u01b0\u1ee3u<\/a>, m\u1edf n\u1eafp h\u1ed9p, r\u1ea5t ti\u1ec7n l\u1ee3i cho qu\u00e1n bar, nh\u00e0 h\u00e0ng ho\u1eb7c ng\u01b0\u1eddi hay \u0111i du l\u1ecbch. Thi\u1ebft k\u1ebf th\u00f4ng minh, nh\u1ecf g\u1ecdn, c\u00f3 nhi\u1ec1u h\u00ecnh d\u00e1ng \u0111\u1ed9c \u0111\u00e1o.<\/p>\n<p><strong>Khui bia g\u1eafn t\u01b0\u1eddng: <\/strong>Lo\u1ea1i c\u1ed1 \u0111\u1ecbnh, th\u01b0\u1eddng b\u1eaft v\u00edt v\u00e0o t\u01b0\u1eddng g\u1ed7 ho\u1eb7c kim lo\u1ea1i, th\u00edch h\u1ee3p cho qu\u00e1n bar, qu\u00e1n nh\u1eadu, qu\u00e1n c\u00e0 ph\u00ea phong c\u00e1ch vintage. Nhanh g\u1ecdn, ch\u1ec9 c\u1ea7n \u0111\u1eb7t chai v\u00e0 b\u1ea9y n\u1eafp xu\u1ed1ng.<\/p>\n<p><strong>Khui bia t\u1ef1 \u0111\u1ed9ng \/ khui nam ch\u00e2m:\u00a0 <\/strong>Ch\u1ec9 c\u1ea7n \u1ea5n nh\u1eb9, n\u1eafp bia b\u1eadt ra ngay, ho\u1ea1t \u0111\u1ed9ng b\u1eb1ng c\u01a1 ch\u1ebf nam ch\u00e2m ho\u1eb7c l\u00f2 xo, hi\u1ec7n \u0111\u1ea1i v\u00e0 ti\u1ec7n l\u1ee3i. Ph\u00f9 h\u1ee3p cho ti\u1ec7c t\u00f9ng, s\u1ef1 ki\u1ec7n, qu\u00e1n bar sang tr\u1ecdng.<\/p>\n<p><strong>Khui bia qu\u00e0 t\u1eb7ng qu\u1ea3ng c\u00e1o: <\/strong>Thi\u1ebft k\u1ebf \u0111\u1ed9c \u0111\u00e1o, in logo ho\u1eb7c th\u01b0\u01a1ng hi\u1ec7u doanh nghi\u1ec7p, v\u1eeba ti\u1ec7n \u00edch v\u1eeba l\u00e0 c\u00f4ng c\u1ee5 marketing hi\u1ec7u qu\u1ea3, th\u01b0\u1eddng ph\u00e1t trong c\u00e1c s\u1ef1 ki\u1ec7n, h\u1ed9i ngh\u1ecb, ho\u1eb7c l\u00e0m qu\u00e0 t\u1eb7ng kh\u00e1ch h\u00e0ng.<\/p>\n<figure id=\"attachment_11453\" aria-describedby=\"caption-attachment-11453\" style=\"width: 640px\" class=\"wp-caption aligncenter\"><a href=\"https:\/\/attemnhan.vn\/wp-content\/uploads\/2025\/09\/1676464489433.png\"><img decoding=\"async\" class=\"size-full wp-image-11453\" src=\"https:\/\/attemnhan.vn\/wp-content\/uploads\/2025\/09\/1676464489433.png\" alt=\"Khui bia\" width=\"640\" height=\"640\" srcset=\"https:\/\/attemnhan.vn\/wp-content\/uploads\/2025\/09\/1676464489433.png 640w, https:\/\/attemnhan.vn\/wp-content\/uploads\/2025\/09\/1676464489433-300x300.png 300w, https:\/\/attemnhan.vn\/wp-content\/uploads\/2025\/09\/1676464489433-150x150.png 150w, https:\/\/attemnhan.vn\/wp-content\/uploads\/2025\/09\/1676464489433-410x410.png 410w, https:\/\/attemnhan.vn\/wp-content\/uploads\/2025\/09\/1676464489433-580x580.png 580w, https:\/\/attemnhan.vn\/wp-content\/uploads\/2025\/09\/1676464489433-50x50.png 50w, https:\/\/attemnhan.vn\/wp-content\/uploads\/2025\/09\/1676464489433-100x100.png 100w, https:\/\/attemnhan.vn\/wp-content\/uploads\/2025\/09\/1676464489433-460x460.png 460w\" sizes=\"(max-width: 640px) 100vw, 640px\" \/><\/a><figcaption id=\"caption-attachment-11453\" class=\"wp-caption-text\">M\u1eabu khui bia 1<\/figcaption><\/figure>\n<figure id=\"attachment_11455\" aria-describedby=\"caption-attachment-11455\" style=\"width: 640px\" class=\"wp-caption aligncenter\"><a href=\"https:\/\/attemnhan.vn\/wp-content\/uploads\/2025\/09\/1676464762540.png\"><img decoding=\"async\" class=\"size-full wp-image-11455\" src=\"https:\/\/attemnhan.vn\/wp-content\/uploads\/2025\/09\/1676464762540.png\" alt=\"Khui bia\" width=\"640\" height=\"640\" srcset=\"https:\/\/attemnhan.vn\/wp-content\/uploads\/2025\/09\/1676464762540.png 640w, https:\/\/attemnhan.vn\/wp-content\/uploads\/2025\/09\/1676464762540-300x300.png 300w, https:\/\/attemnhan.vn\/wp-content\/uploads\/2025\/09\/1676464762540-150x150.png 150w, https:\/\/attemnhan.vn\/wp-content\/uploads\/2025\/09\/1676464762540-410x410.png 410w, https:\/\/attemnhan.vn\/wp-content\/uploads\/2025\/09\/1676464762540-580x580.png 580w, https:\/\/attemnhan.vn\/wp-content\/uploads\/2025\/09\/1676464762540-50x50.png 50w, https:\/\/attemnhan.vn\/wp-content\/uploads\/2025\/09\/1676464762540-100x100.png 100w, https:\/\/attemnhan.vn\/wp-content\/uploads\/2025\/09\/1676464762540-460x460.png 460w\" sizes=\"(max-width: 640px) 100vw, 640px\" \/><\/a><figcaption id=\"caption-attachment-11455\" class=\"wp-caption-text\">M\u1eabu khui bia 2<\/figcaption><\/figure>\n<figure id=\"attachment_11457\" aria-describedby=\"caption-attachment-11457\" style=\"width: 640px\" class=\"wp-caption aligncenter\"><a href=\"https:\/\/attemnhan.vn\/wp-content\/uploads\/2025\/09\/1676464828151.png\"><img loading=\"lazy\" decoding=\"async\" class=\"size-full wp-image-11457\" src=\"https:\/\/attemnhan.vn\/wp-content\/uploads\/2025\/09\/1676464828151.png\" alt=\"Khui bia\" width=\"640\" height=\"640\" srcset=\"https:\/\/attemnhan.vn\/wp-content\/uploads\/2025\/09\/1676464828151.png 640w, https:\/\/attemnhan.vn\/wp-content\/uploads\/2025\/09\/1676464828151-300x300.png 300w, https:\/\/attemnhan.vn\/wp-content\/uploads\/2025\/09\/1676464828151-150x150.png 150w, https:\/\/attemnhan.vn\/wp-content\/uploads\/2025\/09\/1676464828151-410x410.png 410w, https:\/\/attemnhan.vn\/wp-content\/uploads\/2025\/09\/1676464828151-580x580.png 580w, https:\/\/attemnhan.vn\/wp-content\/uploads\/2025\/09\/1676464828151-50x50.png 50w, https:\/\/attemnhan.vn\/wp-content\/uploads\/2025\/09\/1676464828151-100x100.png 100w, https:\/\/attemnhan.vn\/wp-content\/uploads\/2025\/09\/1676464828151-460x460.png 460w\" sizes=\"(max-width: 640px) 100vw, 640px\" \/><\/a><figcaption id=\"caption-attachment-11457\" class=\"wp-caption-text\">M\u1eabu khui bia 3<\/figcaption><\/figure>\n<figure id=\"attachment_11461\" aria-describedby=\"caption-attachment-11461\" style=\"width: 640px\" class=\"wp-caption aligncenter\"><a href=\"https:\/\/attemnhan.vn\/wp-content\/uploads\/2025\/09\/1676701761583.png\"><img loading=\"lazy\" decoding=\"async\" class=\"size-full wp-image-11461\" src=\"https:\/\/attemnhan.vn\/wp-content\/uploads\/2025\/09\/1676701761583.png\" alt=\"Khui bia\" width=\"640\" height=\"640\" srcset=\"https:\/\/attemnhan.vn\/wp-content\/uploads\/2025\/09\/1676701761583.png 640w, https:\/\/attemnhan.vn\/wp-content\/uploads\/2025\/09\/1676701761583-300x300.png 300w, https:\/\/attemnhan.vn\/wp-content\/uploads\/2025\/09\/1676701761583-150x150.png 150w, https:\/\/attemnhan.vn\/wp-content\/uploads\/2025\/09\/1676701761583-410x410.png 410w, https:\/\/attemnhan.vn\/wp-content\/uploads\/2025\/09\/1676701761583-580x580.png 580w, https:\/\/attemnhan.vn\/wp-content\/uploads\/2025\/09\/1676701761583-50x50.png 50w, https:\/\/attemnhan.vn\/wp-content\/uploads\/2025\/09\/1676701761583-100x100.png 100w, https:\/\/attemnhan.vn\/wp-content\/uploads\/2025\/09\/1676701761583-460x460.png 460w\" sizes=\"(max-width: 640px) 100vw, 640px\" \/><\/a><figcaption id=\"caption-attachment-11461\" class=\"wp-caption-text\">M\u1eabu khui bia 4<\/figcaption><\/figure>\n<figure id=\"attachment_11463\" aria-describedby=\"caption-attachment-11463\" style=\"width: 640px\" class=\"wp-caption aligncenter\"><a href=\"https:\/\/attemnhan.vn\/wp-content\/uploads\/2025\/09\/1677386941377.png\"><img loading=\"lazy\" decoding=\"async\" class=\"size-full wp-image-11463\" src=\"https:\/\/attemnhan.vn\/wp-content\/uploads\/2025\/09\/1677386941377.png\" alt=\"Khui bia\" width=\"640\" height=\"640\" srcset=\"https:\/\/attemnhan.vn\/wp-content\/uploads\/2025\/09\/1677386941377.png 640w, https:\/\/attemnhan.vn\/wp-content\/uploads\/2025\/09\/1677386941377-300x300.png 300w, https:\/\/attemnhan.vn\/wp-content\/uploads\/2025\/09\/1677386941377-150x150.png 150w, https:\/\/attemnhan.vn\/wp-content\/uploads\/2025\/09\/1677386941377-410x410.png 410w, https:\/\/attemnhan.vn\/wp-content\/uploads\/2025\/09\/1677386941377-580x580.png 580w, https:\/\/attemnhan.vn\/wp-content\/uploads\/2025\/09\/1677386941377-50x50.png 50w, https:\/\/attemnhan.vn\/wp-content\/uploads\/2025\/09\/1677386941377-100x100.png 100w, https:\/\/attemnhan.vn\/wp-content\/uploads\/2025\/09\/1677386941377-460x460.png 460w\" sizes=\"(max-width: 640px) 100vw, 640px\" \/><\/a><figcaption id=\"caption-attachment-11463\" class=\"wp-caption-text\">M\u1eabu khui bia 5<\/figcaption><\/figure>\n<figure id=\"attachment_11465\" aria-describedby=\"caption-attachment-11465\" style=\"width: 640px\" class=\"wp-caption aligncenter\"><a href=\"https:\/\/attemnhan.vn\/wp-content\/uploads\/2025\/09\/1677411170479.png\"><img loading=\"lazy\" decoding=\"async\" class=\"size-full wp-image-11465\" src=\"https:\/\/attemnhan.vn\/wp-content\/uploads\/2025\/09\/1677411170479.png\" alt=\"Khui bia\" width=\"640\" height=\"640\" srcset=\"https:\/\/attemnhan.vn\/wp-content\/uploads\/2025\/09\/1677411170479.png 640w, https:\/\/attemnhan.vn\/wp-content\/uploads\/2025\/09\/1677411170479-300x300.png 300w, https:\/\/attemnhan.vn\/wp-content\/uploads\/2025\/09\/1677411170479-150x150.png 150w, https:\/\/attemnhan.vn\/wp-content\/uploads\/2025\/09\/1677411170479-410x410.png 410w, https:\/\/attemnhan.vn\/wp-content\/uploads\/2025\/09\/1677411170479-580x580.png 580w, https:\/\/attemnhan.vn\/wp-content\/uploads\/2025\/09\/1677411170479-50x50.png 50w, https:\/\/attemnhan.vn\/wp-content\/uploads\/2025\/09\/1677411170479-100x100.png 100w, https:\/\/attemnhan.vn\/wp-content\/uploads\/2025\/09\/1677411170479-460x460.png 460w\" sizes=\"(max-width: 640px) 100vw, 640px\" \/><\/a><figcaption id=\"caption-attachment-11465\" class=\"wp-caption-text\">M\u1eabu khui bia 6<\/figcaption><\/figure>\n<h2>\u01afu \u0111i\u1ec3m c\u1ee7a khui bia<\/h2>\n<p>Ti\u1ec7n l\u1ee3i, d\u1ec5 s\u1eed d\u1ee5ng.<\/p>\n<p>\u0110a d\u1ea1ng ki\u1ec3u d\u00e1ng, ch\u1ea5t li\u1ec7u (inox, nh\u1ef1a, g\u1ed7, h\u1ee3p kim\u2026).<\/p>\n<p>Gi\u00e1 th\u00e0nh h\u1ee3p l\u00fd, ph\u00f9 h\u1ee3p nhi\u1ec1u nhu c\u1ea7u.<\/p>\n<p>M\u1ed9t s\u1ed1 lo\u1ea1i c\u00f2n mang t\u00ednh th\u1ea9m m\u1ef9, s\u01b0u t\u1ea7m.<\/p>\n<h2>\u1ee8ng d\u1ee5ng c\u1ee7a khui bia trong \u0111\u1eddi s\u1ed1ng<\/h2>\n<p><strong>Trong gia \u0111\u00ecnh: <\/strong>Khui bia l\u00e0 v\u1eadt d\u1ee5ng quen thu\u1ed9c trong c\u0103n b\u1ebfp ho\u1eb7c t\u1ee7 \u0111\u1ed3 gia \u0111\u00ecnh,\u00f9ng khi t\u1ed5 ch\u1ee9c ti\u1ec7c nh\u1ecf, li\u00ean hoan, sinh nh\u1eadt, t\u1ee5 h\u1ecdp b\u1ea1n b\u00e8.<\/p>\n<p>M\u1ed9t s\u1ed1 m\u1eabu khui bia c\u00f2n \u0111\u01b0\u1ee3c thi\u1ebft k\u1ebf trang tr\u00ed, t\u0103ng t\u00ednh th\u1ea9m m\u1ef9 cho kh\u00f4ng gian b\u1ebfp.<\/p>\n<p><strong>Trong nh\u00e0 h\u00e0ng, qu\u00e1n nh\u1eadu, qu\u00e1n bar<\/strong><\/p>\n<p>L\u00e0 d\u1ee5ng c\u1ee5 kh\u00f4ng th\u1ec3 thi\u1ebfu \u0111\u1ec3 ph\u1ee5c v\u1ee5 kh\u00e1ch nhanh ch\u00f3ng, chuy\u00ean nghi\u1ec7p, gi\u00fap nh\u00e2n vi\u00ean thao t\u00e1c nhanh, ti\u1ebft ki\u1ec7m th\u1eddi gian. C\u00e1c lo\u1ea1i khui bia g\u1eafn t\u01b0\u1eddng ho\u1eb7c khui bia t\u1ef1 \u0111\u1ed9ng \u0111\u01b0\u1ee3c \u01b0a chu\u1ed9ng v\u00ec t\u00ednh ti\u1ec7n l\u1ee3i.<\/p>\n<p><strong>Trong du l\u1ecbch, d\u00e3 ngo\u1ea1i, picnic: <\/strong>Khui bia c\u1ea7m tay ho\u1eb7c khui \u0111a n\u0103ng r\u1ea5t h\u1eefu \u00edch khi \u0111i xa, v\u1eeba m\u1edf n\u1eafp bia\/n\u01b0\u1edbc gi\u1ea3i kh\u00e1t, v\u1eeba c\u00f3 th\u1ec3 d\u00f9ng \u0111\u1ec3 khui lon ho\u1eb7c h\u1ed7 tr\u1ee3 nhi\u1ec1u ch\u1ee9c n\u0103ng kh\u00e1c. Nh\u1ecf g\u1ecdn, d\u1ec5 mang theo b\u00ean m\u00ecnh.<\/p>\n<p><strong>Trong l\u0129nh v\u1ef1c qu\u1ea3ng c\u00e1o\/qu\u00e0 t\u1eb7ng: <\/strong>Khui bia \u0111\u01b0\u1ee3c thi\u1ebft k\u1ebf \u0111\u1ed9c \u0111\u00e1o, in kh\u1eafc logo th\u01b0\u01a1ng hi\u1ec7u, v\u1eeba l\u00e0 v\u1eadt d\u1ee5ng h\u1eefu \u00edch, v\u1eeba tr\u1edf th\u00e0nh c\u00f4ng c\u1ee5 marketing hi\u1ec7u qu\u1ea3. Th\u01b0\u1eddng \u0111\u01b0\u1ee3c d\u00f9ng l\u00e0m qu\u00e0 t\u1eb7ng trong s\u1ef1 ki\u1ec7n, h\u1ed9i ngh\u1ecb, l\u1ec5 k\u1ef7 ni\u1ec7m.<\/p>\n<p><strong>Trong s\u01b0u t\u1ea7m\/trang tr\u00ed:<\/strong> M\u1ed9t s\u1ed1 ng\u01b0\u1eddi y\u00eau th\u00edch s\u01b0u t\u1ea7m khui bia \u0111\u1ed9c \u0111\u00e1o, c\u1ed5 \u0111i\u1ec3n. C\u00e1c lo\u1ea1i khui g\u1eafn t\u01b0\u1eddng mang phong c\u00e1ch vintage c\u00f2n \u0111\u01b0\u1ee3c d\u00f9ng l\u00e0m v\u1eadt trang tr\u00ed cho qu\u00e1n c\u00e0 ph\u00ea, bar, homestay.<\/p>\n<figure id=\"attachment_11471\" aria-describedby=\"caption-attachment-11471\" style=\"width: 640px\" class=\"wp-caption aligncenter\"><a href=\"https:\/\/attemnhan.vn\/wp-content\/uploads\/2025\/09\/1699171254829.png\"><img loading=\"lazy\" decoding=\"async\" class=\"size-full wp-image-11471\" src=\"https:\/\/attemnhan.vn\/wp-content\/uploads\/2025\/09\/1699171254829.png\" alt=\"Khui bia\" width=\"640\" height=\"640\" srcset=\"https:\/\/attemnhan.vn\/wp-content\/uploads\/2025\/09\/1699171254829.png 640w, https:\/\/attemnhan.vn\/wp-content\/uploads\/2025\/09\/1699171254829-300x300.png 300w, https:\/\/attemnhan.vn\/wp-content\/uploads\/2025\/09\/1699171254829-150x150.png 150w, https:\/\/attemnhan.vn\/wp-content\/uploads\/2025\/09\/1699171254829-410x410.png 410w, https:\/\/attemnhan.vn\/wp-content\/uploads\/2025\/09\/1699171254829-580x580.png 580w, https:\/\/attemnhan.vn\/wp-content\/uploads\/2025\/09\/1699171254829-50x50.png 50w, https:\/\/attemnhan.vn\/wp-content\/uploads\/2025\/09\/1699171254829-100x100.png 100w, https:\/\/attemnhan.vn\/wp-content\/uploads\/2025\/09\/1699171254829-460x460.png 460w\" sizes=\"(max-width: 640px) 100vw, 640px\" \/><\/a><figcaption id=\"caption-attachment-11471\" class=\"wp-caption-text\">Khui bia<\/figcaption><\/figure>\n<h2>C\u00e1ch ch\u1ecdn mua khui bia ph\u00f9 h\u1ee3p<\/h2>\n<ul>\n<li>X\u00e1c \u0111\u1ecbnh nhu c\u1ea7u: c\u00e1 nh\u00e2n, gia \u0111\u00ecnh hay nh\u00e0 h\u00e0ng\/qu\u00e1n bar.<\/li>\n<li>Ch\u1ea5t li\u1ec7u b\u1ec1n b\u1ec9, an to\u00e0n, ch\u1ed1ng g\u1ec9 s\u00e9t.<\/li>\n<li>Thi\u1ebft k\u1ebf ti\u1ec7n d\u1ee5ng, g\u1ecdn g\u00e0ng, d\u1ec5 mang theo.<\/li>\n<li>Ch\u1ecdn \u0111\u01a1n v\u1ecb cung c\u1ea5p uy t\u00edn, s\u1ea3n ph\u1ea9m ch\u1ea5t l\u01b0\u1ee3ng.<\/li>\n<\/ul>\n<h2>T\u1ea1i sao n\u00ean ch\u1ecdn tem nh\u00e3n kim lo\u1ea1i t\u1ea1i A&amp;T Label?<\/h2>\n<p>Khi kh\u00e1ch h\u00e0ng l\u1ef1a ch\u1ecdn l\u00e0m tem nh\u00e3n kim lo\u1ea1i t\u1ea1i A&amp;T c\u00f3 th\u1ec3 nh\u1eadn \u0111\u01b0\u1ee3c:<\/p>\n<p>A&amp;T s\u1eed d\u1ee5ng c\u00f4ng ngh\u1ec7 in v\u00e0 \u0103n m\u00f2n ti\u00ean ti\u1ebfn, \u0111\u1ea3m b\u1ea3o cho nh\u1eefng m\u1eabu tem inox c\u00f3 ch\u1ea5t l\u01b0\u1ee3ng cao, h\u00ecnh \u1ea3nh s\u1eafc n\u00e9t v\u00e0 th\u1ea9m m\u1ef9 tinh t\u1ebf.D\u00f9 l\u00e0 \u0111\u01a1n h\u00e0ng l\u1edbn hay nh\u1ecf, A&amp;T cam k\u1ebft cung c\u1ea5p d\u1ecbch v\u1ee5 s\u1ea3n xu\u1ea5t tem nh\u00e3n kim lo\u1ea1i v\u1edbi th\u1eddi gian nhanh nh\u1ea5t \u0111\u1ec3 \u0111\u00e1p \u1ee9ng nhu c\u1ea7u v\u00e0 y\u00eau c\u1ea7u c\u1ee7a kh\u00e1ch h\u00e0ng.<\/p>\n<p>A&amp;T cung c\u1ea5p d\u1ecbch v\u1ee5 thi\u1ebft k\u1ebf l\u00e0m tem nh\u00e3n kim lo\u1ea1i mi\u1ec5n ph\u00ed cho t\u1ea5t c\u1ea3 c\u00e1c kh\u00e1ch h\u00e0ng, gi\u00fap b\u1ea1n d\u1ec5 d\u00e0ng l\u1ef1a ch\u1ecdn m\u1eabu thi\u1ebft k\u1ebf tr\u01b0\u1edbc khi s\u1ea3n xu\u1ea5t.<\/p>\n<p>A&amp;T h\u1ed7 tr\u1ee3 giao h\u00e0ng mi\u1ec5n ph\u00ed \u0111\u1ebfn t\u1eadn n\u01a1i cho kh\u00e1ch h\u00e0ng tr\u00ean to\u00e0n qu\u1ed1c, gi\u00fap ti\u1ebft ki\u1ec7m chi ph\u00ed v\u00e0 th\u1eddi gian v\u1eadn chuy\u1ec3n.<\/p>\n<p>A&amp;T cung c\u1ea5p gi\u00e1 th\u00e0nh ph\u00f9 h\u1ee3p v\u1edbi ch\u1ea5t l\u01b0\u1ee3ng tem nh\u00e3n kim lo\u1ea1i. \u0110\u1ed1i v\u1edbi kh\u00e1ch quen, c\u00f2n c\u00f3 ch\u1ebf \u0111\u1ed9 chi\u1ebft kh\u1ea5u h\u1ea5p d\u1eabn.L\u00e0 \u0111\u01a1n v\u1ecb s\u1ea3n xu\u1ea5t tr\u1ef1c ti\u1ebfp gia c\u00f4ng tem, kh\u00f4ng qua trung gian, gi\u00fap \u0111\u1ea3m b\u1ea3o ch\u1ea5t l\u01b0\u1ee3ng v\u00e0 ti\u1ebft ki\u1ec7m chi ph\u00ed cho kh\u00e1ch h\u00e0ng.<\/p>\n<p>\u0110\u01a1n v\u1ecb cam k\u1ebft k\u00fd k\u1ebft h\u1ee3p \u0111\u1ed3ng v\u00e0 xu\u1ea5t ho\u00e1 \u0111\u01a1n cho t\u1eebng \u0111\u01a1n h\u00e0ng, \u0111\u1ea3m b\u1ea3o quy\u1ec1n l\u1ee3i v\u00e0 s\u1ef1 minh b\u1ea1ch trong giao d\u1ecbch. B\u00ean c\u1ea1nh \u0111\u00f3, c\u00f2n c\u00f3 cam k\u1ebft \u0111\u1ed5i tr\u1ea3 s\u1ea3n ph\u1ea9m n\u1ebfu c\u00f3 l\u1ed7i trong qu\u00e1 tr\u00ecnh s\u1ea3n xu\u1ea5t ho\u1eb7c kh\u00f4ng \u0111\u00fang v\u1edbi thi\u1ebft k\u1ebf \u0111\u00e3 \u0111\u01b0\u1ee3c th\u1ed1ng nh\u1ea5t. S\u1edf h\u1eefu \u0111\u1ed9i ng\u0169 nh\u00e2n vi\u00ean nhi\u1ec7t t\u00ecnh v\u00e0 gi\u00e0u kinh nghi\u1ec7m, lu\u00f4n s\u1eb5n s\u00e0ng h\u1ed7 tr\u1ee3 kh\u00e1ch h\u00e0ng t\u1eeb qu\u00e1 tr\u00ecnh thi\u1ebft k\u1ebf, s\u1ea3n xu\u1ea5t \u0111\u1ebfn giao h\u00e0ng.<\/p>\n<h2>H\u01b0\u1edbng d\u1eabn \u0111\u1eb7t h\u00e0ng v\u00e0 thanh to\u00e1n t\u1ea1i A&amp;T Label<\/h2>\n<figure id=\"attachment_10965\" aria-describedby=\"caption-attachment-10965\" style=\"width: 1400px\" class=\"wp-caption aligncenter\"><a href=\"https:\/\/attemnhan.vn\/wp-content\/uploads\/2025\/09\/nhan-bao-gia-tem-hop-kim-1.gif\"><img loading=\"lazy\" decoding=\"async\" class=\"size-full wp-image-10965\" src=\"https:\/\/attemnhan.vn\/wp-content\/uploads\/2025\/09\/nhan-bao-gia-tem-hop-kim-1.gif\" alt=\"Li\u00ean h\u1ec7 A&amp;T Label \u0111\u1ec3 \u0111\u01b0\u1ee3c b\u00e1o gi\u00e1 chi ti\u1ebft v\u1ec1 d\u1ecbch v\u1ee5 l\u00e0m m\u00f3c kh\u00f3a kim lo\u1ea1i kh\u1eafc t\u00ean, logo\" width=\"1400\" height=\"750\" \/><\/a><figcaption id=\"caption-attachment-10965\" class=\"wp-caption-text\">Li\u00ean h\u1ec7 A&amp;T Label \u0111\u1ec3 \u0111\u01b0\u1ee3c b\u00e1o gi\u00e1 chi ti\u1ebft v\u1ec1 d\u1ecbch v\u1ee5 l\u00e0m m\u00f3c kh\u00f3a kim lo\u1ea1i kh\u1eafc t\u00ean, logo<\/figcaption><\/figure>\n<p>\u0110\u1ec3 ti\u1ebft ki\u1ec7m t\u1ed1i \u0111a th\u1eddi gian c\u0169ng nh\u01b0 \u0111\u01a1n gi\u1ea3n h\u00f3a quy tr\u00ecnh \u0111\u1eb7t h\u00e0ng, qu\u00fd kh\u00e1ch c\u00f3 th\u1ec3 \u0111\u1eb7t h\u00e0ng tr\u1ef1c tuy\u1ebfn theo c\u00e1c b\u01b0\u1edbc sau \u0111\u00e2y:<\/p>\n<p>B\u01b0\u1edbc 1: Truy c\u1eadp website <a href=\"https:\/\/attemnhan.vn\/\">www.attemnhan.vn<\/a> \u0111\u1ec3 tham kh\u1ea3o v\u00e0 l\u1ef1a ch\u1ecdn m\u1eabu tem ph\u00f9 h\u1ee3p v\u1edbi nhu c\u1ea7u.<\/p>\n<p>B\u01b0\u1edbc 2: Nh\u1ea5p chu\u1ed9t v\u00e0o m\u1ee5c li\u00ean h\u1ec7.<\/p>\n<p>B\u01b0\u1edbc 3: \u0110i\u1ec1n \u0111\u1ea7y \u0111\u1ee7 c\u00e1c th\u00f4ng tin bao g\u1ed3m th\u00f4ng tin ng\u01b0\u1eddi nh\u1eadn h\u00e0ng, ch\u1ea5t li\u1ec7u s\u1ea3n ph\u1ea9m, s\u1ed1 l\u01b0\u1ee3ng, thi\u1ebft k\u1ebf v\u00e0 m\u1eabu s\u1ea3n ph\u1ea9m c\u1ea7n ch\u1ebf t\u00e1c.<\/p>\n<p>B\u01b0\u1edbc 4: Ki\u1ec3m tra l\u1ea1i th\u00f4ng tin \u0111\u01a1n h\u00e0ng v\u00e0 b\u1ea5m \u0111\u1eb7t \u0111\u01a1n h\u00e0ng.<\/p>\n<p>Sau khi nh\u1eadn \u0111\u01b0\u1ee3c th\u00f4ng tin \u0111\u01a1n h\u00e0ng, nh\u00e2n vi\u00ean t\u1ea1i A&amp;T Label s\u1ebd li\u00ean h\u1ec7 v\u1edbi qu\u00fd kh\u00e1ch qua s\u1ed1 \u0111i\u1ec7n tho\u1ea1i \u0111\u1ec3 x\u00e1c nh\u1eadn l\u1ea1i \u0111\u01a1n h\u00e0ng c\u0169ng nh\u01b0 \u0111\u1ecba ch\u1ec9 giao h\u00e0ng.<\/p>\n<p>Qu\u00fd kh\u00e1ch c\u00f3 th\u1ec3 ch\u1ecdn thanh to\u00e1n theo 1 trong 2 ph\u01b0\u01a1ng th\u1ee9c sau:<\/p>\n<p>Thanh to\u00e1n khi nh\u1eadn h\u00e0ng \u2013 COD: Kh\u00e1ch h\u00e0ng s\u1ebd thanh to\u00e1n ti\u1ec1n m\u1eb7t cho nh\u00e2n vi\u00ean giao h\u00e0ng sau khi nh\u1eadn v\u00e0 ki\u1ec3m h\u00e0ng.<\/p>\n<p>Thanh to\u00e1n chuy\u1ec3n kho\u1ea3n: V\u1edbi ph\u01b0\u01a1ng th\u1ee9c n\u00e0y, kh\u00e1ch h\u00e0ng s\u1ebd thanh to\u00e1n tr\u01b0\u1edbc 50% \u0111\u01a1n h\u00e0ng v\u00e0 thanh to\u00e1n 50% c\u00f2n l\u1ea1i sau khi nh\u1eadn h\u00e0ng.<\/p>\n<p>Mong r\u1eb1ng v\u1edbi nh\u1eefng th\u00f4ng tin tr\u00ean, qu\u00fd kh\u00e1ch \u0111\u00e3 hi\u1ec3u r\u00f5 h\u01a1n v\u1ec1 tem \u0111\u1ed3ng gi\u1ea3 c\u1ed5 c\u0169ng nh\u01b0 l\u1ef1a ch\u1ecdn \u0111\u01b0\u1ee3c m\u1ed9t \u0111\u01a1n v\u1ecb cung c\u1ea5p tem nh\u00e3n \u0111\u00e1ng tin c\u1eady v\u1edbi m\u1ee9c gi\u00e1 v\u00e0 ch\u1ea5t l\u01b0\u1ee3ng t\u1ed1t nh\u1ea5t. Li\u00ean h\u1ec7 ngay v\u1edbi A&amp;T Label \u0111\u1ec3 \u0111\u01b0\u1ee3c t\u01b0 v\u1ea5n chi ti\u1ebft v\u1ec1 d\u1ecbch v\u1ee5 gia c\u00f4ng v\u00e0 in tem nh\u00e3n \u0111\u1ed3ng gi\u1ea3 c\u1ed5 s\u1ed1 l\u01b0\u1ee3ng l\u1edbn v\u1edbi m\u1ee9c gi\u00e1 t\u1ed1t nh\u1ea5t.<\/p>\n<h6>C\u00d4NG TY TNHH KINH DOANH \u0110\u1ea6U T\u01af V\u00c0 TH\u01af\u01a0NG M\u1ea0I A&amp;T<\/h6>\n<p><strong>Website<\/strong>: <a href=\"https:\/\/attemnhan.vn\/\">www.attemnhan.vn<\/a><\/p>\n<p><strong>\u0110\u1ecba ch\u1ec9<\/strong>:<a href=\"https:\/\/maps.app.goo.gl\/qMM3jHAvTjWkx4aj7\" target=\"_blank\" rel=\"noopener\"> S\u1ed1 101 \u0110\u01b0\u1eddng S\u1ed1 8, KDC Cityland Park Hills, Ph\u01b0\u1eddng 10, G\u00f2 V\u1ea5p, TP HCM<\/a><\/p>\n<p><strong>S\u1ed1 \u0111i\u1ec7n tho\u1ea1i:<\/strong> <a href=\"tel:0909872896\">0909 872 896<\/a><\/p>\n<p><strong>Zalo:<\/strong> <a href=\"https:\/\/zalo.me\/0909872896\" target=\"_blank\" rel=\"noopener\">zalo.me\/0909872896<\/a><\/p>\n<p><strong>Email:<\/strong><a href=\"mailto:marketing.atlabel@gmail.com\"> marketing.atlabel@gmail.com<\/a><\/p>\n<p><strong>Gi\u1edd ho\u1ea1t \u0111\u1ed9ng:<\/strong><\/p>\n<p style=\"padding-left: 80px;\">S\u00e1ng: 8h00 \u2013 12h00<\/p>\n<p style=\"padding-left: 80px;\">Chi\u1ec1u: 13h30 \u2013 17h30<\/p>\n<p style=\"padding-left: 80px;\">Th\u1ee9 7: 8h00 \u2013 17h30 (ngh\u0129 c\u00e1ch tu\u1ea7n)<\/p>\n","protected":false},"excerpt":{"rendered":"<p>Th\u00f4ng tin c\u01a1 b\u1ea3n<\/p>\n<ul>\n<li>Ch\u1ea5t li\u1ec7u c\u00f3 b\u1ec1n, \u0111\u1eb9p, \u0111a d\u1ea1ng m\u1ee5c \u0111\u00edch s\u1eed d\u1ee5ng.<\/li>\n<li>B\u1ec1 m\u1eb7t \u0111\u01b0\u1ee3c d\u1eadp n\u1ed5i sang tr\u1ecdng, s\u1eafc n\u00e9t<\/li>\n<li>Ti\u1ebft ki\u1ec7m \u0111\u01b0\u1ee3c th\u1eddi gian v\u00e0 nhi\u1ec1u chi ph\u00ed.<\/li>\n<li>L\u1edbp m\u1ef1c in \u0111\u1ec1u \u0111\u1eb9p, c\u00f3 kh\u1ea3 n\u0103ng ch\u1ed1ng oxy h\u00f3a v\u00f4 c\u00f9ng t\u1ed1t.<\/li>\n<li>bM\u1eb7t sau s\u1eed d\u1ee5ng l\u1edbp keo 3M v\u00f4 c\u00f9ng ch\u1eafc ch\u1eafn<\/li>\n<\/ul>\n","protected":false},"featured_media":11457,"comment_status":"open","ping_status":"closed","template":"","meta":{"_acf_changed":false},"product_cat":[155,113],"product_tag":[],"class_list":{"0":"post-11452","1":"product","2":"type-product","3":"status-publish","4":"has-post-thumbnail","6":"product_cat-khui-bia","7":"product_cat-vat-pham-qua-tang","9":"first","10":"instock","11":"shipping-taxable","12":"product-type-simple"},"acf":[],"_links":{"self":[{"href":"https:\/\/attemnhan.vn\/en\/wp-json\/wp\/v2\/product\/11452","targetHints":{"allow":["GET"]}}],"collection":[{"href":"https:\/\/attemnhan.vn\/en\/wp-json\/wp\/v2\/product"}],"about":[{"href":"https:\/\/attemnhan.vn\/en\/wp-json\/wp\/v2\/types\/product"}],"replies":[{"embeddable":true,"href":"https:\/\/attemnhan.vn\/en\/wp-json\/wp\/v2\/comments?post=11452"}],"version-history":[{"count":5,"href":"https:\/\/attemnhan.vn\/en\/wp-json\/wp\/v2\/product\/11452\/revisions"}],"predecessor-version":[{"id":11474,"href":"https:\/\/attemnhan.vn\/en\/wp-json\/wp\/v2\/product\/11452\/revisions\/11474"}],"wp:featuredmedia":[{"embeddable":true,"href":"https:\/\/attemnhan.vn\/en\/wp-json\/wp\/v2\/media\/11457"}],"wp:attachment":[{"href":"https:\/\/attemnhan.vn\/en\/wp-json\/wp\/v2\/media?parent=11452"}],"wp:term":[{"taxonomy":"product_cat","embeddable":true,"href":"https:\/\/attemnhan.vn\/en\/wp-json\/wp\/v2\/product_cat?post=11452"},{"taxonomy":"product_tag","embeddable":true,"href":"https:\/\/attemnhan.vn\/en\/wp-json\/wp\/v2\/product_tag?post=11452"}],"curies":[{"name":"wp","href":"https:\/\/api.w.org\/{rel}","templated":true}]}}