{"id":11423,"date":"2025-09-05T16:34:27","date_gmt":"2025-09-05T09:34:27","guid":{"rendered":"https:\/\/attemnhan.vn\/?post_type=product&#038;p=11423"},"modified":"2025-09-05T17:12:06","modified_gmt":"2025-09-05T10:12:06","slug":"mat-that-lung","status":"publish","type":"product","link":"https:\/\/attemnhan.vn\/san-pham\/mat-that-lung\/","title":{"rendered":"M\u1eb7t th\u1eaft l\u01b0ng"},"content":{"rendered":"<h2>M\u1eb7t th\u1eaft l\u01b0ng l\u00e0 g\u00ec?<\/h2>\n<p><a href=\"https:\/\/attemnhan.vn\/danh-muc-san-pham\/vat-pham-qua-tang\/mat-that-lung\/\"><strong>M\u1eb7t th\u1eaft l\u01b0ng<\/strong><\/a> l\u00e0 b\u1ed9 ph\u1eadn quan tr\u1ecdng \u1edf \u0111\u1ea7u d\u00e2y th\u1eaft l\u01b0ng, gi\u00fap c\u1ed1 \u0111\u1ecbnh v\u00e0 \u0111i\u1ec1u ch\u1ec9nh \u0111\u1ed9 si\u1ebft khi \u0111eo. Th\u00f4ng th\u01b0\u1eddng, m\u1eb7t th\u1eaft l\u01b0ng \u0111\u01b0\u1ee3c l\u00e0m t\u1eeb kim lo\u1ea1i nh\u01b0 inox, h\u1ee3p kim k\u1ebdm, \u0111\u1ed3ng ho\u1eb7c th\u00e9p kh\u00f4ng g\u1ec9 \u0111\u1ec3 \u0111\u1ea3m b\u1ea3o \u0111\u1ed9 b\u1ec1n, ch\u1eafc ch\u1eafn v\u00e0 t\u00ednh th\u1ea9m m\u1ef9.<\/p>\n<p>Ngo\u00e0i c\u00f4ng d\u1ee5ng gi\u1eef cho d\u00e2y l\u01b0ng c\u1ed1 \u0111\u1ecbnh, <strong>m\u1eb7t th\u1eaft l\u01b0ng<\/strong> c\u00f2n l\u00e0 chi ti\u1ebft th\u1eddi trang, th\u1ec3 hi\u1ec7n gu th\u1ea9m m\u1ef9, phong c\u00e1ch v\u00e0 c\u00e1 t\u00ednh c\u1ee7a ng\u01b0\u1eddi s\u1eed d\u1ee5ng.<\/p>\n<figure id=\"attachment_11428\" aria-describedby=\"caption-attachment-11428\" style=\"width: 640px\" class=\"wp-caption aligncenter\"><a href=\"https:\/\/attemnhan.vn\/wp-content\/uploads\/2025\/09\/1715222451367.png\"><img fetchpriority=\"high\" decoding=\"async\" class=\"size-full wp-image-11428\" src=\"https:\/\/attemnhan.vn\/wp-content\/uploads\/2025\/09\/1715222451367.png\" alt=\"M\u1eb7t th\u1eaft l\u01b0ng\" width=\"640\" height=\"640\" srcset=\"https:\/\/attemnhan.vn\/wp-content\/uploads\/2025\/09\/1715222451367.png 640w, https:\/\/attemnhan.vn\/wp-content\/uploads\/2025\/09\/1715222451367-300x300.png 300w, https:\/\/attemnhan.vn\/wp-content\/uploads\/2025\/09\/1715222451367-150x150.png 150w, https:\/\/attemnhan.vn\/wp-content\/uploads\/2025\/09\/1715222451367-410x410.png 410w, https:\/\/attemnhan.vn\/wp-content\/uploads\/2025\/09\/1715222451367-580x580.png 580w, https:\/\/attemnhan.vn\/wp-content\/uploads\/2025\/09\/1715222451367-50x50.png 50w, https:\/\/attemnhan.vn\/wp-content\/uploads\/2025\/09\/1715222451367-100x100.png 100w, https:\/\/attemnhan.vn\/wp-content\/uploads\/2025\/09\/1715222451367-460x460.png 460w\" sizes=\"(max-width: 640px) 100vw, 640px\" \/><\/a><figcaption id=\"caption-attachment-11428\" class=\"wp-caption-text\">M\u1eb7t th\u1eaft l\u01b0ng l\u00e0 g\u00ec<\/figcaption><\/figure>\n<h2>C\u00e1c lo\u1ea1i m\u1eb7t th\u1eaft l\u01b0ng ph\u1ed5 bi\u1ebfn hi\u1ec7n nay<\/h2>\n<p>M\u1eb7t kh\u00f3a kim: ki\u1ec3u truy\u1ec1n th\u1ed1ng, d\u00f9ng kim g\u00e0i v\u00e0o l\u1ed7 d\u00e2y l\u01b0ng, b\u1ec1n ch\u1eafc v\u00e0 ti\u1ec7n d\u1ee5ng.<\/p>\n<p>M\u1eb7t kh\u00f3a g\u00e0i: thi\u1ebft k\u1ebf \u0111\u01a1n gi\u1ea3n, ch\u1ec9 c\u1ea7n g\u00e0i v\u00e0o r\u00e3nh c\u1ed1 \u0111\u1ecbnh, ph\u00f9 h\u1ee3p phong c\u00e1ch tr\u1ebb trung.<\/p>\n<p>M\u1eb7t kh\u00f3a t\u1ef1 \u0111\u1ed9ng: c\u01a1 ch\u1ebf ng\u00e0m tr\u01b0\u1ee3t, d\u1ec5 \u0111i\u1ec1u ch\u1ec9nh, sang tr\u1ecdng v\u00e0 hi\u1ec7n \u0111\u1ea1i.<\/p>\n<p>M\u1eb7t kh\u00f3a k\u1eb9p: ti\u1ec7n l\u1ee3i, g\u1ecdn g\u00e0ng, th\u01b0\u1eddng d\u00f9ng trong th\u1eaft l\u01b0ng v\u1ea3i ho\u1eb7c da m\u1ec1m.<\/p>\n<p>M\u1ed7i lo\u1ea1i m\u1eb7t kh\u00f3a th\u1eaft l\u01b0ng \u0111\u1ec1u mang l\u1ea1i tr\u1ea3i nghi\u1ec7m kh\u00e1c nhau, ph\u00f9 h\u1ee3p v\u1edbi nhi\u1ec1u phong c\u00e1ch t\u1eeb c\u00f4ng s\u1edf, d\u1ef1 ti\u1ec7c cho \u0111\u1ebfn th\u01b0\u1eddng ng\u00e0y.<\/p>\n<figure id=\"attachment_11434\" aria-describedby=\"caption-attachment-11434\" style=\"width: 640px\" class=\"wp-caption aligncenter\"><a href=\"https:\/\/attemnhan.vn\/wp-content\/uploads\/2025\/09\/1718295153595.png\"><img decoding=\"async\" class=\"size-full wp-image-11434\" src=\"https:\/\/attemnhan.vn\/wp-content\/uploads\/2025\/09\/1718295153595.png\" alt=\"M\u1eb7t th\u1eaft l\u01b0ng\" width=\"640\" height=\"640\" srcset=\"https:\/\/attemnhan.vn\/wp-content\/uploads\/2025\/09\/1718295153595.png 640w, https:\/\/attemnhan.vn\/wp-content\/uploads\/2025\/09\/1718295153595-300x300.png 300w, https:\/\/attemnhan.vn\/wp-content\/uploads\/2025\/09\/1718295153595-150x150.png 150w, https:\/\/attemnhan.vn\/wp-content\/uploads\/2025\/09\/1718295153595-410x410.png 410w, https:\/\/attemnhan.vn\/wp-content\/uploads\/2025\/09\/1718295153595-580x580.png 580w, https:\/\/attemnhan.vn\/wp-content\/uploads\/2025\/09\/1718295153595-50x50.png 50w, https:\/\/attemnhan.vn\/wp-content\/uploads\/2025\/09\/1718295153595-100x100.png 100w, https:\/\/attemnhan.vn\/wp-content\/uploads\/2025\/09\/1718295153595-460x460.png 460w\" sizes=\"(max-width: 640px) 100vw, 640px\" \/><\/a><figcaption id=\"caption-attachment-11434\" class=\"wp-caption-text\">M\u1eabu th\u1eaft l\u01b0ng \u0111\u01b0\u1ee3c thi\u1ebft k\u1ebf t\u1ea1i A&amp;T Label<\/figcaption><\/figure>\n<figure id=\"attachment_11432\" aria-describedby=\"caption-attachment-11432\" style=\"width: 640px\" class=\"wp-caption aligncenter\"><a href=\"https:\/\/attemnhan.vn\/wp-content\/uploads\/2025\/09\/1715222494920.png\"><img decoding=\"async\" class=\"size-full wp-image-11432\" src=\"https:\/\/attemnhan.vn\/wp-content\/uploads\/2025\/09\/1715222494920.png\" alt=\"M\u1eb7t th\u1eaft l\u01b0ng\" width=\"640\" height=\"640\" srcset=\"https:\/\/attemnhan.vn\/wp-content\/uploads\/2025\/09\/1715222494920.png 640w, https:\/\/attemnhan.vn\/wp-content\/uploads\/2025\/09\/1715222494920-300x300.png 300w, https:\/\/attemnhan.vn\/wp-content\/uploads\/2025\/09\/1715222494920-150x150.png 150w, https:\/\/attemnhan.vn\/wp-content\/uploads\/2025\/09\/1715222494920-410x410.png 410w, https:\/\/attemnhan.vn\/wp-content\/uploads\/2025\/09\/1715222494920-580x580.png 580w, https:\/\/attemnhan.vn\/wp-content\/uploads\/2025\/09\/1715222494920-50x50.png 50w, https:\/\/attemnhan.vn\/wp-content\/uploads\/2025\/09\/1715222494920-100x100.png 100w, https:\/\/attemnhan.vn\/wp-content\/uploads\/2025\/09\/1715222494920-460x460.png 460w\" sizes=\"(max-width: 640px) 100vw, 640px\" \/><\/a><figcaption id=\"caption-attachment-11432\" class=\"wp-caption-text\">M\u1eabu th\u1eaft l\u01b0ng \u0111\u01b0\u1ee3c thi\u1ebft k\u1ebf t\u1ea1i A&amp;T Label<\/figcaption><\/figure>\n<figure id=\"attachment_11430\" aria-describedby=\"caption-attachment-11430\" style=\"width: 640px\" class=\"wp-caption aligncenter\"><a href=\"https:\/\/attemnhan.vn\/wp-content\/uploads\/2025\/09\/1715222464723.png\"><img loading=\"lazy\" decoding=\"async\" class=\"size-full wp-image-11430\" src=\"https:\/\/attemnhan.vn\/wp-content\/uploads\/2025\/09\/1715222464723.png\" alt=\"M\u1eb7t th\u1eaft l\u01b0ng\" width=\"640\" height=\"640\" srcset=\"https:\/\/attemnhan.vn\/wp-content\/uploads\/2025\/09\/1715222464723.png 640w, https:\/\/attemnhan.vn\/wp-content\/uploads\/2025\/09\/1715222464723-300x300.png 300w, https:\/\/attemnhan.vn\/wp-content\/uploads\/2025\/09\/1715222464723-150x150.png 150w, https:\/\/attemnhan.vn\/wp-content\/uploads\/2025\/09\/1715222464723-410x410.png 410w, https:\/\/attemnhan.vn\/wp-content\/uploads\/2025\/09\/1715222464723-580x580.png 580w, https:\/\/attemnhan.vn\/wp-content\/uploads\/2025\/09\/1715222464723-50x50.png 50w, https:\/\/attemnhan.vn\/wp-content\/uploads\/2025\/09\/1715222464723-100x100.png 100w, https:\/\/attemnhan.vn\/wp-content\/uploads\/2025\/09\/1715222464723-460x460.png 460w\" sizes=\"(max-width: 640px) 100vw, 640px\" \/><\/a><figcaption id=\"caption-attachment-11430\" class=\"wp-caption-text\">M\u1eabu th\u1eaft l\u01b0ng \u0111\u01b0\u1ee3c thi\u1ebft k\u1ebf t\u1ea1i A&amp;T Label<\/figcaption><\/figure>\n<figure id=\"attachment_11426\" aria-describedby=\"caption-attachment-11426\" style=\"width: 640px\" class=\"wp-caption aligncenter\"><a href=\"https:\/\/attemnhan.vn\/wp-content\/uploads\/2025\/09\/1714663225558.png\"><img loading=\"lazy\" decoding=\"async\" class=\"size-full wp-image-11426\" src=\"https:\/\/attemnhan.vn\/wp-content\/uploads\/2025\/09\/1714663225558.png\" alt=\"M\u1eb7t th\u1eaft l\u01b0ng\" width=\"640\" height=\"640\" srcset=\"https:\/\/attemnhan.vn\/wp-content\/uploads\/2025\/09\/1714663225558.png 640w, https:\/\/attemnhan.vn\/wp-content\/uploads\/2025\/09\/1714663225558-300x300.png 300w, https:\/\/attemnhan.vn\/wp-content\/uploads\/2025\/09\/1714663225558-150x150.png 150w, https:\/\/attemnhan.vn\/wp-content\/uploads\/2025\/09\/1714663225558-410x410.png 410w, https:\/\/attemnhan.vn\/wp-content\/uploads\/2025\/09\/1714663225558-580x580.png 580w, https:\/\/attemnhan.vn\/wp-content\/uploads\/2025\/09\/1714663225558-50x50.png 50w, https:\/\/attemnhan.vn\/wp-content\/uploads\/2025\/09\/1714663225558-100x100.png 100w, https:\/\/attemnhan.vn\/wp-content\/uploads\/2025\/09\/1714663225558-460x460.png 460w\" sizes=\"(max-width: 640px) 100vw, 640px\" \/><\/a><figcaption id=\"caption-attachment-11426\" class=\"wp-caption-text\">M\u1eabu th\u1eaft l\u01b0ng \u0111\u01b0\u1ee3c thi\u1ebft k\u1ebf t\u1ea1i A&amp;T Label<\/figcaption><\/figure>\n<figure id=\"attachment_11424\" aria-describedby=\"caption-attachment-11424\" style=\"width: 640px\" class=\"wp-caption aligncenter\"><a href=\"https:\/\/attemnhan.vn\/wp-content\/uploads\/2025\/09\/1714641920088.png\"><img loading=\"lazy\" decoding=\"async\" class=\"size-full wp-image-11424\" src=\"https:\/\/attemnhan.vn\/wp-content\/uploads\/2025\/09\/1714641920088.png\" alt=\"M\u1eb7t th\u1eaft l\u01b0ng\" width=\"640\" height=\"640\" srcset=\"https:\/\/attemnhan.vn\/wp-content\/uploads\/2025\/09\/1714641920088.png 640w, https:\/\/attemnhan.vn\/wp-content\/uploads\/2025\/09\/1714641920088-300x300.png 300w, https:\/\/attemnhan.vn\/wp-content\/uploads\/2025\/09\/1714641920088-150x150.png 150w, https:\/\/attemnhan.vn\/wp-content\/uploads\/2025\/09\/1714641920088-410x410.png 410w, https:\/\/attemnhan.vn\/wp-content\/uploads\/2025\/09\/1714641920088-580x580.png 580w, https:\/\/attemnhan.vn\/wp-content\/uploads\/2025\/09\/1714641920088-50x50.png 50w, https:\/\/attemnhan.vn\/wp-content\/uploads\/2025\/09\/1714641920088-100x100.png 100w, https:\/\/attemnhan.vn\/wp-content\/uploads\/2025\/09\/1714641920088-460x460.png 460w\" sizes=\"(max-width: 640px) 100vw, 640px\" \/><\/a><figcaption id=\"caption-attachment-11424\" class=\"wp-caption-text\">M\u1eabu th\u1eaft l\u01b0ng \u0111\u01b0\u1ee3c thi\u1ebft k\u1ebf t\u1ea1i A&amp;T Label<\/figcaption><\/figure>\n<h2>\u00a0Ch\u1ea5t li\u1ec7u m\u1eb7t th\u1eaft l\u01b0ng<\/h2>\n<p>Inox (th\u00e9p kh\u00f4ng g\u1ec9): b\u1ec1n ch\u1eafc, ch\u1ed1ng oxy h\u00f3a, gi\u1eef \u0111\u01b0\u1ee3c v\u1ebb s\u00e1ng b\u00f3ng l\u00e2u d\u00e0i.<\/p>\n<p>\u0110\u1ed3ng, h\u1ee3p kim k\u1ebdm: d\u1ec5 t\u1ea1o h\u00ecnh, nhi\u1ec1u m\u1eabu m\u00e3, gi\u00e1 th\u00e0nh h\u1ee3p l\u00fd.<\/p>\n<p>M\u1ea1 v\u00e0ng,<a href=\"https:\/\/www.google.com\/search?q=b%E1%BA%A1c+ho%E1%BA%B7c+s%C6%A1n+t%C4%A9nh+%C4%91i%E1%BB%87n\" target=\"_blank\" rel=\"noopener\"> b\u1ea1c ho\u1eb7c s\u01a1n t\u0129nh \u0111i\u1ec7n<\/a>: t\u0103ng \u0111\u1ed9 sang tr\u1ecdng, n\u1ed5i b\u1eadt cho s\u1ea3n ph\u1ea9m.<\/p>\n<figure id=\"attachment_11446\" aria-describedby=\"caption-attachment-11446\" style=\"width: 1280px\" class=\"wp-caption aligncenter\"><a href=\"https:\/\/attemnhan.vn\/wp-content\/uploads\/2025\/09\/z5660407373565_5c2d3bb8a8103f30e36a17f7a88aa970.jpg\"><img loading=\"lazy\" decoding=\"async\" class=\"size-full wp-image-11446\" src=\"https:\/\/attemnhan.vn\/wp-content\/uploads\/2025\/09\/z5660407373565_5c2d3bb8a8103f30e36a17f7a88aa970.jpg\" alt=\"\" width=\"1280\" height=\"1280\" srcset=\"https:\/\/attemnhan.vn\/wp-content\/uploads\/2025\/09\/z5660407373565_5c2d3bb8a8103f30e36a17f7a88aa970.jpg 1280w, https:\/\/attemnhan.vn\/wp-content\/uploads\/2025\/09\/z5660407373565_5c2d3bb8a8103f30e36a17f7a88aa970-300x300.jpg 300w, https:\/\/attemnhan.vn\/wp-content\/uploads\/2025\/09\/z5660407373565_5c2d3bb8a8103f30e36a17f7a88aa970-1024x1024.jpg 1024w, https:\/\/attemnhan.vn\/wp-content\/uploads\/2025\/09\/z5660407373565_5c2d3bb8a8103f30e36a17f7a88aa970-150x150.jpg 150w, https:\/\/attemnhan.vn\/wp-content\/uploads\/2025\/09\/z5660407373565_5c2d3bb8a8103f30e36a17f7a88aa970-768x768.jpg 768w, https:\/\/attemnhan.vn\/wp-content\/uploads\/2025\/09\/z5660407373565_5c2d3bb8a8103f30e36a17f7a88aa970-410x410.jpg 410w, https:\/\/attemnhan.vn\/wp-content\/uploads\/2025\/09\/z5660407373565_5c2d3bb8a8103f30e36a17f7a88aa970-580x580.jpg 580w, https:\/\/attemnhan.vn\/wp-content\/uploads\/2025\/09\/z5660407373565_5c2d3bb8a8103f30e36a17f7a88aa970-50x50.jpg 50w, https:\/\/attemnhan.vn\/wp-content\/uploads\/2025\/09\/z5660407373565_5c2d3bb8a8103f30e36a17f7a88aa970-100x100.jpg 100w, https:\/\/attemnhan.vn\/wp-content\/uploads\/2025\/09\/z5660407373565_5c2d3bb8a8103f30e36a17f7a88aa970-460x460.jpg 460w\" sizes=\"(max-width: 1280px) 100vw, 1280px\" \/><\/a><figcaption id=\"caption-attachment-11446\" class=\"wp-caption-text\">Ch\u1ea5t li\u1ec7u th\u1eaft l\u01b0ng<\/figcaption><\/figure>\n<h2>\u00a0Vai tr\u00f2 c\u1ee7a m\u1eb7t th\u1eaft l\u01b0ng trong th\u1eddi trang<\/h2>\n<p><strong>C\u1ed1 \u0111\u1ecbnh:<\/strong> gi\u1eef cho trang ph\u1ee5c g\u1ecdn g\u00e0ng, tho\u1ea3i m\u00e1i.<\/p>\n<p>Trang tr\u00ed: t\u1ea1o \u0111i\u1ec3m nh\u1ea5n, gi\u00fap b\u1ed9 \u0111\u1ed3 tr\u1edf n\u00ean tinh t\u1ebf v\u00e0 phong c\u00e1ch h\u01a1n.<\/p>\n<p>Th\u1ec3 hi\u1ec7n c\u00e1 t\u00ednh: m\u1eb7t th\u1eaft l\u01b0ng v\u1edbi logo, hoa v\u0103n hay h\u1ecda ti\u1ebft ri\u00eang gi\u00fap kh\u1eb3ng \u0111\u1ecbnh phong c\u00e1ch c\u00e1 nh\u00e2n.<\/p>\n<figure id=\"attachment_11448\" aria-describedby=\"caption-attachment-11448\" style=\"width: 640px\" class=\"wp-caption aligncenter\"><a href=\"https:\/\/attemnhan.vn\/wp-content\/uploads\/2025\/09\/1714135840055.png\"><img loading=\"lazy\" decoding=\"async\" class=\"size-full wp-image-11448\" src=\"https:\/\/attemnhan.vn\/wp-content\/uploads\/2025\/09\/1714135840055.png\" alt=\"Vai tr\u00f2 c\u1ee7a th\u1eaft l\u01b0ng trong th\u1eddi trang\" width=\"640\" height=\"640\" srcset=\"https:\/\/attemnhan.vn\/wp-content\/uploads\/2025\/09\/1714135840055.png 640w, https:\/\/attemnhan.vn\/wp-content\/uploads\/2025\/09\/1714135840055-300x300.png 300w, https:\/\/attemnhan.vn\/wp-content\/uploads\/2025\/09\/1714135840055-150x150.png 150w, https:\/\/attemnhan.vn\/wp-content\/uploads\/2025\/09\/1714135840055-410x410.png 410w, https:\/\/attemnhan.vn\/wp-content\/uploads\/2025\/09\/1714135840055-580x580.png 580w, https:\/\/attemnhan.vn\/wp-content\/uploads\/2025\/09\/1714135840055-50x50.png 50w, https:\/\/attemnhan.vn\/wp-content\/uploads\/2025\/09\/1714135840055-100x100.png 100w, https:\/\/attemnhan.vn\/wp-content\/uploads\/2025\/09\/1714135840055-460x460.png 460w\" sizes=\"(max-width: 640px) 100vw, 640px\" \/><\/a><figcaption id=\"caption-attachment-11448\" class=\"wp-caption-text\">Vai tr\u00f2 c\u1ee7a th\u1eaft l\u01b0ng trong th\u1eddi trang<\/figcaption><\/figure>\n<h2>\u00a0C\u00e1ch l\u1ef1a ch\u1ecdn m\u1eb7t th\u1eaft l\u01b0ng ph\u00f9 h\u1ee3p<\/h2>\n<p>Ch\u1ecdn ch\u1ea5t li\u1ec7u b\u1ec1n, ch\u1ed1ng g\u1ec9 s\u00e9t.<\/p>\n<p>L\u1ef1a ch\u1ecdn ki\u1ec3u d\u00e1ng theo phong c\u00e1ch: c\u00f4ng s\u1edf \u2013 sang tr\u1ecdng, th\u01b0\u1eddng ng\u00e0y \u2013 tr\u1ebb trung.<\/p>\n<p>Ch\u1ecdn m\u00e0u s\u1eafc v\u00e0 thi\u1ebft k\u1ebf ph\u00f9 h\u1ee3p v\u1edbi d\u00e2y l\u01b0ng (da, v\u1ea3i, n\u00e2u, \u0111en\u2026).<\/p>\n<p>\u01afu ti\u00ean m\u1eb7t th\u1eaft l\u01b0ng ch\u1eafc ch\u1eafn, d\u1ec5 s\u1eed d\u1ee5ng v\u00e0 b\u1ec1n theo th\u1eddi gian.<\/p>\n<figure id=\"attachment_11434\" aria-describedby=\"caption-attachment-11434\" style=\"width: 640px\" class=\"wp-caption aligncenter\"><a href=\"https:\/\/attemnhan.vn\/wp-content\/uploads\/2025\/09\/1718295153595.png\"><img decoding=\"async\" class=\"size-full wp-image-11434\" src=\"https:\/\/attemnhan.vn\/wp-content\/uploads\/2025\/09\/1718295153595.png\" alt=\"M\u1eb7t th\u1eaft l\u01b0ng\" width=\"640\" height=\"640\" srcset=\"https:\/\/attemnhan.vn\/wp-content\/uploads\/2025\/09\/1718295153595.png 640w, https:\/\/attemnhan.vn\/wp-content\/uploads\/2025\/09\/1718295153595-300x300.png 300w, https:\/\/attemnhan.vn\/wp-content\/uploads\/2025\/09\/1718295153595-150x150.png 150w, https:\/\/attemnhan.vn\/wp-content\/uploads\/2025\/09\/1718295153595-410x410.png 410w, https:\/\/attemnhan.vn\/wp-content\/uploads\/2025\/09\/1718295153595-580x580.png 580w, https:\/\/attemnhan.vn\/wp-content\/uploads\/2025\/09\/1718295153595-50x50.png 50w, https:\/\/attemnhan.vn\/wp-content\/uploads\/2025\/09\/1718295153595-100x100.png 100w, https:\/\/attemnhan.vn\/wp-content\/uploads\/2025\/09\/1718295153595-460x460.png 460w\" sizes=\"(max-width: 640px) 100vw, 640px\" \/><\/a><figcaption id=\"caption-attachment-11434\" class=\"wp-caption-text\">M\u1eabu th\u1eaft l\u01b0ng \u0111\u01b0\u1ee3c thi\u1ebft k\u1ebf t\u1ea1i A&amp;T Label<\/figcaption><\/figure>\n<h2>Mua m\u1eb7t th\u1eaft l\u01b0ng \u1edf \u0111\u00e2u uy t\u00edn?<\/h2>\n<p>Hi\u1ec7n nay c\u00f3 nhi\u1ec1u \u0111\u01a1n v\u1ecb s\u1ea3n xu\u1ea5t v\u00e0 ph\u00e2n ph\u1ed1i m\u1eb7t th\u1eaft l\u01b0ng ch\u1ea5t l\u01b0\u1ee3ng cao, \u0111a d\u1ea1ng m\u1eabu m\u00e3, \u0111\u00e1p \u1ee9ng nhu c\u1ea7u t\u1eeb c\u00e1 nh\u00e2n \u0111\u1ebfn doanh nghi\u1ec7p. Khi l\u1ef1a ch\u1ecdn, b\u1ea1n n\u00ean \u01b0u ti\u00ean:<\/p>\n<p>Nh\u00e0 cung c\u1ea5p uy t\u00edn, c\u00f3 cam k\u1ebft v\u1ec1 ch\u1ea5t l\u01b0\u1ee3ng.<\/p>\n<p>S\u1ea3n ph\u1ea9m gia c\u00f4ng tinh x\u1ea3o, ch\u1ed1ng g\u1ec9, ch\u1ed1ng tr\u1ea7y x\u01b0\u1edbc.<\/p>\n<p>H\u1ed7 tr\u1ee3 thi\u1ebft k\u1ebf theo y\u00eau c\u1ea7u n\u1ebfu c\u1ea7n l\u00e0m qu\u00e0 t\u1eb7ng ho\u1eb7c \u0111\u1ed3ng ph\u1ee5c.<\/p>\n<h2>T\u1ea1i sao n\u00ean ch\u1ecdn tem nh\u00e3n kim lo\u1ea1i t\u1ea1i A&amp;T Label?<\/h2>\n<p>Khi kh\u00e1ch h\u00e0ng l\u1ef1a ch\u1ecdn l\u00e0m tem nh\u00e3n kim lo\u1ea1i t\u1ea1i A&amp;T c\u00f3 th\u1ec3 nh\u1eadn \u0111\u01b0\u1ee3c:<\/p>\n<p>A&amp;T s\u1eed d\u1ee5ng c\u00f4ng ngh\u1ec7 in v\u00e0 \u0103n m\u00f2n ti\u00ean ti\u1ebfn, \u0111\u1ea3m b\u1ea3o cho nh\u1eefng m\u1eabu tem inox c\u00f3 ch\u1ea5t l\u01b0\u1ee3ng cao, h\u00ecnh \u1ea3nh s\u1eafc n\u00e9t v\u00e0 th\u1ea9m m\u1ef9 tinh t\u1ebf.D\u00f9 l\u00e0 \u0111\u01a1n h\u00e0ng l\u1edbn hay nh\u1ecf, A&amp;T cam k\u1ebft cung c\u1ea5p d\u1ecbch v\u1ee5 s\u1ea3n xu\u1ea5t tem nh\u00e3n kim lo\u1ea1i v\u1edbi th\u1eddi gian nhanh nh\u1ea5t \u0111\u1ec3 \u0111\u00e1p \u1ee9ng nhu c\u1ea7u v\u00e0 y\u00eau c\u1ea7u c\u1ee7a kh\u00e1ch h\u00e0ng.<\/p>\n<p>A&amp;T cung c\u1ea5p d\u1ecbch v\u1ee5 thi\u1ebft k\u1ebf l\u00e0m tem nh\u00e3n kim lo\u1ea1i mi\u1ec5n ph\u00ed cho t\u1ea5t c\u1ea3 c\u00e1c kh\u00e1ch h\u00e0ng, gi\u00fap b\u1ea1n d\u1ec5 d\u00e0ng l\u1ef1a ch\u1ecdn m\u1eabu thi\u1ebft k\u1ebf tr\u01b0\u1edbc khi s\u1ea3n xu\u1ea5t.<\/p>\n<p>A&amp;T h\u1ed7 tr\u1ee3 giao h\u00e0ng mi\u1ec5n ph\u00ed \u0111\u1ebfn t\u1eadn n\u01a1i cho kh\u00e1ch h\u00e0ng tr\u00ean to\u00e0n qu\u1ed1c, gi\u00fap ti\u1ebft ki\u1ec7m chi ph\u00ed v\u00e0 th\u1eddi gian v\u1eadn chuy\u1ec3n.<\/p>\n<p>A&amp;T cung c\u1ea5p gi\u00e1 th\u00e0nh ph\u00f9 h\u1ee3p v\u1edbi ch\u1ea5t l\u01b0\u1ee3ng tem nh\u00e3n kim lo\u1ea1i. \u0110\u1ed1i v\u1edbi kh\u00e1ch quen, c\u00f2n c\u00f3 ch\u1ebf \u0111\u1ed9 chi\u1ebft kh\u1ea5u h\u1ea5p d\u1eabn.L\u00e0 \u0111\u01a1n v\u1ecb s\u1ea3n xu\u1ea5t tr\u1ef1c ti\u1ebfp gia c\u00f4ng tem, kh\u00f4ng qua trung gian, gi\u00fap \u0111\u1ea3m b\u1ea3o ch\u1ea5t l\u01b0\u1ee3ng v\u00e0 ti\u1ebft ki\u1ec7m chi ph\u00ed cho kh\u00e1ch h\u00e0ng.<\/p>\n<p>\u0110\u01a1n v\u1ecb cam k\u1ebft k\u00fd k\u1ebft h\u1ee3p \u0111\u1ed3ng v\u00e0 xu\u1ea5t ho\u00e1 \u0111\u01a1n cho t\u1eebng \u0111\u01a1n h\u00e0ng, \u0111\u1ea3m b\u1ea3o quy\u1ec1n l\u1ee3i v\u00e0 s\u1ef1 minh b\u1ea1ch trong giao d\u1ecbch. B\u00ean c\u1ea1nh \u0111\u00f3, c\u00f2n c\u00f3 cam k\u1ebft \u0111\u1ed5i tr\u1ea3 s\u1ea3n ph\u1ea9m n\u1ebfu c\u00f3 l\u1ed7i trong qu\u00e1 tr\u00ecnh s\u1ea3n xu\u1ea5t ho\u1eb7c kh\u00f4ng \u0111\u00fang v\u1edbi thi\u1ebft k\u1ebf \u0111\u00e3 \u0111\u01b0\u1ee3c th\u1ed1ng nh\u1ea5t. S\u1edf h\u1eefu \u0111\u1ed9i ng\u0169 nh\u00e2n vi\u00ean nhi\u1ec7t t\u00ecnh v\u00e0 gi\u00e0u kinh nghi\u1ec7m, lu\u00f4n s\u1eb5n s\u00e0ng h\u1ed7 tr\u1ee3 kh\u00e1ch h\u00e0ng t\u1eeb qu\u00e1 tr\u00ecnh thi\u1ebft k\u1ebf, s\u1ea3n xu\u1ea5t \u0111\u1ebfn giao h\u00e0ng.<\/p>\n<h2>H\u01b0\u1edbng d\u1eabn \u0111\u1eb7t h\u00e0ng v\u00e0 thanh to\u00e1n t\u1ea1i A&amp;T Label<\/h2>\n<p>\u0110\u1ec3 ti\u1ebft ki\u1ec7m t\u1ed1i \u0111a th\u1eddi gian c\u0169ng nh\u01b0 \u0111\u01a1n gi\u1ea3n h\u00f3a quy tr\u00ecnh \u0111\u1eb7t h\u00e0ng, qu\u00fd kh\u00e1ch c\u00f3 th\u1ec3 \u0111\u1eb7t h\u00e0ng tr\u1ef1c tuy\u1ebfn theo c\u00e1c b\u01b0\u1edbc sau \u0111\u00e2y:<\/p>\n<figure id=\"attachment_10965\" aria-describedby=\"caption-attachment-10965\" style=\"width: 1400px\" class=\"wp-caption aligncenter\"><a href=\"https:\/\/attemnhan.vn\/wp-content\/uploads\/2025\/09\/nhan-bao-gia-tem-hop-kim-1.gif\"><img loading=\"lazy\" decoding=\"async\" class=\"size-full wp-image-10965\" src=\"https:\/\/attemnhan.vn\/wp-content\/uploads\/2025\/09\/nhan-bao-gia-tem-hop-kim-1.gif\" alt=\"Li\u00ean h\u1ec7 A&amp;T Label \u0111\u1ec3 \u0111\u01b0\u1ee3c b\u00e1o gi\u00e1 chi ti\u1ebft v\u1ec1 d\u1ecbch v\u1ee5 l\u00e0m m\u00f3c kh\u00f3a kim lo\u1ea1i kh\u1eafc t\u00ean, logo\" width=\"1400\" height=\"750\" \/><\/a><figcaption id=\"caption-attachment-10965\" class=\"wp-caption-text\">Li\u00ean h\u1ec7 A&amp;T Label \u0111\u1ec3 \u0111\u01b0\u1ee3c b\u00e1o gi\u00e1 chi ti\u1ebft v\u1ec1 d\u1ecbch v\u1ee5 l\u00e0m m\u00f3c kh\u00f3a kim lo\u1ea1i kh\u1eafc t\u00ean, logo<\/figcaption><\/figure>\n<p>B\u01b0\u1edbc 1: Truy c\u1eadp website https:\/\/attemnhan.vn \u0111\u1ec3 tham kh\u1ea3o v\u00e0 l\u1ef1a ch\u1ecdn m\u1eabu tem ph\u00f9 h\u1ee3p v\u1edbi nhu c\u1ea7u.<\/p>\n<p>B\u01b0\u1edbc 2: Nh\u1ea5p chu\u1ed9t v\u00e0o m\u1ee5c li\u00ean h\u1ec7.<\/p>\n<p>B\u01b0\u1edbc 3: \u0110i\u1ec1n \u0111\u1ea7y \u0111\u1ee7 c\u00e1c th\u00f4ng tin bao g\u1ed3m th\u00f4ng tin ng\u01b0\u1eddi nh\u1eadn h\u00e0ng, ch\u1ea5t li\u1ec7u s\u1ea3n ph\u1ea9m, s\u1ed1 l\u01b0\u1ee3ng, thi\u1ebft k\u1ebf v\u00e0 m\u1eabu s\u1ea3n ph\u1ea9m c\u1ea7n ch\u1ebf t\u00e1c.<\/p>\n<p>B\u01b0\u1edbc 4: Ki\u1ec3m tra l\u1ea1i th\u00f4ng tin \u0111\u01a1n h\u00e0ng v\u00e0 b\u1ea5m \u0111\u1eb7t \u0111\u01a1n h\u00e0ng.<\/p>\n<p>Sau khi nh\u1eadn \u0111\u01b0\u1ee3c th\u00f4ng tin \u0111\u01a1n h\u00e0ng, nh\u00e2n vi\u00ean t\u1ea1i A&amp;T Label s\u1ebd li\u00ean h\u1ec7 v\u1edbi qu\u00fd kh\u00e1ch qua s\u1ed1 \u0111i\u1ec7n tho\u1ea1i \u0111\u1ec3 x\u00e1c nh\u1eadn l\u1ea1i \u0111\u01a1n h\u00e0ng c\u0169ng nh\u01b0 \u0111\u1ecba ch\u1ec9 giao h\u00e0ng.<\/p>\n<p>Qu\u00fd kh\u00e1ch c\u00f3 th\u1ec3 ch\u1ecdn thanh to\u00e1n theo 1 trong 2 ph\u01b0\u01a1ng th\u1ee9c sau:<\/p>\n<p>Thanh to\u00e1n khi nh\u1eadn h\u00e0ng \u2013 COD: Kh\u00e1ch h\u00e0ng s\u1ebd thanh to\u00e1n ti\u1ec1n m\u1eb7t cho nh\u00e2n vi\u00ean giao h\u00e0ng sau khi nh\u1eadn v\u00e0 ki\u1ec3m h\u00e0ng.<\/p>\n<p>Thanh to\u00e1n chuy\u1ec3n kho\u1ea3n: V\u1edbi ph\u01b0\u01a1ng th\u1ee9c n\u00e0y, kh\u00e1ch h\u00e0ng s\u1ebd thanh to\u00e1n tr\u01b0\u1edbc 50% \u0111\u01a1n h\u00e0ng v\u00e0 thanh to\u00e1n 50% c\u00f2n l\u1ea1i sau khi nh\u1eadn h\u00e0ng.<\/p>\n<p>Mong r\u1eb1ng v\u1edbi nh\u1eefng th\u00f4ng tin tr\u00ean, qu\u00fd kh\u00e1ch \u0111\u00e3 hi\u1ec3u r\u00f5 h\u01a1n v\u1ec1 tem \u0111\u1ed3ng gi\u1ea3 c\u1ed5 c\u0169ng nh\u01b0 l\u1ef1a ch\u1ecdn \u0111\u01b0\u1ee3c m\u1ed9t \u0111\u01a1n v\u1ecb cung c\u1ea5p tem nh\u00e3n \u0111\u00e1ng tin c\u1eady v\u1edbi m\u1ee9c gi\u00e1 v\u00e0 ch\u1ea5t l\u01b0\u1ee3ng t\u1ed1t nh\u1ea5t. Li\u00ean h\u1ec7 ngay v\u1edbi A&amp;T Label \u0111\u1ec3 \u0111\u01b0\u1ee3c t\u01b0 v\u1ea5n chi ti\u1ebft v\u1ec1 d\u1ecbch v\u1ee5 gia c\u00f4ng v\u00e0 in tem nh\u00e3n \u0111\u1ed3ng gi\u1ea3 c\u1ed5 s\u1ed1 l\u01b0\u1ee3ng l\u1edbn v\u1edbi m\u1ee9c gi\u00e1 t\u1ed1t nh\u1ea5t.<\/p>\n<h6><b>C\u00d4NG TY TNHH KINH DOANH \u0110\u1ea6U T\u01af V\u00c0 TH\u01af\u01a0NG M\u1ea0I A&amp;T<\/b><\/h6>\n<p><b>Website:<\/b><a href=\"https:\/\/attemnhan.vn\/\"><b> www.attemnhan.vn<\/b><\/a><\/p>\n<p><b>\u0110\u1ecba ch\u1ec9: <\/b><a href=\"https:\/\/maps.app.goo.gl\/9xnAKPQe7AU3kjbs5\" target=\"_blank\" rel=\"noopener\"><b>S\u1ed1 101 \u0110\u01b0\u1eddng S\u1ed1 8, KDC Cityland Park Hills, Ph\u01b0\u1eddng 10, G\u00f2 V\u1ea5p, TP HCM<\/b><\/a><\/p>\n<p><b>S\u1ed1 \u0111i\u1ec7n tho\u1ea1i: <\/b><a href=\"tel:0909872896\"><b>0909 872 896<\/b><\/a><\/p>\n<p><b>Zalo: <\/b><a href=\"https:\/\/zalo.me\/0909872896\" target=\"_blank\" rel=\"noopener\"><b>https:\/\/zalo.me\/0909872896<\/b><\/a><\/p>\n<p><b>Email: <\/b><a href=\"mailto:marketing.atlabel@gmail.com\"><b>marketing.atlabel@gmail.com<\/b><\/a><\/p>\n<p><b>Gi\u1edd ho\u1ea1t \u0111\u1ed9ng:<\/b><\/p>\n<p style=\"padding-left: 80px;\"><b>S\u00e1ng:\u00a0 <\/b><span style=\"font-weight: 400;\">8h00 \u2013 12h00<\/span><\/p>\n<p style=\"padding-left: 80px;\"><b>Chi\u1ec1u: <\/b><span style=\"font-weight: 400;\">13h30 \u2013 17h30<\/span><\/p>\n<p style=\"padding-left: 80px;\"><b>Th\u1ee9 7: <\/b><span style=\"font-weight: 400;\">8h00 \u2013 17h30 (ngh\u0129 c\u00e1ch tu\u1ea7n)<\/span><\/p>\n<p>&nbsp;<\/p>\n","protected":false},"excerpt":{"rendered":"<p>Th\u00f4ng tin c\u01a1 b\u1ea3n<\/p>\n<ul>\n<li>Ch\u1ea5t li\u1ec7u c\u00f3 b\u1ec1n, \u0111\u1eb9p, \u0111a d\u1ea1ng m\u1ee5c \u0111\u00edch s\u1eed d\u1ee5ng.<\/li>\n<li>B\u1ec1 m\u1eb7t \u0111\u01b0\u1ee3c d\u1eadp n\u1ed5i sang tr\u1ecdng, s\u1eafc n\u00e9t<\/li>\n<li>Ti\u1ebft ki\u1ec7m \u0111\u01b0\u1ee3c th\u1eddi gian v\u00e0 nhi\u1ec1u chi ph\u00ed.<\/li>\n<li>L\u1edbp m\u1ef1c in \u0111\u1ec1u \u0111\u1eb9p, c\u00f3 kh\u1ea3 n\u0103ng ch\u1ed1ng oxy h\u00f3a v\u00f4 c\u00f9ng t\u1ed1t.<\/li>\n<li>M\u1eb7t sau s\u1eed d\u1ee5ng l\u1edbp keo 3M v\u00f4 c\u00f9ng ch\u1eafc ch\u1eafn<\/li>\n<\/ul>\n","protected":false},"featured_media":11428,"comment_status":"open","ping_status":"closed","template":"","meta":{"_acf_changed":false},"product_cat":[154,113],"product_tag":[],"class_list":{"0":"post-11423","1":"product","2":"type-product","3":"status-publish","4":"has-post-thumbnail","6":"product_cat-mat-that-lung","7":"product_cat-vat-pham-qua-tang","9":"first","10":"instock","11":"shipping-taxable","12":"product-type-simple"},"acf":[],"_links":{"self":[{"href":"https:\/\/attemnhan.vn\/en\/wp-json\/wp\/v2\/product\/11423","targetHints":{"allow":["GET"]}}],"collection":[{"href":"https:\/\/attemnhan.vn\/en\/wp-json\/wp\/v2\/product"}],"about":[{"href":"https:\/\/attemnhan.vn\/en\/wp-json\/wp\/v2\/types\/product"}],"replies":[{"embeddable":true,"href":"https:\/\/attemnhan.vn\/en\/wp-json\/wp\/v2\/comments?post=11423"}],"version-history":[{"count":6,"href":"https:\/\/attemnhan.vn\/en\/wp-json\/wp\/v2\/product\/11423\/revisions"}],"predecessor-version":[{"id":11443,"href":"https:\/\/attemnhan.vn\/en\/wp-json\/wp\/v2\/product\/11423\/revisions\/11443"}],"wp:featuredmedia":[{"embeddable":true,"href":"https:\/\/attemnhan.vn\/en\/wp-json\/wp\/v2\/media\/11428"}],"wp:attachment":[{"href":"https:\/\/attemnhan.vn\/en\/wp-json\/wp\/v2\/media?parent=11423"}],"wp:term":[{"taxonomy":"product_cat","embeddable":true,"href":"https:\/\/attemnhan.vn\/en\/wp-json\/wp\/v2\/product_cat?post=11423"},{"taxonomy":"product_tag","embeddable":true,"href":"https:\/\/attemnhan.vn\/en\/wp-json\/wp\/v2\/product_tag?post=11423"}],"curies":[{"name":"wp","href":"https:\/\/api.w.org\/{rel}","templated":true}]}}