{"id":11325,"date":"2025-09-05T10:07:37","date_gmt":"2025-09-05T03:07:37","guid":{"rendered":"https:\/\/attemnhan.vn\/?post_type=product&#038;p=11325"},"modified":"2025-09-12T11:17:01","modified_gmt":"2025-09-12T04:17:01","slug":"kep-ve-ao","status":"publish","type":"product","link":"https:\/\/attemnhan.vn\/san-pham\/kep-ve-ao\/","title":{"rendered":"K\u1eb9p ve \u00e1o"},"content":{"rendered":"<h2><span style=\"font-weight: 400;\">K\u1eb9p ve \u00e1o l\u00e0 g\u00ec?<\/span><\/h2>\n<p><b>K\u1eb9p ve \u00e1o<\/b><span style=\"font-weight: 400;\"> l\u00e0 m\u1ed9t lo\u1ea1i ph\u1ee5 ki\u1ec7n nh\u1ecf, \u0111\u01b0\u1ee3c d\u00f9ng trong th\u1eddi trang \u0111\u01b0\u1ee3c g\u1eafn tr\u00ean ve \u00e1o vest, \u00e1o kho\u00e1c , \u00e1o s\u01a1 mi. K\u1eb9p ve \u00e1o th\u01b0\u1eddng l\u00e0m t\u1eeb v\u1eadt li\u1ec7u kim lo\u1ea1i nh\u01b0 \u0111\u1ed3ng, inox, h\u1ee3p kim k\u1ebdm, c\u00f3 th\u1ec3 m\u1ea1 v\u00e0ng, b\u1ea1c ho\u1eb7c ph\u1ee7 men m\u00e0u \u0111\u1ec3 t\u0103ng t\u00ednh th\u1ea9m m\u1ef9.<\/span><\/p>\n<p><span style=\"font-weight: 400;\">V\u1eeba l\u00e0 \u0111i\u1ec3m nh\u1ea5n trang tr\u00ed gi\u00fap trang ph\u1ee5c tr\u1edf n\u00ean tinh t\u1ebf v\u00e0 sang tr\u1ecdng, k\u1eb9p ve \u00e1o mang \u00fd ngh\u0129a bi\u1ec3u t\u01b0\u1ee3ng th\u01b0\u1eddng d\u00f9ng th\u1ec3 hi\u1ec7n phong c\u00e1ch c\u00e1 nh\u1eadn, qu\u1ea3ng b\u00e1 th\u01b0\u01a1ng hi\u1ec7u, \u0111\u1ed3ng ph\u1ee5c trong s\u1ef1 ki\u1ec7n, t\u1ed5 ch\u1ee9c ngo\u00e0i ra c\u00f2n c\u00f3 th\u1ec3 l\u00e0m qu\u00e0 t\u1eb7ng l\u01b0u ni\u1ec7m.<\/span><\/p>\n<figure id=\"attachment_11334\" aria-describedby=\"caption-attachment-11334\" style=\"width: 640px\" class=\"wp-caption aligncenter\"><a href=\"https:\/\/attemnhan.vn\/wp-content\/uploads\/2025\/09\/1692963537227.png\"><img fetchpriority=\"high\" decoding=\"async\" class=\"size-full wp-image-11334\" src=\"https:\/\/attemnhan.vn\/wp-content\/uploads\/2025\/09\/1692963537227.png\" alt=\"K\u1eb9p ve \u00e1o\" width=\"640\" height=\"640\" srcset=\"https:\/\/attemnhan.vn\/wp-content\/uploads\/2025\/09\/1692963537227.png 640w, https:\/\/attemnhan.vn\/wp-content\/uploads\/2025\/09\/1692963537227-300x300.png 300w, https:\/\/attemnhan.vn\/wp-content\/uploads\/2025\/09\/1692963537227-150x150.png 150w, https:\/\/attemnhan.vn\/wp-content\/uploads\/2025\/09\/1692963537227-410x410.png 410w, https:\/\/attemnhan.vn\/wp-content\/uploads\/2025\/09\/1692963537227-580x580.png 580w, https:\/\/attemnhan.vn\/wp-content\/uploads\/2025\/09\/1692963537227-50x50.png 50w, https:\/\/attemnhan.vn\/wp-content\/uploads\/2025\/09\/1692963537227-100x100.png 100w, https:\/\/attemnhan.vn\/wp-content\/uploads\/2025\/09\/1692963537227-460x460.png 460w\" sizes=\"(max-width: 640px) 100vw, 640px\" \/><\/a><figcaption id=\"caption-attachment-11334\" class=\"wp-caption-text\">K\u1eb9p ve \u00e1o l\u00e0 g\u00ec<\/figcaption><\/figure>\n<h2><span style=\"font-weight: 400;\">Ngu\u1ed3n g\u1ed1c v\u00e0 \u00fd ngh\u0129a k\u1eb9p ve \u00e1o trong th\u1eddi trang.<\/span><\/h2>\n<p><b>K\u1eb9p ve \u00e1o<\/b><span style=\"font-weight: 400;\"> c\u00f3 ngu\u1ed3n g\u1ed1c t\u1eeb ch\u00e2u \u00c2u, xu\u1ea5t hi\u1ec7n t\u1eeb th\u1ebf k\u1ef7 XIX khi <a href=\"https:\/\/www.google.com\/search?q=veston\" target=\"_blank\" rel=\"noopener\">veston<\/a> tr\u1edf th\u00e0nh trang ph\u1ee5c ph\u1ed5 bi\u1ebfn c\u1ee7a gi\u1edbi qu\u00fd t\u1ed9c v\u00e0 doanh nh\u00e2n. Ban \u0111\u1ea7u, k\u1eb9p ve \u00e1o ch\u1ec9 mang h\u00ecnh d\u00e1ng nh\u1ecf g\u1ecdn nh\u01b0 hoa c\u00e0i ho\u1eb7c huy hi\u1ec7u, \u0111\u01b0\u1ee3c s\u1eed d\u1ee5ng trong c\u00e1c s\u1ef1 ki\u1ec7n trang tr\u1ecdng \u0111\u1ec3 th\u1ec3 hi\u1ec7n \u0111\u1ecba v\u1ecb, gia t\u1ed9c ho\u1eb7c t\u1ed5 ch\u1ee9c.<\/span><\/p>\n<figure id=\"attachment_11338\" aria-describedby=\"caption-attachment-11338\" style=\"width: 640px\" class=\"wp-caption aligncenter\"><a href=\"https:\/\/attemnhan.vn\/wp-content\/uploads\/2025\/09\/1693324119744.png\"><img decoding=\"async\" class=\"size-full wp-image-11338\" src=\"https:\/\/attemnhan.vn\/wp-content\/uploads\/2025\/09\/1693324119744.png\" alt=\"K\u1eb9p ve \u00e1o\" width=\"640\" height=\"640\" srcset=\"https:\/\/attemnhan.vn\/wp-content\/uploads\/2025\/09\/1693324119744.png 640w, https:\/\/attemnhan.vn\/wp-content\/uploads\/2025\/09\/1693324119744-300x300.png 300w, https:\/\/attemnhan.vn\/wp-content\/uploads\/2025\/09\/1693324119744-150x150.png 150w, https:\/\/attemnhan.vn\/wp-content\/uploads\/2025\/09\/1693324119744-410x410.png 410w, https:\/\/attemnhan.vn\/wp-content\/uploads\/2025\/09\/1693324119744-580x580.png 580w, https:\/\/attemnhan.vn\/wp-content\/uploads\/2025\/09\/1693324119744-50x50.png 50w, https:\/\/attemnhan.vn\/wp-content\/uploads\/2025\/09\/1693324119744-100x100.png 100w, https:\/\/attemnhan.vn\/wp-content\/uploads\/2025\/09\/1693324119744-460x460.png 460w\" sizes=\"(max-width: 640px) 100vw, 640px\" \/><\/a><figcaption id=\"caption-attachment-11338\" class=\"wp-caption-text\">\u00dd ngh\u0129a c\u1ee7a k\u1eb9p ve \u00e1o<\/figcaption><\/figure>\n<p><strong>Hi\u1ec7n \u0111\u1ea1i k\u1eb9p ve \u00e1o kh\u00f4ng ch\u1ec9 d\u00f9ng l\u00e0 ph\u1ee5 ki\u1ec7n trang tr\u00ed m\u00e0 c\u00f2n mang nhi\u1ec1u \u00fd ngh\u0129a:<\/strong><\/p>\n<p><span style=\"font-weight: 400;\">V\u1ec1 m\u1eb7t th\u1ea9m m\u1ef9: t\u1ea1o \u0111i\u1ec3m nh\u1ea5n tinh t\u1ebf, gi\u00fap b\u1ed9 vest tr\u1edf n\u00ean sang tr\u1ecdng v\u00e0 n\u1ed5i b\u1eadt.<\/span><\/p>\n<p><span style=\"font-weight: 400;\">Bi\u1ec3u t\u01b0\u1ee3ng th\u1ec3 hi\u1ec7n phong c\u00e1ch c\u00e1 nh\u00e2n, c\u00e1 t\u00ednh ho\u1eb7c ni\u1ec1m t\u1ef1 h\u00e0o v\u1ec1 t\u1eadp th\u1ec3, th\u01b0\u01a1ng hi\u1ec7u.<\/span><\/p>\n<p><span style=\"font-weight: 400;\">C\u00f2n mang gi\u00e1 tr\u1ecb tinh th\u1ea7n: nhi\u1ec1u k\u1eb9p ve \u00e1o \u0111\u01b0\u1ee3c d\u00f9ng trong l\u1ec5 c\u01b0\u1edbi, k\u1ef7 ni\u1ec7m, s\u1ef1 ki\u1ec7n quan tr\u1ecdng nh\u01b0 m\u1ed9t v\u1eadt ph\u1ea9m l\u01b0u gi\u1eef \u00fd ngh\u0129a \u0111\u1eb7c bi\u1ec7t.<\/span><\/p>\n<p><span style=\"font-weight: 400;\">\u00a0Nh\u1edd v\u1eady, k\u1eb9p ve \u00e1o ng\u00e0y c\u00e0ng \u0111\u01b0\u1ee3c \u01b0a chu\u1ed9ng kh\u00f4ng ch\u1ec9 trong gi\u1edbi doanh nh\u00e2n, ch\u00ednh tr\u1ecb gia m\u00e0 c\u1ea3 trong th\u1eddi trang \u0111\u1eddi th\u01b0\u1eddng, tr\u1edf th\u00e0nh ph\u1ee5 ki\u1ec7n nh\u1ecf nh\u01b0ng mang \u0111\u1eadm d\u1ea5u \u1ea5n phong c\u00e1ch.<\/span><\/p>\n<figure id=\"attachment_11326\" aria-describedby=\"caption-attachment-11326\" style=\"width: 640px\" class=\"wp-caption aligncenter\"><a href=\"https:\/\/attemnhan.vn\/wp-content\/uploads\/2025\/09\/1692963526945.png\"><img decoding=\"async\" class=\"size-full wp-image-11326\" src=\"https:\/\/attemnhan.vn\/wp-content\/uploads\/2025\/09\/1692963526945.png\" alt=\"K\u1eb9p ve \u00e1o\" width=\"640\" height=\"640\" srcset=\"https:\/\/attemnhan.vn\/wp-content\/uploads\/2025\/09\/1692963526945.png 640w, https:\/\/attemnhan.vn\/wp-content\/uploads\/2025\/09\/1692963526945-300x300.png 300w, https:\/\/attemnhan.vn\/wp-content\/uploads\/2025\/09\/1692963526945-150x150.png 150w, https:\/\/attemnhan.vn\/wp-content\/uploads\/2025\/09\/1692963526945-410x410.png 410w, https:\/\/attemnhan.vn\/wp-content\/uploads\/2025\/09\/1692963526945-580x580.png 580w, https:\/\/attemnhan.vn\/wp-content\/uploads\/2025\/09\/1692963526945-50x50.png 50w, https:\/\/attemnhan.vn\/wp-content\/uploads\/2025\/09\/1692963526945-100x100.png 100w, https:\/\/attemnhan.vn\/wp-content\/uploads\/2025\/09\/1692963526945-460x460.png 460w\" sizes=\"(max-width: 640px) 100vw, 640px\" \/><\/a><figcaption id=\"caption-attachment-11326\" class=\"wp-caption-text\">\u00dd ngh\u0129a c\u1ee7a k\u1eb9p ve \u00e1o<\/figcaption><\/figure>\n<h2><span style=\"font-weight: 400;\">V\u00ec sao k\u1eb9p ve \u00e1o ng\u00e0y c\u00e0ng \u0111\u01b0\u1ee3c \u01b0a chu\u1ed9ng?<\/span><\/h2>\n<p><span style=\"font-weight: 400;\">K\u1eb9p ve \u00e1o ng\u00e0y c\u00e0ng tr\u1edf th\u00e0nh ph\u1ee5 ki\u1ec7n th\u1eddi trang \u0111\u01b0\u1ee3c \u01b0a chu\u1ed9ng b\u1edfi nhi\u1ec1u l\u00fd do:<\/span><\/p>\n<ul>\n<li style=\"font-weight: 400;\" aria-level=\"1\"><b>T\u1ea1o \u0111i\u1ec3m nh\u1ea5n tinh t\u1ebf<\/b><span style=\"font-weight: 400;\">: ch\u1ec9 v\u1edbi m\u1ed9t chi\u1ebfc k\u1eb9p nh\u1ecf, b\u1ed9 vest ho\u1eb7c \u00e1o kho\u00e1c s\u1ebd tr\u1edf n\u00ean sang tr\u1ecdng, chuy\u00ean nghi\u1ec7p v\u00e0 kh\u00e1c bi\u1ec7t.<\/span><\/li>\n<li style=\"font-weight: 400;\" aria-level=\"1\"><b>Th\u1ec3 hi\u1ec7n phong c\u00e1ch c\u00e1 nh\u00e2n<\/b><span style=\"font-weight: 400;\">: m\u1ed7i thi\u1ebft k\u1ebf mang m\u1ed9t th\u00f4ng \u0111i\u1ec7p ri\u00eang, t\u1eeb thanh l\u1ecbch, tr\u1ebb trung cho \u0111\u1ebfn quy\u1ec1n l\u1ef1c v\u00e0 \u0111\u1eb3ng c\u1ea5p.<\/span><\/li>\n<li style=\"font-weight: 400;\" aria-level=\"1\"><b>\u0110a d\u1ea1ng m\u1eabu m\u00e3 \u2013 linh ho\u1ea1t s\u1eed d\u1ee5ng<\/b><span style=\"font-weight: 400;\">: k\u1eb9p ve \u00e1o c\u00f3 th\u1ec3 mang h\u00ecnh hoa, logo, bi\u1ec3u t\u01b0\u1ee3ng, huy hi\u1ec7u\u2026 ph\u00f9 h\u1ee3p cho c\u1ea3 s\u1ef1 ki\u1ec7n trang tr\u1ecdng l\u1eabn th\u1eddi trang th\u01b0\u1eddng ng\u00e0y.<\/span><\/li>\n<li style=\"font-weight: 400;\" aria-level=\"1\"><b>\u00dd ngh\u0129a bi\u1ec3u t\u01b0\u1ee3ng<\/b><span style=\"font-weight: 400;\">: nhi\u1ec1u doanh nghi\u1ec7p, t\u1ed5 ch\u1ee9c ch\u1ecdn k\u1eb9p ve \u00e1o l\u00e0m ph\u1ee5 ki\u1ec7n \u0111\u1ed3ng ph\u1ee5c \u0111\u1ec3 qu\u1ea3ng b\u00e1 th\u01b0\u01a1ng hi\u1ec7u v\u00e0 th\u1ec3 hi\u1ec7n tinh th\u1ea7n g\u1eafn k\u1ebft.<\/span><\/li>\n<li style=\"font-weight: 400;\" aria-level=\"1\"><b>Qu\u00e0 t\u1eb7ng \u00fd ngh\u0129a<\/b><span style=\"font-weight: 400;\">: k\u1eb9p ve \u00e1o c\u00f2n \u0111\u01b0\u1ee3c s\u1eed d\u1ee5ng l\u00e0m qu\u00e0 l\u01b0u ni\u1ec7m, qu\u00e0 t\u1eb7ng tri \u00e2n, mang gi\u00e1 tr\u1ecb k\u1ef7 ni\u1ec7m cao.<\/span><\/li>\n<\/ul>\n<p><span style=\"font-weight: 400;\">\u00a0<\/span><\/p>\n<figure id=\"attachment_11336\" aria-describedby=\"caption-attachment-11336\" style=\"width: 640px\" class=\"wp-caption aligncenter\"><a href=\"https:\/\/attemnhan.vn\/wp-content\/uploads\/2025\/09\/1692963574637.png\"><img loading=\"lazy\" decoding=\"async\" class=\"size-full wp-image-11336\" src=\"https:\/\/attemnhan.vn\/wp-content\/uploads\/2025\/09\/1692963574637.png\" alt=\"K\u1eb9p ve \u00e1o\" width=\"640\" height=\"640\" srcset=\"https:\/\/attemnhan.vn\/wp-content\/uploads\/2025\/09\/1692963574637.png 640w, https:\/\/attemnhan.vn\/wp-content\/uploads\/2025\/09\/1692963574637-300x300.png 300w, https:\/\/attemnhan.vn\/wp-content\/uploads\/2025\/09\/1692963574637-150x150.png 150w, https:\/\/attemnhan.vn\/wp-content\/uploads\/2025\/09\/1692963574637-410x410.png 410w, https:\/\/attemnhan.vn\/wp-content\/uploads\/2025\/09\/1692963574637-580x580.png 580w, https:\/\/attemnhan.vn\/wp-content\/uploads\/2025\/09\/1692963574637-50x50.png 50w, https:\/\/attemnhan.vn\/wp-content\/uploads\/2025\/09\/1692963574637-100x100.png 100w, https:\/\/attemnhan.vn\/wp-content\/uploads\/2025\/09\/1692963574637-460x460.png 460w\" sizes=\"(max-width: 640px) 100vw, 640px\" \/><\/a><figcaption id=\"caption-attachment-11336\" class=\"wp-caption-text\">K\u1eb9p ve \u00e1o<\/figcaption><\/figure>\n<p><span style=\"font-weight: 400;\">\u00a0<\/span><\/p>\n<h3><b>2. C\u1ea5u t\u1ea1o v\u00e0 \u0111\u1eb7c \u0111i\u1ec3m<\/b><\/h3>\n<ul>\n<li style=\"font-weight: 400;\" aria-level=\"1\"><span style=\"font-weight: 400;\">K\u00edch th\u01b0\u1edbc nh\u1ecf g\u1ecdn, d\u1ec5 g\u1eafn l\u00ean ve \u00e1o vest, \u00e1o kho\u00e1c.<\/span><\/li>\n<li style=\"font-weight: 400;\" aria-level=\"1\"><span style=\"font-weight: 400;\">Ch\u1ea5t li\u1ec7u ph\u1ed5 bi\u1ebfn: kim lo\u1ea1i (\u0111\u1ed3ng, inox, h\u1ee3p kim k\u1ebdm), men m\u00e0u, m\u1ea1 v\u00e0ng\/b\u1ea1c.<\/span><\/li>\n<li style=\"font-weight: 400;\" aria-level=\"1\"><span style=\"font-weight: 400;\">C\u00e1c chi ti\u1ebft trang tr\u00ed: logo, bi\u1ec3u t\u01b0\u1ee3ng, hoa v\u0103n, ch\u1eef c\u00e1i.<\/span><span style=\"font-weight: 400;\"><br \/>\n<\/span><\/li>\n<\/ul>\n<h3><b>3. C\u00e1c lo\u1ea1i k\u1eb9p ve \u00e1o ph\u1ed5 bi\u1ebfn<\/b><\/h3>\n<ul>\n<li><span style=\"font-weight: 400;\">K\u1eb9p ve \u00e1o kim lo\u1ea1i kh\u1eafc logo th\u01b0\u01a1ng hi\u1ec7u.<\/span><span style=\"font-weight: 400;\"><br \/>\n<\/span><\/li>\n<li><span style=\"font-weight: 400;\">K\u1eb9p ve \u00e1o m\u1ea1 v\u00e0ng, m\u1ea1 b\u1ea1c cao c\u1ea5p.<\/span><span style=\"font-weight: 400;\"><br \/>\n<\/span><\/li>\n<\/ul>\n<figure id=\"attachment_11334\" aria-describedby=\"caption-attachment-11334\" style=\"width: 640px\" class=\"wp-caption aligncenter\"><a href=\"https:\/\/attemnhan.vn\/wp-content\/uploads\/2025\/09\/1692963537227.png\"><img fetchpriority=\"high\" decoding=\"async\" class=\"size-full wp-image-11334\" src=\"https:\/\/attemnhan.vn\/wp-content\/uploads\/2025\/09\/1692963537227.png\" alt=\"K\u1eb9p ve \u00e1o\" width=\"640\" height=\"640\" srcset=\"https:\/\/attemnhan.vn\/wp-content\/uploads\/2025\/09\/1692963537227.png 640w, https:\/\/attemnhan.vn\/wp-content\/uploads\/2025\/09\/1692963537227-300x300.png 300w, https:\/\/attemnhan.vn\/wp-content\/uploads\/2025\/09\/1692963537227-150x150.png 150w, https:\/\/attemnhan.vn\/wp-content\/uploads\/2025\/09\/1692963537227-410x410.png 410w, https:\/\/attemnhan.vn\/wp-content\/uploads\/2025\/09\/1692963537227-580x580.png 580w, https:\/\/attemnhan.vn\/wp-content\/uploads\/2025\/09\/1692963537227-50x50.png 50w, https:\/\/attemnhan.vn\/wp-content\/uploads\/2025\/09\/1692963537227-100x100.png 100w, https:\/\/attemnhan.vn\/wp-content\/uploads\/2025\/09\/1692963537227-460x460.png 460w\" sizes=\"(max-width: 640px) 100vw, 640px\" \/><\/a><figcaption id=\"caption-attachment-11334\" class=\"wp-caption-text\">M\u1eabu k\u1eb9p ve \u00e1o \u0111\u01b0\u1ee3c thi\u1ebft k\u1ebf b\u1edfi A&amp;T Label<\/figcaption><\/figure>\n<figure id=\"attachment_11332\" aria-describedby=\"caption-attachment-11332\" style=\"width: 640px\" class=\"wp-caption aligncenter\"><a href=\"https:\/\/attemnhan.vn\/wp-content\/uploads\/2025\/09\/1692963534936.png\"><img loading=\"lazy\" decoding=\"async\" class=\"size-full wp-image-11332\" src=\"https:\/\/attemnhan.vn\/wp-content\/uploads\/2025\/09\/1692963534936.png\" alt=\"K\u1eb9p ve \u00e1o\" width=\"640\" height=\"640\" srcset=\"https:\/\/attemnhan.vn\/wp-content\/uploads\/2025\/09\/1692963534936.png 640w, https:\/\/attemnhan.vn\/wp-content\/uploads\/2025\/09\/1692963534936-300x300.png 300w, https:\/\/attemnhan.vn\/wp-content\/uploads\/2025\/09\/1692963534936-150x150.png 150w, https:\/\/attemnhan.vn\/wp-content\/uploads\/2025\/09\/1692963534936-410x410.png 410w, https:\/\/attemnhan.vn\/wp-content\/uploads\/2025\/09\/1692963534936-580x580.png 580w, https:\/\/attemnhan.vn\/wp-content\/uploads\/2025\/09\/1692963534936-50x50.png 50w, https:\/\/attemnhan.vn\/wp-content\/uploads\/2025\/09\/1692963534936-100x100.png 100w, https:\/\/attemnhan.vn\/wp-content\/uploads\/2025\/09\/1692963534936-460x460.png 460w\" sizes=\"(max-width: 640px) 100vw, 640px\" \/><\/a><figcaption id=\"caption-attachment-11332\" class=\"wp-caption-text\">M\u1eabu k\u1eb9p ve \u00e1o \u0111\u01b0\u1ee3c thi\u1ebft k\u1ebf b\u1edfi A&amp;T Label<\/figcaption><\/figure>\n<figure id=\"attachment_11340\" aria-describedby=\"caption-attachment-11340\" style=\"width: 640px\" class=\"wp-caption aligncenter\"><a href=\"https:\/\/attemnhan.vn\/wp-content\/uploads\/2025\/09\/1713083714397.png\"><img loading=\"lazy\" decoding=\"async\" class=\"size-full wp-image-11340\" src=\"https:\/\/attemnhan.vn\/wp-content\/uploads\/2025\/09\/1713083714397.png\" alt=\"K\u1eb9p ve \u00e1o\" width=\"640\" height=\"640\" srcset=\"https:\/\/attemnhan.vn\/wp-content\/uploads\/2025\/09\/1713083714397.png 640w, https:\/\/attemnhan.vn\/wp-content\/uploads\/2025\/09\/1713083714397-300x300.png 300w, https:\/\/attemnhan.vn\/wp-content\/uploads\/2025\/09\/1713083714397-150x150.png 150w, https:\/\/attemnhan.vn\/wp-content\/uploads\/2025\/09\/1713083714397-410x410.png 410w, https:\/\/attemnhan.vn\/wp-content\/uploads\/2025\/09\/1713083714397-580x580.png 580w, https:\/\/attemnhan.vn\/wp-content\/uploads\/2025\/09\/1713083714397-50x50.png 50w, https:\/\/attemnhan.vn\/wp-content\/uploads\/2025\/09\/1713083714397-100x100.png 100w, https:\/\/attemnhan.vn\/wp-content\/uploads\/2025\/09\/1713083714397-460x460.png 460w\" sizes=\"(max-width: 640px) 100vw, 640px\" \/><\/a><figcaption id=\"caption-attachment-11340\" class=\"wp-caption-text\">M\u1eabu k\u1eb9p ve \u00e1o \u0111\u01b0\u1ee3c thi\u1ebft k\u1ebf b\u1edfi A&amp;T Label<\/figcaption><\/figure>\n<h3><b>5. \u01afu \u0111i\u1ec3m c\u1ee7a k\u1eb9p ve \u00e1o<\/b><\/h3>\n<ul>\n<li style=\"font-weight: 400;\" aria-level=\"1\"><span style=\"font-weight: 400;\">K\u00edch th\u01b0\u1edbc nh\u1ecf g\u1ecdn, d\u1ec5 mang theo.<\/span><\/li>\n<li style=\"font-weight: 400;\" aria-level=\"1\"><span style=\"font-weight: 400;\">\u0110a d\u1ea1ng m\u1eabu m\u00e3, thi\u1ebft k\u1ebf theo y\u00eau c\u1ea7u.<\/span><\/li>\n<li style=\"font-weight: 400;\" aria-level=\"1\"><span style=\"font-weight: 400;\">B\u1ec1n b\u1ec9 nh\u1edd ch\u1ea5t li\u1ec7u kim lo\u1ea1i, kh\u00f4ng d\u1ec5 h\u1ecfng.<\/span><\/li>\n<li style=\"font-weight: 400;\" aria-level=\"1\"><span style=\"font-weight: 400;\">Gi\u00e1 th\u00e0nh h\u1ee3p l\u00fd, ph\u00f9 h\u1ee3p c\u1ea3 c\u00e1 nh\u00e2n l\u1eabn doanh nghi\u1ec7p.<\/span><\/li>\n<\/ul>\n<p>&nbsp;<\/p>\n<h2><span style=\"font-weight: 400;\">D\u1ecbch v\u1ee5 gia c\u00f4ng k\u1eb9p ve \u00e1o gi\u00e1 r\u1ebb t\u1ea1i tem nh\u00e3n A&amp;T<\/span><\/h2>\n<p><span style=\"font-weight: 400;\">S\u1edf h\u1eefu n\u00e9t \u0111\u1eb9p sang tr\u1ecdng, tinh t\u1ebf v\u00e0 kh\u00e1c bi\u1ec7t h\u01a1n h\u1eb3n so v\u1edbi c\u00e1c lo\u1ea1i tem kim lo\u1ea1i kh\u00e1c, k\u1eb9p ve \u00e1o s\u1ebd l\u00e0 s\u1ef1 l\u1ef1a ch\u1ecdn l\u00fd t\u01b0\u1edfng cho c\u00e1c doanh nghi\u1ec7p, \u0111\u1eb7c bi\u1ec7t l\u00e0 nh\u1eefng doanh nghi\u1ec7p kinh doanh trong l\u0129nh v\u1ef1c n\u1ed9i th\u1ea5t, \u0111\u1ed3 g\u1ed7,\u2026<\/span><span style=\"font-weight: 400;\">V\u1edbi nhi\u1ec1u n\u0103m kinh nghi\u1ec7m trong l\u0129nh v\u1ef1c in tem kim lo\u1ea1i, A&amp;T Label cam k\u1ebft s\u1ebd mang \u0111\u1ebfn kh\u00e1ch h\u00e0ng nh\u1eefng s\u1ea3n ph\u1ea9m tem nh\u00e3n ch\u1ea5t l\u01b0\u1ee3ng v\u1edbi m\u1ee9c gi\u00e1 h\u1ee3p l\u00fd nh\u1ea5t.\u00a0<\/span><\/p>\n<h2><span style=\"font-weight: 400;\">H\u01b0\u1edbng d\u1eabn \u0111\u1eb7t h\u00e0ng v\u00e0 thanh to\u00e1n t\u1ea1i A&amp;T Label<\/span><\/h2>\n<p><span style=\"font-weight: 400;\">\u0110\u1ec3 ti\u1ebft ki\u1ec7m t\u1ed1i \u0111a th\u1eddi gian c\u0169ng nh\u01b0 \u0111\u01a1n gi\u1ea3n h\u00f3a quy tr\u00ecnh \u0111\u1eb7t h\u00e0ng, qu\u00fd kh\u00e1ch c\u00f3 th\u1ec3 \u0111\u1eb7t h\u00e0ng tr\u1ef1c tuy\u1ebfn theo c\u00e1c b\u01b0\u1edbc sau \u0111\u00e2y:<\/span><\/p>\n<figure id=\"attachment_10965\" aria-describedby=\"caption-attachment-10965\" style=\"width: 1400px\" class=\"wp-caption aligncenter\"><a href=\"https:\/\/attemnhan.vn\/wp-content\/uploads\/2025\/09\/nhan-bao-gia-tem-hop-kim-1.gif\"><img loading=\"lazy\" decoding=\"async\" class=\"size-full wp-image-10965\" src=\"https:\/\/attemnhan.vn\/wp-content\/uploads\/2025\/09\/nhan-bao-gia-tem-hop-kim-1.gif\" alt=\"Li\u00ean h\u1ec7 A&amp;T Label \u0111\u1ec3 \u0111\u01b0\u1ee3c b\u00e1o gi\u00e1 chi ti\u1ebft v\u1ec1 d\u1ecbch v\u1ee5 l\u00e0m m\u00f3c kh\u00f3a kim lo\u1ea1i kh\u1eafc t\u00ean, logo\" width=\"1400\" height=\"750\" \/><\/a><figcaption id=\"caption-attachment-10965\" class=\"wp-caption-text\">Li\u00ean h\u1ec7 A&amp;T Label \u0111\u1ec3 \u0111\u01b0\u1ee3c b\u00e1o gi\u00e1 chi ti\u1ebft v\u1ec1 d\u1ecbch v\u1ee5 l\u00e0m m\u00f3c kh\u00f3a kim lo\u1ea1i kh\u1eafc t\u00ean, logo<\/figcaption><\/figure>\n<p>&nbsp;<\/p>\n<p><span style=\"font-weight: 400;\"><strong>B\u01b0\u1edbc 1<\/strong>: Truy c\u1eadp website https:\/\/attemnhan.vn \u0111\u1ec3 tham kh\u1ea3o v\u00e0 l\u1ef1a ch\u1ecdn m\u1eabu tem ph\u00f9 h\u1ee3p v\u1edbi nhu c\u1ea7u.<\/span><\/p>\n<p><span style=\"font-weight: 400;\"><strong>B\u01b0\u1edbc 2:<\/strong> Nh\u1ea5p chu\u1ed9t v\u00e0o m\u1ee5c li\u00ean h\u1ec7.<\/span><\/p>\n<p><span style=\"font-weight: 400;\"><strong>B\u01b0\u1edbc 3:<\/strong> \u0110i\u1ec1n \u0111\u1ea7y \u0111\u1ee7 c\u00e1c th\u00f4ng tin bao g\u1ed3m th\u00f4ng tin ng\u01b0\u1eddi nh\u1eadn h\u00e0ng, ch\u1ea5t li\u1ec7u s\u1ea3n ph\u1ea9m, s\u1ed1 l\u01b0\u1ee3ng, thi\u1ebft k\u1ebf v\u00e0 m\u1eabu s\u1ea3n ph\u1ea9m c\u1ea7n ch\u1ebf t\u00e1c.<\/span><\/p>\n<p><span style=\"font-weight: 400;\"><strong>B\u01b0\u1edbc 4:<\/strong> Ki\u1ec3m tra l\u1ea1i th\u00f4ng tin \u0111\u01a1n h\u00e0ng v\u00e0 b\u1ea5m \u0111\u1eb7t \u0111\u01a1n h\u00e0ng.<\/span><\/p>\n<p><span style=\"font-weight: 400;\">Sau khi nh\u1eadn \u0111\u01b0\u1ee3c th\u00f4ng tin \u0111\u01a1n h\u00e0ng, nh\u00e2n vi\u00ean t\u1ea1i<a href=\"https:\/\/attemnhan.vn\/\"> A&amp;T Label<\/a> s\u1ebd li\u00ean h\u1ec7 v\u1edbi qu\u00fd kh\u00e1ch qua s\u1ed1 \u0111i\u1ec7n tho\u1ea1i \u0111\u1ec3 x\u00e1c nh\u1eadn l\u1ea1i \u0111\u01a1n h\u00e0ng c\u0169ng nh\u01b0 \u0111\u1ecba ch\u1ec9 giao h\u00e0ng.<\/span><\/p>\n<p><span style=\"font-weight: 400;\">Qu\u00fd kh\u00e1ch c\u00f3 th\u1ec3 ch\u1ecdn thanh to\u00e1n theo 1 trong 2 ph\u01b0\u01a1ng th\u1ee9c sau:<\/span><\/p>\n<p><span style=\"font-weight: 400;\">Thanh to\u00e1n khi nh\u1eadn h\u00e0ng \u2013 COD: Kh\u00e1ch h\u00e0ng s\u1ebd thanh to\u00e1n ti\u1ec1n m\u1eb7t cho nh\u00e2n vi\u00ean giao h\u00e0ng sau khi nh\u1eadn v\u00e0 ki\u1ec3m h\u00e0ng.<\/span><\/p>\n<p><span style=\"font-weight: 400;\">Thanh to\u00e1n chuy\u1ec3n kho\u1ea3n: V\u1edbi ph\u01b0\u01a1ng th\u1ee9c n\u00e0y, kh\u00e1ch h\u00e0ng s\u1ebd thanh to\u00e1n tr\u01b0\u1edbc 50% \u0111\u01a1n h\u00e0ng v\u00e0 thanh to\u00e1n 50% c\u00f2n l\u1ea1i sau khi nh\u1eadn h\u00e0ng.<\/span><\/p>\n<p><span style=\"font-weight: 400;\">Mong r\u1eb1ng v\u1edbi nh\u1eefng th\u00f4ng tin tr\u00ean, qu\u00fd kh\u00e1ch \u0111\u00e3 hi\u1ec3u r\u00f5 h\u01a1n v\u1ec1 tem \u0111\u1ed3ng gi\u1ea3 c\u1ed5 c\u0169ng nh\u01b0 l\u1ef1a ch\u1ecdn \u0111\u01b0\u1ee3c m\u1ed9t \u0111\u01a1n v\u1ecb cung c\u1ea5p tem nh\u00e3n \u0111\u00e1ng tin c\u1eady v\u1edbi m\u1ee9c gi\u00e1 v\u00e0 ch\u1ea5t l\u01b0\u1ee3ng t\u1ed1t nh\u1ea5t. Li\u00ean h\u1ec7 ngay v\u1edbi A&amp;T Label \u0111\u1ec3 \u0111\u01b0\u1ee3c t\u01b0 v\u1ea5n chi ti\u1ebft v\u1ec1 d\u1ecbch v\u1ee5 gia c\u00f4ng v\u00e0 in tem nh\u00e3n \u0111\u1ed3ng gi\u1ea3 c\u1ed5 s\u1ed1 l\u01b0\u1ee3ng l\u1edbn v\u1edbi m\u1ee9c gi\u00e1 t\u1ed1t nh\u1ea5t.<\/span><\/p>\n<h6><b>C\u00d4NG TY TNHH KINH DOANH \u0110\u1ea6U T\u01af V\u00c0 TH\u01af\u01a0NG M\u1ea0I A&amp;T<\/b><\/h6>\n<p><b>Website:<\/b><a href=\"https:\/\/attemnhan.vn\/\"><b> www.attemnhan.vn<\/b><\/a><\/p>\n<p><b>\u0110\u1ecba ch\u1ec9: <\/b><a href=\"https:\/\/maps.app.goo.gl\/9xnAKPQe7AU3kjbs5\" target=\"_blank\" rel=\"noopener\"><b>S\u1ed1 101 \u0110\u01b0\u1eddng S\u1ed1 8, KDC Cityland Park Hills, Ph\u01b0\u1eddng 10, G\u00f2 V\u1ea5p, TP HCM<\/b><\/a><\/p>\n<p><b>S\u1ed1 \u0111i\u1ec7n tho\u1ea1i: <\/b><a href=\"tel:0909872896\"><b>0909 872 896<\/b><\/a><\/p>\n<p><b>Zalo: <\/b><a href=\"https:\/\/zalo.me\/0909872896\" target=\"_blank\" rel=\"noopener\"><b>https:\/\/zalo.me\/0909872896<\/b><\/a><\/p>\n<p><b>Email: <\/b><a href=\"mailto:marketing.atlabel@gmail.com\"><b>marketing.atlabel@gmail.com<\/b><\/a><\/p>\n<p><b>Gi\u1edd ho\u1ea1t \u0111\u1ed9ng:<\/b><\/p>\n<p style=\"padding-left: 80px;\"><b>S\u00e1ng:\u00a0 <\/b><span style=\"font-weight: 400;\">8h00 \u2013 12h00<\/span><\/p>\n<p style=\"padding-left: 80px;\"><b>Chi\u1ec1u: <\/b><span style=\"font-weight: 400;\">13h30 \u2013 17h30<\/span><\/p>\n<p style=\"padding-left: 80px;\"><b>Th\u1ee9 7: <\/b><span style=\"font-weight: 400;\">8h00 \u2013 17h30 (ngh\u0129 c\u00e1ch tu\u1ea7n)<\/span><\/p>\n<p style=\"padding-left: 80px;\">\n","protected":false},"excerpt":{"rendered":"<p>Th\u00f4ng tin c\u01a1 b\u1ea3n<\/p>\n<ul>\n<li>Tem nh\u00f4m d\u1eadp n\u1ed5i \u0111\u01b0\u1ee3c s\u1eed dung c\u00f4ng ngh\u1ec7 d\u1eadp n\u1ed5i v\u00f4 c\u00f9ng hi\u1ec7n \u0111\u1ea1i<\/li>\n<li>Ch\u1ea5t li\u1ec7u c\u00f3 b\u1ec1n, \u0111\u1eb9p, \u0111a d\u1ea1ng m\u1ee5c \u0111\u00edch s\u1eed d\u1ee5ng.<\/li>\n<li>B\u1ec1 m\u1eb7t \u0111\u01b0\u1ee3c d\u1eadp n\u1ed5i sang tr\u1ecdng, s\u1eafc n\u00e9t<\/li>\n<li>Ti\u1ebft ki\u1ec7m \u0111\u01b0\u1ee3c th\u1eddi gian v\u00e0 nhi\u1ec1u chi ph\u00ed.<\/li>\n<li>L\u1edbp m\u1ef1c in \u0111\u1ec1u \u0111\u1eb9p, c\u00f3 kh\u1ea3 n\u0103ng ch\u1ed1ng oxy h\u00f3a v\u00f4 c\u00f9ng t\u1ed1t.<\/li>\n<li>M\u1eb7t sau s\u1eed d\u1ee5ng l\u1edbp keo 3M v\u00f4 c\u00f9ng ch\u1eafc ch\u1eafn<\/li>\n<\/ul>\n","protected":false},"featured_media":11340,"comment_status":"open","ping_status":"closed","template":"","meta":{"_acf_changed":false},"product_cat":[110,143,104,113],"product_tag":[],"class_list":{"0":"post-11325","1":"product","2":"type-product","3":"status-publish","4":"has-post-thumbnail","6":"product_cat-tem-gan-do-da-thoi-trang","7":"product_cat-tem-gan-do-thoi-trang","8":"product_cat-tem-nganh-nghe","9":"product_cat-vat-pham-qua-tang","11":"first","12":"instock","13":"shipping-taxable","14":"product-type-simple"},"acf":[],"_links":{"self":[{"href":"https:\/\/attemnhan.vn\/en\/wp-json\/wp\/v2\/product\/11325","targetHints":{"allow":["GET"]}}],"collection":[{"href":"https:\/\/attemnhan.vn\/en\/wp-json\/wp\/v2\/product"}],"about":[{"href":"https:\/\/attemnhan.vn\/en\/wp-json\/wp\/v2\/types\/product"}],"replies":[{"embeddable":true,"href":"https:\/\/attemnhan.vn\/en\/wp-json\/wp\/v2\/comments?post=11325"}],"version-history":[{"count":6,"href":"https:\/\/attemnhan.vn\/en\/wp-json\/wp\/v2\/product\/11325\/revisions"}],"predecessor-version":[{"id":11347,"href":"https:\/\/attemnhan.vn\/en\/wp-json\/wp\/v2\/product\/11325\/revisions\/11347"}],"wp:featuredmedia":[{"embeddable":true,"href":"https:\/\/attemnhan.vn\/en\/wp-json\/wp\/v2\/media\/11340"}],"wp:attachment":[{"href":"https:\/\/attemnhan.vn\/en\/wp-json\/wp\/v2\/media?parent=11325"}],"wp:term":[{"taxonomy":"product_cat","embeddable":true,"href":"https:\/\/attemnhan.vn\/en\/wp-json\/wp\/v2\/product_cat?post=11325"},{"taxonomy":"product_tag","embeddable":true,"href":"https:\/\/attemnhan.vn\/en\/wp-json\/wp\/v2\/product_tag?post=11325"}],"curies":[{"name":"wp","href":"https:\/\/api.w.org\/{rel}","templated":true}]}}