{"id":11157,"date":"2025-09-04T14:33:28","date_gmt":"2025-09-04T07:33:28","guid":{"rendered":"https:\/\/attemnhan.vn\/?post_type=product&#038;p=11157"},"modified":"2025-09-11T10:50:44","modified_gmt":"2025-09-11T03:50:44","slug":"huy-chuong-the-hinh","status":"publish","type":"product","link":"https:\/\/attemnhan.vn\/san-pham\/huy-chuong-the-hinh\/","title":{"rendered":"Huy ch\u01b0\u01a1ng th\u1ec3 h\u00ecnh"},"content":{"rendered":"<p>\u2013<a href=\"https:\/\/attemnhan.vn\/danh-muc-san-pham\/vat-pham-qua-tang\/huy-chuong\/\"><strong> Huy ch\u01b0\u01a1ng th\u1ec3 h\u00ecnh<\/strong><\/a> kh\u00f4ng ch\u1ec9 l\u00e0 bi\u1ec3u t\u01b0\u1ee3ng ghi nh\u1eadn th\u00e0nh t\u00edch m\u00e0 c\u00f2n l\u00e0 m\u00f3n qu\u00e0 t\u1eb7ng \u0111\u1ea7y \u00fd ngh\u0129a, gi\u00fap kh\u00edch l\u1ec7 tinh th\u1ea7n t\u00f4n vinh c\u00e1 nh\u00e2n ho\u1eb7c \u0111\u1ed9i nh\u00f3m. V\u1edbi nhi\u1ec1u ch\u1ea5t li\u1ec7u nh\u01b0 kim lo\u1ea1i m\u1ea1 v\u00e0ng, b\u1ea1c, \u0111\u1ed3ng hay pha l\u00ea cao c\u1ea5p, huy ch\u01b0\u01a1ng hi\u1ec7n nay \u0111\u01b0\u1ee3c gia c\u00f4ng tinh x\u1ea3o v\u1edbi nhi\u1ec1u m\u1eabu thi\u1ebft k\u1ebf \u0111a d\u1ea1ng, c\u00f3 kh\u1ea3 n\u0103ng in kh\u1eafc logo, h\u00ecnh \u1ea3nh v\u00e0 n\u1ed9i dung theo y\u00eau c\u1ea7u.<\/p>\n<p>H\u00e3y theo d\u00f5i ngay b\u00e0i vi\u1ebft d\u01b0\u1edbi \u0111\u00e2y \u0111\u1ec3 bi\u1ebft th\u00eam chi ti\u1ebft v\u1ec1 c\u00e1c s\u1ea3n ph\u1ea9m huy ch\u01b0\u01a1ng th\u1ec3 h\u00ecnh nh\u00e9!<\/p>\n<figure id=\"attachment_11158\" aria-describedby=\"caption-attachment-11158\" style=\"width: 640px\" class=\"wp-caption aligncenter\"><a href=\"https:\/\/attemnhan.vn\/wp-content\/uploads\/2025\/09\/1718366967140.png\"><img fetchpriority=\"high\" decoding=\"async\" class=\"wp-image-11158 size-full\" src=\"https:\/\/attemnhan.vn\/wp-content\/uploads\/2025\/09\/1718366967140.png\" alt=\"Thi\u1ebft k\u1ebf huy ch\u01b0\u01a1ng th\u1ec3 h\u00ecnh\" width=\"640\" height=\"640\" srcset=\"https:\/\/attemnhan.vn\/wp-content\/uploads\/2025\/09\/1718366967140.png 640w, https:\/\/attemnhan.vn\/wp-content\/uploads\/2025\/09\/1718366967140-300x300.png 300w, https:\/\/attemnhan.vn\/wp-content\/uploads\/2025\/09\/1718366967140-150x150.png 150w, https:\/\/attemnhan.vn\/wp-content\/uploads\/2025\/09\/1718366967140-410x410.png 410w, https:\/\/attemnhan.vn\/wp-content\/uploads\/2025\/09\/1718366967140-580x580.png 580w, https:\/\/attemnhan.vn\/wp-content\/uploads\/2025\/09\/1718366967140-50x50.png 50w, https:\/\/attemnhan.vn\/wp-content\/uploads\/2025\/09\/1718366967140-100x100.png 100w, https:\/\/attemnhan.vn\/wp-content\/uploads\/2025\/09\/1718366967140-460x460.png 460w\" sizes=\"(max-width: 640px) 100vw, 640px\" \/><\/a><figcaption id=\"caption-attachment-11158\" class=\"wp-caption-text\">Thi\u1ebft k\u1ebf huy ch\u01b0\u01a1ng th\u1ec3 h\u00ecnh<\/figcaption><\/figure>\n<h2>T\u1ed5ng quan v\u1ec1 huy ch\u01b0\u01a1ng th\u1ec3 h\u00ecnh<\/h2>\n<p><strong>Huy ch\u01b0\u01a1ng th\u1ec3 h\u00ecnh<\/strong> l\u00e0 ph\u1ea7n th\u01b0\u1edfng th\u01b0\u1eddng \u0111\u01b0\u1ee3c trao trong c\u00e1c ho\u1ea1t \u0111\u1ed9ng th\u1ec3 thao, s\u1ef1 ki\u1ec7n v\u0103n h\u00f3a, l\u1ec5 k\u1ef7 ni\u1ec7m ho\u1eb7c \u0111\u1ea1t th\u00e0nh t\u00edch c\u00e1 nh\u00e2n\/ nh\u00f3m. N\u00f3 th\u01b0\u1eddng \u0111\u01b0\u1ee3c l\u00e0m t\u1eeb kim lo\u1ea1i ho\u1eb7c pha l\u00ea, \u0111\u01b0\u1ee3c thi\u1ebft k\u1ebf tinh x\u1ea3o, \u0111i k\u00e8m d\u00e0i ho\u1eb7c d\u00e2y \u0111eo \u0111\u1eb9p m\u1eaft. M\u1eabu m\u00e3 huy ch\u01b0\u01a1ng c\u1ee7a <a href=\"https:\/\/attemnhan.vn\/\"><strong>A&amp;T Label<\/strong><\/a> r\u1ea5t \u0111a d\u1ea1ng cho ph\u00e9p in ho\u1eb7c kh\u1eafc logo, h\u00ecnh \u1ea3nh, t\u00ean s\u1ef1 ki\u1ec7n theo y\u00eau c\u1ea7u kh\u00e1ch h\u00e0ng.<\/p>\n<figure id=\"attachment_11160\" aria-describedby=\"caption-attachment-11160\" style=\"width: 640px\" class=\"wp-caption aligncenter\"><a href=\"https:\/\/attemnhan.vn\/wp-content\/uploads\/2025\/09\/1718366964730.png\"><img decoding=\"async\" class=\"size-full wp-image-11160\" src=\"https:\/\/attemnhan.vn\/wp-content\/uploads\/2025\/09\/1718366964730.png\" alt=\"Thi\u1ebft k\u1ebf huy ch\u01b0\u01a1ng th\u1ec3 h\u00ecnh theo y\u00eau c\u1ea7u\" width=\"640\" height=\"640\" srcset=\"https:\/\/attemnhan.vn\/wp-content\/uploads\/2025\/09\/1718366964730.png 640w, https:\/\/attemnhan.vn\/wp-content\/uploads\/2025\/09\/1718366964730-300x300.png 300w, https:\/\/attemnhan.vn\/wp-content\/uploads\/2025\/09\/1718366964730-150x150.png 150w, https:\/\/attemnhan.vn\/wp-content\/uploads\/2025\/09\/1718366964730-410x410.png 410w, https:\/\/attemnhan.vn\/wp-content\/uploads\/2025\/09\/1718366964730-580x580.png 580w, https:\/\/attemnhan.vn\/wp-content\/uploads\/2025\/09\/1718366964730-50x50.png 50w, https:\/\/attemnhan.vn\/wp-content\/uploads\/2025\/09\/1718366964730-100x100.png 100w, https:\/\/attemnhan.vn\/wp-content\/uploads\/2025\/09\/1718366964730-460x460.png 460w\" sizes=\"(max-width: 640px) 100vw, 640px\" \/><\/a><figcaption id=\"caption-attachment-11160\" class=\"wp-caption-text\">Thi\u1ebft k\u1ebf huy ch\u01b0\u01a1ng th\u1ec3 h\u00ecnh theo y\u00eau c\u1ea7u<\/figcaption><\/figure>\n<h2>\u01afu \u0111i\u1ec3m n\u1ed5i b\u1eadt tr\u00ean s\u1ea3n ph\u1ea9m huy ch\u01b0\u01a1ng th\u1ec3 h\u00ecnh A&amp;T Label<\/h2>\n<p>\u2013 Ti\u1ebft ki\u1ec7m chi ph\u00ed: D\u00f9 b\u1ea1n \u0111\u1eb7t s\u1ed1 l\u01b0\u1ee3ng \u00edt cho s\u1ef1 ki\u1ec7n n\u1ed9i b\u1ed9 hay \u0111\u1eb7t h\u00e0ng ngh\u00ecn chi\u1ebfc cho chi\u1ebfn d\u1ecbch qu\u1ea3ng b\u00e1 l\u1edbn, A&amp;T Label mang \u0111\u1ebfn m\u1ee9c gi\u00e1 h\u1ee3p l\u00fd v\u00e0 c\u1ea1nh tranh. Gi\u00e1 th\u00e0nh t\u1ed1i \u01b0u nh\u01b0ng s\u1ea3n ph\u1ea9m v\u1eabn gi\u1eef v\u1eefng ch\u1ea5t l\u01b0\u1ee3ng cao, b\u1ec1n \u0111\u1eb9p theo th\u1eddi gian. \u0110\u00e2y l\u00e0 gi\u1ea3i ph\u00e1p ti\u1ebft ki\u1ec7m cho doanh nghi\u1ec7p, tr\u01b0\u1eddng h\u1ecdc, t\u1ed5 ch\u1ee9c s\u1ef1 ki\u1ec7n m\u00e0 v\u1eabn \u0111\u1ea3m b\u1ea3o gi\u00e1 tr\u1ecb th\u1ea9m m\u1ef9 v\u00e0 th\u01b0\u01a1ng hi\u1ec7u.<\/p>\n<p>\u2013 Thi\u1ebft k\u1ebf huy ch\u01b0\u01a1ng th\u1ec3 h\u00ecnh t\u00f9y ch\u1ec9nh, linh ho\u1ea1t: Kh\u00e1ch h\u00e0ng c\u00f3 th\u1ec3 t\u1ef1 do s\u00e1ng t\u1ea1o khi l\u1ef1a ch\u1ecdn in logo, kh\u1eafc t\u00ean c\u00f4ng ty, h\u00ecnh \u1ea3nh hay n\u1ed9i dung theo phong c\u00e1ch ri\u00eang. Nh\u1edd \u0111\u00f3, m\u1ed7i s\u1ea3n ph\u1ea9m \u0111\u1ec1u mang d\u1ea5u \u1ea5n \u0111\u1ed9c quy\u1ec1n, ph\u00f9 h\u1ee3p cho c\u00e1c ho\u1ea1t \u0111\u1ed9ng qu\u1ea3ng b\u00e1 th\u01b0\u01a1ng hi\u1ec7u, t\u1eb7ng th\u01b0\u1edfng nh\u00e2n vi\u00ean xu\u1ea5t s\u1eafc hay l\u00e0m qu\u00e0 l\u01b0u ni\u1ec7m.<\/p>\n<p>\u2013 Ch\u1ebf \u0111\u1ed9 nh\u1eadn h\u00e0ng nhanh ch\u00f3ng, linh ho\u1ea1t: A&amp;T Label h\u1ed7 tr\u1ee3 t\u1eeb c\u00e1c \u0111\u01a1n nh\u1ecf l\u1ebb \u0111\u1ebfn \u0111\u01a1n g\u1ea5p, \u0111\u00e1p \u1ee9ng nhanh trong nh\u1eefng t\u00ecnh hu\u1ed1ng c\u1ea7n g\u1ea5p nh\u01b0 t\u1ed5 ch\u1ee9c l\u1ec5 khai tr\u01b0\u01a1ng, h\u1ed9i ngh\u1ecb, l\u1ec5 trao th\u01b0\u1edfng. M\u1ed9t s\u1ed1 s\u1ea3n ph\u1ea9m c\u00f3 s\u1eb5n c\u00f3 th\u1ec3 giao ngay trong ng\u00e0y, gi\u00fap kh\u00e1ch h\u00e0ng ti\u1ebft ki\u1ec7m th\u1eddi gian chu\u1ea9n b\u1ecb.<\/p>\n<p>\u2013 \u0110a d\u1ea1ng m\u1eabu m\u00e3 v\u00e0 ch\u1ea5t li\u1ec7u: Ngo\u00e0i m\u1eabu huy ch\u01b0\u01a1ng th\u1ec3 h\u00ecnh c\u01a1 b\u1ea3n, A&amp;T Label c\u00f2n mang \u0111\u1ebfn nhi\u1ec1u l\u1ef1a ch\u1ecdn v\u1ec1 <a href=\"https:\/\/www.google.com\/search?q=ch%E1%BA%A5t+li%E1%BB%87u+nh%C6%B0+%C4%91%E1%BB%93ng\" target=\"_blank\" rel=\"noopener\">ch\u1ea5t li\u1ec7u nh\u01b0 \u0111\u1ed3ng<\/a>, m\u1ea1 v\u00e0ng, pha l\u00ea,\u2026 v\u1edbi nhi\u1ec1u ki\u1ec3u d\u00e1ng hi\u1ec7n \u0111\u1ea1i sang tr\u1ecdng ho\u1eb7c \u0111\u01a1n gi\u1ea3n, tinh g\u1ecdn t\u00f9y m\u1ee5c \u0111\u00edch s\u1eed d\u1ee5ng.<\/p>\n<p>\u2013 \u0110\u1ea3m b\u1ea3o uy t\u00edn v\u00e0 h\u1eadu m\u00e3i t\u1ed1t: Kh\u00f4ng ch\u1ec9 ch\u00fa tr\u1ecdng \u0111\u1ebfn ch\u1ea5t l\u01b0\u1ee3ng s\u1ea3n ph\u1ea9m, A&amp;T Label c\u00f2n c\u00f3 ch\u00ednh s\u00e1ch b\u1ea3o h\u00e0nh, h\u1ed7 tr\u1ee3 kh\u00e1ch h\u00e0ng chu \u0111\u00e1o, gi\u00fap cho b\u1ea1n ho\u00e0n to\u00e0n y\u00ean t\u00e2m khi \u0111\u1eb7t h\u00e0ng.<\/p>\n<figure id=\"attachment_11162\" aria-describedby=\"caption-attachment-11162\" style=\"width: 640px\" class=\"wp-caption aligncenter\"><a href=\"https:\/\/attemnhan.vn\/wp-content\/uploads\/2025\/09\/1714663268577.png\"><img decoding=\"async\" class=\"size-full wp-image-11162\" src=\"https:\/\/attemnhan.vn\/wp-content\/uploads\/2025\/09\/1714663268577.png\" alt=\"Nh\u1eefng \u01b0u \u0111i\u1ec3m n\u1ed5i b\u1eadt tr\u00ean huy ch\u01b0\u01a1ng th\u1ec3 h\u00ecnh\" width=\"640\" height=\"640\" srcset=\"https:\/\/attemnhan.vn\/wp-content\/uploads\/2025\/09\/1714663268577.png 640w, https:\/\/attemnhan.vn\/wp-content\/uploads\/2025\/09\/1714663268577-300x300.png 300w, https:\/\/attemnhan.vn\/wp-content\/uploads\/2025\/09\/1714663268577-150x150.png 150w, https:\/\/attemnhan.vn\/wp-content\/uploads\/2025\/09\/1714663268577-410x410.png 410w, https:\/\/attemnhan.vn\/wp-content\/uploads\/2025\/09\/1714663268577-580x580.png 580w, https:\/\/attemnhan.vn\/wp-content\/uploads\/2025\/09\/1714663268577-50x50.png 50w, https:\/\/attemnhan.vn\/wp-content\/uploads\/2025\/09\/1714663268577-100x100.png 100w, https:\/\/attemnhan.vn\/wp-content\/uploads\/2025\/09\/1714663268577-460x460.png 460w\" sizes=\"(max-width: 640px) 100vw, 640px\" \/><\/a><figcaption id=\"caption-attachment-11162\" class=\"wp-caption-text\">Nh\u1eefng \u01b0u \u0111i\u1ec3m n\u1ed5i b\u1eadt tr\u00ean huy ch\u01b0\u01a1ng th\u1ec3 h\u00ecnh<\/figcaption><\/figure>\n<p><em>Xem th\u00eam: C\u00e1c s\u1ea3n ph\u1ea9m tem nh\u00e3n t\u1eeb A&amp;T Label<\/em><\/p>\n<ul>\n<li><strong><a href=\"https:\/\/attemnhan.vn\/danh-muc-san-pham\/tem-kim-loai\/\">Tem nh\u00e3n kim lo\u1ea1i A&amp;T Label<\/a><\/strong><\/li>\n<li><strong><a href=\"https:\/\/attemnhan.vn\/danh-muc-san-pham\/tem-nhua\/\">Tem nh\u1ef1a A&amp;T Label<\/a><\/strong><\/li>\n<li><strong><a href=\"https:\/\/attemnhan.vn\/danh-muc-san-pham\/tem-nganh-nghe\/\">Tem ng\u00e0nh ngh\u1ec1 A&amp;T Label<\/a><\/strong><\/li>\n<\/ul>\n<h2>Ch\u1ea5t li\u1ec7u v\u00e0 c\u00f4ng ngh\u1ec7 gia c\u00f4ng cho huy ch\u01b0\u01a1ng th\u1ec3 h\u00ecnh<\/h2>\n<p>Ch\u1ea5t li\u1ec7u ph\u1ed5 bi\u1ebfn: Kim lo\u1ea1i m\u1ea1 v\u00e0ng, b\u1ea1c ho\u1eb7c \u0111\u1ed3ng t\u1ea1o n\u00ean v\u1ebb sang tr\u1ecdng v\u00e0 trang tr\u1ecdng.<br \/>\nPha l\u00ea cao c\u1ea5p trong su\u1ed1t, tinh t\u1ebf, th\u01b0\u1eddng d\u00f9ng cho c\u00e1c huy ch\u01b0\u01a1ng cao c\u1ea5p.<br \/>\nC\u00f4ng ngh\u1ec7 gia c\u00f4ng: In ho\u1eb7c kh\u1eafc logo hay h\u00ecnh \u1ea3nh, in n\u1ed9i dung l\u00ean m\u1eb7t huy ch\u01b0\u01a1ng.<br \/>\nPh\u1ee5 ki\u1ec7n k\u00e8m theo: D\u1ea3i ribbon satin cao c\u1ea5p gi\u00fap k\u1ebft n\u1ed1i huy ch\u01b0\u01a1ng t\u00f9y ch\u1ecdn v\u1edbi ng\u01b0\u1eddi \u0111eo.<br \/>\nM\u1eb7t sau c\u00f3 th\u1ec3 g\u1eafn kim c\u00e0i ho\u1eb7c n\u0103m ch\u00e2m t\u00f9y ch\u1ecdn \u0111\u1ec3 ti\u1ec7n \u0111eo.<\/p>\n<figure id=\"attachment_11164\" aria-describedby=\"caption-attachment-11164\" style=\"width: 640px\" class=\"wp-caption aligncenter\"><a href=\"https:\/\/attemnhan.vn\/wp-content\/uploads\/2025\/09\/1678263535525.png\"><img loading=\"lazy\" decoding=\"async\" class=\"size-full wp-image-11164\" src=\"https:\/\/attemnhan.vn\/wp-content\/uploads\/2025\/09\/1678263535525.png\" alt=\"Gia c\u00f4ng huy ch\u01b0\u01a1ng th\u1ec3 h\u00ecnh\" width=\"640\" height=\"640\" srcset=\"https:\/\/attemnhan.vn\/wp-content\/uploads\/2025\/09\/1678263535525.png 640w, https:\/\/attemnhan.vn\/wp-content\/uploads\/2025\/09\/1678263535525-300x300.png 300w, https:\/\/attemnhan.vn\/wp-content\/uploads\/2025\/09\/1678263535525-150x150.png 150w, https:\/\/attemnhan.vn\/wp-content\/uploads\/2025\/09\/1678263535525-410x410.png 410w, https:\/\/attemnhan.vn\/wp-content\/uploads\/2025\/09\/1678263535525-580x580.png 580w, https:\/\/attemnhan.vn\/wp-content\/uploads\/2025\/09\/1678263535525-50x50.png 50w, https:\/\/attemnhan.vn\/wp-content\/uploads\/2025\/09\/1678263535525-100x100.png 100w, https:\/\/attemnhan.vn\/wp-content\/uploads\/2025\/09\/1678263535525-460x460.png 460w\" sizes=\"(max-width: 640px) 100vw, 640px\" \/><\/a><figcaption id=\"caption-attachment-11164\" class=\"wp-caption-text\">Gia c\u00f4ng huy ch\u01b0\u01a1ng th\u1ec3 h\u00ecnh<\/figcaption><\/figure>\n<h2>Quy tr\u00ecnh s\u1ea3n xu\u1ea5t huy ch\u01b0\u01a1ng th\u1ec3 h\u00ecnh chuy\u00ean nghi\u1ec7p<\/h2>\n<p>\u2013 Ti\u1ebfp nh\u1eadn y\u00eau c\u1ea7u: Kh\u00e1ch g\u1eedi logo, n\u1ed9i dung, y\u00eau c\u1ea7u ch\u1ea5t li\u1ec7u.<\/p>\n<p>\u2013 Thi\u1ebft k\u1ebf m\u1eabu: B\u1ed9 ph\u1eadn h\u1ed7 tr\u1ee3 thi\u1ebft k\u1ebf, kh\u00e1ch duy\u1ec7t tr\u01b0\u1edbc khi s\u1ea3n xu\u1ea5t.<\/p>\n<p>\u2013 Gia c\u00f4ng ch\u00ednh: In ho\u1eb7c kh\u1eafc logo l\u00ean huy ch\u01b0\u01a1ng t\u00f9y ch\u1ecdn t\u1eeb kim lo\u1ea1i ho\u1eb7c pha l\u00ea.<\/p>\n<p>\u2013 G\u1eafn ph\u1ee5 ki\u1ec7n v\u00e0 ho\u00e0n thi\u1ec7n: L\u1eafp d\u00e2y, trang b\u1ecb m\u1eb7t sau, ki\u1ec3m tra ch\u1ea5t l\u01b0\u1ee3ng.<\/p>\n<p>\u2013 \u0110\u00f3ng g\u00f3i v\u00e0 giao h\u00e0ng: \u0110\u1ea3m b\u1ea3o s\u1ea3n ph\u1ea9m ho\u00e0n thi\u1ec7n v\u00e0 giao \u0111\u00fang h\u1eb9n.<\/p>\n<figure id=\"attachment_11166\" aria-describedby=\"caption-attachment-11166\" style=\"width: 640px\" class=\"wp-caption aligncenter\"><a href=\"https:\/\/attemnhan.vn\/wp-content\/uploads\/2025\/09\/1678263531097.png\"><img loading=\"lazy\" decoding=\"async\" class=\"size-full wp-image-11166\" src=\"https:\/\/attemnhan.vn\/wp-content\/uploads\/2025\/09\/1678263531097.png\" alt=\"Quy tr\u00ecnh s\u1ea3n xu\u1ea5t huy ch\u01b0\u01a1ng th\u1ec3 h\u00ecnh\" width=\"640\" height=\"640\" srcset=\"https:\/\/attemnhan.vn\/wp-content\/uploads\/2025\/09\/1678263531097.png 640w, https:\/\/attemnhan.vn\/wp-content\/uploads\/2025\/09\/1678263531097-300x300.png 300w, https:\/\/attemnhan.vn\/wp-content\/uploads\/2025\/09\/1678263531097-150x150.png 150w, https:\/\/attemnhan.vn\/wp-content\/uploads\/2025\/09\/1678263531097-410x410.png 410w, https:\/\/attemnhan.vn\/wp-content\/uploads\/2025\/09\/1678263531097-580x580.png 580w, https:\/\/attemnhan.vn\/wp-content\/uploads\/2025\/09\/1678263531097-50x50.png 50w, https:\/\/attemnhan.vn\/wp-content\/uploads\/2025\/09\/1678263531097-100x100.png 100w, https:\/\/attemnhan.vn\/wp-content\/uploads\/2025\/09\/1678263531097-460x460.png 460w\" sizes=\"(max-width: 640px) 100vw, 640px\" \/><\/a><figcaption id=\"caption-attachment-11166\" class=\"wp-caption-text\">Quy tr\u00ecnh s\u1ea3n xu\u1ea5t huy ch\u01b0\u01a1ng th\u1ec3 h\u00ecnh<\/figcaption><\/figure>\n<h2>Kinh nghi\u1ec7m \u0111\u1eb7t huy ch\u01b0\u01a1ng th\u1ec3 h\u00ecnh t\u00f9y ch\u1ecdn ch\u1ea5t l\u01b0\u1ee3ng<\/h2>\n<p>\u2013 Ch\u1ecdn \u0111\u01a1n v\u1ecb uy t\u00edn: <a href=\"https:\/\/attemnhan.vn\/\">A&amp;T Label<\/a> l\u00e0 th\u01b0\u01a1ng hi\u1ec7u tem nh\u00e3n l\u00e2u n\u0103m, \u0111\u1ea3m b\u1ea3o uy t\u00edn v\u1edbi quy tr\u00ecnh chuy\u00ean nghi\u1ec7p \u0111a d\u1ea1ng m\u1eabu m\u00e3, h\u1ed7 tr\u1ee3 thi\u1ebft k\u1ebf mi\u1ec5n ph\u00ed v\u00e0 giao h\u00e0ng to\u00e0n qu\u1ed1c.<\/p>\n<p>\u2013 L\u1ef1a ch\u1ecdn c\u00f4ng ngh\u1ec7 s\u1ea3n xu\u1ea5t ph\u00f9 h\u1ee3p: D\u1ef1a tr\u00ean s\u1ed1 l\u01b0\u1ee3ng, ng\u00e2n s\u00e1ch v\u00e0 th\u00f4ng \u0111i\u1ec7p c\u1ea7n truy\u1ec1n t\u1ea3i \u0111\u1ec3 ch\u1ecdn c\u00e1c ph\u01b0\u01a1ng ph\u00e1p nh\u01b0 \u0103n m\u00f2n, m\u1ea1 v\u00e0ng, \u0111\u00fac n\u1ed5i hay ph\u00f4i s\u1eb5n.<\/p>\n<p>\u2013 Theo d\u00f5i v\u00e0 duy\u1ec7t m\u1eabu th\u1eed: Lu\u00f4n ki\u1ec3m tra k\u1ef9 m\u1eabu tr\u01b0\u1edbc khi ti\u1ebfn h\u00e0nh s\u1ea3n xu\u1ea5t h\u00e0ng lo\u1ea1t nh\u1eb1m \u0111\u1ea3m b\u1ea3o thi\u1ebft k\u1ebf \u0111\u00fang chu\u1ea9n s\u1eafc n\u00e9t v\u00e0 ch\u00ednh x\u00e1c.<\/p>\n<p>\u2013 \u0110\u1eb7t h\u00e0ng s\u1edbm \u0111\u1ed1i v\u1edbi s\u1ea3n ph\u1ea9m \u0111\u1eb7c th\u00f9: M\u1ed9t s\u1ed1 lo\u1ea1i huy hi\u1ec7u inox \u0111\u00fac khu\u00f4n c\u1ea7n nhi\u1ec1u th\u1eddi gian, v\u00ec v\u1eady kh\u00e1ch h\u00e0ng n\u00ean l\u00ean k\u1ebf ho\u1ea1ch \u0111\u1eb7t tr\u01b0\u1edbc \u0111\u1ec3 k\u1ecbp ti\u1ebfn \u0111\u1ed9.<\/p>\n<figure id=\"attachment_11168\" aria-describedby=\"caption-attachment-11168\" style=\"width: 640px\" class=\"wp-caption aligncenter\"><a href=\"https:\/\/attemnhan.vn\/wp-content\/uploads\/2025\/09\/1678264004111.png\"><img loading=\"lazy\" decoding=\"async\" class=\"size-full wp-image-11168\" src=\"https:\/\/attemnhan.vn\/wp-content\/uploads\/2025\/09\/1678264004111.png\" alt=\"Kinh nghi\u1ec7m \u0111\u1eb7t huy ch\u01b0\u01a1ng th\u1ec3 h\u00ecnh t\u1ea1i A&amp;T Label\" width=\"640\" height=\"640\" srcset=\"https:\/\/attemnhan.vn\/wp-content\/uploads\/2025\/09\/1678264004111.png 640w, https:\/\/attemnhan.vn\/wp-content\/uploads\/2025\/09\/1678264004111-300x300.png 300w, https:\/\/attemnhan.vn\/wp-content\/uploads\/2025\/09\/1678264004111-150x150.png 150w, https:\/\/attemnhan.vn\/wp-content\/uploads\/2025\/09\/1678264004111-410x410.png 410w, https:\/\/attemnhan.vn\/wp-content\/uploads\/2025\/09\/1678264004111-580x580.png 580w, https:\/\/attemnhan.vn\/wp-content\/uploads\/2025\/09\/1678264004111-50x50.png 50w, https:\/\/attemnhan.vn\/wp-content\/uploads\/2025\/09\/1678264004111-100x100.png 100w, https:\/\/attemnhan.vn\/wp-content\/uploads\/2025\/09\/1678264004111-460x460.png 460w\" sizes=\"(max-width: 640px) 100vw, 640px\" \/><\/a><figcaption id=\"caption-attachment-11168\" class=\"wp-caption-text\">Kinh nghi\u1ec7m \u0111\u1eb7t huy ch\u01b0\u01a1ng th\u1ec3 h\u00ecnh t\u1ea1i A&amp;T Label<\/figcaption><\/figure>\n<h2>\u0110\u1ecba ch\u1ec9 \u0111\u1eb7t mua huy ch\u01b0\u01a1ng th\u1ec3 h\u00ecnh A&amp;T Label uy t\u00edn v\u00e0 ch\u1ea5t l\u01b0\u1ee3ng<\/h2>\n<p>\u2013 N\u1ebfu b\u1ea1n \u0111ang t\u00ecm n\u01a1i \u0111\u1ec3 in tem nh\u00e3n hay \u0111\u1eb7t mua huy ch\u01b0\u01a1ng th\u1ec3 h\u00ecnh v\u1eeba ch\u1ea5t l\u01b0\u1ee3ng v\u00e0 \u0111\u1ea3m b\u1ea3o uy t\u00edn, th\u00ec th\u01b0\u01a1ng hi\u1ec7u A&amp;T Label ch\u00ednh l\u00e0 l\u1ef1a ch\u1ecdn h\u00e0ng \u0111\u1ea7u. V\u1edbi nhi\u1ec1u n\u0103m kinh nghi\u1ec7m, th\u01b0\u01a1ng hi\u1ec7u \u0111\u00e3 \u0111\u01b0\u1ee3c \u0111\u00f4ng \u0111\u1ea3o kh\u00e1ch h\u00e0ng v\u00e0 c\u00e1c doanh nghi\u1ec7p tr\u00ean to\u00e0n qu\u1ed1c tin t\u01b0\u1edfng v\u00e0 s\u1eed d\u1ee5ng d\u1ecbch v\u1ee5 th\u01b0\u1eddng xuy\u00ean.<\/p>\n<p>T\u1ea1i TPHCM: b\u1ea1n c\u00f3 th\u1ec3 \u0111\u1ebfn tr\u1ef1c ti\u1ebfp tr\u1ee5 s\u1edf \u0111\u1ec3 tham kh\u1ea3o c\u00e1c m\u1eabu in \u0111a d\u1ea1ng, nh\u1eadn \u0111\u01b0\u1ee3c t\u01b0 v\u1ea5n t\u1eeb \u0111\u1ed9i ng\u0169 nh\u00e2n vi\u00ean chuy\u00ean nghi\u1ec7p v\u00e0 \u0111\u1eb7t h\u00e0ng v\u1edbi m\u1ee9c gi\u00e1 c\u1ea1nh tranh nh\u1ea5t.<br \/>\nKh\u00e1ch h\u00e0ng \u1edf xa: A&amp;T Label cam k\u1ebft giao h\u00e0ng nhanh ch\u00f3ng tr\u00ean to\u00e0n qu\u1ed1c v\u00e0 giao h\u00e0ng trong ng\u00e0y. \u0110\u1eb7c bi\u1ec7t, kh\u00e1ch h\u00e0ng \u0111\u1eb7t in online s\u1ebd \u0111\u01b0\u1ee3c h\u1ed7 tr\u1ee3 t\u01b0 v\u1ea5n qua hotline ho\u1eb7c video call \u0111\u1ec3 \u0111\u1ea3m b\u1ea3o s\u1ea3n ph\u1ea9m \u0111\u00fang y\u00eau c\u1ea7u.<\/p>\n<ul>\n<li>Ch\u00ednh s\u00e1ch cam k\u1ebft b\u1ea3o h\u00e0nh t\u1ea1i A&amp;T Label<\/li>\n<li>Qu\u00fd kh\u00e1ch c\u00f3 th\u1ec3 \u0111\u1ed5i ho\u1eb7c tr\u1ea3 s\u1ea3n ph\u1ea9m trong v\u00f2ng 10 ng\u00e0y k\u1ec3 t\u1eeb ng\u00e0y nh\u1eadn h\u00e0ng.<\/li>\n<li>S\u1ea3n ph\u1ea9m \u0111\u1ed5i tr\u1ea3 ph\u1ea3i c\u00f2n nguy\u00ean v\u1eb9n, ch\u01b0a qua s\u1eed d\u1ee5ng.<\/li>\n<li>A&amp;T Label ch\u1ec9 ch\u1ea5p nh\u1eadn \u0111\u1ed5i tr\u1ea3 \u0111\u1ed1i v\u1edbi nh\u1eefng s\u1ea3n ph\u1ea9m b\u1ecb l\u1ed7i k\u1ef9 thu\u1eadt ho\u1eb7c h\u01b0 h\u1ecfng do qu\u00e1 tr\u00ecnh s\u1ea3n xu\u1ea5t hay v\u1eadn chuy\u1ec3n. C\u00e1c tr\u01b0\u1eddng h\u1ee3p \u0111\u1ed5i tr\u1ea3 v\u00ec l\u00fd do c\u00e1 nh\u00e2n s\u1ebd kh\u00f4ng \u0111\u01b0\u1ee3c h\u1ed7 tr\u1ee3.\n<ul>\n<li>N\u1ebfu l\u1ed7i \u0111\u01b0\u1ee3c x\u00e1c \u0111\u1ecbnh xu\u1ea5t ph\u00e1t t\u1eeb A&amp;T Label, ch\u00fang t\u00f4i s\u1ebd ch\u1ecbu to\u00e0n b\u1ed9 chi ph\u00ed v\u1eadn chuy\u1ec3n \u0111\u1ed5i tr\u1ea3 \u0111\u1ec3 \u0111\u1ea3m b\u1ea3o quy\u1ec1n l\u1ee3i cho kh\u00e1ch h\u00e0ng.<br \/>\n<b>Website:<\/b><a href=\"https:\/\/attemnhan.vn\/\"><b> www.attemnhan.vn<\/b><\/a><b>\u0110\u1ecba ch\u1ec9: <\/b><a href=\"https:\/\/maps.app.goo.gl\/9xnAKPQe7AU3kjbs5\" target=\"_blank\" rel=\"noopener\"><b>S\u1ed1 101 \u0110\u01b0\u1eddng S\u1ed1 8, KDC Cityland Park Hills, Ph\u01b0\u1eddng 10, G\u00f2 V\u1ea5p, TP HCM<\/b><\/a><b>S\u1ed1 \u0111i\u1ec7n tho\u1ea1i: <\/b><a href=\"tel:0909872896\"><b>0909 872 896<\/b><\/a><\/p>\n<p><b>Zalo: <\/b><a href=\"https:\/\/zalo.me\/0909872896\" target=\"_blank\" rel=\"noopener\"><b>https:\/\/zalo.me\/0909872896<\/b><\/a><\/p>\n<p><b>Email: <\/b><a href=\"mailto:marketing.atlabel@gmail.com\"><b>marketing.atlabel@gmail.com<\/b><\/a><\/p>\n<p><b>Gi\u1edd ho\u1ea1t \u0111\u1ed9ng:<\/b><\/p>\n<p><b>S\u00e1ng:\u00a0 <\/b><span style=\"font-weight: 400;\">8h00 \u2013 12h00<\/span><\/p>\n<p><b>Chi\u1ec1u: <\/b><span style=\"font-weight: 400;\">13h30 \u2013 17h30<\/span><\/p>\n<p><b>Th\u1ee9 7: <\/b><span style=\"font-weight: 400;\">8h00 \u2013 17h30 (ngh\u0129 c\u00e1ch tu\u1ea7n)<\/span><\/li>\n<\/ul>\n<\/li>\n<\/ul>\n<p>V\u1edbi uy t\u00edn l\u00e2u n\u0103m v\u00e0 quy tr\u00ecnh in \u1ea5n hi\u1ec7n \u0111\u1ea1i, A&amp;T Label t\u1ef1 tin \u0111\u00e1p \u1ee9ng 99% nhu c\u1ea7u in tem decal, huy ch\u01b0\u01a1ng, tem nh\u1ef1a, tem kim lo\u1ea1i cho m\u1ecdi ng\u00e0nh ngh\u1ec1.<\/p>\n","protected":false},"excerpt":{"rendered":"<div class=\"note-title\">\n<p class=\"text-m fw-b\">Th\u00f4ng s\u1ed1 c\u01a1 b\u1ea3n<\/p>\n<\/div>\n<div class=\"note-list\">\n<div class=\"note-item\">\n<ul>\n<li class=\"text-s\">Ch\u1ea5t li\u1ec7u: \u0110\u1ed3ng nguy\u00ean ch\u1ea5t ho\u1eb7c h\u1ee3p kim \u0111\u1ed3ng cao c\u1ea5p.<\/li>\n<li class=\"text-s\">C\u00f4ng ngh\u1ec7 gia c\u00f4ng: \u0102n m\u00f2n, d\u1eadp n\u1ed5i\/\u0111\u00fac n\u1ed5i, m\u1ea1 v\u00e0ng, m\u1ea1 b\u1ea1c, m\u1ea1 niken.<\/li>\n<li class=\"text-s\">M\u00e0u s\u1eafc: Ph\u1ee7 men m\u00e0u, s\u01a1n t\u0129nh \u0111i\u1ec7n, in UV cao c\u1ea5p.<\/li>\n<li data-start=\"47\" data-end=\"142\">\n<p data-start=\"49\" data-end=\"142\">\u1ee8ng d\u1ee5ng: Th\u1eddi trang nam, s\u1ef1 ki\u1ec7n, l\u1ec5 h\u1ed9i, qu\u00e0 t\u1eb7ng, x\u00e2y d\u1ef1ng th\u01b0\u01a1ng hi\u1ec7u.<\/p>\n<\/li>\n<\/ul>\n<\/div>\n<\/div>\n","protected":false},"featured_media":11160,"comment_status":"open","ping_status":"closed","template":"","meta":{"_acf_changed":false},"product_cat":[126,113],"product_tag":[],"class_list":{"0":"post-11157","1":"product","2":"type-product","3":"status-publish","4":"has-post-thumbnail","6":"product_cat-huy-chuong","7":"product_cat-vat-pham-qua-tang","9":"first","10":"instock","11":"shipping-taxable","12":"product-type-simple"},"acf":[],"_links":{"self":[{"href":"https:\/\/attemnhan.vn\/en\/wp-json\/wp\/v2\/product\/11157","targetHints":{"allow":["GET"]}}],"collection":[{"href":"https:\/\/attemnhan.vn\/en\/wp-json\/wp\/v2\/product"}],"about":[{"href":"https:\/\/attemnhan.vn\/en\/wp-json\/wp\/v2\/types\/product"}],"replies":[{"embeddable":true,"href":"https:\/\/attemnhan.vn\/en\/wp-json\/wp\/v2\/comments?post=11157"}],"version-history":[{"count":4,"href":"https:\/\/attemnhan.vn\/en\/wp-json\/wp\/v2\/product\/11157\/revisions"}],"predecessor-version":[{"id":11671,"href":"https:\/\/attemnhan.vn\/en\/wp-json\/wp\/v2\/product\/11157\/revisions\/11671"}],"wp:featuredmedia":[{"embeddable":true,"href":"https:\/\/attemnhan.vn\/en\/wp-json\/wp\/v2\/media\/11160"}],"wp:attachment":[{"href":"https:\/\/attemnhan.vn\/en\/wp-json\/wp\/v2\/media?parent=11157"}],"wp:term":[{"taxonomy":"product_cat","embeddable":true,"href":"https:\/\/attemnhan.vn\/en\/wp-json\/wp\/v2\/product_cat?post=11157"},{"taxonomy":"product_tag","embeddable":true,"href":"https:\/\/attemnhan.vn\/en\/wp-json\/wp\/v2\/product_tag?post=11157"}],"curies":[{"name":"wp","href":"https:\/\/api.w.org\/{rel}","templated":true}]}}