{"id":11070,"date":"2025-09-04T10:31:08","date_gmt":"2025-09-04T03:31:08","guid":{"rendered":"https:\/\/attemnhan.vn\/?post_type=product&#038;p=11070"},"modified":"2025-09-04T10:32:28","modified_gmt":"2025-09-04T03:32:28","slug":"huy-hieu-mica","status":"publish","type":"product","link":"https:\/\/attemnhan.vn\/san-pham\/huy-hieu-mica\/","title":{"rendered":"Huy hi\u1ec7u mica"},"content":{"rendered":"<p><strong><a href=\"https:\/\/attemnhan.vn\/danh-muc-san-pham\/vat-pham-qua-tang\/huy-hieu\/\">Huy hi\u1ec7u mica c\u00e0i \u00e1o<\/a><\/strong> l\u00e0 d\u1ea1ng huy hi\u1ec7u \u0111\u01b0\u1ee3c l\u00e0m t\u1eeb ch\u1ea5t li\u1ec7u mica trong su\u1ed1t, \u0111\u01b0\u1ee3c s\u1eed d\u1ee5ng ph\u1ed5 bi\u1ebfn trong nhi\u1ec1u b\u1ed1i c\u1ea3nh t\u1eeb l\u1ec5 k\u1ef7 ni\u1ec7m, h\u1ed9i ngh\u1ecb, \u0111\u00e1m c\u01b0\u1edbi \u0111\u1ebfn c\u00e1c s\u1ef1 ki\u1ec7n h\u1ed9i th\u1ea3o, h\u1ecdp l\u1edbp. \u0110i\u1ec3m \u0111\u1eb7c bi\u1ec7t l\u00e0 s\u1ea3n ph\u1ea9m c\u00f3 th\u1ec3 \u0111\u01b0\u1ee3c c\u1eaft theo m\u1ecdi h\u00ecnh d\u1ea1ng c\u00f9ng c\u00e1c k\u00edch th\u01b0\u1edbc linh ho\u1ea1t, ph\u00f9 h\u1ee3p m\u1ecdi y\u00eau c\u1ea7u thi\u1ebft k\u1ebf. M\u1eb7t sau c\u00f3 th\u1ec3 trang b\u1ecb ghim c\u00e0i ho\u1eb7c nam ch\u00e2n \u0111\u1ec3 ti\u1ec7n s\u1eed d\u1ee5ng.<\/p>\n<figure id=\"attachment_11071\" aria-describedby=\"caption-attachment-11071\" style=\"width: 2048px\" class=\"wp-caption aligncenter\"><a href=\"https:\/\/attemnhan.vn\/wp-content\/uploads\/2025\/09\/huy-hieu-mica-1-2048x2048-1.webp\"><img fetchpriority=\"high\" decoding=\"async\" class=\"size-full wp-image-11071\" src=\"https:\/\/attemnhan.vn\/wp-content\/uploads\/2025\/09\/huy-hieu-mica-1-2048x2048-1.webp\" alt=\"huy hi\u1ec7u mica \" width=\"2048\" height=\"2048\" srcset=\"https:\/\/attemnhan.vn\/wp-content\/uploads\/2025\/09\/huy-hieu-mica-1-2048x2048-1.webp 2048w, https:\/\/attemnhan.vn\/wp-content\/uploads\/2025\/09\/huy-hieu-mica-1-2048x2048-1-300x300.webp 300w, https:\/\/attemnhan.vn\/wp-content\/uploads\/2025\/09\/huy-hieu-mica-1-2048x2048-1-1024x1024.webp 1024w, https:\/\/attemnhan.vn\/wp-content\/uploads\/2025\/09\/huy-hieu-mica-1-2048x2048-1-150x150.webp 150w, https:\/\/attemnhan.vn\/wp-content\/uploads\/2025\/09\/huy-hieu-mica-1-2048x2048-1-768x768.webp 768w, https:\/\/attemnhan.vn\/wp-content\/uploads\/2025\/09\/huy-hieu-mica-1-2048x2048-1-1536x1536.webp 1536w, https:\/\/attemnhan.vn\/wp-content\/uploads\/2025\/09\/huy-hieu-mica-1-2048x2048-1-410x410.webp 410w, https:\/\/attemnhan.vn\/wp-content\/uploads\/2025\/09\/huy-hieu-mica-1-2048x2048-1-580x580.webp 580w, https:\/\/attemnhan.vn\/wp-content\/uploads\/2025\/09\/huy-hieu-mica-1-2048x2048-1-50x50.webp 50w, https:\/\/attemnhan.vn\/wp-content\/uploads\/2025\/09\/huy-hieu-mica-1-2048x2048-1-100x100.webp 100w, https:\/\/attemnhan.vn\/wp-content\/uploads\/2025\/09\/huy-hieu-mica-1-2048x2048-1-460x460.webp 460w\" sizes=\"(max-width: 2048px) 100vw, 2048px\" \/><\/a><figcaption id=\"caption-attachment-11071\" class=\"wp-caption-text\">huy hi\u1ec7u mica<\/figcaption><\/figure>\n<h2>\u01afu \u0111i\u1ec3m n\u1ed5i b\u1eadt c\u1ee7a huy hi\u1ec7u mica<\/h2>\n<p>\u2013 Gi\u00e1 th\u00e0nh r\u1ebb: So v\u1edbi huy hi\u1ec7u kim lo\u1ea1i ho\u1eb7c \u0111\u1ed3ng, <a href=\"https:\/\/attemnhan.vn\/danh-muc-san-pham\/vat-pham-qua-tang\/huy-hieu\/\"><strong>huy hi\u1ec7u mica<\/strong><\/a> mang \u0111\u1ebfn chi ph\u00ed t\u1ed1i \u01b0u ph\u00f9 h\u1ee3p v\u1edbi c\u00e1c \u0111\u01a1n h\u00e0ng s\u1ed1 l\u01b0\u1ee3ng l\u1edbn.<\/p>\n<p>\u2013 Th\u1eddi gian s\u1ea3n xu\u1ea5t nhanh ch\u00f3ng: Th\u00f4ng th\u01b0\u1eddng ch\u1ec9 t\u1eeb 2-4 ng\u00e0y l\u00e0 c\u00f3 h\u00e0ng, gi\u00fap \u0111\u00e1p \u1ee9ng nhanh cho c\u1ea5c doanh nghi\u1ec7p c\u1ea7n g\u1ea5p.<\/p>\n<p>\u2013 \u0110\u1ed9 b\u1ec1n cao v\u00e0 nh\u1eb9 nh\u00e0ng: M\u1eb7c d\u00f9 l\u00e0m t\u1eeb nh\u1ef1a nh\u01b0ng mica c\u00f3 \u0111\u1ed9 c\u1ee9ng v\u00e0 \u0111\u1ed9 b\u1ec1n cao, c\u1ed9ng v\u1edbi thi\u1ebft k\u1ebf k\u00e9p gi\u00fap b\u1ea3o v\u1ec7 n\u1ed9i dung in, \u0111\u1ed3ng th\u1eddi v\u1eabn nh\u1eb9 nh\u00e0ng khi s\u1eed d\u1ee5ng.<\/p>\n<p>\u2013 In s\u1eafc n\u00e9t, n\u1ed9i dung r\u00f5 r\u00e0ng: K\u1ef9 thu\u1eadt in hi\u1ec7n \u0111\u1ea1i gi\u00fap m\u00e0u s\u1eafc r\u1ef1c r\u1ee1, d\u00f9 l\u00e0 in logo hay h\u00ecnh \u1ea3nh hay text \u0111\u1ec1u r\u1ea5t b\u1eaft m\u1eaft.<\/p>\n<p>\u2013 T\u00f9y ch\u1ec9nh h\u00ecnh d\u00e1ng linh ho\u1ea1t: D\u1ec5 d\u00e0ng c\u1eaft mica theo y\u00eau c\u1ea7u c\u00e1 nh\u00e2n h\u00f3a \u0111\u1ec3 ph\u00f9 h\u1ee3p nh\u1ea5t v\u1edbi th\u00f4ng \u0111i\u1ec7p ho\u1eb7c b\u1ed9 nh\u1eadn di\u1ec7n.<\/p>\n<p>\u2013 Ti\u1ec7n l\u1ee3i cho ng\u01b0\u1eddi d\u00f9ng: Nh\u1ecf g\u1ecdn, d\u1ec5 d\u00e0ng c\u00e0i l\u00ean \u00e1o, balo ho\u1eb7c tr\u01b0ng b\u00e0y m\u00e0 kh\u00f4ng g\u00e2y b\u1ea5t ti\u1ec7n.<\/p>\n<figure id=\"attachment_11075\" aria-describedby=\"caption-attachment-11075\" style=\"width: 2048px\" class=\"wp-caption aligncenter\"><a href=\"https:\/\/attemnhan.vn\/wp-content\/uploads\/2025\/09\/huy-hieu-mica-5-2048x2048-1.webp\"><img decoding=\"async\" class=\"size-full wp-image-11075\" src=\"https:\/\/attemnhan.vn\/wp-content\/uploads\/2025\/09\/huy-hieu-mica-5-2048x2048-1.webp\" alt=\"\u01afu \u0111i\u1ec3m tr\u00ean huy hi\u1ec7u mica\" width=\"2048\" height=\"2048\" srcset=\"https:\/\/attemnhan.vn\/wp-content\/uploads\/2025\/09\/huy-hieu-mica-5-2048x2048-1.webp 2048w, https:\/\/attemnhan.vn\/wp-content\/uploads\/2025\/09\/huy-hieu-mica-5-2048x2048-1-300x300.webp 300w, https:\/\/attemnhan.vn\/wp-content\/uploads\/2025\/09\/huy-hieu-mica-5-2048x2048-1-1024x1024.webp 1024w, https:\/\/attemnhan.vn\/wp-content\/uploads\/2025\/09\/huy-hieu-mica-5-2048x2048-1-150x150.webp 150w, https:\/\/attemnhan.vn\/wp-content\/uploads\/2025\/09\/huy-hieu-mica-5-2048x2048-1-768x768.webp 768w, https:\/\/attemnhan.vn\/wp-content\/uploads\/2025\/09\/huy-hieu-mica-5-2048x2048-1-1536x1536.webp 1536w, https:\/\/attemnhan.vn\/wp-content\/uploads\/2025\/09\/huy-hieu-mica-5-2048x2048-1-410x410.webp 410w, https:\/\/attemnhan.vn\/wp-content\/uploads\/2025\/09\/huy-hieu-mica-5-2048x2048-1-580x580.webp 580w, https:\/\/attemnhan.vn\/wp-content\/uploads\/2025\/09\/huy-hieu-mica-5-2048x2048-1-50x50.webp 50w, https:\/\/attemnhan.vn\/wp-content\/uploads\/2025\/09\/huy-hieu-mica-5-2048x2048-1-100x100.webp 100w, https:\/\/attemnhan.vn\/wp-content\/uploads\/2025\/09\/huy-hieu-mica-5-2048x2048-1-460x460.webp 460w\" sizes=\"(max-width: 2048px) 100vw, 2048px\" \/><\/a><figcaption id=\"caption-attachment-11075\" class=\"wp-caption-text\">\u01afu \u0111i\u1ec3m tr\u00ean huy hi\u1ec7u mica<\/figcaption><\/figure>\n<p>&nbsp;<\/p>\n<p>Xem th\u00eam: C\u00e1c s\u1ea3n ph\u1ea9m tem nh\u00e3n t\u1eeb th\u01b0\u01a1ng hi\u1ec7u A&amp;T Label<\/p>\n<ul>\n<li><strong><a href=\"https:\/\/attemnhan.vn\/danh-muc-san-pham\/tem-kim-loai\/\">Tem kim lo\u1ea1i A&amp;T Label<\/a><\/strong><\/li>\n<li><a href=\"https:\/\/attemnhan.vn\/danh-muc-san-pham\/tem-nhua\/\"><strong>Tem nh\u1ef1a A&amp;T Label<\/strong><\/a><\/li>\n<li><a href=\"https:\/\/attemnhan.vn\/danh-muc-san-pham\/tem-nganh-nghe\/\"><strong>Tem ng\u00e0nh ngh\u1ec1 A&amp;T Label<\/strong><\/a><\/li>\n<\/ul>\n<h2>Quy tr\u00ecnh s\u1ea3n xu\u1ea5t v\u00e0 th\u1eddi gian nh\u1eadn h\u00e0ng<\/h2>\n<p>\u2013 Ti\u1ebfp nh\u1eadn y\u00eau c\u1ea7u v\u00e0 t\u01b0 v\u1ea5n, b\u00e1o gi\u00e1 v\u00e0 h\u1ed7 tr\u1ee3 thi\u1ebft k\u1ebf mi\u1ec5n ph\u00ed. Ch\u1ed1t m\u1eabu v\u00e0 k\u00edch th\u01b0\u1edbc kh\u00e1ch duy\u1ec7t m\u1eabu tr\u01b0\u1edbc khi s\u1ea3n xu\u1ea5t. Gia c\u00f4ng s\u1ea3n ph\u1ea9m,<a href=\"https:\/\/www.google.com\/search?q=in+c%E1%BA%AFt+mica\" target=\"_blank\" rel=\"noopener\"> in c\u1eaft mica<\/a> theo m\u1eabu, \u00e9p, in n\u1ed9i dung v\u00e0 l\u1eafp ph\u1ee5 ki\u1ec7n. Ki\u1ec3m tra v\u00e0 \u0111\u00f3ng g\u00f3i \u0111\u1ea3m b\u1ea3o m\u1ed7i huy hi\u1ec7u \u0111\u1ea1t chu\u1ea9n tr\u01b0\u1edbc khi g\u1eedi. Giao h\u00e0ng to\u00e0n qu\u1ed1c, qu\u00e0 t\u1eb7ng A&amp;T Label h\u1ed7 tr\u1ee3 mi\u1ec5n ph\u00ed v\u1eadn chuy\u1ec3n.<\/p>\n<figure id=\"attachment_11077\" aria-describedby=\"caption-attachment-11077\" style=\"width: 2048px\" class=\"wp-caption aligncenter\"><a href=\"https:\/\/attemnhan.vn\/wp-content\/uploads\/2025\/09\/huy-hieu-mica-3-2048x2048-1.webp\"><img decoding=\"async\" class=\"size-full wp-image-11077\" src=\"https:\/\/attemnhan.vn\/wp-content\/uploads\/2025\/09\/huy-hieu-mica-3-2048x2048-1.webp\" alt=\"Thi\u1ebft k\u1ebf b\u1eaft m\u1eaft tr\u00ean huy hi\u1ec7u mica\" width=\"2048\" height=\"2048\" srcset=\"https:\/\/attemnhan.vn\/wp-content\/uploads\/2025\/09\/huy-hieu-mica-3-2048x2048-1.webp 2048w, https:\/\/attemnhan.vn\/wp-content\/uploads\/2025\/09\/huy-hieu-mica-3-2048x2048-1-300x300.webp 300w, https:\/\/attemnhan.vn\/wp-content\/uploads\/2025\/09\/huy-hieu-mica-3-2048x2048-1-1024x1024.webp 1024w, https:\/\/attemnhan.vn\/wp-content\/uploads\/2025\/09\/huy-hieu-mica-3-2048x2048-1-150x150.webp 150w, https:\/\/attemnhan.vn\/wp-content\/uploads\/2025\/09\/huy-hieu-mica-3-2048x2048-1-768x768.webp 768w, https:\/\/attemnhan.vn\/wp-content\/uploads\/2025\/09\/huy-hieu-mica-3-2048x2048-1-1536x1536.webp 1536w, https:\/\/attemnhan.vn\/wp-content\/uploads\/2025\/09\/huy-hieu-mica-3-2048x2048-1-410x410.webp 410w, https:\/\/attemnhan.vn\/wp-content\/uploads\/2025\/09\/huy-hieu-mica-3-2048x2048-1-580x580.webp 580w, https:\/\/attemnhan.vn\/wp-content\/uploads\/2025\/09\/huy-hieu-mica-3-2048x2048-1-50x50.webp 50w, https:\/\/attemnhan.vn\/wp-content\/uploads\/2025\/09\/huy-hieu-mica-3-2048x2048-1-100x100.webp 100w, https:\/\/attemnhan.vn\/wp-content\/uploads\/2025\/09\/huy-hieu-mica-3-2048x2048-1-460x460.webp 460w\" sizes=\"(max-width: 2048px) 100vw, 2048px\" \/><\/a><figcaption id=\"caption-attachment-11077\" class=\"wp-caption-text\">Thi\u1ebft k\u1ebf b\u1eaft m\u1eaft tr\u00ean huy hi\u1ec7u mica<\/figcaption><\/figure>\n<figure id=\"attachment_11079\" aria-describedby=\"caption-attachment-11079\" style=\"width: 2048px\" class=\"wp-caption aligncenter\"><a href=\"https:\/\/attemnhan.vn\/wp-content\/uploads\/2025\/09\/huy-hieu-mica-6-2048x2048-1.webp\"><img loading=\"lazy\" decoding=\"async\" class=\"size-full wp-image-11079\" src=\"https:\/\/attemnhan.vn\/wp-content\/uploads\/2025\/09\/huy-hieu-mica-6-2048x2048-1.webp\" alt=\"Thi\u1ebft k\u1ebf b\u1eaft m\u1eaft tr\u00ean huy hi\u1ec7u mica\" width=\"2048\" height=\"2048\" srcset=\"https:\/\/attemnhan.vn\/wp-content\/uploads\/2025\/09\/huy-hieu-mica-6-2048x2048-1.webp 2048w, https:\/\/attemnhan.vn\/wp-content\/uploads\/2025\/09\/huy-hieu-mica-6-2048x2048-1-300x300.webp 300w, https:\/\/attemnhan.vn\/wp-content\/uploads\/2025\/09\/huy-hieu-mica-6-2048x2048-1-1024x1024.webp 1024w, https:\/\/attemnhan.vn\/wp-content\/uploads\/2025\/09\/huy-hieu-mica-6-2048x2048-1-150x150.webp 150w, https:\/\/attemnhan.vn\/wp-content\/uploads\/2025\/09\/huy-hieu-mica-6-2048x2048-1-768x768.webp 768w, https:\/\/attemnhan.vn\/wp-content\/uploads\/2025\/09\/huy-hieu-mica-6-2048x2048-1-1536x1536.webp 1536w, https:\/\/attemnhan.vn\/wp-content\/uploads\/2025\/09\/huy-hieu-mica-6-2048x2048-1-410x410.webp 410w, https:\/\/attemnhan.vn\/wp-content\/uploads\/2025\/09\/huy-hieu-mica-6-2048x2048-1-580x580.webp 580w, https:\/\/attemnhan.vn\/wp-content\/uploads\/2025\/09\/huy-hieu-mica-6-2048x2048-1-50x50.webp 50w, https:\/\/attemnhan.vn\/wp-content\/uploads\/2025\/09\/huy-hieu-mica-6-2048x2048-1-100x100.webp 100w, https:\/\/attemnhan.vn\/wp-content\/uploads\/2025\/09\/huy-hieu-mica-6-2048x2048-1-460x460.webp 460w\" sizes=\"(max-width: 2048px) 100vw, 2048px\" \/><\/a><figcaption id=\"caption-attachment-11079\" class=\"wp-caption-text\">Thi\u1ebft k\u1ebf b\u1eaft m\u1eaft tr\u00ean huy hi\u1ec7u mica<\/figcaption><\/figure>\n<figure id=\"attachment_11081\" aria-describedby=\"caption-attachment-11081\" style=\"width: 2048px\" class=\"wp-caption aligncenter\"><a href=\"https:\/\/attemnhan.vn\/wp-content\/uploads\/2025\/09\/huy-hieu-mica-4-2048x2048-1.webp\"><img loading=\"lazy\" decoding=\"async\" class=\"size-full wp-image-11081\" src=\"https:\/\/attemnhan.vn\/wp-content\/uploads\/2025\/09\/huy-hieu-mica-4-2048x2048-1.webp\" alt=\"Thi\u1ebft k\u1ebf b\u1eaft m\u1eaft tr\u00ean huy hi\u1ec7u mica\" width=\"2048\" height=\"2048\" srcset=\"https:\/\/attemnhan.vn\/wp-content\/uploads\/2025\/09\/huy-hieu-mica-4-2048x2048-1.webp 2048w, https:\/\/attemnhan.vn\/wp-content\/uploads\/2025\/09\/huy-hieu-mica-4-2048x2048-1-300x300.webp 300w, https:\/\/attemnhan.vn\/wp-content\/uploads\/2025\/09\/huy-hieu-mica-4-2048x2048-1-1024x1024.webp 1024w, https:\/\/attemnhan.vn\/wp-content\/uploads\/2025\/09\/huy-hieu-mica-4-2048x2048-1-150x150.webp 150w, https:\/\/attemnhan.vn\/wp-content\/uploads\/2025\/09\/huy-hieu-mica-4-2048x2048-1-768x768.webp 768w, https:\/\/attemnhan.vn\/wp-content\/uploads\/2025\/09\/huy-hieu-mica-4-2048x2048-1-1536x1536.webp 1536w, https:\/\/attemnhan.vn\/wp-content\/uploads\/2025\/09\/huy-hieu-mica-4-2048x2048-1-410x410.webp 410w, https:\/\/attemnhan.vn\/wp-content\/uploads\/2025\/09\/huy-hieu-mica-4-2048x2048-1-580x580.webp 580w, https:\/\/attemnhan.vn\/wp-content\/uploads\/2025\/09\/huy-hieu-mica-4-2048x2048-1-50x50.webp 50w, https:\/\/attemnhan.vn\/wp-content\/uploads\/2025\/09\/huy-hieu-mica-4-2048x2048-1-100x100.webp 100w, https:\/\/attemnhan.vn\/wp-content\/uploads\/2025\/09\/huy-hieu-mica-4-2048x2048-1-460x460.webp 460w\" sizes=\"(max-width: 2048px) 100vw, 2048px\" \/><\/a><figcaption id=\"caption-attachment-11081\" class=\"wp-caption-text\">Thi\u1ebft k\u1ebf b\u1eaft m\u1eaft tr\u00ean huy hi\u1ec7u mica<\/figcaption><\/figure>\n<h2>Kinh nghi\u1ec7m \u0111\u1eb7t huy hi\u1ec7u mica ch\u1ea5t l\u01b0\u1ee3ng<\/h2>\n<p>\u2013 Ch\u1ecdn \u0111\u01a1n v\u1ecb uy t\u00edn: A&amp;T Label l\u00e0 th\u01b0\u01a1ng hi\u1ec7u tem nh\u00e3n l\u00e2u n\u0103m, \u0111\u1ea3m b\u1ea3o uy t\u00edn v\u1edbi quy tr\u00ecnh chuy\u00ean nghi\u1ec7p \u0111a d\u1ea1ng m\u1eabu m\u00e3, h\u1ed7 tr\u1ee3 thi\u1ebft k\u1ebf mi\u1ec5n ph\u00ed v\u00e0 giao h\u00e0ng to\u00e0n qu\u1ed1c.<\/p>\n<p>\u2013 L\u1ef1a ch\u1ecdn c\u00f4ng ngh\u1ec7 s\u1ea3n xu\u1ea5t ph\u00f9 h\u1ee3p: D\u1ef1a tr\u00ean s\u1ed1 l\u01b0\u1ee3ng, ng\u00e2n s\u00e1ch v\u00e0 th\u00f4ng \u0111i\u1ec7p c\u1ea7n truy\u1ec1n t\u1ea3i \u0111\u1ec3 ch\u1ecdn c\u00e1c ph\u01b0\u01a1ng ph\u00e1p nh\u01b0 \u0103n m\u00f2n, m\u1ea1 v\u00e0ng, \u0111\u00fac n\u1ed5i hay ph\u00f4i s\u1eb5n.<\/p>\n<p>\u2013 Theo d\u00f5i v\u00e0 duy\u1ec7t m\u1eabu th\u1eed: Lu\u00f4n ki\u1ec3m tra k\u1ef9 m\u1eabu tr\u01b0\u1edbc khi ti\u1ebfn h\u00e0nh s\u1ea3n xu\u1ea5t h\u00e0ng lo\u1ea1t nh\u1eb1m \u0111\u1ea3m b\u1ea3o thi\u1ebft k\u1ebf \u0111\u00fang chu\u1ea9n s\u1eafc n\u00e9t v\u00e0 ch\u00ednh x\u00e1c.<\/p>\n<p>\u2013 \u0110\u1eb7t h\u00e0ng s\u1edbm \u0111\u1ed1i v\u1edbi s\u1ea3n ph\u1ea9m \u0111\u1eb7c th\u00f9: M\u1ed9t s\u1ed1 lo\u1ea1i huy hi\u1ec7u inox \u0111\u00fac khu\u00f4n c\u1ea7n nhi\u1ec1u th\u1eddi gian, v\u00ec v\u1eady kh\u00e1ch h\u00e0ng n\u00ean l\u00ean k\u1ebf ho\u1ea1ch \u0111\u1eb7t tr\u01b0\u1edbc \u0111\u1ec3 k\u1ecbp ti\u1ebfn \u0111\u1ed9.<\/p>\n<h2>\u0110\u1ecba ch\u1ec9 \u0111\u1eb7t mua huy hi\u1ec7u mica A&amp;T Label uy t\u00edn v\u00e0 ch\u1ea5t l\u01b0\u1ee3ng<\/h2>\n<p>\u2013 N\u1ebfu b\u1ea1n \u0111ang t\u00ecm n\u01a1i \u0111\u1ec3 in tem nh\u00e3n hay \u0111\u1eb7t mua <a href=\"https:\/\/attemnhan.vn\/danh-muc-san-pham\/vat-pham-qua-tang\/huy-hieu\/\"><strong>huy hi\u1ec7u mica<\/strong><\/a> v\u1eeba ch\u1ea5t l\u01b0\u1ee3ng v\u00e0 \u0111\u1ea3m b\u1ea3o uy t\u00edn, th\u00ec th\u01b0\u01a1ng hi\u1ec7u A&amp;T Label ch\u00ednh l\u00e0 l\u1ef1a ch\u1ecdn h\u00e0ng \u0111\u1ea7u. V\u1edbi nhi\u1ec1u n\u0103m kinh nghi\u1ec7m, th\u01b0\u01a1ng hi\u1ec7u \u0111\u00e3 \u0111\u01b0\u1ee3c \u0111\u00f4ng \u0111\u1ea3o kh\u00e1ch h\u00e0ng v\u00e0 c\u00e1c doanh nghi\u1ec7p tr\u00ean to\u00e0n qu\u1ed1c tin t\u01b0\u1edfng v\u00e0 s\u1eed d\u1ee5ng d\u1ecbch v\u1ee5 th\u01b0\u1eddng xuy\u00ean.<\/p>\n<p>T\u1ea1i TPHCM: b\u1ea1n c\u00f3 th\u1ec3 \u0111\u1ebfn tr\u1ef1c ti\u1ebfp tr\u1ee5 s\u1edf \u0111\u1ec3 tham kh\u1ea3o c\u00e1c m\u1eabu in \u0111a d\u1ea1ng, nh\u1eadn \u0111\u01b0\u1ee3c t\u01b0 v\u1ea5n t\u1eeb \u0111\u1ed9i ng\u0169 nh\u00e2n vi\u00ean chuy\u00ean nghi\u1ec7p v\u00e0 \u0111\u1eb7t h\u00e0ng v\u1edbi m\u1ee9c gi\u00e1 c\u1ea1nh tranh nh\u1ea5t.<br \/>\nKh\u00e1ch h\u00e0ng \u1edf xa: A&amp;T Label cam k\u1ebft giao h\u00e0ng nhanh ch\u00f3ng tr\u00ean to\u00e0n qu\u1ed1c v\u00e0 giao h\u00e0ng trong ng\u00e0y. \u0110\u1eb7c bi\u1ec7t, kh\u00e1ch h\u00e0ng \u0111\u1eb7t in online s\u1ebd \u0111\u01b0\u1ee3c h\u1ed7 tr\u1ee3 t\u01b0 v\u1ea5n qua hotline ho\u1eb7c video call \u0111\u1ec3 \u0111\u1ea3m b\u1ea3o s\u1ea3n ph\u1ea9m \u0111\u00fang y\u00eau c\u1ea7u.<\/p>\n<ul>\n<li>Ch\u00ednh s\u00e1ch cam k\u1ebft b\u1ea3o h\u00e0nh t\u1ea1i A&amp;T Label<\/li>\n<li>Qu\u00fd kh\u00e1ch c\u00f3 th\u1ec3 \u0111\u1ed5i ho\u1eb7c tr\u1ea3 s\u1ea3n ph\u1ea9m trong v\u00f2ng 10 ng\u00e0y k\u1ec3 t\u1eeb ng\u00e0y nh\u1eadn h\u00e0ng.<\/li>\n<li>S\u1ea3n ph\u1ea9m \u0111\u1ed5i tr\u1ea3 ph\u1ea3i c\u00f2n nguy\u00ean v\u1eb9n, ch\u01b0a qua s\u1eed d\u1ee5ng.<\/li>\n<li>A&amp;T Label ch\u1ec9 ch\u1ea5p nh\u1eadn \u0111\u1ed5i tr\u1ea3 \u0111\u1ed1i v\u1edbi nh\u1eefng s\u1ea3n ph\u1ea9m b\u1ecb l\u1ed7i k\u1ef9 thu\u1eadt ho\u1eb7c h\u01b0 h\u1ecfng do qu\u00e1 tr\u00ecnh s\u1ea3n xu\u1ea5t hay v\u1eadn chuy\u1ec3n. C\u00e1c tr\u01b0\u1eddng h\u1ee3p \u0111\u1ed5i tr\u1ea3 v\u00ec l\u00fd do c\u00e1 nh\u00e2n s\u1ebd kh\u00f4ng \u0111\u01b0\u1ee3c h\u1ed7 tr\u1ee3.<\/li>\n<li>N\u1ebfu l\u1ed7i \u0111\u01b0\u1ee3c x\u00e1c \u0111\u1ecbnh xu\u1ea5t ph\u00e1t t\u1eeb A&amp;T Label, ch\u00fang t\u00f4i s\u1ebd ch\u1ecbu to\u00e0n b\u1ed9 chi ph\u00ed v\u1eadn chuy\u1ec3n \u0111\u1ed5i tr\u1ea3 \u0111\u1ec3 \u0111\u1ea3m b\u1ea3o quy\u1ec1n l\u1ee3i cho kh\u00e1ch h\u00e0ng.<\/li>\n<\/ul>\n<p style=\"padding-left: 80px;\"><b>Website:<\/b><a href=\"https:\/\/attemnhan.vn\/\"><b> www.attemnhan.vn<\/b><\/a><\/p>\n<p style=\"padding-left: 80px;\"><b>\u0110\u1ecba ch\u1ec9: <\/b><a href=\"https:\/\/maps.app.goo.gl\/9xnAKPQe7AU3kjbs5\" target=\"_blank\" rel=\"noopener\"><b>S\u1ed1 101 \u0110\u01b0\u1eddng S\u1ed1 8, KDC Cityland Park Hills, Ph\u01b0\u1eddng 10, G\u00f2 V\u1ea5p, TP HCM<\/b><\/a><\/p>\n<p style=\"padding-left: 80px;\"><b>S\u1ed1 \u0111i\u1ec7n tho\u1ea1i: <\/b><a href=\"tel:0909872896\"><b>0909 872 896<\/b><\/a><\/p>\n<p style=\"padding-left: 80px;\"><b>Zalo: <\/b><a href=\"https:\/\/zalo.me\/0909872896\" target=\"_blank\" rel=\"noopener\"><b>https:\/\/zalo.me\/0909872896<\/b><\/a><\/p>\n<p style=\"padding-left: 80px;\"><b>Email: <\/b><a href=\"mailto:marketing.atlabel@gmail.com\"><b>marketing.atlabel@gmail.com<\/b><\/a><\/p>\n<p style=\"padding-left: 80px;\"><b>Gi\u1edd ho\u1ea1t \u0111\u1ed9ng:<\/b><\/p>\n<p style=\"padding-left: 80px;\"><b>S\u00e1ng:\u00a0 <\/b><span style=\"font-weight: 400;\">8h00 \u2013 12h00<\/span><\/p>\n<p style=\"padding-left: 80px;\"><b>Chi\u1ec1u: <\/b><span style=\"font-weight: 400;\">13h30 \u2013 17h30<\/span><\/p>\n<p style=\"padding-left: 80px;\"><b>Th\u1ee9 7: <\/b><span style=\"font-weight: 400;\">8h00 \u2013 17h30 (ngh\u0129 c\u00e1ch tu\u1ea7n)<\/span><\/p>\n<p>V\u1edbi uy t\u00edn l\u00e2u n\u0103m v\u00e0 quy tr\u00ecnh in \u1ea5n hi\u1ec7n \u0111\u1ea1i, A&amp;T Label t\u1ef1 tin \u0111\u00e1p \u1ee9ng 99% nhu c\u1ea7u in tem decal, tem nh\u1ef1a, tem kim lo\u1ea1i cho m\u1ecdi ng\u00e0nh ngh\u1ec1.<\/p>\n<p>T\u1eeb kh\u00f3a t\u00ecm ki\u1ebfm: huy hi\u1ec7u mica, huy hi\u1ec7u mica a&amp;t label, huy hi\u1ec7u mica a&amp;t, huy hi\u1ec7u mica gi\u00e1 r\u1ebb, huy hi\u1ec7u h\u1ee3p kim, huy hi\u1ec7u h\u1ee3p kim a&amp;t label, huy hi\u1ec7u h\u1ee3p kim a&amp;t, a&amp;t label huy hi\u1ec7u h\u1ee3p kim, huy hi\u1ec7u inox, huy hi\u1ec7u inox a&amp;t label, huy hi\u1ec7u inox a&amp;t, huy hi\u1ec7u h\u1ee3p kim, huy hi\u1ec7u h\u1ee3p kim a&amp;t label, huy hi\u1ec7u h\u1ee3p kim a&amp;t, huy hi\u1ec7u \u0111\u1ed3ng, huy hi\u1ec7u \u0111\u1ed3ng a&amp;t label, huy hi\u1ec7u \u0111\u1ed3ng a&amp;t, tem inox in uv, tem inox in uv a&amp;t label in tem nh\u00e3n a&amp;t, in tem nh\u00e3n a&amp;t label, tem nh\u00e3n s\u1ea3n ph\u1ea9m, tem nh\u00e3n s\u1ea3n ph\u1ea9m a&amp;t, tem nh\u00e3n s\u1ea3n ph\u1ea9m a&amp;t label, tem nh\u00e3n A&amp;T Label, tem nh\u00e3n kim lo\u1ea1i A&amp;T Label, in tem nh\u00e3n gi\u00e1 r\u1ebb A&amp;T Label, in tem d\u00e1n theo y\u00eau c\u1ea7u, tem d\u00e1n s\u1ea3n ph\u1ea9m, in tem gi\u00e1 r\u1ebb, in tem nh\u00e3n gi\u00e1 r\u1ebb, tem d\u00e1n s\u1ea3n ph\u1ea9m, nh\u00e3n d\u00e1n tem, tem nh\u00e3n.<\/p>\n<p>&nbsp;<\/p>\n<p>Hastag: #huyhieumica #huyhieumicaa&amp;tlabel #huyhieumicaa&amp;t #a&amp;tlabel<\/p>\n","protected":false},"excerpt":{"rendered":"<div class=\"note-title\">\n<p class=\"text-m fw-b\"><strong>Th\u00f4ng s\u1ed1 c\u01a1 b\u1ea3n<\/strong><\/p>\n<\/div>\n<div class=\"note-list\">\n<div class=\"note-item\">\n<ul>\n<li class=\"text-s\">Ch\u1ea5t li\u1ec7u: Mica trong ho\u1eb7c mica m\u00e0u cao c\u1ea5p, \u0111\u1ed9 b\u1ec1n cao, ch\u1ed1ng tr\u1ea7y x\u01b0\u1edbc.<\/li>\n<li class=\"text-s\">K\u00edch th\u01b0\u1edbc: T\u00f9y ch\u1ec9nh theo y\u00eau c\u1ea7u<\/li>\n<li class=\"text-s\">C\u00f4ng ngh\u1ec7 in: In UV tr\u1ef1c ti\u1ebfp, in l\u1ee5a, ho\u1eb7c in \u00e9p decal d\u00e1n ng\u01b0\u1ee3c d\u01b0\u1edbi l\u1edbp mica \u0111\u1ec3 h\u00ecnh \u1ea3nh s\u1eafc n\u00e9t v\u00e0 b\u1ec1n m\u00e0u.<\/li>\n<li class=\"text-s\">\u1ee8ng d\u1ee5ng: Ph\u00f9 h\u1ee3p l\u00e0m huy hi\u1ec7u s\u1ef1 ki\u1ec7n, \u0111\u1ed3ng ph\u1ee5c c\u00f4ng ty, h\u1ed9i nh\u00f3m, c\u00e2u l\u1ea1c b\u1ed9, tr\u01b0\u1eddng h\u1ecdc, t\u1ed5 ch\u1ee9c x\u00e3 h\u1ed9i, qu\u00e0 t\u1eb7ng qu\u1ea3ng b\u00e1 th\u01b0\u01a1ng hi\u1ec7u.<\/li>\n<\/ul>\n<\/div>\n<\/div>\n","protected":false},"featured_media":11073,"comment_status":"open","ping_status":"closed","template":"","meta":{"_acf_changed":false},"product_cat":[119,113],"product_tag":[],"class_list":{"0":"post-11070","1":"product","2":"type-product","3":"status-publish","4":"has-post-thumbnail","6":"product_cat-huy-hieu","7":"product_cat-vat-pham-qua-tang","9":"first","10":"instock","11":"shipping-taxable","12":"product-type-simple"},"acf":[],"_links":{"self":[{"href":"https:\/\/attemnhan.vn\/en\/wp-json\/wp\/v2\/product\/11070","targetHints":{"allow":["GET"]}}],"collection":[{"href":"https:\/\/attemnhan.vn\/en\/wp-json\/wp\/v2\/product"}],"about":[{"href":"https:\/\/attemnhan.vn\/en\/wp-json\/wp\/v2\/types\/product"}],"replies":[{"embeddable":true,"href":"https:\/\/attemnhan.vn\/en\/wp-json\/wp\/v2\/comments?post=11070"}],"version-history":[{"count":3,"href":"https:\/\/attemnhan.vn\/en\/wp-json\/wp\/v2\/product\/11070\/revisions"}],"predecessor-version":[{"id":11085,"href":"https:\/\/attemnhan.vn\/en\/wp-json\/wp\/v2\/product\/11070\/revisions\/11085"}],"wp:featuredmedia":[{"embeddable":true,"href":"https:\/\/attemnhan.vn\/en\/wp-json\/wp\/v2\/media\/11073"}],"wp:attachment":[{"href":"https:\/\/attemnhan.vn\/en\/wp-json\/wp\/v2\/media?parent=11070"}],"wp:term":[{"taxonomy":"product_cat","embeddable":true,"href":"https:\/\/attemnhan.vn\/en\/wp-json\/wp\/v2\/product_cat?post=11070"},{"taxonomy":"product_tag","embeddable":true,"href":"https:\/\/attemnhan.vn\/en\/wp-json\/wp\/v2\/product_tag?post=11070"}],"curies":[{"name":"wp","href":"https:\/\/api.w.org\/{rel}","templated":true}]}}