{"id":11044,"date":"2025-09-03T16:55:55","date_gmt":"2025-09-03T09:55:55","guid":{"rendered":"https:\/\/attemnhan.vn\/?post_type=product&#038;p=11044"},"modified":"2025-09-03T16:57:09","modified_gmt":"2025-09-03T09:57:09","slug":"huy-hieu-phoi-san-2025","status":"publish","type":"product","link":"https:\/\/attemnhan.vn\/san-pham\/huy-hieu-phoi-san-2025\/","title":{"rendered":"Huy hi\u1ec7u ph\u00f4i s\u1eb5n"},"content":{"rendered":"<p><a href=\"https:\/\/attemnhan.vn\/danh-muc-san-pham\/vat-pham-qua-tang\/huy-hieu\/\"><strong>Huy hi\u1ec7u ph\u00f4i s\u1eb5n<\/strong><\/a> l\u00e0 lo\u1ea1i huy hi\u1ec7u c\u00e0i \u00e1o \u0111\u01b0\u1ee3c s\u1ea3n xu\u1ea5t tr\u00ean ph\u00f4i \u0111\u1ed3ng m\u1ea1 v\u00e0ng c\u00f4ng nghi\u1ec7p \u0111\u00e3 c\u00f3 s\u1eb5n, \u0111a d\u1ea1ng v\u1ec1 h\u00ecnh d\u00e1ng v\u00e0 k\u00edch th\u01b0\u1edbc ch\u1ec9 c\u1ea7n in logo ho\u1eb7c n\u1ed9i dung r\u1ed3i ph\u1ee7 l\u1edbp keo epoxy ho\u1eb7c s\u01a1n b\u1ea3o v\u1ec7. Ph\u01b0\u01a1ng ph\u00e1p n\u00e0y gi\u00fap ti\u1ebft ki\u1ec7m th\u1eddi gian, chi ph\u00ed v\u00e0 \u0111\u1ed3ng th\u1eddi v\u1eabn \u0111\u1ea3m b\u1ea3o th\u1ea9m m\u1ef9 v\u00e0 \u0111\u1ed9 b\u1ec1n cao, r\u1ea5t ph\u00f9 h\u1ee3p cho doanh nghi\u1ec7p v\u00e0 t\u1ed5 ch\u1ee9c c\u1ea7n huy hi\u1ec7u nhanh ch\u1ea5t l\u01b0\u1ee3ng v\u00e0 hi\u1ec7u qu\u1ea3.<\/p>\n<figure id=\"attachment_11049\" aria-describedby=\"caption-attachment-11049\" style=\"width: 640px\" class=\"wp-caption aligncenter\"><a href=\"https:\/\/attemnhan.vn\/wp-content\/uploads\/2025\/09\/1673106102529.png\"><img fetchpriority=\"high\" decoding=\"async\" class=\"wp-image-11049 size-full\" src=\"https:\/\/attemnhan.vn\/wp-content\/uploads\/2025\/09\/1673106102529.png\" alt=\"\" width=\"640\" height=\"640\" srcset=\"https:\/\/attemnhan.vn\/wp-content\/uploads\/2025\/09\/1673106102529.png 640w, https:\/\/attemnhan.vn\/wp-content\/uploads\/2025\/09\/1673106102529-300x300.png 300w, https:\/\/attemnhan.vn\/wp-content\/uploads\/2025\/09\/1673106102529-150x150.png 150w, https:\/\/attemnhan.vn\/wp-content\/uploads\/2025\/09\/1673106102529-410x410.png 410w, https:\/\/attemnhan.vn\/wp-content\/uploads\/2025\/09\/1673106102529-580x580.png 580w, https:\/\/attemnhan.vn\/wp-content\/uploads\/2025\/09\/1673106102529-50x50.png 50w, https:\/\/attemnhan.vn\/wp-content\/uploads\/2025\/09\/1673106102529-100x100.png 100w, https:\/\/attemnhan.vn\/wp-content\/uploads\/2025\/09\/1673106102529-460x460.png 460w\" sizes=\"(max-width: 640px) 100vw, 640px\" \/><\/a><figcaption id=\"caption-attachment-11049\" class=\"wp-caption-text\">Huy hi\u1ec7u ph\u00f4i s\u1eb5n A&amp;T Label<\/figcaption><\/figure>\n<h2>Huy hi\u1ec7u ph\u00f4i s\u1eb5n \u2013 Gi\u1ea3i ph\u00e1p ti\u1ec7n l\u1ee3i v\u00e0 \u0111\u1eb3ng c\u1ea5p cho m\u1ecdi nhu c\u1ea7u<\/h2>\n<h3>Kh\u00e1i ni\u1ec7m v\u00e0 \u0111\u1eb7c \u0111i\u1ec3m c\u1ee7a \u201cHuy hi\u1ec7u ph\u00f4i s\u1eb5n\u201d<\/h3>\n<p>\u2013 <a href=\"https:\/\/attemnhan.vn\/danh-muc-san-pham\/vat-pham-qua-tang\/huy-hieu\/\"><strong>Huy hi\u1ec7u ph\u00f4i s\u1eb5n<\/strong><\/a> l\u00e0 lo\u1ea1i huy hi\u1ec7u \u0111\u01b0\u1ee3c l\u00e0m tr\u00ean<strong><a href=\"https:\/\/www.google.com\/search?q=ph%C3%B4i+%C4%91%E1%BB%93ng+m%E1%BA%A1+v%C3%A0ng\" target=\"_blank\" rel=\"noopener\"> ph\u00f4i \u0111\u1ed3ng m\u1ea1 v\u00e0ng<\/a><\/strong> c\u00f4ng nghi\u1ec7p c\u00f3 s\u1eb5n, ch\u1ec9 c\u1ea7n in logo v\u00e0 n\u1ed9i dung ph\u00f9 h\u1ee3p sau \u0111\u00f3 ph\u1ee7 l\u1edbp k\u1ebft d\u00ednh nh\u01b0 keo epoxy, th\u00e0nh ph\u1ea9m tr\u1edf n\u00ean s\u00e1ng b\u00f3ng s\u1eafc n\u00e9t v\u00e0 ch\u1eafc ch\u1eafn. M\u1eb7t sau c\u1ee7a huy hi\u1ec7u \u0111\u01b0\u1ee3c trang b\u1ecb ghim c\u00e0i, nam ch\u00e2m ho\u1eb7c khuy b\u01b0\u1edbm \u0111\u1ec3 ti\u1ec7n s\u1eed d\u1ee5ng.<\/p>\n<figure id=\"attachment_11055\" aria-describedby=\"caption-attachment-11055\" style=\"width: 600px\" class=\"wp-caption aligncenter\"><a href=\"https:\/\/attemnhan.vn\/wp-content\/uploads\/2025\/09\/Huy-hieu-phoi-san-2.webp\"><img decoding=\"async\" class=\"size-full wp-image-11055\" src=\"https:\/\/attemnhan.vn\/wp-content\/uploads\/2025\/09\/Huy-hieu-phoi-san-2.webp\" alt=\"Huy hi\u1ec7u ph\u00f4i s\u1eb5n l\u00e1 c\u1edd Vi\u1ec7t Nam\" width=\"600\" height=\"600\" srcset=\"https:\/\/attemnhan.vn\/wp-content\/uploads\/2025\/09\/Huy-hieu-phoi-san-2.webp 600w, https:\/\/attemnhan.vn\/wp-content\/uploads\/2025\/09\/Huy-hieu-phoi-san-2-300x300.webp 300w, https:\/\/attemnhan.vn\/wp-content\/uploads\/2025\/09\/Huy-hieu-phoi-san-2-150x150.webp 150w, https:\/\/attemnhan.vn\/wp-content\/uploads\/2025\/09\/Huy-hieu-phoi-san-2-410x410.webp 410w, https:\/\/attemnhan.vn\/wp-content\/uploads\/2025\/09\/Huy-hieu-phoi-san-2-580x580.webp 580w, https:\/\/attemnhan.vn\/wp-content\/uploads\/2025\/09\/Huy-hieu-phoi-san-2-50x50.webp 50w, https:\/\/attemnhan.vn\/wp-content\/uploads\/2025\/09\/Huy-hieu-phoi-san-2-100x100.webp 100w, https:\/\/attemnhan.vn\/wp-content\/uploads\/2025\/09\/Huy-hieu-phoi-san-2-460x460.webp 460w\" sizes=\"(max-width: 600px) 100vw, 600px\" \/><\/a><figcaption id=\"caption-attachment-11055\" class=\"wp-caption-text\">Huy hi\u1ec7u ph\u00f4i s\u1eb5n l\u00e1 c\u1edd Vi\u1ec7t Nam<\/figcaption><\/figure>\n<p>Xem th\u00eam: C\u00e1c s\u1ea3n ph\u1ea9m huy hi\u1ec7u t\u1ea1i A&amp;T label<\/p>\n<ul>\n<li><a href=\"https:\/\/attemnhan.vn\/san-pham\/huy-hieu-inox-2025\/\"><strong>Huy hi\u1ec7u inox<\/strong><\/a><\/li>\n<li><a href=\"https:\/\/attemnhan.vn\/san-pham\/hieu-hop-kim-2025\/\"><strong>Huy hi\u1ec7u h\u1ee3p kim<\/strong><\/a><\/li>\n<li><a href=\"https:\/\/attemnhan.vn\/san-pham\/huy-hieu-dong\/\"><strong>Huy hi\u1ec7u \u0111\u1ed3ng<\/strong><\/a><\/li>\n<\/ul>\n<h2>\u01afu \u0111i\u1ec3m n\u1ed5i b\u1eadt tr\u00ean huy hi\u1ec7u ph\u00f4i s\u1eb5n<\/h2>\n<p>\u2013 <strong>Ti\u1ebft ki\u1ec7m th\u1eddi gian s\u1ea3n xu\u1ea5t:<\/strong> Kh\u00f4ng c\u1ea7n t\u1ea1o khu\u00f4n ch\u1ec9 c\u1ea7n in v\u00e0 ho\u00e0n thi\u1ec7n, ph\u00f9 h\u1ee3p cho c\u00e1c \u0111\u01a1n h\u00e0ng g\u1ea5p.<\/p>\n<p>\u2013 <strong>Chi ph\u00ed h\u1ee3p l\u00fd:<\/strong> Gi\u1ea3m nh\u00e2n c\u00f4ng, v\u1eadt li\u1ec7u v\u00e0 gi\u00e1 c\u1ea3 c\u1ea1nh tranh.<\/p>\n<p>\u2013 <strong>H\u00ecnh \u1ea3nh sinh \u0111\u1ed9ng, th\u1ea9m m\u1ef9 cao:<\/strong> In r\u00f5 n\u00e9t, ph\u1ee7 epoxy t\u1ea1o hi\u1ec7u \u1ee9ng sang tr\u1ecdng v\u00e0 b\u1ec1n b\u1ec9.<\/p>\n<p>\u2013 <strong>D\u1ec5 d\u00e0ng s\u1eed d\u1ee5ng:<\/strong> Nh\u1eb9, d\u1ec5 c\u00e0i l\u00ean \u00e1o ph\u00f9 h\u1ee3p nhi\u1ec1u \u0111\u1ed1i t\u01b0\u1ee3ng.<\/p>\n<p>\u2013 <strong>T\u00ednh th\u01b0\u01a1ng m\u1ea1i cao:<\/strong> Ph\u00f9 h\u1ee3p cho qu\u00e0 t\u1eb7ng, marketing, s\u1ef1 ki\u1ec7n, d\u1ec5 in logo th\u01b0\u01a1ng hi\u1ec7u.<\/p>\n<figure id=\"attachment_11061\" aria-describedby=\"caption-attachment-11061\" style=\"width: 600px\" class=\"wp-caption aligncenter\"><a href=\"https:\/\/attemnhan.vn\/wp-content\/uploads\/2025\/09\/Huy-hieu-phoi-san-10.webp\"><img decoding=\"async\" class=\"size-full wp-image-11061\" src=\"https:\/\/attemnhan.vn\/wp-content\/uploads\/2025\/09\/Huy-hieu-phoi-san-10.webp\" alt=\"Huy hi\u1ec7u ph\u00f4i s\u1eb5n d\u00e0nh cho ng\u00e0nh ngh\u1ec1\" width=\"600\" height=\"600\" srcset=\"https:\/\/attemnhan.vn\/wp-content\/uploads\/2025\/09\/Huy-hieu-phoi-san-10.webp 600w, https:\/\/attemnhan.vn\/wp-content\/uploads\/2025\/09\/Huy-hieu-phoi-san-10-300x300.webp 300w, https:\/\/attemnhan.vn\/wp-content\/uploads\/2025\/09\/Huy-hieu-phoi-san-10-150x150.webp 150w, https:\/\/attemnhan.vn\/wp-content\/uploads\/2025\/09\/Huy-hieu-phoi-san-10-410x410.webp 410w, https:\/\/attemnhan.vn\/wp-content\/uploads\/2025\/09\/Huy-hieu-phoi-san-10-580x580.webp 580w, https:\/\/attemnhan.vn\/wp-content\/uploads\/2025\/09\/Huy-hieu-phoi-san-10-50x50.webp 50w, https:\/\/attemnhan.vn\/wp-content\/uploads\/2025\/09\/Huy-hieu-phoi-san-10-100x100.webp 100w, https:\/\/attemnhan.vn\/wp-content\/uploads\/2025\/09\/Huy-hieu-phoi-san-10-460x460.webp 460w\" sizes=\"(max-width: 600px) 100vw, 600px\" \/><\/a><figcaption id=\"caption-attachment-11061\" class=\"wp-caption-text\">Huy hi\u1ec7u ph\u00f4i s\u1eb5n d\u00e0nh cho ng\u00e0nh ngh\u1ec1<\/figcaption><\/figure>\n<figure id=\"attachment_11059\" aria-describedby=\"caption-attachment-11059\" style=\"width: 600px\" class=\"wp-caption aligncenter\"><a href=\"https:\/\/attemnhan.vn\/wp-content\/uploads\/2025\/09\/Huy-hieu-phoi-san-8.webp\"><img loading=\"lazy\" decoding=\"async\" class=\"size-full wp-image-11059\" src=\"https:\/\/attemnhan.vn\/wp-content\/uploads\/2025\/09\/Huy-hieu-phoi-san-8.webp\" alt=\"Huy hi\u1ec7u ph\u00f4i s\u1eb5n\" width=\"600\" height=\"600\" srcset=\"https:\/\/attemnhan.vn\/wp-content\/uploads\/2025\/09\/Huy-hieu-phoi-san-8.webp 600w, https:\/\/attemnhan.vn\/wp-content\/uploads\/2025\/09\/Huy-hieu-phoi-san-8-300x300.webp 300w, https:\/\/attemnhan.vn\/wp-content\/uploads\/2025\/09\/Huy-hieu-phoi-san-8-150x150.webp 150w, https:\/\/attemnhan.vn\/wp-content\/uploads\/2025\/09\/Huy-hieu-phoi-san-8-410x410.webp 410w, https:\/\/attemnhan.vn\/wp-content\/uploads\/2025\/09\/Huy-hieu-phoi-san-8-580x580.webp 580w, https:\/\/attemnhan.vn\/wp-content\/uploads\/2025\/09\/Huy-hieu-phoi-san-8-50x50.webp 50w, https:\/\/attemnhan.vn\/wp-content\/uploads\/2025\/09\/Huy-hieu-phoi-san-8-100x100.webp 100w, https:\/\/attemnhan.vn\/wp-content\/uploads\/2025\/09\/Huy-hieu-phoi-san-8-460x460.webp 460w\" sizes=\"(max-width: 600px) 100vw, 600px\" \/><\/a><figcaption id=\"caption-attachment-11059\" class=\"wp-caption-text\">Huy hi\u1ec7u ph\u00f4i s\u1eb5n<\/figcaption><\/figure>\n<figure id=\"attachment_11057\" aria-describedby=\"caption-attachment-11057\" style=\"width: 600px\" class=\"wp-caption aligncenter\"><a href=\"https:\/\/attemnhan.vn\/wp-content\/uploads\/2025\/09\/Huy-hieu-phoi-san-7.webp\"><img loading=\"lazy\" decoding=\"async\" class=\"size-full wp-image-11057\" src=\"https:\/\/attemnhan.vn\/wp-content\/uploads\/2025\/09\/Huy-hieu-phoi-san-7.webp\" alt=\"Huy hi\u1ec7u ph\u00f4i s\u1eb5n cho tr\u01b0\u1eddng h\u1ecdc\" width=\"600\" height=\"600\" srcset=\"https:\/\/attemnhan.vn\/wp-content\/uploads\/2025\/09\/Huy-hieu-phoi-san-7.webp 600w, https:\/\/attemnhan.vn\/wp-content\/uploads\/2025\/09\/Huy-hieu-phoi-san-7-300x300.webp 300w, https:\/\/attemnhan.vn\/wp-content\/uploads\/2025\/09\/Huy-hieu-phoi-san-7-150x150.webp 150w, https:\/\/attemnhan.vn\/wp-content\/uploads\/2025\/09\/Huy-hieu-phoi-san-7-410x410.webp 410w, https:\/\/attemnhan.vn\/wp-content\/uploads\/2025\/09\/Huy-hieu-phoi-san-7-580x580.webp 580w, https:\/\/attemnhan.vn\/wp-content\/uploads\/2025\/09\/Huy-hieu-phoi-san-7-50x50.webp 50w, https:\/\/attemnhan.vn\/wp-content\/uploads\/2025\/09\/Huy-hieu-phoi-san-7-100x100.webp 100w, https:\/\/attemnhan.vn\/wp-content\/uploads\/2025\/09\/Huy-hieu-phoi-san-7-460x460.webp 460w\" sizes=\"(max-width: 600px) 100vw, 600px\" \/><\/a><figcaption id=\"caption-attachment-11057\" class=\"wp-caption-text\">Huy hi\u1ec7u ph\u00f4i s\u1eb5n cho tr\u01b0\u1eddng h\u1ecdc<\/figcaption><\/figure>\n<h2>So s\u00e1nh gi\u1eefa Huy Hi\u1ec7u Ph\u00f4i S\u1eb5n v\u1edbi c\u00e1c lo\u1ea1i huy hi\u1ec7u kh\u00e1c<\/h2>\n<p><strong>Huy hi\u1ec7u ph\u00f4i s\u1eb5n<\/strong><\/p>\n<p>\u2013 \u01afu \u0111i\u1ec3m: nhanh, r\u1ebb, th\u1ea9m m\u1ef9 cao d\u1ec5 s\u1ea3n xu\u1ea5t h\u00e0ng lo\u1ea1t<\/p>\n<p>\u2013 Nh\u01b0\u1ee3c \u0111i\u1ec3m: M\u1eabu ph\u00f4i gi\u1edbi h\u1ea1n, kh\u00f4ng thi\u1ebft k\u1ebf \u0111\u1ed9c b\u1ea3n<\/p>\n<p><strong>Huy hi\u1ec7u \u0103n m\u00f2n\/\u0111\u00fac<\/strong><\/p>\n<p>\u2013 \u01afu \u0111i\u1ec3m: sang tr\u1ecdng v\u00e0 tinh x\u1ea3o, thi\u1ebft k\u1ebf t\u00f9y ch\u1ec9nh cao.<\/p>\n<p>\u2013 Nh\u01b0\u1ee3c \u0111i\u1ec3m: Chi ph\u00ed r\u1ea5t cao m\u1ea5t nhi\u1ec1u th\u1eddi gian s\u1ea3n xu\u1ea5t<\/p>\n<p><strong>Huy hi\u1ec7u nh\u1ef1a \/ mica<\/strong><\/p>\n<p>\u2013 \u01afu \u0111i\u1ec3m: r\u1ebb, nh\u1eb9, m\u00e0u s\u1eafc \u0111a d\u1ea1ng d\u1ec5 t\u1ea1o h\u00ecnh<\/p>\n<p>\u2013 Nh\u01b0\u1ee3c \u0111i\u1ec3m: \u00cdt sang tr\u1ecdng d\u1ec5 tr\u1ea7y x\u01b0\u1edbc, m\u00e0u phai theo th\u1eddi gian.<\/p>\n<h2>T\u1ea1i sao n\u00ean ch\u1ecdn huy hi\u1ec7u ph\u00f4i s\u1eb5n t\u1ea1i A&amp;T Label?<\/h2>\n<p>A&amp;T Label s\u1eed d\u1ee5ng c\u00f4ng ngh\u1ec7 in UV ti\u00ean ti\u1ebfn, \u0111\u1ea3m b\u1ea3o cho nh\u1eefng m\u1eabu tem inox c\u00f3 ch\u1ea5t l\u01b0\u1ee3ng cao, h\u00ecnh \u1ea3nh s\u1eafc n\u00e9t v\u00e0 th\u1ea9m m\u1ef9 tinh t\u1ebf.<br \/>\nD\u00f9 l\u00e0 \u0111\u01a1n h\u00e0ng l\u1edbn hay nh\u1ecf, A&amp;T Label cam k\u1ebft cung c\u1ea5p d\u1ecbch v\u1ee5 s\u1ea3n xu\u1ea5t<strong> huy hi\u1ec7u ph\u00f4i s\u1eb5n<\/strong> v\u1edbi th\u1eddi gian nhanh nh\u1ea5t \u0111\u1ec3 \u0111\u00e1p \u1ee9ng nhu c\u1ea7u v\u00e0 y\u00eau c\u1ea7u c\u1ee7a kh\u00e1ch h\u00e0ng.<\/p>\n<p>A&amp;T Label cung c\u1ea5p d\u1ecbch v\u1ee5 thi\u1ebft k\u1ebf l\u00e0m huy hi\u1ec7u mi\u1ec5n ph\u00ed cho t\u1ea5t c\u1ea3 c\u00e1c kh\u00e1ch h\u00e0ng, gi\u00fap b\u1ea1n d\u1ec5 d\u00e0ng l\u1ef1a ch\u1ecdn m\u1eabu thi\u1ebft k\u1ebf tr\u01b0\u1edbc khi s\u1ea3n xu\u1ea5t<\/p>\n<p>A&amp;T Label h\u1ed7 tr\u1ee3 giao h\u00e0ng mi\u1ec5n ph\u00ed \u0111\u1ebfn t\u1eadn n\u01a1i cho kh\u00e1ch h\u00e0ng tr\u00ean to\u00e0n qu\u1ed1c, gi\u00fap ti\u1ebft ki\u1ec7m chi ph\u00ed v\u00e0 th\u1eddi gian v\u1eadn chuy\u1ec3n.<\/p>\n<p>A&amp;T Label cung c\u1ea5p gi\u00e1 th\u00e0nh ph\u00f9 h\u1ee3p v\u1edbi ch\u1ea5t l\u01b0\u1ee3ng huy hi\u1ec7u ph\u00f4i s\u1eb5n. \u0110\u1ed1i v\u1edbi kh\u00e1ch quen, c\u00f2n c\u00f3 ch\u1ebf \u0111\u1ed9 chi\u1ebft kh\u1ea5u h\u1ea5p d\u1eabn.<\/p>\n<p>L\u00e0 \u0111\u01a1n v\u1ecb s\u1ea3n xu\u1ea5t tr\u1ef1c ti\u1ebfp gia c\u00f4ng tem, huy hi\u1ec7u kh\u00f4ng qua trung gian, gi\u00fap \u0111\u1ea3m b\u1ea3o ch\u1ea5t l\u01b0\u1ee3ng v\u00e0 ti\u1ebft ki\u1ec7m chi ph\u00ed cho kh\u00e1ch h\u00e0ng.<\/p>\n<p>\u0110\u01a1n v\u1ecb cam k\u1ebft k\u00fd k\u1ebft h\u1ee3p \u0111\u1ed3ng v\u00e0 xu\u1ea5t ho\u00e1 \u0111\u01a1n cho t\u1eebng \u0111\u01a1n h\u00e0ng, \u0111\u1ea3m b\u1ea3o quy\u1ec1n l\u1ee3i v\u00e0 s\u1ef1 minh b\u1ea1ch trong giao d\u1ecbch.<\/p>\n<p>B\u00ean c\u1ea1nh \u0111\u00f3, c\u00f2n c\u00f3 cam k\u1ebft \u0111\u1ed5i tr\u1ea3 s\u1ea3n ph\u1ea9m n\u1ebfu c\u00f3 l\u1ed7i trong qu\u00e1 tr\u00ecnh s\u1ea3n xu\u1ea5t ho\u1eb7c kh\u00f4ng \u0111\u00fang v\u1edbi thi\u1ebft k\u1ebf \u0111\u00e3 \u0111\u01b0\u1ee3c th\u1ed1ng nh\u1ea5t.<br \/>\nS\u1edf h\u1eefu \u0111\u1ed9i ng\u0169 nh\u00e2n vi\u00ean nhi\u1ec7t t\u00ecnh v\u00e0 gi\u00e0u kinh nghi\u1ec7m, lu\u00f4n s\u1eb5n s\u00e0ng h\u1ed7 tr\u1ee3 kh\u00e1ch h\u00e0ng t\u1eeb qu\u00e1 tr\u00ecnh thi\u1ebft k\u1ebf, s\u1ea3n xu\u1ea5t \u0111\u1ebfn giao h\u00e0ng.<\/p>\n<h2>\u0110\u1ecba ch\u1ec9 \u0111\u1eb7t mua huy hi\u1ec7u ph\u00f4i s\u1eb5n A&amp;T Label ch\u1ea5t l\u01b0\u1ee3ng v\u00e0 uy t\u00edn<\/h2>\n<p>\u2013 N\u1ebfu b\u1ea1n \u0111ang t\u00ecm n\u01a1i \u0111\u1ec3 in tem nh\u00e3n v\u00e0 c\u00e1c ph\u1ee5 ki\u1ec7n huy hi\u1ec7u v\u1eeba ch\u1ea5t l\u01b0\u1ee3ng v\u00e0 \u0111\u1ea3m b\u1ea3o uy t\u00edn, th\u00ec th\u01b0\u01a1ng hi\u1ec7u A&amp;T Label ch\u00ednh l\u00e0 l\u1ef1a ch\u1ecdn h\u00e0ng \u0111\u1ea7u. V\u1edbi nhi\u1ec1u n\u0103m kinh nghi\u1ec7m, th\u01b0\u01a1ng hi\u1ec7u \u0111\u00e3 \u0111\u01b0\u1ee3c \u0111\u00f4ng \u0111\u1ea3o kh\u00e1ch h\u00e0ng v\u00e0 c\u00e1c doanh nghi\u1ec7p tr\u00ean to\u00e0n qu\u1ed1c tin t\u01b0\u1edfng v\u00e0 s\u1eed d\u1ee5ng d\u1ecbch v\u1ee5 th\u01b0\u1eddng xuy\u00ean.<\/p>\n<figure id=\"attachment_10965\" aria-describedby=\"caption-attachment-10965\" style=\"width: 1400px\" class=\"wp-caption aligncenter\"><a href=\"https:\/\/attemnhan.vn\/wp-content\/uploads\/2025\/09\/nhan-bao-gia-tem-hop-kim-1.gif\"><img loading=\"lazy\" decoding=\"async\" class=\"size-full wp-image-10965\" src=\"https:\/\/attemnhan.vn\/wp-content\/uploads\/2025\/09\/nhan-bao-gia-tem-hop-kim-1.gif\" alt=\"Li\u00ean h\u1ec7 A&amp;T Label \u0111\u1ec3 \u0111\u01b0\u1ee3c b\u00e1o gi\u00e1 chi ti\u1ebft v\u1ec1 d\u1ecbch v\u1ee5 l\u00e0m m\u00f3c kh\u00f3a kim lo\u1ea1i kh\u1eafc t\u00ean, logo\" width=\"1400\" height=\"750\" \/><\/a><figcaption id=\"caption-attachment-10965\" class=\"wp-caption-text\">Li\u00ean h\u1ec7 A&amp;T Label \u0111\u1ec3 \u0111\u01b0\u1ee3c b\u00e1o gi\u00e1 chi ti\u1ebft v\u1ec1 d\u1ecbch v\u1ee5 l\u00e0m m\u00f3c kh\u00f3a kim lo\u1ea1i kh\u1eafc t\u00ean, logo<\/figcaption><\/figure>\n<p>&nbsp;<\/p>\n<p><strong>T\u1ea1i TPHCM<\/strong>: b\u1ea1n c\u00f3 th\u1ec3 \u0111\u1ebfn tr\u1ef1c ti\u1ebfp tr\u1ee5 s\u1edf \u0111\u1ec3 tham kh\u1ea3o c\u00e1c m\u1eabu in \u0111a d\u1ea1ng, nh\u1eadn \u0111\u01b0\u1ee3c t\u01b0 v\u1ea5n t\u1eeb \u0111\u1ed9i ng\u0169 nh\u00e2n vi\u00ean chuy\u00ean nghi\u1ec7p v\u00e0 \u0111\u1eb7t h\u00e0ng v\u1edbi m\u1ee9c gi\u00e1 c\u1ea1nh tranh nh\u1ea5t.<br \/>\n<strong>Kh\u00e1ch h\u00e0ng \u1edf xa<\/strong>: A&amp;T Label cam k\u1ebft giao h\u00e0ng nhanh ch\u00f3ng tr\u00ean to\u00e0n qu\u1ed1c v\u00e0 giao h\u00e0ng trong ng\u00e0y. \u0110\u1eb7c bi\u1ec7t, kh\u00e1ch h\u00e0ng \u0111\u1eb7t in online s\u1ebd \u0111\u01b0\u1ee3c h\u1ed7 tr\u1ee3 t\u01b0 v\u1ea5n qua hotline ho\u1eb7c video call \u0111\u1ec3 \u0111\u1ea3m b\u1ea3o s\u1ea3n ph\u1ea9m \u0111\u00fang y\u00eau c\u1ea7u.<\/p>\n<ul>\n<li>Ch\u00ednh s\u00e1ch cam k\u1ebft b\u1ea3o h\u00e0nh t\u1ea1i A&amp;T Label<\/li>\n<li>Qu\u00fd kh\u00e1ch c\u00f3 th\u1ec3 \u0111\u1ed5i ho\u1eb7c tr\u1ea3 s\u1ea3n ph\u1ea9m trong v\u00f2ng 10 ng\u00e0y k\u1ec3 t\u1eeb ng\u00e0y nh\u1eadn h\u00e0ng.<\/li>\n<li>S\u1ea3n ph\u1ea9m \u0111\u1ed5i tr\u1ea3 ph\u1ea3i c\u00f2n nguy\u00ean v\u1eb9n, ch\u01b0a qua s\u1eed d\u1ee5ng.<\/li>\n<li>A&amp;T Label ch\u1ec9 ch\u1ea5p nh\u1eadn \u0111\u1ed5i tr\u1ea3 \u0111\u1ed1i v\u1edbi nh\u1eefng s\u1ea3n ph\u1ea9m b\u1ecb l\u1ed7i k\u1ef9 thu\u1eadt ho\u1eb7c h\u01b0 h\u1ecfng do qu\u00e1 tr\u00ecnh s\u1ea3n xu\u1ea5t hay v\u1eadn chuy\u1ec3n. C\u00e1c tr\u01b0\u1eddng h\u1ee3p \u0111\u1ed5i tr\u1ea3 v\u00ec l\u00fd do c\u00e1 nh\u00e2n s\u1ebd kh\u00f4ng \u0111\u01b0\u1ee3c h\u1ed7 tr\u1ee3.<\/li>\n<li>N\u1ebfu l\u1ed7i \u0111\u01b0\u1ee3c x\u00e1c \u0111\u1ecbnh xu\u1ea5t ph\u00e1t t\u1eeb A&amp;T Label, ch\u00fang t\u00f4i s\u1ebd ch\u1ecbu to\u00e0n b\u1ed9 chi ph\u00ed v\u1eadn chuy\u1ec3n \u0111\u1ed5i tr\u1ea3 \u0111\u1ec3 \u0111\u1ea3m b\u1ea3o quy\u1ec1n l\u1ee3i cho kh\u00e1ch h\u00e0ng.<\/li>\n<\/ul>\n<p style=\"padding-left: 80px;\">\u0110\u1ecba ch\u1ec9:<a href=\"https:\/\/maps.app.goo.gl\/oAME4io5GPNyCwZa6\" target=\"_blank\" rel=\"noopener\">\u00a0S\u1ed1 101 \u0110\u01b0\u1eddng S\u1ed1 8, KDC Cityland Park Hills, Ph\u01b0\u1eddng G\u00f2 V\u1ea5p, TP HCM<br \/>\n<\/a>S\u1ed1 \u0111i\u1ec7n tho\u1ea1i:<a href=\"tel:0909872896\">\u00a00909 872 896<\/a><\/p>\n<p>V\u1edbi uy t\u00edn l\u00e2u n\u0103m v\u00e0 quy tr\u00ecnh in \u1ea5n hi\u1ec7n \u0111\u1ea1i, A&amp;T Label t\u1ef1 tin \u0111\u00e1p \u1ee9ng 99% nhu c\u1ea7u in tem decal, tem nh\u1ef1a, tem kim lo\u1ea1i cho m\u1ecdi ng\u00e0nh ngh\u1ec1.<\/p>\n<p>T\u1eeb kh\u00f3a t\u00ecm ki\u1ebfm: huy hi\u1ec7u ph\u00f4i s\u1eb5n, huy hi\u1ec7u ph\u00f4i s\u1eb5n a&amp;t label, huy hi\u1ec7u ph\u00f4i s\u1eb5n a&amp;t, tem inox in uv, tem inox in uv a&amp;t label in tem nh\u00e3n a&amp;t, in tem nh\u00e3n a&amp;t label, tem nh\u00e3n s\u1ea3n ph\u1ea9m, tem nh\u00e3n s\u1ea3n ph\u1ea9m a&amp;t, tem nh\u00e3n s\u1ea3n ph\u1ea9m a&amp;t label, tem nh\u00e3n A&amp;T Label, tem nh\u00e3n kim lo\u1ea1i A&amp;T Label, in tem nh\u00e3n gi\u00e1 r\u1ebb A&amp;T Label, in tem d\u00e1n theo y\u00eau c\u1ea7u, tem d\u00e1n s\u1ea3n ph\u1ea9m, in tem gi\u00e1 r\u1ebb, in tem nh\u00e3n gi\u00e1 r\u1ebb, tem d\u00e1n s\u1ea3n ph\u1ea9m, nh\u00e3n d\u00e1n tem, tem nh\u00e3n.<\/p>\n","protected":false},"excerpt":{"rendered":"<p>Th\u00f4ng s\u1ed1 c\u01a1 b\u1ea3n<\/p>\n<ul>\n<li>Huy hi\u1ec7u, pin c\u00e0i \u00e1o ch\u1ea5t l\u01b0\u1ee3ng cao \u0111\u01b0\u1ee3c l\u00e0m t\u1eeb ch\u1ea5t li\u1ec7u h\u1ee3p kim \u0111\u00fac b\u1ec1n b\u1ec9, l\u00e2u phai m\u00e0u.<\/li>\n<li>B\u1ec1 m\u1eb7t logo \u0111\u01b0\u1ee3c in theo y\u00eau c\u1ea7u, sau \u0111\u00f3 \u0111\u01b0\u1ee3c ph\u1ee7 l\u1edbp keo epoxy trong su\u1ed1t \u0111\u1ec3 b\u1ea3o v\u1ec7 v\u00e0 t\u1ea1o \u0111\u1ed9 b\u00f3ng.<\/li>\n<li>Gi\u00e1 th\u00e0nh s\u1ebd c\u1ea1nh tranh h\u01a1n so v\u1edbi ch\u1ebf t\u00e1c \u0111\u1ed3ng, inox v\u00e0 h\u1ee3p kim \u0111\u00fac n\u1ed5i<\/li>\n<li>S\u1ea3n xu\u1ea5t nhanh, ph\u00f9 h\u1ee3p \u0111\u1eb7t s\u1ed1 l\u01b0\u1ee3ng l\u1edbn.<\/li>\n<li>M\u1eb7t sau g\u1eafn ch\u00e2n c\u00e0i c\u00e1nh b\u01b0\u1edbm, ghym b\u0103ng ho\u1eb7c nam ch\u00e2m tu\u1ef3 theo y\u00eau c\u1ea7u<\/li>\n<\/ul>\n","protected":false},"featured_media":11065,"comment_status":"open","ping_status":"closed","template":"","meta":{"_acf_changed":false},"product_cat":[119,113],"product_tag":[],"class_list":{"0":"post-11044","1":"product","2":"type-product","3":"status-publish","4":"has-post-thumbnail","6":"product_cat-huy-hieu","7":"product_cat-vat-pham-qua-tang","9":"first","10":"instock","11":"shipping-taxable","12":"product-type-simple"},"acf":[],"_links":{"self":[{"href":"https:\/\/attemnhan.vn\/en\/wp-json\/wp\/v2\/product\/11044","targetHints":{"allow":["GET"]}}],"collection":[{"href":"https:\/\/attemnhan.vn\/en\/wp-json\/wp\/v2\/product"}],"about":[{"href":"https:\/\/attemnhan.vn\/en\/wp-json\/wp\/v2\/types\/product"}],"replies":[{"embeddable":true,"href":"https:\/\/attemnhan.vn\/en\/wp-json\/wp\/v2\/comments?post=11044"}],"version-history":[{"count":2,"href":"https:\/\/attemnhan.vn\/en\/wp-json\/wp\/v2\/product\/11044\/revisions"}],"predecessor-version":[{"id":11068,"href":"https:\/\/attemnhan.vn\/en\/wp-json\/wp\/v2\/product\/11044\/revisions\/11068"}],"wp:featuredmedia":[{"embeddable":true,"href":"https:\/\/attemnhan.vn\/en\/wp-json\/wp\/v2\/media\/11065"}],"wp:attachment":[{"href":"https:\/\/attemnhan.vn\/en\/wp-json\/wp\/v2\/media?parent=11044"}],"wp:term":[{"taxonomy":"product_cat","embeddable":true,"href":"https:\/\/attemnhan.vn\/en\/wp-json\/wp\/v2\/product_cat?post=11044"},{"taxonomy":"product_tag","embeddable":true,"href":"https:\/\/attemnhan.vn\/en\/wp-json\/wp\/v2\/product_tag?post=11044"}],"curies":[{"name":"wp","href":"https:\/\/api.w.org\/{rel}","templated":true}]}}