{"id":11010,"date":"2025-09-03T16:00:33","date_gmt":"2025-09-03T09:00:33","guid":{"rendered":"https:\/\/attemnhan.vn\/?post_type=product&#038;p=11010"},"modified":"2025-09-23T14:57:21","modified_gmt":"2025-09-23T07:57:21","slug":"hieu-hop-kim-2025","status":"publish","type":"product","link":"https:\/\/attemnhan.vn\/san-pham\/huy-hieu-hop-kim-2025\/","title":{"rendered":"Huy hi\u1ec7u h\u1ee3p kim"},"content":{"rendered":"<p>\u2013 <a href=\"https:\/\/attemnhan.vn\/danh-muc-san-pham\/vat-pham-qua-tang\/huy-hieu\/\"><strong>Huy hi\u1ec7u h\u1ee3p kim<\/strong><\/a> l\u00e0 gi\u1ea3i ph\u00e1p \u0111\u1eb3ng c\u1ea5p, k\u1ebft h\u1ee3p gi\u1eefa t\u00ednh th\u1ea9m m\u1ef9 v\u00e0 \u0111\u1ed9 b\u1ec1n l\u00e2u. Kh\u1ea3 n\u0103ng truy\u1ec1n t\u1ea3i th\u01b0\u01a1ng hi\u1ec7u hi\u1ec7u qu\u1ea3. \u0110\u01b0\u1ee3c ch\u1ebf t\u00e1c t\u1eeb c\u00e1c lo\u1ea1i kim lo\u1ea1i nh\u01b0 h\u1ee3p kim \u0111\u1ed3ng, nh\u00f4m, k\u1ebdm v\u00e0 \u00e1p d\u1ee5ng c\u00f4ng ngh\u1ec7 \u0111\u00fac khu\u00f4n n\u1ed5i, lo\u1ea1i huy hi\u1ec7u inox cao c\u1ea5p, \u0111\u1eb7c bi\u1ec7t huy hi\u1ec7u h\u1ee3p kim \u0111\u00fac n\u1ed5i \u0111\u00e3 tr\u1edf th\u00e0nh s\u1ef1 l\u1ef1a ch\u1ecdn h\u00e0ng \u0111\u1ea7u cho c\u00e1c doanh nghi\u1ec7p mu\u1ed1n t\u1ea1o d\u1ea5u \u1ea5n ri\u00eang. C\u00f9ng kh\u00e1m ph\u00e1 b\u00e0i vi\u1ebft d\u01b0\u1edbi \u0111\u00e2y \u0111\u1ec3 hi\u1ec3u r\u00f5 h\u01a1n v\u1ec1 \u01b0u \u0111i\u1ec3m, t\u00ednh n\u0103ng n\u1ed5i b\u1eadt v\u00e0 quy tr\u00ecnh s\u1ea3n xu\u1ea5t v\u1ec1 s\u1ea3n ph\u1ea9m n\u00e0y nh\u00e9!<\/p>\n<figure id=\"attachment_11011\" aria-describedby=\"caption-attachment-11011\" style=\"width: 640px\" class=\"wp-caption aligncenter\"><a href=\"https:\/\/attemnhan.vn\/wp-content\/uploads\/2025\/09\/1699091632532.png\"><img fetchpriority=\"high\" decoding=\"async\" class=\"wp-image-11011 size-full\" src=\"https:\/\/attemnhan.vn\/wp-content\/uploads\/2025\/09\/1699091632532.png\" alt=\"Huy hi\u1ec7u h\u1ee3p kim\" width=\"640\" height=\"640\" srcset=\"https:\/\/attemnhan.vn\/wp-content\/uploads\/2025\/09\/1699091632532.png 640w, https:\/\/attemnhan.vn\/wp-content\/uploads\/2025\/09\/1699091632532-300x300.png 300w, https:\/\/attemnhan.vn\/wp-content\/uploads\/2025\/09\/1699091632532-150x150.png 150w, https:\/\/attemnhan.vn\/wp-content\/uploads\/2025\/09\/1699091632532-410x410.png 410w, https:\/\/attemnhan.vn\/wp-content\/uploads\/2025\/09\/1699091632532-580x580.png 580w, https:\/\/attemnhan.vn\/wp-content\/uploads\/2025\/09\/1699091632532-50x50.png 50w, https:\/\/attemnhan.vn\/wp-content\/uploads\/2025\/09\/1699091632532-100x100.png 100w, https:\/\/attemnhan.vn\/wp-content\/uploads\/2025\/09\/1699091632532-460x460.png 460w\" sizes=\"(max-width: 640px) 100vw, 640px\" \/><\/a><figcaption id=\"caption-attachment-11011\" class=\"wp-caption-text\">Huy hi\u1ec7u h\u1ee3p kim sang tr\u1ecdng, tinh t\u1ebf<\/figcaption><\/figure>\n<p>&nbsp;<\/p>\n<h2>Gi\u1edbi thi\u1ec7u v\u1ec1 huy hi\u1ec7u h\u1ee3p kim<\/h2>\n<p>\u2013 <a href=\"https:\/\/temkimloai.com.vn\/san-pham\/huy-hieu-hop-kim\/\" target=\"_blank\" rel=\"noopener\"><strong>Huy hi\u1ec7u h\u1ee3p kim<\/strong><\/a> l\u00e0 s\u1ea3n ph\u1ea9m c\u00e0i \u00e1o \u0111\u01b0\u1ee3c ch\u1ebf t\u1ea1o t\u1eeb h\u1ed7n h\u1ee3p nhi\u1ec1u kim lo\u1ea1i nh\u01b0 \u0111\u1ed3ng, nh\u00f4m, k\u1ebdm mang \u0111\u1ebfn v\u1ebb sang tr\u1ecdng v\u00e0 \u0111\u1ed9 b\u1ec1n cao. Nh\u1edd kh\u1ea3 n\u0103ng \u0111\u00fac khu\u00f4n ch\u00ecm n\u1ed5i, m\u1eabu huy hi\u1ec7u kh\u00f4ng ch\u1ec9 \u0111\u1ea3m b\u1ea3o t\u00ednh th\u1ea9m m\u1ef9 cao m\u00e0 c\u00f2n th\u1ec3 hi\u1ec7n \u0111\u01b0\u1ee3c s\u1ef1 chuy\u00ean nghi\u1ec7p c\u1ee7a doanh nghi\u1ec7p.<\/p>\n<p>\u2013 B\u00ean c\u1ea1nh \u0111\u00f3, d\u00f2ng s\u1ea3n ph\u1ea9m n\u00e0y c\u0169ng c\u00f3 th\u1ec3 \u0111\u01b0\u1ee3c k\u1ebft h\u1ee3p v\u1edbi c\u00e1c v\u1eadt li\u1ec7u nh\u01b0 inox gi\u00fap t\u0103ng \u0111\u1ed9 b\u1ec1n v\u00e0 t\u1ea1o n\u00ean nh\u1eefng thi\u1ebft k\u1ebf \u0111\u1ed9c \u0111\u00e1o v\u00e0 n\u1ed5i b\u1eadt.<\/p>\n<figure id=\"attachment_11021\" aria-describedby=\"caption-attachment-11021\" style=\"width: 2560px\" class=\"wp-caption aligncenter\"><a href=\"https:\/\/attemnhan.vn\/wp-content\/uploads\/2025\/09\/z5617042408940_dd50dbab7aef2d4253f95fd47aa2afca.jpg\"><img decoding=\"async\" class=\"size-full wp-image-11021\" src=\"https:\/\/attemnhan.vn\/wp-content\/uploads\/2025\/09\/z5617042408940_dd50dbab7aef2d4253f95fd47aa2afca.jpg\" alt=\"Huy hi\u1ec7u h\u1ee3p kim\" width=\"2560\" height=\"2560\" srcset=\"https:\/\/attemnhan.vn\/wp-content\/uploads\/2025\/09\/z5617042408940_dd50dbab7aef2d4253f95fd47aa2afca.jpg 2560w, https:\/\/attemnhan.vn\/wp-content\/uploads\/2025\/09\/z5617042408940_dd50dbab7aef2d4253f95fd47aa2afca-300x300.jpg 300w, https:\/\/attemnhan.vn\/wp-content\/uploads\/2025\/09\/z5617042408940_dd50dbab7aef2d4253f95fd47aa2afca-1024x1024.jpg 1024w, https:\/\/attemnhan.vn\/wp-content\/uploads\/2025\/09\/z5617042408940_dd50dbab7aef2d4253f95fd47aa2afca-150x150.jpg 150w, https:\/\/attemnhan.vn\/wp-content\/uploads\/2025\/09\/z5617042408940_dd50dbab7aef2d4253f95fd47aa2afca-768x768.jpg 768w, https:\/\/attemnhan.vn\/wp-content\/uploads\/2025\/09\/z5617042408940_dd50dbab7aef2d4253f95fd47aa2afca-1536x1536.jpg 1536w, https:\/\/attemnhan.vn\/wp-content\/uploads\/2025\/09\/z5617042408940_dd50dbab7aef2d4253f95fd47aa2afca-2048x2048.jpg 2048w, https:\/\/attemnhan.vn\/wp-content\/uploads\/2025\/09\/z5617042408940_dd50dbab7aef2d4253f95fd47aa2afca-410x410.jpg 410w, https:\/\/attemnhan.vn\/wp-content\/uploads\/2025\/09\/z5617042408940_dd50dbab7aef2d4253f95fd47aa2afca-580x580.jpg 580w, https:\/\/attemnhan.vn\/wp-content\/uploads\/2025\/09\/z5617042408940_dd50dbab7aef2d4253f95fd47aa2afca-50x50.jpg 50w, https:\/\/attemnhan.vn\/wp-content\/uploads\/2025\/09\/z5617042408940_dd50dbab7aef2d4253f95fd47aa2afca-100x100.jpg 100w, https:\/\/attemnhan.vn\/wp-content\/uploads\/2025\/09\/z5617042408940_dd50dbab7aef2d4253f95fd47aa2afca-460x460.jpg 460w\" sizes=\"(max-width: 2560px) 100vw, 2560px\" \/><\/a><figcaption id=\"caption-attachment-11021\" class=\"wp-caption-text\">Gi\u1edbi thi\u1ec7u v\u1ec1 huy hi\u1ec7u h\u1ee3p kim<\/figcaption><\/figure>\n<p>&nbsp;<\/p>\n<p>Xem th\u00eam<strong>: <a href=\"https:\/\/attemnhan.vn\/danh-muc-san-pham\/san-pham\/\">C\u00e1c s\u1ea3n ph\u1ea9m tem nh\u00e3n c\u1ee7a A&amp;T Label<\/a><\/strong><\/p>\n<ul>\n<li><strong><a href=\"https:\/\/attemnhan.vn\/danh-muc-san-pham\/tem-kim-loai\">Tem nh\u00e3n kim lo\u1ea1i<\/a><\/strong><\/li>\n<li><strong><a href=\"https:\/\/attemnhan.vn\/danh-muc-san-pham\/tem-nhua\/\">Tem nh\u1ef1a<\/a><\/strong><\/li>\n<li><strong><a href=\"https:\/\/attemnhan.vn\/danh-muc-san-pham\/tem-nganh-nghe\/\">Tem ng\u00e0nh ngh\u1ec1<\/a><\/strong><\/li>\n<\/ul>\n<h2>\u01afu \u0111i\u1ec3m n\u1ed5i b\u1eadt c\u1ee7a huy hi\u1ec7u h\u1ee3p kim<\/h2>\n<p>\u2013 \u0110\u1ed9 b\u1ec1n v\u01b0\u1ee3t tr\u1ed9i, <a href=\"https:\/\/www.google.com\/search?q=ch%E1%BB%91ng+oxy+h%C3%B3a+t%E1%BB%91t\" target=\"_blank\" rel=\"noopener\">ch\u1ed1ng oxy h\u00f3a t\u1ed1t<\/a>: Huy hi\u1ec7u h\u1ee3p kim \u0111\u01b0\u1ee3c ch\u1ebf t\u00e1c b\u1ec1n b\u1ec9 v\u1edbi th\u1eddi gian, tr\u00e1nh t\u00ecnh tr\u1ea1ng g\u1ec9 s\u00e9t ho\u1eb7c tr\u1ea7y x\u01b0\u1edbc theo th\u1eddi gian.<\/p>\n<p>\u2013 Ph\u01b0\u01a1ng ph\u00e1p \u0111\u00fac n\u1ed5i tinh x\u1ea3o: C\u00f4ng ngh\u1ec7 \u0111\u00fac khu\u00f4n ch\u00ecm n\u1ed5i t\u1ea1o ra c\u00e1c chi ti\u1ebft s\u1eafc n\u00e9t, n\u1ed5i b\u1eadt, t\u0103ng t\u00ednh nh\u1eadn di\u1ec7n th\u01b0\u01a1ng hi\u1ec7u.<\/p>\n<p>\u2013 \u0110a d\u1ea1ng m\u00e0u s\u1eafc v\u00e0 thi\u1ebft k\u1ebf: C\u00f3 th\u1ec3 m\u1ea1 theo nhi\u1ec1u m\u00e0u kh\u00e1c nhau, gi\u00fap \u0111\u00e1p \u1ee9ng nhu c\u1ea7u ri\u00eang bi\u1ec7t c\u1ee7a kh\u00e1ch h\u00e0ng.<\/p>\n<p>\u2013 Chi ph\u00ed c\u1ea1nh tranh: Gi\u00e1 th\u00e0nh h\u1ee3p l\u00fd h\u01a1n so v\u1edbi huy hi\u1ec7u l\u00e0m t\u1eeb inox nguy\u00ean ch\u1ea5t ho\u1eb7c \u0111\u1ed3ng, trong khi v\u1eabn gi\u1eef \u0111\u01b0\u1ee3c v\u1ebb \u0111\u1eb9p v\u00e0 \u0111\u1ed9 b\u1ec1n.<\/p>\n<p>\u2013 Ph\u1ee5 ki\u1ec7n \u0111a d\u1ea1ng, ti\u1ec7n \u00edch: C\u00f3 th\u1ec3 g\u1eafn nhi\u1ec1u lo\u1ea1i ch\u00e2n c\u00e0i nh\u01b0 ghim, nam ch\u00e2m, m\u00f3c kh\u00f3a ph\u00f9 h\u1ee3p v\u1edbi nhi\u1ec1u m\u1ee5c \u0111\u00edch s\u1eed d\u1ee5ng.<\/p>\n<p>\u2013 Hi\u1ec7u \u1ee9ng ph\u1ee7 epoxy: M\u1ed9t s\u1ed1 nh\u00e0 cung c\u1ea5p s\u1eed d\u1ee5ng l\u1edbp ph\u1ee7 keo epoxy \u0111\u1ec3 t\u0103ng \u0111\u1ed9 b\u00f3ng v\u00e0 b\u1ea3o v\u1ec7 b\u1ec1 m\u1eb7t kim lo\u1ea1i th\u00eam b\u1ec1n b\u1ec9.<\/p>\n<figure id=\"attachment_11013\" aria-describedby=\"caption-attachment-11013\" style=\"width: 640px\" class=\"wp-caption aligncenter\"><a href=\"https:\/\/attemnhan.vn\/wp-content\/uploads\/2025\/09\/1699091579429.png\"><img decoding=\"async\" class=\"size-full wp-image-11013\" src=\"https:\/\/attemnhan.vn\/wp-content\/uploads\/2025\/09\/1699091579429.png\" alt=\"Huy hi\u1ec7u h\u1ee3p kim\" width=\"640\" height=\"640\" srcset=\"https:\/\/attemnhan.vn\/wp-content\/uploads\/2025\/09\/1699091579429.png 640w, https:\/\/attemnhan.vn\/wp-content\/uploads\/2025\/09\/1699091579429-300x300.png 300w, https:\/\/attemnhan.vn\/wp-content\/uploads\/2025\/09\/1699091579429-150x150.png 150w, https:\/\/attemnhan.vn\/wp-content\/uploads\/2025\/09\/1699091579429-410x410.png 410w, https:\/\/attemnhan.vn\/wp-content\/uploads\/2025\/09\/1699091579429-580x580.png 580w, https:\/\/attemnhan.vn\/wp-content\/uploads\/2025\/09\/1699091579429-50x50.png 50w, https:\/\/attemnhan.vn\/wp-content\/uploads\/2025\/09\/1699091579429-100x100.png 100w, https:\/\/attemnhan.vn\/wp-content\/uploads\/2025\/09\/1699091579429-460x460.png 460w\" sizes=\"(max-width: 640px) 100vw, 640px\" \/><\/a><figcaption id=\"caption-attachment-11013\" class=\"wp-caption-text\">\u01afu \u0111i\u1ec3m n\u1ed5i b\u1eadt tr\u00ean huy hi\u1ec7u h\u1ee3p kim<\/figcaption><\/figure>\n<h2>\u1ee8ng d\u1ee5ng th\u1ef1c ti\u1ec5n trong doanh nghi\u1ec7p v\u00e0 t\u1ed5 ch\u1ee9c<\/h2>\n<p>\u2013 Qu\u00e0 t\u1eb7ng doanh nghi\u1ec7p:<strong> Huy hi\u1ec7u h\u1ee3p kim<\/strong> l\u00e0 m\u00f3n qu\u00e0 tinh t\u1ebf \u0111\u1ec3 tri \u00e2n \u0111\u1ed1i t\u00e1c, kh\u00e1ch h\u00e0ng n\u1ed5i b\u1eadt.<\/p>\n<figure id=\"attachment_11017\" aria-describedby=\"caption-attachment-11017\" style=\"width: 640px\" class=\"wp-caption aligncenter\"><a href=\"https:\/\/attemnhan.vn\/wp-content\/uploads\/2025\/09\/1705674770369.png\"><img loading=\"lazy\" decoding=\"async\" class=\"size-full wp-image-11017\" src=\"https:\/\/attemnhan.vn\/wp-content\/uploads\/2025\/09\/1705674770369.png\" alt=\"Huy hi\u1ec7u h\u1ee3p kim\" width=\"640\" height=\"640\" srcset=\"https:\/\/attemnhan.vn\/wp-content\/uploads\/2025\/09\/1705674770369.png 640w, https:\/\/attemnhan.vn\/wp-content\/uploads\/2025\/09\/1705674770369-300x300.png 300w, https:\/\/attemnhan.vn\/wp-content\/uploads\/2025\/09\/1705674770369-150x150.png 150w, https:\/\/attemnhan.vn\/wp-content\/uploads\/2025\/09\/1705674770369-410x410.png 410w, https:\/\/attemnhan.vn\/wp-content\/uploads\/2025\/09\/1705674770369-580x580.png 580w, https:\/\/attemnhan.vn\/wp-content\/uploads\/2025\/09\/1705674770369-50x50.png 50w, https:\/\/attemnhan.vn\/wp-content\/uploads\/2025\/09\/1705674770369-100x100.png 100w, https:\/\/attemnhan.vn\/wp-content\/uploads\/2025\/09\/1705674770369-460x460.png 460w\" sizes=\"(max-width: 640px) 100vw, 640px\" \/><\/a><figcaption id=\"caption-attachment-11017\" class=\"wp-caption-text\">Qu\u00e0 t\u1eb7ng doanh nghi\u1ec7p v\u1edbi huy hi\u1ec7u h\u1ee3p kim<\/figcaption><\/figure>\n<p>&nbsp;<\/p>\n<p>\u2013 Nh\u1eadn di\u1ec7n th\u01b0\u01a1ng hi\u1ec7u: C\u00e0i tr\u00ean \u0111\u1ed3ng ph\u1ee5c ho\u1eb7c balo \u0111\u1ec3 t\u1ea1o d\u1ea5u \u1ea5n th\u01b0\u01a1ng hi\u1ec7u chuy\u00ean nghi\u1ec7p.<\/p>\n<figure id=\"attachment_11015\" aria-describedby=\"caption-attachment-11015\" style=\"width: 640px\" class=\"wp-caption aligncenter\"><a href=\"https:\/\/attemnhan.vn\/wp-content\/uploads\/2025\/09\/1705845388218.png\"><img loading=\"lazy\" decoding=\"async\" class=\"wp-image-11015 size-full\" src=\"https:\/\/attemnhan.vn\/wp-content\/uploads\/2025\/09\/1705845388218.png\" alt=\"Huy hi\u1ec7u h\u1ee3p kim\" width=\"640\" height=\"640\" srcset=\"https:\/\/attemnhan.vn\/wp-content\/uploads\/2025\/09\/1705845388218.png 640w, https:\/\/attemnhan.vn\/wp-content\/uploads\/2025\/09\/1705845388218-300x300.png 300w, https:\/\/attemnhan.vn\/wp-content\/uploads\/2025\/09\/1705845388218-150x150.png 150w, https:\/\/attemnhan.vn\/wp-content\/uploads\/2025\/09\/1705845388218-410x410.png 410w, https:\/\/attemnhan.vn\/wp-content\/uploads\/2025\/09\/1705845388218-580x580.png 580w, https:\/\/attemnhan.vn\/wp-content\/uploads\/2025\/09\/1705845388218-50x50.png 50w, https:\/\/attemnhan.vn\/wp-content\/uploads\/2025\/09\/1705845388218-100x100.png 100w, https:\/\/attemnhan.vn\/wp-content\/uploads\/2025\/09\/1705845388218-460x460.png 460w\" sizes=\"(max-width: 640px) 100vw, 640px\" \/><\/a><figcaption id=\"caption-attachment-11015\" class=\"wp-caption-text\">Nh\u1eadn di\u1ec7n th\u01b0\u01a1ng hi\u1ec7u v\u1edbi huy hi\u1ec7u h\u1ee3p kim<\/figcaption><\/figure>\n<p>\u2013 S\u1ef1 ki\u1ec7n v\u00e0 l\u01b0u ni\u1ec7m: Ph\u00f9 h\u1ee3p cho gala, k\u1ef7 ni\u1ec7m ho\u1eb7c c\u00e1c ch\u01b0\u01a1ng tr\u00ecnh tri \u00e2n v\u00e0 t\u1ea1o k\u1ef7 v\u1eadt \u0111\u00e1ng qu\u00fd.<\/p>\n<figure id=\"attachment_11023\" aria-describedby=\"caption-attachment-11023\" style=\"width: 640px\" class=\"wp-caption aligncenter\"><a href=\"https:\/\/attemnhan.vn\/wp-content\/uploads\/2025\/09\/1699171738050.png\"><img loading=\"lazy\" decoding=\"async\" class=\"size-full wp-image-11023\" src=\"https:\/\/attemnhan.vn\/wp-content\/uploads\/2025\/09\/1699171738050.png\" alt=\"Huy hi\u1ec7u h\u1ee3p kim d\u00e0nh cho s\u1ef1 ki\u1ec7n\" width=\"640\" height=\"640\" srcset=\"https:\/\/attemnhan.vn\/wp-content\/uploads\/2025\/09\/1699171738050.png 640w, https:\/\/attemnhan.vn\/wp-content\/uploads\/2025\/09\/1699171738050-300x300.png 300w, https:\/\/attemnhan.vn\/wp-content\/uploads\/2025\/09\/1699171738050-150x150.png 150w, https:\/\/attemnhan.vn\/wp-content\/uploads\/2025\/09\/1699171738050-410x410.png 410w, https:\/\/attemnhan.vn\/wp-content\/uploads\/2025\/09\/1699171738050-580x580.png 580w, https:\/\/attemnhan.vn\/wp-content\/uploads\/2025\/09\/1699171738050-50x50.png 50w, https:\/\/attemnhan.vn\/wp-content\/uploads\/2025\/09\/1699171738050-100x100.png 100w, https:\/\/attemnhan.vn\/wp-content\/uploads\/2025\/09\/1699171738050-460x460.png 460w\" sizes=\"(max-width: 640px) 100vw, 640px\" \/><\/a><figcaption id=\"caption-attachment-11023\" class=\"wp-caption-text\">Huy hi\u1ec7u h\u1ee3p kim d\u00e0nh cho s\u1ef1 ki\u1ec7n<\/figcaption><\/figure>\n<p>\u2013 Th\u00e0nh vi\u00ean \u0111o\u00e0n th\u1ec3: C\u00e0i cho c\u00e1c th\u00e0nh vi\u00ean trong t\u1ed5 ch\u1ee9c, h\u1ed9i ph\u1ee5ng s\u1ef1 nh\u1eb1m th\u00fac \u0111\u1ea9y tinh th\u1ea7n \u0111o\u00e0n k\u1ebft.<\/p>\n<figure id=\"attachment_11025\" aria-describedby=\"caption-attachment-11025\" style=\"width: 2560px\" class=\"wp-caption aligncenter\"><a href=\"https:\/\/attemnhan.vn\/wp-content\/uploads\/2025\/09\/z5617044531975_b646dc5b96937819e610b097431c720c.jpg\"><img loading=\"lazy\" decoding=\"async\" class=\"size-full wp-image-11025\" src=\"https:\/\/attemnhan.vn\/wp-content\/uploads\/2025\/09\/z5617044531975_b646dc5b96937819e610b097431c720c.jpg\" alt=\"Huy hi\u1ec7u h\u1ee3p kim cho c\u00e1c t\u1ed5 ch\u1ee9c\" width=\"2560\" height=\"2560\" srcset=\"https:\/\/attemnhan.vn\/wp-content\/uploads\/2025\/09\/z5617044531975_b646dc5b96937819e610b097431c720c.jpg 2560w, https:\/\/attemnhan.vn\/wp-content\/uploads\/2025\/09\/z5617044531975_b646dc5b96937819e610b097431c720c-300x300.jpg 300w, https:\/\/attemnhan.vn\/wp-content\/uploads\/2025\/09\/z5617044531975_b646dc5b96937819e610b097431c720c-1024x1024.jpg 1024w, https:\/\/attemnhan.vn\/wp-content\/uploads\/2025\/09\/z5617044531975_b646dc5b96937819e610b097431c720c-150x150.jpg 150w, https:\/\/attemnhan.vn\/wp-content\/uploads\/2025\/09\/z5617044531975_b646dc5b96937819e610b097431c720c-768x768.jpg 768w, https:\/\/attemnhan.vn\/wp-content\/uploads\/2025\/09\/z5617044531975_b646dc5b96937819e610b097431c720c-1536x1536.jpg 1536w, https:\/\/attemnhan.vn\/wp-content\/uploads\/2025\/09\/z5617044531975_b646dc5b96937819e610b097431c720c-2048x2048.jpg 2048w, https:\/\/attemnhan.vn\/wp-content\/uploads\/2025\/09\/z5617044531975_b646dc5b96937819e610b097431c720c-410x410.jpg 410w, https:\/\/attemnhan.vn\/wp-content\/uploads\/2025\/09\/z5617044531975_b646dc5b96937819e610b097431c720c-580x580.jpg 580w, https:\/\/attemnhan.vn\/wp-content\/uploads\/2025\/09\/z5617044531975_b646dc5b96937819e610b097431c720c-50x50.jpg 50w, https:\/\/attemnhan.vn\/wp-content\/uploads\/2025\/09\/z5617044531975_b646dc5b96937819e610b097431c720c-100x100.jpg 100w, https:\/\/attemnhan.vn\/wp-content\/uploads\/2025\/09\/z5617044531975_b646dc5b96937819e610b097431c720c-460x460.jpg 460w\" sizes=\"(max-width: 2560px) 100vw, 2560px\" \/><\/a><figcaption id=\"caption-attachment-11025\" class=\"wp-caption-text\">Huy hi\u1ec7u h\u1ee3p kim cho c\u00e1c t\u1ed5 ch\u1ee9c<\/figcaption><\/figure>\n<p>&nbsp;<\/p>\n<h2>Kinh nghi\u1ec7m \u0111\u1eb7t huy hi\u1ec7u h\u1ee3p kim ch\u1ea5t l\u01b0\u1ee3ng<\/h2>\n<p>\u2013 Ch\u1ecdn \u0111\u01a1n v\u1ecb uy t\u00edn: A&amp;T Label l\u00e0 th\u01b0\u01a1ng hi\u1ec7u tem nh\u00e3n l\u00e2u n\u0103m, \u0111\u1ea3m b\u1ea3o uy t\u00edn v\u1edbi quy tr\u00ecnh chuy\u00ean nghi\u1ec7p \u0111a d\u1ea1ng m\u1eabu m\u00e3, h\u1ed7 tr\u1ee3 thi\u1ebft k\u1ebf mi\u1ec5n ph\u00ed v\u00e0 giao h\u00e0ng to\u00e0n qu\u1ed1c.<\/p>\n<p>\u2013 L\u1ef1a ch\u1ecdn c\u00f4ng ngh\u1ec7 s\u1ea3n xu\u1ea5t ph\u00f9 h\u1ee3p: D\u1ef1a tr\u00ean s\u1ed1 l\u01b0\u1ee3ng, ng\u00e2n s\u00e1ch v\u00e0 th\u00f4ng \u0111i\u1ec7p c\u1ea7n truy\u1ec1n t\u1ea3i \u0111\u1ec3 ch\u1ecdn c\u00e1c ph\u01b0\u01a1ng ph\u00e1p nh\u01b0 \u0103n m\u00f2n, m\u1ea1 v\u00e0ng, \u0111\u00fac n\u1ed5i hay ph\u00f4i s\u1eb5n.<\/p>\n<p>\u2013 Theo d\u00f5i v\u00e0 duy\u1ec7t m\u1eabu th\u1eed: Lu\u00f4n ki\u1ec3m tra k\u1ef9 m\u1eabu tr\u01b0\u1edbc khi ti\u1ebfn h\u00e0nh s\u1ea3n xu\u1ea5t h\u00e0ng lo\u1ea1t nh\u1eb1m \u0111\u1ea3m b\u1ea3o thi\u1ebft k\u1ebf \u0111\u00fang chu\u1ea9n s\u1eafc n\u00e9t v\u00e0 ch\u00ednh x\u00e1c.<\/p>\n<p>\u2013 \u0110\u1eb7t h\u00e0ng s\u1edbm \u0111\u1ed1i v\u1edbi s\u1ea3n ph\u1ea9m \u0111\u1eb7c th\u00f9: M\u1ed9t s\u1ed1 lo\u1ea1i huy hi\u1ec7u inox \u0111\u00fac khu\u00f4n c\u1ea7n nhi\u1ec1u th\u1eddi gian, v\u00ec v\u1eady kh\u00e1ch h\u00e0ng n\u00ean l\u00ean k\u1ebf ho\u1ea1ch \u0111\u1eb7t tr\u01b0\u1edbc \u0111\u1ec3 k\u1ecbp ti\u1ebfn \u0111\u1ed9.<\/p>\n<h2>\u0110\u1ecba ch\u1ec9 \u0111\u1eb7t mua huy hi\u1ec7u h\u1ee3p kim A&amp;T Label uy t\u00edn v\u00e0 ch\u1ea5t l\u01b0\u1ee3ng<\/h2>\n<p>\u2013 N\u1ebfu b\u1ea1n \u0111ang t\u00ecm n\u01a1i \u0111\u1ec3 in tem nh\u00e3n hay \u0111\u1eb7t mua huy hi\u1ec7u h\u1ee3p kim v\u1eeba ch\u1ea5t l\u01b0\u1ee3ng v\u00e0 \u0111\u1ea3m b\u1ea3o uy t\u00edn, th\u00ec th\u01b0\u01a1ng hi\u1ec7u A&amp;T Label ch\u00ednh l\u00e0 l\u1ef1a ch\u1ecdn h\u00e0ng \u0111\u1ea7u. V\u1edbi nhi\u1ec1u n\u0103m kinh nghi\u1ec7m, th\u01b0\u01a1ng hi\u1ec7u \u0111\u00e3 \u0111\u01b0\u1ee3c \u0111\u00f4ng \u0111\u1ea3o kh\u00e1ch h\u00e0ng v\u00e0 c\u00e1c doanh nghi\u1ec7p tr\u00ean to\u00e0n qu\u1ed1c tin t\u01b0\u1edfng v\u00e0 s\u1eed d\u1ee5ng d\u1ecbch v\u1ee5 th\u01b0\u1eddng xuy\u00ean.<\/p>\n<figure id=\"attachment_10965\" aria-describedby=\"caption-attachment-10965\" style=\"width: 1400px\" class=\"wp-caption aligncenter\"><a href=\"https:\/\/attemnhan.vn\/wp-content\/uploads\/2025\/09\/nhan-bao-gia-tem-hop-kim-1.gif\"><img loading=\"lazy\" decoding=\"async\" class=\"size-full wp-image-10965\" src=\"https:\/\/attemnhan.vn\/wp-content\/uploads\/2025\/09\/nhan-bao-gia-tem-hop-kim-1.gif\" alt=\"Li\u00ean h\u1ec7 A&amp;T Label \u0111\u1ec3 \u0111\u01b0\u1ee3c b\u00e1o gi\u00e1 chi ti\u1ebft v\u1ec1 d\u1ecbch v\u1ee5 l\u00e0m m\u00f3c kh\u00f3a kim lo\u1ea1i kh\u1eafc t\u00ean, logo\" width=\"1400\" height=\"750\" \/><\/a><figcaption id=\"caption-attachment-10965\" class=\"wp-caption-text\">Li\u00ean h\u1ec7<a href=\"https:\/\/attemnhan.vn\/\"> A&amp;T Label<\/a> \u0111\u1ec3 \u0111\u01b0\u1ee3c b\u00e1o gi\u00e1 chi ti\u1ebft v\u1ec1 d\u1ecbch v\u1ee5 l\u00e0m m\u00f3c kh\u00f3a kim lo\u1ea1i kh\u1eafc t\u00ean, logo<\/figcaption><\/figure>\n<p>T\u1ea1i TPHCM: b\u1ea1n c\u00f3 th\u1ec3 \u0111\u1ebfn tr\u1ef1c ti\u1ebfp tr\u1ee5 s\u1edf \u0111\u1ec3 tham kh\u1ea3o c\u00e1c m\u1eabu in \u0111a d\u1ea1ng, nh\u1eadn \u0111\u01b0\u1ee3c t\u01b0 v\u1ea5n t\u1eeb \u0111\u1ed9i ng\u0169 nh\u00e2n vi\u00ean chuy\u00ean nghi\u1ec7p v\u00e0 \u0111\u1eb7t h\u00e0ng v\u1edbi m\u1ee9c gi\u00e1 c\u1ea1nh tranh nh\u1ea5t.<br \/>\nKh\u00e1ch h\u00e0ng \u1edf xa: A&amp;T Label cam k\u1ebft giao h\u00e0ng nhanh ch\u00f3ng tr\u00ean to\u00e0n qu\u1ed1c v\u00e0 giao h\u00e0ng trong ng\u00e0y. \u0110\u1eb7c bi\u1ec7t, kh\u00e1ch h\u00e0ng \u0111\u1eb7t in online s\u1ebd \u0111\u01b0\u1ee3c h\u1ed7 tr\u1ee3 t\u01b0 v\u1ea5n qua hotline ho\u1eb7c video call \u0111\u1ec3 \u0111\u1ea3m b\u1ea3o s\u1ea3n ph\u1ea9m \u0111\u00fang y\u00eau c\u1ea7u.<\/p>\n<ul>\n<li>Ch\u00ednh s\u00e1ch cam k\u1ebft b\u1ea3o h\u00e0nh t\u1ea1i A&amp;T Label<\/li>\n<li>Qu\u00fd kh\u00e1ch c\u00f3 th\u1ec3 \u0111\u1ed5i ho\u1eb7c tr\u1ea3 s\u1ea3n ph\u1ea9m trong v\u00f2ng 10 ng\u00e0y k\u1ec3 t\u1eeb ng\u00e0y nh\u1eadn h\u00e0ng.<\/li>\n<li>S\u1ea3n ph\u1ea9m \u0111\u1ed5i tr\u1ea3 ph\u1ea3i c\u00f2n nguy\u00ean v\u1eb9n, ch\u01b0a qua s\u1eed d\u1ee5ng.<\/li>\n<li>A&amp;T Label ch\u1ec9 ch\u1ea5p nh\u1eadn \u0111\u1ed5i tr\u1ea3 \u0111\u1ed1i v\u1edbi nh\u1eefng s\u1ea3n ph\u1ea9m b\u1ecb l\u1ed7i k\u1ef9 thu\u1eadt ho\u1eb7c h\u01b0 h\u1ecfng do qu\u00e1 tr\u00ecnh s\u1ea3n xu\u1ea5t hay v\u1eadn chuy\u1ec3n. C\u00e1c tr\u01b0\u1eddng h\u1ee3p \u0111\u1ed5i tr\u1ea3 v\u00ec l\u00fd do c\u00e1 nh\u00e2n s\u1ebd kh\u00f4ng \u0111\u01b0\u1ee3c h\u1ed7 tr\u1ee3.<\/li>\n<li>N\u1ebfu l\u1ed7i \u0111\u01b0\u1ee3c x\u00e1c \u0111\u1ecbnh xu\u1ea5t ph\u00e1t t\u1eeb A&amp;T Label, ch\u00fang t\u00f4i s\u1ebd ch\u1ecbu to\u00e0n b\u1ed9 chi ph\u00ed v\u1eadn chuy\u1ec3n \u0111\u1ed5i tr\u1ea3 \u0111\u1ec3 \u0111\u1ea3m b\u1ea3o quy\u1ec1n l\u1ee3i cho kh\u00e1ch h\u00e0ng.<\/li>\n<\/ul>\n<p style=\"padding-left: 80px;\"><span style=\"font-weight: 400;\">\u0110\u1ecba ch\u1ec9:<\/span><a href=\"https:\/\/maps.app.goo.gl\/oAME4io5GPNyCwZa6\" target=\"_blank\" rel=\"noopener\"> <span style=\"font-weight: 400;\">S\u1ed1 101 \u0110\u01b0\u1eddng S\u1ed1 8, KDC Cityland Park Hills, Ph\u01b0\u1eddng G\u00f2 V\u1ea5p, TP HCM<\/span><span style=\"font-weight: 400;\"><br \/>\n<\/span><\/a><span style=\"font-weight: 400;\">S\u1ed1 \u0111i\u1ec7n tho\u1ea1i:<\/span><a href=\"tel:0909872896\"><span style=\"font-weight: 400;\"> 0909 872 896<\/span><\/a><\/p>\n<p>V\u1edbi uy t\u00edn l\u00e2u n\u0103m v\u00e0 quy tr\u00ecnh in \u1ea5n hi\u1ec7n \u0111\u1ea1i, A&amp;T Label t\u1ef1 tin \u0111\u00e1p \u1ee9ng 99% nhu c\u1ea7u in tem decal, tem nh\u1ef1a, tem kim lo\u1ea1i cho m\u1ecdi ng\u00e0nh ngh\u1ec1.<\/p>\n<p>T\u1eeb kh\u00f3a t\u00ecm ki\u1ebfm: huy hi\u1ec7u h\u1ee3p kim, huy hi\u1ec7u h\u1ee3p kim a&amp;t label, huy hi\u1ec7u h\u1ee3p kim a&amp;t, a&amp;t label huy hi\u1ec7u h\u1ee3p kim, huy hi\u1ec7u inox, huy hi\u1ec7u inox a&amp;t label, huy hi\u1ec7u inox a&amp;t, huy hi\u1ec7u h\u1ee3p kim, huy hi\u1ec7u h\u1ee3p kim a&amp;t label, huy hi\u1ec7u h\u1ee3p kim a&amp;t, huy hi\u1ec7u \u0111\u1ed3ng, huy hi\u1ec7u \u0111\u1ed3ng a&amp;t label, huy hi\u1ec7u \u0111\u1ed3ng a&amp;t, tem inox in uv, tem inox in uv a&amp;t label in tem nh\u00e3n a&amp;t, in tem nh\u00e3n a&amp;t label, tem nh\u00e3n s\u1ea3n ph\u1ea9m, tem nh\u00e3n s\u1ea3n ph\u1ea9m a&amp;t, tem nh\u00e3n s\u1ea3n ph\u1ea9m a&amp;t label, tem nh\u00e3n A&amp;T Label, tem nh\u00e3n kim lo\u1ea1i A&amp;T Label, in tem nh\u00e3n gi\u00e1 r\u1ebb A&amp;T Label, in tem d\u00e1n theo y\u00eau c\u1ea7u, tem d\u00e1n s\u1ea3n ph\u1ea9m, in tem gi\u00e1 r\u1ebb, in tem nh\u00e3n gi\u00e1 r\u1ebb, tem d\u00e1n s\u1ea3n ph\u1ea9m, nh\u00e3n d\u00e1n tem, tem nh\u00e3n.<\/p>\n<p>&nbsp;<\/p>\n","protected":false},"excerpt":{"rendered":"<div class=\"note-title\">\n<p class=\"text-m fw-b\">Th\u00f4ng s\u1ed1 c\u01a1 b\u1ea3n<\/p>\n<ul>\n<li class=\"text-m fw-b\">Huy hi\u1ec7u, pin c\u00e0i \u00e1o ch\u1ea5t l\u01b0\u1ee3ng cao \u0111\u01b0\u1ee3c l\u00e0m t\u1eeb ch\u1ea5t li\u1ec7u h\u1ee3p kim \u0111\u00fac b\u1ec1n b\u1ec9, l\u00e2u phai m\u00e0u.<\/li>\n<li class=\"text-m fw-b\">M\u1ea1 \u0111\u01b0\u1ee3c nhi\u1ec1u m\u00e0u kh\u00e1c nhau gi\u00fap qu\u00fd kh\u00e1ch c\u00f3 \u0111a s\u1ef1 l\u1ef1a ch\u1ecdn.Gi\u00e1 th\u00e0nh c\u1ee7a huy hi\u1ec7u, pin c\u00e0i h\u1ee3p kim c\u1ea1nh tranh h\u01a1n so v\u1edbi c\u00e1c huy hi\u1ec7u kim lo\u1ea1i kh\u00e1c nh\u01b0 inox, \u0111\u1ed3ng, nh\u00f4m\u2026<\/li>\n<li class=\"text-m fw-b\">C\u00f4ng ngh\u1ec7 m\u00e1y m\u00f3c hi\u1ec7n \u0111\u1ea1i \u0111\u00fac khu\u00f4n ch\u00ecm n\u1ed5i ho\u00e0n to\u00e0n t\u1ea1o \u0111\u01b0\u1ee3c s\u1eafc x\u1ea3o cho s\u1ea3n ph\u1ea9m.<\/li>\n<li class=\"text-m fw-b\">G\u1eafn \u0111\u01b0\u1ee3c nhi\u1ec1u lo\u1ea1i ch\u00e2n c\u00e0i kh\u00e1c nhau n\u00ean g\u1eafn \u0111\u01b0\u1ee3c tr\u00ean nhi\u1ec1u lo\u1ea1i s\u1ea3n ph\u1ea9m, ng\u00e0nh ngh\u1ec1 kh\u00e1c nhau c\u00f3 th\u1ec3 thay th\u1ebf tem h\u1ee3p kim.<\/li>\n<\/ul>\n<\/div>\n","protected":false},"featured_media":11021,"comment_status":"open","ping_status":"closed","template":"","meta":{"_acf_changed":false},"product_cat":[119,113],"product_tag":[],"class_list":{"0":"post-11010","1":"product","2":"type-product","3":"status-publish","4":"has-post-thumbnail","6":"product_cat-huy-hieu","7":"product_cat-vat-pham-qua-tang","9":"first","10":"instock","11":"shipping-taxable","12":"product-type-simple"},"acf":[],"_links":{"self":[{"href":"https:\/\/attemnhan.vn\/en\/wp-json\/wp\/v2\/product\/11010","targetHints":{"allow":["GET"]}}],"collection":[{"href":"https:\/\/attemnhan.vn\/en\/wp-json\/wp\/v2\/product"}],"about":[{"href":"https:\/\/attemnhan.vn\/en\/wp-json\/wp\/v2\/types\/product"}],"replies":[{"embeddable":true,"href":"https:\/\/attemnhan.vn\/en\/wp-json\/wp\/v2\/comments?post=11010"}],"version-history":[{"count":4,"href":"https:\/\/attemnhan.vn\/en\/wp-json\/wp\/v2\/product\/11010\/revisions"}],"predecessor-version":[{"id":11028,"href":"https:\/\/attemnhan.vn\/en\/wp-json\/wp\/v2\/product\/11010\/revisions\/11028"}],"wp:featuredmedia":[{"embeddable":true,"href":"https:\/\/attemnhan.vn\/en\/wp-json\/wp\/v2\/media\/11021"}],"wp:attachment":[{"href":"https:\/\/attemnhan.vn\/en\/wp-json\/wp\/v2\/media?parent=11010"}],"wp:term":[{"taxonomy":"product_cat","embeddable":true,"href":"https:\/\/attemnhan.vn\/en\/wp-json\/wp\/v2\/product_cat?post=11010"},{"taxonomy":"product_tag","embeddable":true,"href":"https:\/\/attemnhan.vn\/en\/wp-json\/wp\/v2\/product_tag?post=11010"}],"curies":[{"name":"wp","href":"https:\/\/api.w.org\/{rel}","templated":true}]}}