{"id":10988,"date":"2025-09-03T15:29:27","date_gmt":"2025-09-03T08:29:27","guid":{"rendered":"https:\/\/attemnhan.vn\/?post_type=product&#038;p=10988"},"modified":"2025-09-03T15:32:51","modified_gmt":"2025-09-03T08:32:51","slug":"huy-hieu-inox-2025","status":"publish","type":"product","link":"https:\/\/attemnhan.vn\/san-pham\/huy-hieu-inox-2025\/","title":{"rendered":"Huy hi\u1ec7u inox"},"content":{"rendered":"<p><a href=\"https:\/\/attemnhan.vn\/danh-muc-san-pham\/vat-pham-qua-tang\/huy-hieu\/\"><strong>Huy hi\u1ec7u inox<\/strong><\/a> l\u00e0 gi\u1ea3i ph\u00e1p l\u00fd t\u01b0\u1edfng cho nh\u1eefng ai mu\u1ed1n s\u1edf h\u1eefu ph\u1ee5 ki\u1ec7n \u0111\u1ed3ng ph\u1ee5c \u0111\u1eb9p, s\u00e1ng b\u00f3ng v\u00e0 th\u1ec3 hi\u1ec7n \u0111\u01b0\u1ee3c phong c\u00e1ch chuy\u00ean nghi\u1ec7p. V\u1edbi ch\u1ea5t li\u1ec7u inox cao c\u1ea5p, nh\u1eefng chi\u1ebfc huy hi\u1ec7u kh\u00f4ng ch\u1ec9 c\u00f3 \u0111\u1ed9 b\u1ec1n v\u01b0\u1ee3t tr\u1ed9i, kh\u1ea3 n\u0103ng ch\u1ed1ng g\u1ec9 s\u00e9t tuy\u1ec7t v\u1eddi m\u00e0 c\u00f2n gi\u1eef \u0111\u01b0\u1ee3c v\u1ebb ngo\u00e0i s\u00e1ng nh\u01b0 m\u1edbi theo th\u1eddi gian. C\u00f9ng kh\u00e1m ph\u00e1 s\u00e2u h\u01a1n v\u1ec1 huy hi\u1ec7u h\u1ee3p kim v\u00e0 \u0111\u1eb7c bi\u1ec7t nh\u1eefng m\u1eabu huy hi\u1ec7u h\u1ee3p kim \u0111\u00fac n\u1ed5i, qua b\u00e0i vi\u1ebft chi ti\u1ebft d\u01b0\u1edbi \u0111\u00e2y nh\u00e9.<\/p>\n<p><a href=\"https:\/\/attemnhan.vn\/wp-content\/uploads\/2025\/09\/1674743834337.png\"><img fetchpriority=\"high\" decoding=\"async\" class=\"aligncenter size-full wp-image-10989\" src=\"https:\/\/attemnhan.vn\/wp-content\/uploads\/2025\/09\/1674743834337.png\" alt=\"\" width=\"640\" height=\"640\" srcset=\"https:\/\/attemnhan.vn\/wp-content\/uploads\/2025\/09\/1674743834337.png 640w, https:\/\/attemnhan.vn\/wp-content\/uploads\/2025\/09\/1674743834337-300x300.png 300w, https:\/\/attemnhan.vn\/wp-content\/uploads\/2025\/09\/1674743834337-150x150.png 150w, https:\/\/attemnhan.vn\/wp-content\/uploads\/2025\/09\/1674743834337-410x410.png 410w, https:\/\/attemnhan.vn\/wp-content\/uploads\/2025\/09\/1674743834337-580x580.png 580w, https:\/\/attemnhan.vn\/wp-content\/uploads\/2025\/09\/1674743834337-50x50.png 50w, https:\/\/attemnhan.vn\/wp-content\/uploads\/2025\/09\/1674743834337-100x100.png 100w, https:\/\/attemnhan.vn\/wp-content\/uploads\/2025\/09\/1674743834337-460x460.png 460w\" sizes=\"(max-width: 640px) 100vw, 640px\" \/><\/a><\/p>\n<h2>Gi\u1edbi thi\u1ec7u chung v\u1ec1 huy hi\u1ec7u inox<\/h2>\n<p><strong>\u00a0<a href=\"https:\/\/attemnhan.vn\/danh-muc-san-pham\/vat-pham-qua-tang\/huy-hieu\/\">Huy hi\u1ec7u inox<\/a><\/strong> th\u01b0\u1eddng \u0111\u01b0\u1ee3c l\u00e0m t\u1eeb inox th\u00e9p kh\u00f4ng g\u1ec9, c\u00f3 \u01b0u \u0111i\u1ec3m v\u01b0\u1ee3t tr\u1ed9i v\u1ec1 \u0111\u1ed9 b\u1ec1n v\u00e0 kh\u1ea3 n\u0103ng ch\u1ed1ng mai m\u00f2n. Theo ngu\u1ed3n tham kh\u1ea3o, \u0111\u00e2y ch\u00ednh l\u00e0 ch\u1ea5t li\u1ec7u l\u00fd t\u01b0\u1edfng \u0111\u1ec3 qu\u1ea3ng b\u00e1 th\u01b0\u01a1ng hi\u1ec7u b\u1edfi \u0111\u1ed9 s\u00e1ng b\u00f3ng chuy\u00ean nghi\u1ec7p v\u00e0 gi\u1eef nguy\u00ean h\u00ecnh \u1ea3nh \u0111\u1eb9p l\u00e2u d\u00e0i.<\/p>\n<figure id=\"attachment_10991\" aria-describedby=\"caption-attachment-10991\" style=\"width: 640px\" class=\"wp-caption aligncenter\"><a href=\"https:\/\/attemnhan.vn\/wp-content\/uploads\/2025\/09\/1675564326620.png\"><img decoding=\"async\" class=\"wp-image-10991 size-full\" src=\"https:\/\/attemnhan.vn\/wp-content\/uploads\/2025\/09\/1675564326620.png\" alt=\"Huy hi\u1ec7u inox\" width=\"640\" height=\"640\" srcset=\"https:\/\/attemnhan.vn\/wp-content\/uploads\/2025\/09\/1675564326620.png 640w, https:\/\/attemnhan.vn\/wp-content\/uploads\/2025\/09\/1675564326620-300x300.png 300w, https:\/\/attemnhan.vn\/wp-content\/uploads\/2025\/09\/1675564326620-150x150.png 150w, https:\/\/attemnhan.vn\/wp-content\/uploads\/2025\/09\/1675564326620-410x410.png 410w, https:\/\/attemnhan.vn\/wp-content\/uploads\/2025\/09\/1675564326620-580x580.png 580w, https:\/\/attemnhan.vn\/wp-content\/uploads\/2025\/09\/1675564326620-50x50.png 50w, https:\/\/attemnhan.vn\/wp-content\/uploads\/2025\/09\/1675564326620-100x100.png 100w, https:\/\/attemnhan.vn\/wp-content\/uploads\/2025\/09\/1675564326620-460x460.png 460w\" sizes=\"(max-width: 640px) 100vw, 640px\" \/><\/a><figcaption id=\"caption-attachment-10991\" class=\"wp-caption-text\">Huy hi\u1ec7u inox<\/figcaption><\/figure>\n<h2>\u01afu \u0111i\u1ec3m n\u1ed5i b\u1eadt c\u1ee7a huy hi\u1ec7u inox<\/h2>\n<ul>\n<li>\u0110\u1ed9 b\u1ec1n cao v\u00e0 ch\u1ed1ng b\u1ecb r\u1ec9 s\u00e9t: Inox kh\u00f4ng b\u1ecb oxy h\u00f3a th\u00edch h\u1ee3p s\u1eed d\u1ee5ng l\u00e2u d\u00e0i v\u00e0 ngay c\u1ea3 trong \u0111i\u1ec1u ki\u1ec7n \u1ea9m \u01b0\u1edbt.<\/li>\n<li>Th\u1ea9m m\u1ef9 v\u00e0 chuy\u00ean nghi\u1ec7p: B\u1ec1 m\u1eb7t inox s\u00e1ng b\u00f3ng t\u1ea1o c\u1ea3m gi\u00e1c tinh t\u1ebf v\u00e0 sang tr\u1ecdng.<\/li>\n<li>Ch\u1ed1ng tr\u1ea7y x\u01b0\u1edbc v\u00e0 d\u1ec5 b\u1ea3o qu\u1ea3n: Kh\u1ea3 n\u0103ng ch\u1ecbu l\u1ef1c cao, \u00edt khi b\u1ecb h\u01b0 h\u1ecfng trong qu\u00e1 tr\u00ecnh s\u1eed d\u1ee5ng.<\/li>\n<\/ul>\n<figure id=\"attachment_10993\" aria-describedby=\"caption-attachment-10993\" style=\"width: 640px\" class=\"wp-caption aligncenter\"><a href=\"https:\/\/attemnhan.vn\/wp-content\/uploads\/2025\/09\/1675870069211.png\"><img decoding=\"async\" class=\"size-full wp-image-10993\" src=\"https:\/\/attemnhan.vn\/wp-content\/uploads\/2025\/09\/1675870069211.png\" alt=\"\u01afu \u0111i\u1ec3m tr\u00ean huy hi\u1ec7u inox\" width=\"640\" height=\"640\" srcset=\"https:\/\/attemnhan.vn\/wp-content\/uploads\/2025\/09\/1675870069211.png 640w, https:\/\/attemnhan.vn\/wp-content\/uploads\/2025\/09\/1675870069211-300x300.png 300w, https:\/\/attemnhan.vn\/wp-content\/uploads\/2025\/09\/1675870069211-150x150.png 150w, https:\/\/attemnhan.vn\/wp-content\/uploads\/2025\/09\/1675870069211-410x410.png 410w, https:\/\/attemnhan.vn\/wp-content\/uploads\/2025\/09\/1675870069211-580x580.png 580w, https:\/\/attemnhan.vn\/wp-content\/uploads\/2025\/09\/1675870069211-50x50.png 50w, https:\/\/attemnhan.vn\/wp-content\/uploads\/2025\/09\/1675870069211-100x100.png 100w, https:\/\/attemnhan.vn\/wp-content\/uploads\/2025\/09\/1675870069211-460x460.png 460w\" sizes=\"(max-width: 640px) 100vw, 640px\" \/><\/a><figcaption id=\"caption-attachment-10993\" class=\"wp-caption-text\">\u01afu \u0111i\u1ec3m tr\u00ean huy hi\u1ec7u inox<\/figcaption><\/figure>\n<h2>\u1ee8ng d\u1ee5ng th\u1ef1c ti\u1ec5n trong doanh nghi\u1ec7p v\u00e0 t\u1ed5 ch\u1ee9c<\/h2>\n<p>Nh\u1eadn di\u1ec7n th\u01b0\u01a1ng hi\u1ec7u:<strong> <a href=\"https:\/\/www.google.com\/search?q=In+logo\" target=\"_blank\" rel=\"noopener\">In logo<\/a><\/strong>, slogan l\u00ean huy hi\u1ec7u \u0111\u1ec3 t\u1ea1o d\u1ea5u \u1ea5n nh\u00e2n vi\u00ean ho\u1eb7c s\u1ef1 ki\u1ec7n.<\/p>\n<p>Qu\u00e0 t\u1eb7ng cao c\u1ea5p: <strong><a href=\"https:\/\/attemnhan.vn\/danh-muc-san-pham\/vat-pham-qua-tang\/huy-hieu\/\">Huy hi\u1ec7u inox<\/a><\/strong> h\u1ee3p kim \u0111\u00fac n\u1ed5i k\u1ebft h\u1ee3p v\u1edbi m\u1ea1 v\u00e0ng t\u1ea1o gi\u00e1 tr\u1ecb tinh th\u1ea7n v\u00e0 th\u01b0\u01a1ng m\u1ea1i cao.<\/p>\n<p>L\u00e0m qu\u00e0 l\u01b0u ni\u1ec7m, k\u1ef7 ni\u1ec7m: Ph\u00f9 h\u1ee3p cho c\u00e1c d\u1ecbp \u0111\u1eb7c bi\u1ec7t nh\u01b0 k\u1ef7 ni\u1ec7m c\u00f4ng ty, \u0111\u1ea1i h\u1ed9i ho\u1eb7c s\u1ef1 ki\u1ec7n.<\/p>\n<h2>\u0110\u00e1p \u1ee9ng m\u1ecdi ki\u1ec3u d\u00e1ng<\/h2>\n<h3>Huy hi\u1ec7u logo<\/h3>\n<p>\u2013 Kh\u1eb3ng \u0111\u1ecbnh v\u1ecb th\u1ebf v\u00e0 gi\u00e1 tr\u1ecb c\u1ee7a th\u01b0\u01a1ng hi\u1ec7u chuy\u00ean nghi\u1ec7p, t\u1ea1o \u1ea5n t\u01b0\u1ee3ng m\u1ea1nh m\u1ebd cho c\u00f4ng ty, t\u1ed5 ch\u1ee9c, h\u1ed9i nh\u00f3m. M\u1ed7i huy hi\u1ec7u l\u00e0 \u0111\u1ea1i di\u1ec7n \u0111\u00e1ng tin c\u1eady cho gi\u00e1 tr\u1ecb uy t\u00edn c\u1ee7a b\u1ea1n.<\/p>\n<figure id=\"attachment_10995\" aria-describedby=\"caption-attachment-10995\" style=\"width: 640px\" class=\"wp-caption aligncenter\"><a href=\"https:\/\/attemnhan.vn\/wp-content\/uploads\/2025\/09\/1681916327282.png\"><img loading=\"lazy\" decoding=\"async\" class=\"size-full wp-image-10995\" src=\"https:\/\/attemnhan.vn\/wp-content\/uploads\/2025\/09\/1681916327282.png\" alt=\"Huy hi\u1ec7u inox\" width=\"640\" height=\"640\" srcset=\"https:\/\/attemnhan.vn\/wp-content\/uploads\/2025\/09\/1681916327282.png 640w, https:\/\/attemnhan.vn\/wp-content\/uploads\/2025\/09\/1681916327282-300x300.png 300w, https:\/\/attemnhan.vn\/wp-content\/uploads\/2025\/09\/1681916327282-150x150.png 150w, https:\/\/attemnhan.vn\/wp-content\/uploads\/2025\/09\/1681916327282-410x410.png 410w, https:\/\/attemnhan.vn\/wp-content\/uploads\/2025\/09\/1681916327282-580x580.png 580w, https:\/\/attemnhan.vn\/wp-content\/uploads\/2025\/09\/1681916327282-50x50.png 50w, https:\/\/attemnhan.vn\/wp-content\/uploads\/2025\/09\/1681916327282-100x100.png 100w, https:\/\/attemnhan.vn\/wp-content\/uploads\/2025\/09\/1681916327282-460x460.png 460w\" sizes=\"(max-width: 640px) 100vw, 640px\" \/><\/a><figcaption id=\"caption-attachment-10995\" class=\"wp-caption-text\">Huy hi\u1ec7u inox<\/figcaption><\/figure>\n<h3>Huy hi\u1ec7u qu\u00e0 t\u1eb7ng<\/h3>\n<p>\u2013 Huy hi\u1ec7u gi\u00fap mang \u0111\u1ebfn nh\u1eefng ni\u1ec1m vui v\u1edbi nh\u1eefng h\u00ecnh \u1ea3nh d\u1ec5 th\u01b0\u01a1ng hot trend theo xu h\u01b0\u1edbng. M\u00f3n qu\u00e0 nh\u1ecf nh\u01b0ng ch\u1ee9a \u0111\u1ef1ng v\u1edbi v\u00f4 v\u00e0n t\u00ecnh c\u1ea3m l\u1edbn t\u1ea1o n\u00ean \u1ea5n t\u01b0\u1ee3ng v\u1edbi m\u1ecdi ng\u01b0\u1eddi.<\/p>\n<figure id=\"attachment_10997\" aria-describedby=\"caption-attachment-10997\" style=\"width: 640px\" class=\"wp-caption aligncenter\"><a href=\"https:\/\/attemnhan.vn\/wp-content\/uploads\/2025\/09\/1710517289409.png\"><img loading=\"lazy\" decoding=\"async\" class=\"size-full wp-image-10997\" src=\"https:\/\/attemnhan.vn\/wp-content\/uploads\/2025\/09\/1710517289409.png\" alt=\"Huy hi\u1ec7u inox logo\" width=\"640\" height=\"640\" srcset=\"https:\/\/attemnhan.vn\/wp-content\/uploads\/2025\/09\/1710517289409.png 640w, https:\/\/attemnhan.vn\/wp-content\/uploads\/2025\/09\/1710517289409-300x300.png 300w, https:\/\/attemnhan.vn\/wp-content\/uploads\/2025\/09\/1710517289409-150x150.png 150w, https:\/\/attemnhan.vn\/wp-content\/uploads\/2025\/09\/1710517289409-410x410.png 410w, https:\/\/attemnhan.vn\/wp-content\/uploads\/2025\/09\/1710517289409-580x580.png 580w, https:\/\/attemnhan.vn\/wp-content\/uploads\/2025\/09\/1710517289409-50x50.png 50w, https:\/\/attemnhan.vn\/wp-content\/uploads\/2025\/09\/1710517289409-100x100.png 100w, https:\/\/attemnhan.vn\/wp-content\/uploads\/2025\/09\/1710517289409-460x460.png 460w\" sizes=\"(max-width: 640px) 100vw, 640px\" \/><\/a><figcaption id=\"caption-attachment-10997\" class=\"wp-caption-text\">Huy hi\u1ec7u inox logo<\/figcaption><\/figure>\n<p>&nbsp;<\/p>\n<h3>Huy hi\u1ec7u qu\u1ea7n \u00e1o<\/h3>\n<p>\u2013 Huy hi\u1ec7u inox \u0111\u00fac n\u1ed5i gi\u00fap t\u00f4n vinh cho b\u1ed9 s\u01b0u t\u1eadp th\u1eddi trang tinh t\u1ebf, bi\u1ebfn m\u1ed7i s\u1ea3n ph\u1ea9m th\u00e0nh t\u00e1c ph\u1ea9m ngh\u1ec7 thu\u1eadt. Mang \u0111\u1ebfn nh\u1eefng gi\u00e1 tr\u1ecb th\u1ef1c v\u00e0 kh\u1eb3ng \u0111\u1ecbnh v\u1ecb th\u1ebf c\u1ee7a th\u01b0\u01a1ng hi\u1ec7u.<\/p>\n<figure id=\"attachment_10999\" aria-describedby=\"caption-attachment-10999\" style=\"width: 640px\" class=\"wp-caption aligncenter\"><a href=\"https:\/\/attemnhan.vn\/wp-content\/uploads\/2025\/09\/1674743757944.png\"><img loading=\"lazy\" decoding=\"async\" class=\"size-full wp-image-10999\" src=\"https:\/\/attemnhan.vn\/wp-content\/uploads\/2025\/09\/1674743757944.png\" alt=\"Huy hi\u1ec7u inox d\u00e0nh cho th\u1eddi trang\" width=\"640\" height=\"585\" srcset=\"https:\/\/attemnhan.vn\/wp-content\/uploads\/2025\/09\/1674743757944.png 640w, https:\/\/attemnhan.vn\/wp-content\/uploads\/2025\/09\/1674743757944-300x274.png 300w, https:\/\/attemnhan.vn\/wp-content\/uploads\/2025\/09\/1674743757944-580x530.png 580w\" sizes=\"(max-width: 640px) 100vw, 640px\" \/><\/a><figcaption id=\"caption-attachment-10999\" class=\"wp-caption-text\">Huy hi\u1ec7u inox d\u00e0nh cho th\u1eddi trang<\/figcaption><\/figure>\n<p>&nbsp;<\/p>\n<h3>Huy hi\u1ec7u s\u1ef1 ki\u1ec7n<\/h3>\n<p>\u2013 Bi\u1ebfn m\u1ed7i bu\u1ed5i s\u1ef1 ki\u1ec7n hay h\u1ed9i ngh\u1ecb th\u00e0nh nh\u1eefng tr\u1ea3i nghi\u1ec7m \u0111\u00e1ng nh\u1edb v\u1edbi huy hi\u1ec7u s\u1ef1 ki\u1ec7n gi\u00e1 tr\u1ecb v\u00e0 \u0111\u1ed9c quy\u1ec1n. T\u1ea1o n\u00ean k\u1ebft n\u1ed1i \u0111\u1ea7y \u00fd ngh\u0129a v\u00e0 nh\u1eefng k\u1ef7 ni\u1ec7m qu\u00fd gi\u00e1 cho m\u1ecdi ng\u01b0\u1eddi tham gia.<\/p>\n<figure id=\"attachment_11003\" aria-describedby=\"caption-attachment-11003\" style=\"width: 640px\" class=\"wp-caption aligncenter\"><a href=\"https:\/\/attemnhan.vn\/wp-content\/uploads\/2025\/09\/1675785598909.png\"><img loading=\"lazy\" decoding=\"async\" class=\"size-full wp-image-11003\" src=\"https:\/\/attemnhan.vn\/wp-content\/uploads\/2025\/09\/1675785598909.png\" alt=\"Huy hi\u1ec7u inox d\u00e0nh cho c\u00e1c s\u1ef1 ki\u1ec7n, t\u1ed5 ch\u1ee9c\" width=\"640\" height=\"640\" srcset=\"https:\/\/attemnhan.vn\/wp-content\/uploads\/2025\/09\/1675785598909.png 640w, https:\/\/attemnhan.vn\/wp-content\/uploads\/2025\/09\/1675785598909-300x300.png 300w, https:\/\/attemnhan.vn\/wp-content\/uploads\/2025\/09\/1675785598909-150x150.png 150w, https:\/\/attemnhan.vn\/wp-content\/uploads\/2025\/09\/1675785598909-410x410.png 410w, https:\/\/attemnhan.vn\/wp-content\/uploads\/2025\/09\/1675785598909-580x580.png 580w, https:\/\/attemnhan.vn\/wp-content\/uploads\/2025\/09\/1675785598909-50x50.png 50w, https:\/\/attemnhan.vn\/wp-content\/uploads\/2025\/09\/1675785598909-100x100.png 100w, https:\/\/attemnhan.vn\/wp-content\/uploads\/2025\/09\/1675785598909-460x460.png 460w\" sizes=\"(max-width: 640px) 100vw, 640px\" \/><\/a><figcaption id=\"caption-attachment-11003\" class=\"wp-caption-text\">Huy hi\u1ec7u inox d\u00e0nh cho c\u00e1c s\u1ef1 ki\u1ec7n, t\u1ed5 ch\u1ee9c<\/figcaption><\/figure>\n<h3>Huy hi\u1ec7u l\u00e1 c\u1edd<\/h3>\n<p>\u2013 Trong t\u1eebng chi ti\u1ebft nh\u1ecf tr\u00ean huy hi\u1ec7u l\u00e1 c\u1edd l\u00e0 m\u1ed9t d\u1ea5u \u1ea5n ri\u00eang \u0111\u1ec3 kh\u1eb3ng \u0111\u1ecbnh h\u00ecnh \u1ea3nh v\u00e0 truy\u1ec1n t\u1ea3i th\u00f4ng \u0111i\u1ec7p. Huy hi\u1ec7u inox \u0111\u00fac n\u1ed5i l\u00e1 c\u1edd ch\u00ednh l\u00e0 l\u1ef1a ch\u1ecdn v\u1eeba tinh t\u1ebf v\u1eeba gi\u00e0u \u00fd ngh\u0129a, ph\u00f9 h\u1ee3p cho c\u00e1c t\u1ed5 ch\u1ee9c doanh nghi\u1ec7p, h\u1ed9i nh\u00f3m l\u1eabn ng\u01b0\u1eddi ti\u00eau d\u00f9ng c\u00e1 nh\u00e2n.<\/p>\n<figure id=\"attachment_11005\" aria-describedby=\"caption-attachment-11005\" style=\"width: 640px\" class=\"wp-caption aligncenter\"><a href=\"https:\/\/attemnhan.vn\/wp-content\/uploads\/2025\/09\/1674743831706.png\"><img loading=\"lazy\" decoding=\"async\" class=\"size-full wp-image-11005\" src=\"https:\/\/attemnhan.vn\/wp-content\/uploads\/2025\/09\/1674743831706.png\" alt=\"Huy hi\u1ec7u inox l\u00e1 c\u1edd\" width=\"640\" height=\"640\" srcset=\"https:\/\/attemnhan.vn\/wp-content\/uploads\/2025\/09\/1674743831706.png 640w, https:\/\/attemnhan.vn\/wp-content\/uploads\/2025\/09\/1674743831706-300x300.png 300w, https:\/\/attemnhan.vn\/wp-content\/uploads\/2025\/09\/1674743831706-150x150.png 150w, https:\/\/attemnhan.vn\/wp-content\/uploads\/2025\/09\/1674743831706-410x410.png 410w, https:\/\/attemnhan.vn\/wp-content\/uploads\/2025\/09\/1674743831706-580x580.png 580w, https:\/\/attemnhan.vn\/wp-content\/uploads\/2025\/09\/1674743831706-50x50.png 50w, https:\/\/attemnhan.vn\/wp-content\/uploads\/2025\/09\/1674743831706-100x100.png 100w, https:\/\/attemnhan.vn\/wp-content\/uploads\/2025\/09\/1674743831706-460x460.png 460w\" sizes=\"(max-width: 640px) 100vw, 640px\" \/><\/a><figcaption id=\"caption-attachment-11005\" class=\"wp-caption-text\">Huy hi\u1ec7u inox l\u00e1 c\u1edd<\/figcaption><\/figure>\n<h2>Kinh nghi\u1ec7m \u0111\u1eb7t huy hi\u1ec7u inox ch\u1ea5t l\u01b0\u1ee3ng<\/h2>\n<p>\u2013 Ch\u1ecdn \u0111\u01a1n v\u1ecb uy t\u00edn: A&amp;T Label l\u00e0 th\u01b0\u01a1ng hi\u1ec7u tem nh\u00e3n l\u00e2u n\u0103m, \u0111\u1ea3m b\u1ea3o uy t\u00edn v\u1edbi quy tr\u00ecnh chuy\u00ean nghi\u1ec7p \u0111a d\u1ea1ng m\u1eabu m\u00e3, h\u1ed7 tr\u1ee3 thi\u1ebft k\u1ebf mi\u1ec5n ph\u00ed v\u00e0 giao h\u00e0ng to\u00e0n qu\u1ed1c.<\/p>\n<p>\u2013 L\u1ef1a ch\u1ecdn c\u00f4ng ngh\u1ec7 s\u1ea3n xu\u1ea5t ph\u00f9 h\u1ee3p: D\u1ef1a tr\u00ean s\u1ed1 l\u01b0\u1ee3ng, ng\u00e2n s\u00e1ch v\u00e0 th\u00f4ng \u0111i\u1ec7p c\u1ea7n truy\u1ec1n t\u1ea3i \u0111\u1ec3 ch\u1ecdn c\u00e1c ph\u01b0\u01a1ng ph\u00e1p nh\u01b0 \u0103n m\u00f2n, m\u1ea1 v\u00e0ng, \u0111\u00fac n\u1ed5i hay ph\u00f4i s\u1eb5n.<\/p>\n<p>\u2013 Theo d\u00f5i v\u00e0 duy\u1ec7t m\u1eabu th\u1eed: Lu\u00f4n ki\u1ec3m tra k\u1ef9 m\u1eabu tr\u01b0\u1edbc khi ti\u1ebfn h\u00e0nh s\u1ea3n xu\u1ea5t h\u00e0ng lo\u1ea1t nh\u1eb1m \u0111\u1ea3m b\u1ea3o thi\u1ebft k\u1ebf \u0111\u00fang chu\u1ea9n s\u1eafc n\u00e9t v\u00e0 ch\u00ednh x\u00e1c.<\/p>\n<p>\u2013 \u0110\u1eb7t h\u00e0ng s\u1edbm \u0111\u1ed1i v\u1edbi s\u1ea3n ph\u1ea9m \u0111\u1eb7c th\u00f9: M\u1ed9t s\u1ed1 lo\u1ea1i huy hi\u1ec7u inox \u0111\u00fac khu\u00f4n c\u1ea7n nhi\u1ec1u th\u1eddi gian, v\u00ec v\u1eady kh\u00e1ch h\u00e0ng n\u00ean l\u00ean k\u1ebf ho\u1ea1ch \u0111\u1eb7t tr\u01b0\u1edbc \u0111\u1ec3 k\u1ecbp ti\u1ebfn \u0111\u1ed9.<\/p>\n<h2>\u0110\u1ecba ch\u1ec9 \u0111\u1eb7t mua huy hi\u1ec7u inox A&amp;T Label uy t\u00edn v\u00e0 ch\u1ea5t l\u01b0\u1ee3ng<\/h2>\n<p>\u2013 N\u1ebfu b\u1ea1n \u0111ang t\u00ecm n\u01a1i \u0111\u1ec3 in tem nh\u00e3n hay \u0111\u1eb7t mua huy hi\u1ec7u inox v\u1eeba ch\u1ea5t l\u01b0\u1ee3ng v\u00e0 \u0111\u1ea3m b\u1ea3o uy t\u00edn, th\u00ec th\u01b0\u01a1ng hi\u1ec7u<strong><a href=\"https:\/\/attemnhan.vn\/\"> A&amp;T Label<\/a><\/strong> ch\u00ednh l\u00e0 l\u1ef1a ch\u1ecdn h\u00e0ng \u0111\u1ea7u. V\u1edbi nhi\u1ec1u n\u0103m kinh nghi\u1ec7m, th\u01b0\u01a1ng hi\u1ec7u \u0111\u00e3 \u0111\u01b0\u1ee3c \u0111\u00f4ng \u0111\u1ea3o kh\u00e1ch h\u00e0ng v\u00e0 c\u00e1c doanh nghi\u1ec7p tr\u00ean to\u00e0n qu\u1ed1c tin t\u01b0\u1edfng v\u00e0 s\u1eed d\u1ee5ng d\u1ecbch v\u1ee5 th\u01b0\u1eddng xuy\u00ean.<\/p>\n<p>T\u1ea1i TPHCM: b\u1ea1n c\u00f3 th\u1ec3 \u0111\u1ebfn tr\u1ef1c ti\u1ebfp tr\u1ee5 s\u1edf \u0111\u1ec3 tham kh\u1ea3o c\u00e1c m\u1eabu in \u0111a d\u1ea1ng, nh\u1eadn \u0111\u01b0\u1ee3c t\u01b0 v\u1ea5n t\u1eeb \u0111\u1ed9i ng\u0169 nh\u00e2n vi\u00ean chuy\u00ean nghi\u1ec7p v\u00e0 \u0111\u1eb7t h\u00e0ng v\u1edbi m\u1ee9c gi\u00e1 c\u1ea1nh tranh nh\u1ea5t.<br \/>\nKh\u00e1ch h\u00e0ng \u1edf xa: A&amp;T Label cam k\u1ebft giao h\u00e0ng nhanh ch\u00f3ng tr\u00ean to\u00e0n qu\u1ed1c v\u00e0 giao h\u00e0ng trong ng\u00e0y. \u0110\u1eb7c bi\u1ec7t, kh\u00e1ch h\u00e0ng \u0111\u1eb7t in online s\u1ebd \u0111\u01b0\u1ee3c h\u1ed7 tr\u1ee3 t\u01b0 v\u1ea5n qua hotline ho\u1eb7c video call \u0111\u1ec3 \u0111\u1ea3m b\u1ea3o s\u1ea3n ph\u1ea9m \u0111\u00fang y\u00eau c\u1ea7u.<\/p>\n<ul>\n<li>Ch\u00ednh s\u00e1ch cam k\u1ebft b\u1ea3o h\u00e0nh t\u1ea1i A&amp;T Label<\/li>\n<li>Qu\u00fd kh\u00e1ch c\u00f3 th\u1ec3 \u0111\u1ed5i ho\u1eb7c tr\u1ea3 s\u1ea3n ph\u1ea9m trong v\u00f2ng 10 ng\u00e0y k\u1ec3 t\u1eeb ng\u00e0y nh\u1eadn h\u00e0ng.<\/li>\n<li>S\u1ea3n ph\u1ea9m \u0111\u1ed5i tr\u1ea3 ph\u1ea3i c\u00f2n nguy\u00ean v\u1eb9n, ch\u01b0a qua s\u1eed d\u1ee5ng.<\/li>\n<li>A&amp;T Label ch\u1ec9 ch\u1ea5p nh\u1eadn \u0111\u1ed5i tr\u1ea3 \u0111\u1ed1i v\u1edbi nh\u1eefng s\u1ea3n ph\u1ea9m b\u1ecb l\u1ed7i k\u1ef9 thu\u1eadt ho\u1eb7c h\u01b0 h\u1ecfng do qu\u00e1 tr\u00ecnh s\u1ea3n xu\u1ea5t hay v\u1eadn chuy\u1ec3n. C\u00e1c tr\u01b0\u1eddng h\u1ee3p \u0111\u1ed5i tr\u1ea3 v\u00ec l\u00fd do c\u00e1 nh\u00e2n s\u1ebd kh\u00f4ng \u0111\u01b0\u1ee3c h\u1ed7 tr\u1ee3.<\/li>\n<li>N\u1ebfu l\u1ed7i \u0111\u01b0\u1ee3c x\u00e1c \u0111\u1ecbnh xu\u1ea5t ph\u00e1t t\u1eeb A&amp;T Label, ch\u00fang t\u00f4i s\u1ebd ch\u1ecbu to\u00e0n b\u1ed9 chi ph\u00ed v\u1eadn chuy\u1ec3n \u0111\u1ed5i tr\u1ea3 \u0111\u1ec3 \u0111\u1ea3m b\u1ea3o quy\u1ec1n l\u1ee3i cho kh\u00e1ch h\u00e0ng.<\/li>\n<\/ul>\n<p><span style=\"font-weight: 400;\">\u0110\u1ecba ch\u1ec9:<\/span><a href=\"https:\/\/maps.app.goo.gl\/oAME4io5GPNyCwZa6\" target=\"_blank\" rel=\"noopener\"> <span style=\"font-weight: 400;\">S\u1ed1 101 \u0110\u01b0\u1eddng S\u1ed1 8, KDC Cityland Park Hills, Ph\u01b0\u1eddng G\u00f2 V\u1ea5p, TP HCM<\/span><span style=\"font-weight: 400;\"><br \/>\n<\/span><\/a><span style=\"font-weight: 400;\">S\u1ed1 \u0111i\u1ec7n tho\u1ea1i:<\/span><a href=\"tel:0909872896\"><span style=\"font-weight: 400;\"> 0909 872 896<\/span><\/a><\/p>\n<p>V\u1edbi uy t\u00edn l\u00e2u n\u0103m v\u00e0 quy tr\u00ecnh in \u1ea5n hi\u1ec7n \u0111\u1ea1i, A&amp;T Label t\u1ef1 tin \u0111\u00e1p \u1ee9ng 99% nhu c\u1ea7u in tem decal, tem nh\u1ef1a, tem kim lo\u1ea1i cho m\u1ecdi ng\u00e0nh ngh\u1ec1.<\/p>\n<p>T\u1eeb kh\u00f3a t\u00ecm ki\u1ebfm: huy hi\u1ec7u inox, huy hi\u1ec7u inox a&amp;t label, huy hi\u1ec7u inox a&amp;t, huy hi\u1ec7u h\u1ee3p kim, huy hi\u1ec7u h\u1ee3p kim a&amp;t label, huy hi\u1ec7u h\u1ee3p kim a&amp;t, huy hi\u1ec7u \u0111\u1ed3ng, huy hi\u1ec7u \u0111\u1ed3ng a&amp;t label, huy hi\u1ec7u \u0111\u1ed3ng a&amp;t, tem inox in uv, tem inox in uv a&amp;t label in tem nh\u00e3n a&amp;t, in tem nh\u00e3n a&amp;t label, tem nh\u00e3n s\u1ea3n ph\u1ea9m, tem nh\u00e3n s\u1ea3n ph\u1ea9m a&amp;t, tem nh\u00e3n s\u1ea3n ph\u1ea9m a&amp;t label, tem nh\u00e3n A&amp;T Label, tem nh\u00e3n kim lo\u1ea1i A&amp;T Label, in tem nh\u00e3n gi\u00e1 r\u1ebb A&amp;T Label, in tem d\u00e1n theo y\u00eau c\u1ea7u, tem d\u00e1n s\u1ea3n ph\u1ea9m, in tem gi\u00e1 r\u1ebb, in tem nh\u00e3n gi\u00e1 r\u1ebb, tem d\u00e1n s\u1ea3n ph\u1ea9m, nh\u00e3n d\u00e1n tem, tem nh\u00e3n.<\/p>\n","protected":false},"excerpt":{"rendered":"<p>Th\u00f4ng s\u1ed1 c\u01a1 b\u1ea3n<\/p>\n<ul>\n<li>Ch\u1ea5t li\u1ec7u: inox cao c\u1ea5p ch\u1ed1ng g\u1ec9, b\u1ec1n ch\u1eafc.<\/li>\n<li>K\u00edch th\u01b0\u1edbc: T\u00f9y ch\u1ec9nh theo y\u00eau c\u1ea7u<\/li>\n<li>C\u00f4ng ngh\u1ec7 gia c\u00f4ng: In UV, \u0103n m\u00f2n, kh\u1eafc laser, d\u1eadp n\u1ed5i ho\u1eb7c in m\u00e0u tr\u1ef1c ti\u1ebfp.<\/li>\n<li>IM\u00e0u s\u1eafc: In m\u00e0u b\u1ec1n \u0111\u1eb9p, c\u00f3 th\u1ec3 ph\u1ee7 b\u00f3ng ho\u1eb7c m\u1edd, gi\u1eef m\u00e0u l\u00e2u d\u00e0i.<\/li>\n<li>\u1ee8ng d\u1ee5ng: Th\u00edch h\u1ee3p l\u00e0m huy hi\u1ec7u c\u00f4ng ty, \u0111o\u00e0n th\u1ec3, s\u1ef1 ki\u1ec7n, \u0111\u1ed3ng ph\u1ee5c nh\u00e2n vi\u00ean, qu\u00e0 l\u01b0u ni\u1ec7m, bi\u1ec3u tr\u01b0ng th\u01b0\u01a1ng hi\u1ec7u.<\/li>\n<\/ul>\n","protected":false},"featured_media":10995,"comment_status":"open","ping_status":"closed","template":"","meta":{"_acf_changed":false},"product_cat":[119,113],"product_tag":[],"class_list":{"0":"post-10988","1":"product","2":"type-product","3":"status-publish","4":"has-post-thumbnail","6":"product_cat-huy-hieu","7":"product_cat-vat-pham-qua-tang","9":"first","10":"instock","11":"shipping-taxable","12":"product-type-simple"},"acf":[],"_links":{"self":[{"href":"https:\/\/attemnhan.vn\/en\/wp-json\/wp\/v2\/product\/10988","targetHints":{"allow":["GET"]}}],"collection":[{"href":"https:\/\/attemnhan.vn\/en\/wp-json\/wp\/v2\/product"}],"about":[{"href":"https:\/\/attemnhan.vn\/en\/wp-json\/wp\/v2\/types\/product"}],"replies":[{"embeddable":true,"href":"https:\/\/attemnhan.vn\/en\/wp-json\/wp\/v2\/comments?post=10988"}],"version-history":[{"count":3,"href":"https:\/\/attemnhan.vn\/en\/wp-json\/wp\/v2\/product\/10988\/revisions"}],"predecessor-version":[{"id":11009,"href":"https:\/\/attemnhan.vn\/en\/wp-json\/wp\/v2\/product\/10988\/revisions\/11009"}],"wp:featuredmedia":[{"embeddable":true,"href":"https:\/\/attemnhan.vn\/en\/wp-json\/wp\/v2\/media\/10995"}],"wp:attachment":[{"href":"https:\/\/attemnhan.vn\/en\/wp-json\/wp\/v2\/media?parent=10988"}],"wp:term":[{"taxonomy":"product_cat","embeddable":true,"href":"https:\/\/attemnhan.vn\/en\/wp-json\/wp\/v2\/product_cat?post=10988"},{"taxonomy":"product_tag","embeddable":true,"href":"https:\/\/attemnhan.vn\/en\/wp-json\/wp\/v2\/product_tag?post=10988"}],"curies":[{"name":"wp","href":"https:\/\/api.w.org\/{rel}","templated":true}]}}