{"id":10945,"date":"2025-09-03T11:49:22","date_gmt":"2025-09-03T04:49:22","guid":{"rendered":"https:\/\/attemnhan.vn\/?post_type=product&#038;p=10945"},"modified":"2025-09-03T13:45:09","modified_gmt":"2025-09-03T06:45:09","slug":"moc-khoa-mica-2025","status":"publish","type":"product","link":"https:\/\/attemnhan.vn\/san-pham\/moc-khoa-mica\/","title":{"rendered":"M\u00f3c kh\u00f3a mica"},"content":{"rendered":"<p><strong><a href=\"https:\/\/attemnhan.vn\/danh-muc-san-pham\/vat-pham-qua-tang\/moc-khoa\/\">M\u00f3c kh\u00f3a mica<\/a><\/strong> \u0111\u01b0\u1ee3c l\u00e0m t\u1eeb <a href=\"https:\/\/www.google.com\/search?q=ch%E1%BA%A5t+li%E1%BB%87u+mica+cao+c%E1%BA%A5p\" target=\"_blank\" rel=\"noopener\">ch\u1ea5t li\u1ec7u mica cao c\u1ea5p<\/a> b\u1ec1n \u0111\u1eb9p v\u00e0 ch\u1ed1ng tr\u1ea7y x\u01b0\u1edbc. S\u1ea3n ph\u1ea9m c\u00f3 th\u1ec3 in \u1ea5n c\u00e1c logo, h\u00ecnh \u1ea3nh s\u1eafc n\u00e9t v\u1edbi thi\u1ebft k\u1ebf \u0111a d\u1ea1ng theo y\u00eau c\u1ea7u c\u1ee7a kh\u00e1ch h\u00e0ng. V\u1edbi nh\u1eefng \u01b0u \u0111i\u1ec3m nh\u01b0 nh\u1ecf g\u1ecdn, gi\u00e1 th\u00e0nh h\u1ee3p l\u00fd v\u00e0 t\u00ednh \u1ee9ng d\u1ee5ng cao, m\u00f3c kh\u00f3a mica ch\u00ednh l\u00e0 s\u1ef1 l\u1ef1a ch\u1ecdn l\u00fd t\u01b0\u1edfng cho qu\u00e0 t\u1eb7ng, qu\u00e0 l\u01b0u ni\u1ec7m v\u00e0 qu\u1ea3ng b\u00e1 th\u01b0\u01a1ng hi\u1ec7u.<\/p>\n<div id=\"attachment_12869\" class=\"wp-caption aligncenter\">\n<p><img fetchpriority=\"high\" decoding=\"async\" class=\"wp-image-12869 size-full\" src=\"https:\/\/temkimloai.com.vn\/wp-content\/uploads\/2024\/10\/Moc-khoa-mica-nen.webp\" sizes=\"(max-width: 1080px) 100vw, 1080px\" srcset=\"https:\/\/temkimloai.com.vn\/wp-content\/uploads\/2024\/10\/Moc-khoa-mica-nen.webp 1080w, https:\/\/temkimloai.com.vn\/wp-content\/uploads\/2024\/10\/Moc-khoa-mica-nen-300x300.webp 300w, https:\/\/temkimloai.com.vn\/wp-content\/uploads\/2024\/10\/Moc-khoa-mica-nen-1024x1024.webp 1024w, https:\/\/temkimloai.com.vn\/wp-content\/uploads\/2024\/10\/Moc-khoa-mica-nen-150x150.webp 150w, https:\/\/temkimloai.com.vn\/wp-content\/uploads\/2024\/10\/Moc-khoa-mica-nen-768x768.webp 768w\" alt=\"M\u00f3c kh\u00f3a mica A&amp;T Label\" width=\"1080\" height=\"1080\" aria-describedby=\"caption-attachment-12869\" \/><\/p>\n<p id=\"caption-attachment-12869\" class=\"wp-caption-text\">M\u00f3c kh\u00f3a mica A&amp;T Label<\/p>\n<\/div>\n<p>&nbsp;<\/p>\n<h1><strong>M\u00f3c kh\u00f3a mica \u2013 Ph\u1ee5 ki\u1ec7n \u0111\u1eb9p b\u1ec1n v\u00e0 ti\u1ebft ki\u1ec7m cho kh\u00e1ch h\u00e0ng<\/strong><\/h1>\n<h2><strong>M\u00f3c kh\u00f3a mica l\u00e0 g\u00ec?<\/strong><\/h2>\n<p>\u2013\u00a0<strong><a href=\"https:\/\/attemnhan.vn\/danh-muc-san-pham\/vat-pham-qua-tang\/moc-khoa\/\">M\u00f3c kh\u00f3a mica<\/a><\/strong>\u00a0l\u00e0 lo\u1ea1i m\u00f3c kh\u00f3a \u0111\u01b0\u1ee3c ch\u1ebf t\u00e1c t\u1eeb ch\u1ea5t li\u1ec7u mica (arcylic) trong su\u1ed1t ho\u1eb7c m\u1edd. S\u1ea3n ph\u1ea9m n\u1ed5i b\u1eadt v\u1edbi \u0111\u1ed9 b\u1ec1n v\u01b0\u1ee3t tr\u1ed9i, kh\u1ea3 n\u0103ng ch\u1ecb \u0111\u01b0\u1ee3c va \u0111\u1eadp t\u1ed1t v\u00e0 duy tr\u00ec h\u00ecnh \u1ea3nh s\u1eafc n\u00e9t l\u00e2u d\u00e0i. Thi\u1ebft k\u1ebf tinh t\u1ebf c\u00f9ng m\u00e0u s\u1eafc s\u1ed1ng \u0111\u1ed9ng l\u00e0m cho m\u00f3c kh\u00f3a mica tr\u1edf th\u00e0nh s\u1ef1 l\u1ef1a ch\u1ecdn ho\u00e0n h\u1ea3o \u0111\u1ec3 l\u00e0m qu\u00e0 t\u1eb7ng, \u0111\u1ed3 l\u01b0u ni\u1ec7m ho\u1eb7c c\u00e1c c\u00f4ng c\u1ee5 qu\u1ea3ng b\u00e1 th\u01b0\u01a1ng hi\u1ec7u.<\/p>\n<div id=\"attachment_12870\" class=\"wp-caption aligncenter\">\n<p><img decoding=\"async\" class=\"wp-image-12870 size-full\" src=\"https:\/\/temkimloai.com.vn\/wp-content\/uploads\/2024\/10\/Moc-khoa-mica-2.webp\" sizes=\"(max-width: 1080px) 100vw, 1080px\" srcset=\"https:\/\/temkimloai.com.vn\/wp-content\/uploads\/2024\/10\/Moc-khoa-mica-2.webp 1080w, https:\/\/temkimloai.com.vn\/wp-content\/uploads\/2024\/10\/Moc-khoa-mica-2-300x300.webp 300w, https:\/\/temkimloai.com.vn\/wp-content\/uploads\/2024\/10\/Moc-khoa-mica-2-1024x1024.webp 1024w, https:\/\/temkimloai.com.vn\/wp-content\/uploads\/2024\/10\/Moc-khoa-mica-2-150x150.webp 150w, https:\/\/temkimloai.com.vn\/wp-content\/uploads\/2024\/10\/Moc-khoa-mica-2-768x768.webp 768w\" alt=\"M\u00f3c kh\u00f3a mica\" width=\"1080\" height=\"1080\" aria-describedby=\"caption-attachment-12870\" \/><\/p>\n<p id=\"caption-attachment-12870\" class=\"wp-caption-text\">M\u00f3c kh\u00f3a mica<\/p>\n<\/div>\n<p><a href=\"https:\/\/attemnhan.vn\/danh-muc-san-pham\/tem-kim-loai\/\"><em>Xem th\u00eam: Tem inox in UV<\/em><\/a><\/p>\n<h3><strong>\u01afu \u0111i\u1ec3m n\u1ed5i b\u1eadt c\u1ee7a m\u00f3c kh\u00f3a mica<\/strong><\/h3>\n<p>\u2013 Ki\u1ec3u d\u00e1ng \u0111a d\u1ea1ng d\u1ec5 t\u00f9y ch\u1ecdn: M\u00f3c kh\u00f3a mica c\u00f3 th\u1ec3 c\u1eaft laser theo nhi\u1ec1u h\u00ecnh d\u1ea1ng nh\u01b0 h\u00ecnh vu\u00f4ng, tr\u00f2n, tr\u00e1i tim, ng\u00f4i sao v\u00e0 c\u00f3 th\u1ec3 l\u00e0m theo y\u00eau c\u1ea7u c\u1ee7a kh\u00e1ch h\u00e0ng.<\/p>\n<p>\u2013 H\u00ecnh \u1ea3nh s\u1eafc n\u00e9t v\u1edbi m\u00e0u s\u1eafc s\u1ed1ng \u0111\u1ed9ng: C\u00f4ng ngh\u1ec7 c\u1eaft laser v\u00e0 ch\u1ea5t li\u1ec7u mica t\u1ea1o hi\u1ec7u \u1ee9ng th\u1ecb gi\u00e1c n\u1ed5i b\u1eadt v\u00e0 b\u1eaft m\u1eaft v\u1edbi ng\u01b0\u1eddi d\u00f9ng.<\/p>\n<p>\u2013 \u0110\u1ed9 b\u1ec1n cao kh\u00f4ng b\u1ecb phai m\u00e0u: M\u00f3c kh\u00f3a mica kh\u00f4ng b\u1ecb con v\u00eanh hay phai m\u00e0u nhanh theo th\u1eddi gian, gi\u00fap gi\u1eef cho s\u1ea3n ph\u1ea9m lu\u00f4n m\u1edbi v\u00e0 s\u00e1ng \u0111\u1eb9p.<\/p>\n<p>\u2013 Chi ph\u00ed ti\u1ebft ki\u1ec7m: T\u1ed5ng chi ph\u00ed s\u1ea3n xu\u1ea5t m\u00f3c kh\u00f3a mica th\u01b0\u1eddng r\u1ebb h\u01a1n so v\u1edbi c\u00e1c m\u00f3c kh\u00f3a kim lo\u1ea1i, cho ph\u00e9p \u0111\u1ea7u t\u01b0 hi\u1ec7u qu\u1ea3.<\/p>\n<p>\u2013 \u1ee8ng d\u1ee5ng \u0111a n\u0103ng: Ph\u00f9 h\u1ee3p \u0111\u1ec3 l\u00e0m qu\u00e0 t\u1eb7ng, ph\u1ee5 ki\u1ec7n th\u1eddi trang, trang tr\u00ed hay c\u00f4ng c\u1ee5 marketing qu\u1ea3ng b\u00e1 th\u01b0\u01a1ng hi\u1ec7u.<\/p>\n<div id=\"attachment_12871\" class=\"wp-caption aligncenter\">\n<p><img decoding=\"async\" class=\"wp-image-12871 size-full\" src=\"https:\/\/temkimloai.com.vn\/wp-content\/uploads\/2024\/10\/Moc-khoa-mica-3.webp\" sizes=\"(max-width: 1080px) 100vw, 1080px\" srcset=\"https:\/\/temkimloai.com.vn\/wp-content\/uploads\/2024\/10\/Moc-khoa-mica-3.webp 1080w, https:\/\/temkimloai.com.vn\/wp-content\/uploads\/2024\/10\/Moc-khoa-mica-3-300x300.webp 300w, https:\/\/temkimloai.com.vn\/wp-content\/uploads\/2024\/10\/Moc-khoa-mica-3-1024x1024.webp 1024w, https:\/\/temkimloai.com.vn\/wp-content\/uploads\/2024\/10\/Moc-khoa-mica-3-150x150.webp 150w, https:\/\/temkimloai.com.vn\/wp-content\/uploads\/2024\/10\/Moc-khoa-mica-3-768x768.webp 768w\" alt=\"\u01afu \u0111i\u1ec3m khi s\u1eed d\u1ee5ng m\u00f3c kh\u00f3a mica\" width=\"1080\" height=\"1080\" aria-describedby=\"caption-attachment-12871\" \/><\/p>\n<p id=\"caption-attachment-12871\" class=\"wp-caption-text\">\u01afu \u0111i\u1ec3m khi s\u1eed d\u1ee5ng m\u00f3c kh\u00f3a mica<\/p>\n<\/div>\n<h3><strong>So s\u00e1nh m\u00f3c kh\u00f3a mica v\u1edbi c\u00e1c lo\u1ea1i m\u00f3c kh\u00f3a kh\u00e1c<\/strong><\/h3>\n<ul>\n<li>M\u00f3c kh\u00f3a mica<\/li>\n<\/ul>\n<p>\u0110\u1eb7c t\u00ednh n\u1ed5i b\u1eadt: C\u00f3 gi\u00e1 th\u00e0nh r\u1ebb, in \u1ea5n s\u1eafc n\u00e9t mang m\u00e0u s\u1eafc s\u1ed1ng \u0111\u1ed9ng, d\u1ec5 d\u00e0ng t\u1ea1o h\u00ecnh theo y\u00eau c\u1ea7u c\u1ee7a kh\u00e1ch h\u00e0ng.<\/p>\n<ul>\n<li>M\u00f3c kh\u00f3a kim lo\u1ea1i<\/li>\n<\/ul>\n<p>\u2013 C\u1ee9ng c\u00e1p, sang tr\u1ecdng v\u00e0 b\u1ec1n b\u1ec9 c\u00f3 gi\u00e1 th\u00e0nh cao h\u01a1n, thi\u1ebft k\u1ebf h\u1ea1n ch\u1ebf v\u1ec1 m\u00e0u s\u1eafc v\u00e0 h\u00ecnh \u1ea3nh,<\/p>\n<ul>\n<li>M\u00f3c kh\u00f3a g\u1ed7<\/li>\n<\/ul>\n<p>\u2013 Mang t\u00ednh th\u1ee7 c\u00f4ng, \u0111\u1ed9c \u0111\u00e1o, th\u00e2n thi\u1ec7n v\u1edbi m\u00f4i tr\u01b0\u1eddng. D\u1ec5 b\u1ecb tr\u1ea7y x\u01b0\u1edbc v\u00e0 b\u1ecb h\u1ea1n ch\u1ebf \u0111\u1ed9 b\u1ec1n khi va ch\u1ea1m.<\/p>\n<ul>\n<li>M\u00f3c kh\u00f3a da<\/li>\n<\/ul>\n<p>\u2013 Ch\u1ea5t li\u1ec7u cao c\u1ea5p, sang tr\u1ecdng ph\u00f9 h\u1ee3p l\u00e0m qu\u00e0 t\u1eb7ng doanh nghi\u1ec7p. Gi\u00e1 th\u00e0nh cao, \u00edt t\u00f9y bi\u1ebfn v\u1ec1 h\u00ecnh d\u1ea1ng v\u00e0 m\u00e0u s\u1eafc.<\/p>\n<p>=&gt; Nh\u00ecn chung s\u1ea3n ph\u1ea9m m\u00f3c kh\u00f3a mica n\u1ed5i b\u1eadt nh\u1edd chi ph\u00ed ti\u1ebft kieemk, c\u00f3 kh\u1ea3 n\u0103ng in \u1ea5n linh ho\u1ea1t v\u00e0 \u1ee9ng d\u1ee5ng \u0111a d\u1ea1ng \u0111\u1eb7c bi\u1ec7t th\u00edch h\u1ee3p cho qu\u1ea3ng b\u00e1 th\u01b0\u01a1ng hi\u1ec7u v\u00e0 qu\u00e0 t\u1eb7ng s\u1ef1 ki\u1ec7n.<\/p>\n<h2><strong>V\u00ec sao n\u00ean ch\u1ecdn A&amp;T Label \u0111\u1ec3 s\u1ea3n xu\u1ea5t m\u00f3c kh\u00f3a mica?<\/strong><\/h2>\n<ul>\n<li>C\u00f4ng ngh\u1ec7 ti\u00ean ti\u1ebfn hi\u1ec7n \u0111\u1ea1i, quy tr\u00ecnh nhanh ch\u00f3ng: Th\u01b0\u01a1ng hi\u1ec7u A&amp;T Label s\u1eed d\u1ee5ng m\u00e1y m\u00f3c ti\u00ean ti\u1ebfn, gi\u00fap h\u1ed7 tr\u1ee3 s\u1ea3n xu\u1ea5t s\u1ed1 l\u01b0\u1ee3ng l\u1edbn trong th\u1eddi gian ng\u1eafn.<\/li>\n<li>Thi\u1ebft k\u1ebf mi\u1ec5n ph\u00ed, giao h\u00e0ng to\u00e0n qu\u1ed1c: Kh\u00e1ch h\u00e0ng \u0111\u01b0\u1ee3c h\u1ed7 tr\u1ee3 thi\u1ebft k\u1ebf m\u1eabu v\u00e0 nh\u1eadn giao h\u00e0ng mi\u1ec5n ph\u00ed \u0111\u1eb7c bi\u1ec7t trong n\u1ed9i th\u00e0nh TPHCM.<\/li>\n<li>Gi\u00e1 c\u1ea3 c\u1ea1nh tranh kh\u00f4ng qua trung gian: L\u00e0 \u0111\u01a1n v\u1ecb s\u1ea3n xu\u1ea5t tr\u1ef1c ti\u1ebfp, A&amp;T Label gi\u00fap t\u1ed1i \u01b0u gi\u00e1 th\u00e0nh v\u00e0 cung c\u1ea5p chi\u1ebft kh\u1ea5u h\u1ea5p d\u1eabn cho kh\u00e1ch h\u00e0ng th\u01b0\u1eddng xuy\u00ean.<\/li>\n<li>Ch\u00ednh s\u00e1ch \u0111\u1ed5i tr\u1ea3 h\u1eadu m\u00e3i t\u1ed1t: Cam k\u1ebft \u0111\u1ed5i tr\u1ea3 n\u1ebfu kh\u00f4ng \u0111\u00fang thi\u1ebft k\u1ebf, h\u1ed7 tr\u1ee3 kh\u00e1ch h\u00e0ng t\u1eadn t\u00e2m.<\/li>\n<li>\u0110\u1ea3m b\u1ea3o t\u00ednh chuy\u00ean nghi\u1ec7p v\u00e0 minh b\u1ea1ch: C\u00f3 h\u1ee3p \u0111\u1ed3ng r\u00f5 r\u00e0ng xu\u1ea5t h\u00f3a \u0111\u01a1n \u0111\u1ea7y \u0111\u1ee7 \u0111\u1ec3 \u0111\u1ea3m b\u1ea3o quy\u1ec1n l\u1ee3i c\u1ee7a kh\u00e1ch h\u00e0ng.<\/li>\n<\/ul>\n<div id=\"attachment_12872\" class=\"wp-caption aligncenter\">\n<p><img loading=\"lazy\" decoding=\"async\" class=\"wp-image-12872 size-full\" src=\"https:\/\/temkimloai.com.vn\/wp-content\/uploads\/2024\/10\/Moc-khoa-mica-8.webp\" sizes=\"(max-width: 1080px) 100vw, 1080px\" srcset=\"https:\/\/temkimloai.com.vn\/wp-content\/uploads\/2024\/10\/Moc-khoa-mica-8.webp 1080w, https:\/\/temkimloai.com.vn\/wp-content\/uploads\/2024\/10\/Moc-khoa-mica-8-300x300.webp 300w, https:\/\/temkimloai.com.vn\/wp-content\/uploads\/2024\/10\/Moc-khoa-mica-8-1024x1024.webp 1024w, https:\/\/temkimloai.com.vn\/wp-content\/uploads\/2024\/10\/Moc-khoa-mica-8-150x150.webp 150w, https:\/\/temkimloai.com.vn\/wp-content\/uploads\/2024\/10\/Moc-khoa-mica-8-768x768.webp 768w\" alt=\"M\u00f3c kh\u00f3a mica c\u1ee7a nh\u00e0 A&amp;T Label\" width=\"1080\" height=\"1080\" aria-describedby=\"caption-attachment-12872\" \/><\/p>\n<p id=\"caption-attachment-12872\" class=\"wp-caption-text\">M\u00f3c kh\u00f3a mica c\u1ee7a nh\u00e0 A&amp;T Label<\/p>\n<\/div>\n<div id=\"attachment_12873\" class=\"wp-caption aligncenter\">\n<p><img loading=\"lazy\" decoding=\"async\" class=\"wp-image-12873 size-full\" src=\"https:\/\/temkimloai.com.vn\/wp-content\/uploads\/2024\/10\/Moc-khoa-mica-10.webp\" sizes=\"(max-width: 1080px) 100vw, 1080px\" srcset=\"https:\/\/temkimloai.com.vn\/wp-content\/uploads\/2024\/10\/Moc-khoa-mica-10.webp 1080w, https:\/\/temkimloai.com.vn\/wp-content\/uploads\/2024\/10\/Moc-khoa-mica-10-300x300.webp 300w, https:\/\/temkimloai.com.vn\/wp-content\/uploads\/2024\/10\/Moc-khoa-mica-10-1024x1024.webp 1024w, https:\/\/temkimloai.com.vn\/wp-content\/uploads\/2024\/10\/Moc-khoa-mica-10-150x150.webp 150w, https:\/\/temkimloai.com.vn\/wp-content\/uploads\/2024\/10\/Moc-khoa-mica-10-768x768.webp 768w\" alt=\"M\u00f3c kh\u00f3a mica v\u1edbi thi\u1ebft k\u1ebf \u0111\u1eb9p m\u1eaft\" width=\"1080\" height=\"1080\" aria-describedby=\"caption-attachment-12873\" \/><\/p>\n<p id=\"caption-attachment-12873\" class=\"wp-caption-text\">M\u00f3c kh\u00f3a mica v\u1edbi thi\u1ebft k\u1ebf \u0111\u1eb9p m\u1eaft<\/p>\n<\/div>\n<div id=\"attachment_12874\" class=\"wp-caption aligncenter\">\n<p><img loading=\"lazy\" decoding=\"async\" class=\"wp-image-12874 size-full\" src=\"https:\/\/temkimloai.com.vn\/wp-content\/uploads\/2024\/10\/Moc-khoa-mica-9.webp\" sizes=\"(max-width: 1080px) 100vw, 1080px\" srcset=\"https:\/\/temkimloai.com.vn\/wp-content\/uploads\/2024\/10\/Moc-khoa-mica-9.webp 1080w, https:\/\/temkimloai.com.vn\/wp-content\/uploads\/2024\/10\/Moc-khoa-mica-9-300x300.webp 300w, https:\/\/temkimloai.com.vn\/wp-content\/uploads\/2024\/10\/Moc-khoa-mica-9-1024x1024.webp 1024w, https:\/\/temkimloai.com.vn\/wp-content\/uploads\/2024\/10\/Moc-khoa-mica-9-150x150.webp 150w, https:\/\/temkimloai.com.vn\/wp-content\/uploads\/2024\/10\/Moc-khoa-mica-9-768x768.webp 768w\" alt=\"Thi\u1ebft k\u1ebf tinh t\u1ebf tr\u00ean m\u00f3c kh\u00f3a mica\" width=\"1080\" height=\"1080\" aria-describedby=\"caption-attachment-12874\" \/><\/p>\n<p id=\"caption-attachment-12874\" class=\"wp-caption-text\">Thi\u1ebft k\u1ebf tinh t\u1ebf tr\u00ean m\u00f3c kh\u00f3a mica<\/p>\n<\/div>\n<h1><strong>\u0110\u1ecba ch\u1ec9 mua v\u00e0 in \u1ea5n tem nh\u00e3n A&amp;T Label ch\u1ea5t l\u01b0\u1ee3ng v\u00e0 uy t\u00edn<\/strong><\/h1>\n<p>\u2013 N\u1ebfu b\u1ea1n \u0111ang t\u00ecm n\u01a1i \u0111\u1ec3 in tem nh\u00e3n v\u1eeba ch\u1ea5t l\u01b0\u1ee3ng v\u00e0 \u0111\u1ea3m b\u1ea3o uy t\u00edn, th\u00ec th\u01b0\u01a1ng hi\u1ec7u<strong>\u00a0<a href=\"https:\/\/attemnhan.vn\/\">A&amp;T Label<\/a>\u00a0<\/strong>ch\u00ednh l\u00e0 l\u1ef1a ch\u1ecdn h\u00e0ng \u0111\u1ea7u. V\u1edbi nhi\u1ec1u n\u0103m kinh nghi\u1ec7m, th\u01b0\u01a1ng hi\u1ec7u \u0111\u00e3 \u0111\u01b0\u1ee3c \u0111\u00f4ng \u0111\u1ea3o kh\u00e1ch h\u00e0ng v\u00e0 c\u00e1c doanh nghi\u1ec7p tr\u00ean to\u00e0n qu\u1ed1c tin t\u01b0\u1edfng v\u00e0 s\u1eed d\u1ee5ng d\u1ecbch v\u1ee5 th\u01b0\u1eddng xuy\u00ean.<\/p>\n<ul>\n<li><strong>T\u1ea1i TPHCM:<\/strong>\u00a0b\u1ea1n c\u00f3 th\u1ec3 \u0111\u1ebfn tr\u1ef1c ti\u1ebfp tr\u1ee5 s\u1edf \u0111\u1ec3 tham kh\u1ea3o c\u00e1c m\u1eabu in \u0111a d\u1ea1ng, nh\u1eadn \u0111\u01b0\u1ee3c t\u01b0 v\u1ea5n t\u1eeb \u0111\u1ed9i ng\u0169 nh\u00e2n vi\u00ean chuy\u00ean nghi\u1ec7p v\u00e0 \u0111\u1eb7t h\u00e0ng v\u1edbi m\u1ee9c gi\u00e1 c\u1ea1nh tranh nh\u1ea5t.<\/li>\n<li><strong>Kh\u00e1ch h\u00e0ng \u1edf xa:<\/strong>\u00a0A&amp;T Label cam k\u1ebft giao h\u00e0ng nhanh ch\u00f3ng tr\u00ean to\u00e0n qu\u1ed1c v\u00e0 giao h\u00e0ng trong ng\u00e0y. \u0110\u1eb7c bi\u1ec7t, kh\u00e1ch h\u00e0ng \u0111\u1eb7t in online s\u1ebd \u0111\u01b0\u1ee3c h\u1ed7 tr\u1ee3 t\u01b0 v\u1ea5n qua hotline ho\u1eb7c video call \u0111\u1ec3 \u0111\u1ea3m b\u1ea3o s\u1ea3n ph\u1ea9m \u0111\u00fang y\u00eau c\u1ea7u.<\/li>\n<\/ul>\n<h2><strong>Ch\u00ednh s\u00e1ch cam k\u1ebft b\u1ea3o h\u00e0nh t\u1ea1i A&amp;T Label<\/strong><\/h2>\n<ul>\n<li>Qu\u00fd kh\u00e1ch c\u00f3 th\u1ec3 \u0111\u1ed5i ho\u1eb7c tr\u1ea3 s\u1ea3n ph\u1ea9m trong v\u00f2ng 10 ng\u00e0y k\u1ec3 t\u1eeb ng\u00e0y nh\u1eadn h\u00e0ng.<\/li>\n<li>S\u1ea3n ph\u1ea9m \u0111\u1ed5i tr\u1ea3 ph\u1ea3i c\u00f2n nguy\u00ean v\u1eb9n, ch\u01b0a qua s\u1eed d\u1ee5ng.<\/li>\n<li>A&amp;T Label ch\u1ec9 ch\u1ea5p nh\u1eadn \u0111\u1ed5i tr\u1ea3 \u0111\u1ed1i v\u1edbi nh\u1eefng s\u1ea3n ph\u1ea9m b\u1ecb l\u1ed7i k\u1ef9 thu\u1eadt ho\u1eb7c h\u01b0 h\u1ecfng do qu\u00e1 tr\u00ecnh s\u1ea3n xu\u1ea5t hay v\u1eadn chuy\u1ec3n. C\u00e1c tr\u01b0\u1eddng h\u1ee3p \u0111\u1ed5i tr\u1ea3 v\u00ec l\u00fd do c\u00e1 nh\u00e2n s\u1ebd kh\u00f4ng \u0111\u01b0\u1ee3c h\u1ed7 tr\u1ee3.<\/li>\n<li>N\u1ebfu l\u1ed7i \u0111\u01b0\u1ee3c x\u00e1c \u0111\u1ecbnh xu\u1ea5t ph\u00e1t t\u1eeb A&amp;T Label, ch\u00fang t\u00f4i s\u1ebd ch\u1ecbu to\u00e0n b\u1ed9 chi ph\u00ed v\u1eadn chuy\u1ec3n \u0111\u1ed5i tr\u1ea3 \u0111\u1ec3 \u0111\u1ea3m b\u1ea3o quy\u1ec1n l\u1ee3i cho kh\u00e1ch h\u00e0ng.<\/li>\n<\/ul>\n<p><span style=\"font-weight: 400;\"><strong>Website<\/strong>:<\/span><a href=\"https:\/\/attemnhan.vn\/\"> <span style=\"font-weight: 400;\">www.attemnhan.vn<\/span><span style=\"font-weight: 400;\"><br \/>\n<\/span><\/a><strong>\u0110\u1ecba ch\u1ec9:<\/strong><a href=\"https:\/\/maps.app.goo.gl\/oAME4io5GPNyCwZa6\" target=\"_blank\" rel=\"noopener\"> <span style=\"font-weight: 400;\">S\u1ed1 101 \u0110\u01b0\u1eddng S\u1ed1 8, KDC Cityland Park Hills, Ph\u01b0\u1eddng G\u00f2 V\u1ea5p, TP HCM<\/span><span style=\"font-weight: 400;\"><br \/>\n<\/span><\/a><span style=\"font-weight: 400;\"><strong>S\u1ed1 \u0111i\u1ec7n tho\u1ea1i<\/strong>: <a href=\"tel:0909872896\">0909872896<\/a><\/span><span style=\"font-weight: 400;\"><br \/>\n<\/span><span style=\"font-weight: 400;\">Zalo:<\/span><a href=\"https:\/\/zalo.me\/0909872896\" target=\"_blank\" rel=\"noopener\"><span style=\"font-weight: 400;\"> https:\/\/zalo.me\/0909872896<\/span><span style=\"font-weight: 400;\"><br \/>\n<\/span><\/a><span style=\"font-weight: 400;\">Email: <a href=\"mailto:marketing.atlabel@gmail.com\">marketing.atlabel@gmail.com<\/a><\/span><\/p>\n<p>V\u1edbi uy t\u00edn l\u00e2u n\u0103m v\u00e0 quy tr\u00ecnh in \u1ea5n hi\u1ec7n \u0111\u1ea1i, A&amp;T Label t\u1ef1 tin \u0111\u00e1p \u1ee9ng 99% nhu c\u1ea7u in tem decal, tem nh\u1ef1a, tem kim lo\u1ea1i cho m\u1ecdi ng\u00e0nh ngh\u1ec1.<\/p>\n<p>T\u1eeb kh\u00f3a t\u00ecm ki\u1ebfm: tem nh\u00e3n A&amp;T Label, tem nh\u00e3n kim lo\u1ea1i A&amp;T Label, in tem nh\u00e3n gi\u00e1 r\u1ebb A&amp;T Label, in tem d\u00e1n theo y\u00eau c\u1ea7u, tem d\u00e1n s\u1ea3n ph\u1ea9m, in tem gi\u00e1 r\u1ebb, in tem nh\u00e3n gi\u00e1 r\u1ebb, tem d\u00e1n s\u1ea3n ph\u1ea9m, nh\u00e3n d\u00e1n tem, tem nh\u00e3n.<\/p>\n<p>T\u1eeb kh\u00f3a t\u00ecm ki\u1ebfm: m\u00f3c kh\u00f3a mica, m\u00f3c kh\u00f3a mica a&amp;t label, m\u00f3c kh\u00f3a mica a&amp;t, tem kim lo\u1ea1i, tem kim lo\u1ea1i a&amp;t, tem kim lo\u1ea1i a&amp;t label, in tem nh\u00e3n a&amp;t label, tem nh\u00e3n s\u1ea3n ph\u1ea9m, tem nh\u00e3n s\u1ea3n ph\u1ea9m a&amp;t, tem nh\u00e3n s\u1ea3n ph\u1ea9m a&amp;t label, \u00a0tem nh\u00e3n A&amp;T Label, tem nh\u00e3n kim lo\u1ea1i A&amp;T Label, in tem nh\u00e3n gi\u00e1 r\u1ebb A&amp;T Label, in tem d\u00e1n theo y\u00eau c\u1ea7u, tem d\u00e1n s\u1ea3n ph\u1ea9m, in tem gi\u00e1 r\u1ebb, in tem nh\u00e3n gi\u00e1 r\u1ebb, tem d\u00e1n s\u1ea3n ph\u1ea9m, nh\u00e3n d\u00e1n tem, tem nh\u00e3n.<\/p>\n","protected":false},"excerpt":{"rendered":"<p>M\u00f3c kh\u00f3a mica \u0111\u01b0\u1ee3c l\u00e0m t\u1eeb ch\u1ea5t li\u1ec7u mica cao c\u1ea5p b\u1ec1n \u0111\u1eb9p v\u00e0 ch\u1ed1ng tr\u1ea7y x\u01b0\u1edbc. S\u1ea3n ph\u1ea9m c\u00f3 th\u1ec3 in \u1ea5n c\u00e1c logo, h\u00ecnh \u1ea3nh s\u1eafc n\u00e9t v\u1edbi thi\u1ebft k\u1ebf \u0111a d\u1ea1ng theo y\u00eau c\u1ea7u c\u1ee7a kh\u00e1ch h\u00e0ng. V\u1edbi nh\u1eefng \u01b0u \u0111i\u1ec3m nh\u01b0 nh\u1ecf g\u1ecdn, gi\u00e1 th\u00e0nh h\u1ee3p l\u00fd v\u00e0 t\u00ednh \u1ee9ng d\u1ee5ng [&hellip;]<\/p>\n","protected":false},"featured_media":10955,"comment_status":"open","ping_status":"closed","template":"","meta":{"_acf_changed":false},"product_cat":[114,113],"product_tag":[],"class_list":{"0":"post-10945","1":"product","2":"type-product","3":"status-publish","4":"has-post-thumbnail","6":"product_cat-moc-khoa","7":"product_cat-vat-pham-qua-tang","9":"first","10":"instock","11":"shipping-taxable","12":"product-type-simple"},"acf":[],"_links":{"self":[{"href":"https:\/\/attemnhan.vn\/en\/wp-json\/wp\/v2\/product\/10945","targetHints":{"allow":["GET"]}}],"collection":[{"href":"https:\/\/attemnhan.vn\/en\/wp-json\/wp\/v2\/product"}],"about":[{"href":"https:\/\/attemnhan.vn\/en\/wp-json\/wp\/v2\/types\/product"}],"replies":[{"embeddable":true,"href":"https:\/\/attemnhan.vn\/en\/wp-json\/wp\/v2\/comments?post=10945"}],"version-history":[{"count":8,"href":"https:\/\/attemnhan.vn\/en\/wp-json\/wp\/v2\/product\/10945\/revisions"}],"predecessor-version":[{"id":10963,"href":"https:\/\/attemnhan.vn\/en\/wp-json\/wp\/v2\/product\/10945\/revisions\/10963"}],"wp:featuredmedia":[{"embeddable":true,"href":"https:\/\/attemnhan.vn\/en\/wp-json\/wp\/v2\/media\/10955"}],"wp:attachment":[{"href":"https:\/\/attemnhan.vn\/en\/wp-json\/wp\/v2\/media?parent=10945"}],"wp:term":[{"taxonomy":"product_cat","embeddable":true,"href":"https:\/\/attemnhan.vn\/en\/wp-json\/wp\/v2\/product_cat?post=10945"},{"taxonomy":"product_tag","embeddable":true,"href":"https:\/\/attemnhan.vn\/en\/wp-json\/wp\/v2\/product_tag?post=10945"}],"curies":[{"name":"wp","href":"https:\/\/api.w.org\/{rel}","templated":true}]}}